{"id":139758,"date":"2024-02-13T13:41:39","date_gmt":"2024-02-13T11:41:39","guid":{"rendered":"https:\/\/metaltale.com\/produktas\/olu-turetajs-cuguns\/"},"modified":"2024-02-13T13:41:39","modified_gmt":"2024-02-13T11:41:39","slug":"olu-turetajs-cuguns","status":"publish","type":"product","link":"https:\/\/metaltale.com\/lv\/produkts\/olu-turetajs-cuguns\/","title":{"rendered":"Olu tur\u0113t\u0101js &#8211; \u010duguns"},"content":{"rendered":"<div class=\"prod_data\">\n<p><strong>Modelis<\/strong> 05.078.AI.330<br \/>\n<strong>EAN.<\/strong>  5905369921285<br \/>\nMateri\u0101ls Ketus<br \/>\n<strong>Kop\u0113jais platums (cm<\/strong> ) 33<br \/>\n<strong>Kop\u0113j\u0101 projekcija (cm<\/strong> ) 10<br \/>\n<strong>Pamatnes izm\u0113ri (cm)<\/strong> 3,7 x 7<br \/>\nT\u0113rauda <strong>kr\u0101sa<\/strong> <\/p>\n<p>Olu tur\u0113t\u0101js izgatavots no augst\u0101k\u0101s kvalit\u0101tes l\u0113juma.<\/p>\n<p>Kron\u0161teins ir piestiprin\u0101ms pie sienas, un tam ir divas stiprin\u0101juma k\u0101jas ar diviem caurumiem katr\u0101.<\/p>\n<p>Komplekt\u0101 iek\u013cautas stiprin\u0101juma skr\u016bves.<\/p>\n<\/div>\n","protected":false},"excerpt":{"rendered":"<p>Modelis 05.078.AI.330 EAN. 5905369921285 Materi\u0101ls Ketus Kop\u0113jais platums (cm ) 33 Kop\u0113j\u0101 projekcija (cm ) 10 Pamatnes izm\u0113ri (cm) 3,7<\/p>\n","protected":false},"featured_media":100333,"comment_status":"open","ping_status":"closed","template":"","meta":{"_acf_changed":false,"pmpro_default_level":""},"product_brand":[],"product_cat":[24125,24055,24069],"product_tag":[],"class_list":{"0":"post-139758","1":"product","2":"type-product","3":"status-publish","4":"has-post-thumbnail","6":"product_cat-piekares-un-sliedes","7":"product_cat-rotajumi","8":"product_cat-virtuves-rotajumi","9":"pmpro-has-access","11":"first","12":"instock","13":"shipping-taxable","14":"purchasable","15":"product-type-simple"},"acf":[],"yoast_head":"<!-- This site is optimized with the Yoast SEO plugin v24.9 - https:\/\/yoast.com\/wordpress\/plugins\/seo\/ -->\n<title>Olu tur\u0113t\u0101js - \u010duguns - MetalTale.com<\/title>\n<meta name=\"robots\" content=\"index, follow, max-snippet:-1, max-image-preview:large, max-video-preview:-1\" \/>\n<link rel=\"canonical\" href=\"https:\/\/metaltale.com\/lv\/produkts\/olu-turetajs-cuguns\/\" \/>\n<meta property=\"og:locale\" content=\"lv_LV\" \/>\n<meta property=\"og:type\" content=\"article\" \/>\n<meta property=\"og:title\" content=\"Olu tur\u0113t\u0101js - \u010duguns - MetalTale.com\" \/>\n<meta property=\"og:description\" content=\"Modelis 05.078.AI.330 EAN. 5905369921285 Materi\u0101ls Ketus Kop\u0113jais platums (cm ) 33 Kop\u0113j\u0101 projekcija (cm ) 10 Pamatnes izm\u0113ri (cm) 3,7\" \/>\n<meta property=\"og:url\" content=\"https:\/\/metaltale.com\/lv\/produkts\/olu-turetajs-cuguns\/\" \/>\n<meta property=\"og:site_name\" content=\"MetalTale.com\" \/>\n<meta name=\"twitter:card\" content=\"summary_large_image\" \/>\n<script type=\"application\/ld+json\" class=\"yoast-schema-graph\">{\"@context\":\"https:\/\/schema.org\",\"@graph\":[{\"@type\":\"WebPage\",\"@id\":\"https:\/\/metaltale.com\/lv\/produkts\/olu-turetajs-cuguns\/\",\"url\":\"https:\/\/metaltale.com\/lv\/produkts\/olu-turetajs-cuguns\/\",\"name\":\"Olu tur\u0113t\u0101js - \u010duguns - MetalTale.com\",\"isPartOf\":{\"@id\":\"https:\/\/metaltale.com\/lv\/#website\"},\"primaryImageOfPage\":{\"@id\":\"https:\/\/metaltale.com\/lv\/produkts\/olu-turetajs-cuguns\/#primaryimage\"},\"image\":{\"@id\":\"https:\/\/metaltale.com\/lv\/produkts\/olu-turetajs-cuguns\/#primaryimage\"},\"thumbnailUrl\":\"https:\/\/metaltale.com\/wp-content\/uploads\/2023\/11\/Kiaux161inix173-laikiklis.jpg\",\"datePublished\":\"2024-02-13T11:41:39+00:00\",\"breadcrumb\":{\"@id\":\"https:\/\/metaltale.com\/lv\/produkts\/olu-turetajs-cuguns\/#breadcrumb\"},\"inLanguage\":\"lv-LV\",\"potentialAction\":[{\"@type\":\"ReadAction\",\"target\":[\"https:\/\/metaltale.com\/lv\/produkts\/olu-turetajs-cuguns\/\"]}]},{\"@type\":\"ImageObject\",\"inLanguage\":\"lv-LV\",\"@id\":\"https:\/\/metaltale.com\/lv\/produkts\/olu-turetajs-cuguns\/#primaryimage\",\"url\":\"https:\/\/metaltale.com\/wp-content\/uploads\/2023\/11\/Kiaux161inix173-laikiklis.jpg\",\"contentUrl\":\"https:\/\/metaltale.com\/wp-content\/uploads\/2023\/11\/Kiaux161inix173-laikiklis.jpg\",\"width\":800,\"height\":800,\"caption\":\"Olu tur\u0113t\u0101js - \u010duguns\"},{\"@type\":\"BreadcrumbList\",\"@id\":\"https:\/\/metaltale.com\/lv\/produkts\/olu-turetajs-cuguns\/#breadcrumb\",\"itemListElement\":[{\"@type\":\"ListItem\",\"position\":1,\"name\":\"Home\",\"item\":\"https:\/\/metaltale.com\/lv\/majas\/\"},{\"@type\":\"ListItem\",\"position\":2,\"name\":\"Veikals\",\"item\":\"https:\/\/metaltale.com\/lv\/shop\/\"},{\"@type\":\"ListItem\",\"position\":3,\"name\":\"Olu tur\u0113t\u0101js &#8211; \u010duguns\"}]},{\"@type\":\"WebSite\",\"@id\":\"https:\/\/metaltale.com\/lv\/#website\",\"url\":\"https:\/\/metaltale.com\/lv\/\",\"name\":\"Metaltale.com\",\"description\":\"\",\"potentialAction\":[{\"@type\":\"SearchAction\",\"target\":{\"@type\":\"EntryPoint\",\"urlTemplate\":\"https:\/\/metaltale.com\/lv\/?s={search_term_string}\"},\"query-input\":{\"@type\":\"PropertyValueSpecification\",\"valueRequired\":true,\"valueName\":\"search_term_string\"}}],\"inLanguage\":\"lv-LV\"}]}<\/script>\n<!-- \/ Yoast SEO plugin. -->","yoast_head_json":{"title":"Olu tur\u0113t\u0101js - \u010duguns - MetalTale.com","robots":{"index":"index","follow":"follow","max-snippet":"max-snippet:-1","max-image-preview":"max-image-preview:large","max-video-preview":"max-video-preview:-1"},"canonical":"https:\/\/metaltale.com\/lv\/produkts\/olu-turetajs-cuguns\/","og_locale":"lv_LV","og_type":"article","og_title":"Olu tur\u0113t\u0101js - \u010duguns - MetalTale.com","og_description":"Modelis 05.078.AI.330 EAN. 5905369921285 Materi\u0101ls Ketus Kop\u0113jais platums (cm ) 33 Kop\u0113j\u0101 projekcija (cm ) 10 Pamatnes izm\u0113ri (cm) 3,7","og_url":"https:\/\/metaltale.com\/lv\/produkts\/olu-turetajs-cuguns\/","og_site_name":"MetalTale.com","twitter_card":"summary_large_image","schema":{"@context":"https:\/\/schema.org","@graph":[{"@type":"WebPage","@id":"https:\/\/metaltale.com\/lv\/produkts\/olu-turetajs-cuguns\/","url":"https:\/\/metaltale.com\/lv\/produkts\/olu-turetajs-cuguns\/","name":"Olu tur\u0113t\u0101js - \u010duguns - MetalTale.com","isPartOf":{"@id":"https:\/\/metaltale.com\/lv\/#website"},"primaryImageOfPage":{"@id":"https:\/\/metaltale.com\/lv\/produkts\/olu-turetajs-cuguns\/#primaryimage"},"image":{"@id":"https:\/\/metaltale.com\/lv\/produkts\/olu-turetajs-cuguns\/#primaryimage"},"thumbnailUrl":"https:\/\/metaltale.com\/wp-content\/uploads\/2023\/11\/Kiaux161inix173-laikiklis.jpg","datePublished":"2024-02-13T11:41:39+00:00","breadcrumb":{"@id":"https:\/\/metaltale.com\/lv\/produkts\/olu-turetajs-cuguns\/#breadcrumb"},"inLanguage":"lv-LV","potentialAction":[{"@type":"ReadAction","target":["https:\/\/metaltale.com\/lv\/produkts\/olu-turetajs-cuguns\/"]}]},{"@type":"ImageObject","inLanguage":"lv-LV","@id":"https:\/\/metaltale.com\/lv\/produkts\/olu-turetajs-cuguns\/#primaryimage","url":"https:\/\/metaltale.com\/wp-content\/uploads\/2023\/11\/Kiaux161inix173-laikiklis.jpg","contentUrl":"https:\/\/metaltale.com\/wp-content\/uploads\/2023\/11\/Kiaux161inix173-laikiklis.jpg","width":800,"height":800,"caption":"Olu tur\u0113t\u0101js - \u010duguns"},{"@type":"BreadcrumbList","@id":"https:\/\/metaltale.com\/lv\/produkts\/olu-turetajs-cuguns\/#breadcrumb","itemListElement":[{"@type":"ListItem","position":1,"name":"Home","item":"https:\/\/metaltale.com\/lv\/majas\/"},{"@type":"ListItem","position":2,"name":"Veikals","item":"https:\/\/metaltale.com\/lv\/shop\/"},{"@type":"ListItem","position":3,"name":"Olu tur\u0113t\u0101js &#8211; \u010duguns"}]},{"@type":"WebSite","@id":"https:\/\/metaltale.com\/lv\/#website","url":"https:\/\/metaltale.com\/lv\/","name":"Metaltale.com","description":"","potentialAction":[{"@type":"SearchAction","target":{"@type":"EntryPoint","urlTemplate":"https:\/\/metaltale.com\/lv\/?s={search_term_string}"},"query-input":{"@type":"PropertyValueSpecification","valueRequired":true,"valueName":"search_term_string"}}],"inLanguage":"lv-LV"}]}},"_links":{"self":[{"href":"https:\/\/metaltale.com\/lv\/wp-json\/wp\/v2\/product\/139758","targetHints":{"allow":["GET"]}}],"collection":[{"href":"https:\/\/metaltale.com\/lv\/wp-json\/wp\/v2\/product"}],"about":[{"href":"https:\/\/metaltale.com\/lv\/wp-json\/wp\/v2\/types\/product"}],"replies":[{"embeddable":true,"href":"https:\/\/metaltale.com\/lv\/wp-json\/wp\/v2\/comments?post=139758"}],"version-history":[{"count":0,"href":"https:\/\/metaltale.com\/lv\/wp-json\/wp\/v2\/product\/139758\/revisions"}],"wp:featuredmedia":[{"embeddable":true,"href":"https:\/\/metaltale.com\/lv\/wp-json\/wp\/v2\/media\/100333"}],"wp:attachment":[{"href":"https:\/\/metaltale.com\/lv\/wp-json\/wp\/v2\/media?parent=139758"}],"wp:term":[{"taxonomy":"product_brand","embeddable":true,"href":"https:\/\/metaltale.com\/lv\/wp-json\/wp\/v2\/product_brand?post=139758"},{"taxonomy":"product_cat","embeddable":true,"href":"https:\/\/metaltale.com\/lv\/wp-json\/wp\/v2\/product_cat?post=139758"},{"taxonomy":"product_tag","embeddable":true,"href":"https:\/\/metaltale.com\/lv\/wp-json\/wp\/v2\/product_tag?post=139758"}],"curies":[{"name":"wp","href":"https:\/\/api.w.org\/{rel}","templated":true}]}}