{"id":139734,"date":"2024-02-13T13:41:04","date_gmt":"2024-02-13T11:41:04","guid":{"rendered":"https:\/\/metaltale.com\/produktas\/dzerienu-nesejs\/"},"modified":"2024-02-13T13:41:04","modified_gmt":"2024-02-13T11:41:04","slug":"dzerienu-nesejs","status":"publish","type":"product","link":"https:\/\/metaltale.com\/lv\/produkts\/dzerienu-nesejs\/","title":{"rendered":"Dz\u0113rienu nes\u0113js"},"content":{"rendered":"<div class=\"prod_data\"><strong>Modelis<\/strong> FOR. SKRZ  <br \/><strong>EAN.<\/strong>  5905369914607  <br \/>Materi\u0101ls Koks <br \/><strong> [cm]Kop\u0113jais garums<\/strong> 31 <strong> <\/strong> <br \/>Kop\u0113jais augstums (cm ) 34 <br \/>Kop\u0113jais platums (cm ) 20,5 <\/p>\n<p><span style=\"font-size: large;\">Koka siksna dz\u0113rieniem.<\/span><\/p>\n<\/p>\n<p><span style=\"font-size: large;\">Nes\u0113js ir izgatavots no priedes mas\u012bvkoka. Izstr\u0101d\u0101jumam ir ar rok\u0101m veidoti skr\u0101p\u0113jumi, kas pie\u0161\u0137ir katram eksempl\u0101ram ori\u0123in\u0101lu un unik\u0101lu raksturu.<\/span><br \/><span style=\"font-size: large;\">Pateicoties praktiskajam rokturim, p\u0101rn\u0113s\u0101t\u0101js noder\u0113s ne tikai sabiedrisk\u0101s aktivit\u0101t\u0113s, bet ar\u012b mak\u0161\u0137er\u0113\u0161an\u0101, \u0123imenes izbraukumos vai gril\u0113\u0161anas pas\u0101kumos ar draugiem.<\/span><br \/><span style=\"font-size: large;\"><br \/><\/span><\/p>\n<\/div>\n","protected":false},"excerpt":{"rendered":"<p>Modelis FOR. SKRZ EAN. 5905369914607 Materi\u0101ls Koks [cm]Kop\u0113jais garums 31 Kop\u0113jais augstums (cm ) 34 Kop\u0113jais platums (cm ) 20,5<\/p>\n","protected":false},"featured_media":79645,"comment_status":"open","ping_status":"closed","template":"","meta":{"_acf_changed":false,"pmpro_default_level":""},"product_brand":[],"product_cat":[24070],"product_tag":[],"class_list":{"0":"post-139734","1":"product","2":"type-product","3":"status-publish","4":"has-post-thumbnail","6":"product_cat-aksesuari","7":"pmpro-has-access","9":"first","10":"instock","11":"shipping-taxable","12":"purchasable","13":"product-type-simple"},"acf":[],"yoast_head":"<!-- This site is optimized with the Yoast SEO plugin v24.9 - https:\/\/yoast.com\/wordpress\/plugins\/seo\/ -->\n<title>Dz\u0113rienu nes\u0113js - MetalTale.com<\/title>\n<meta name=\"robots\" content=\"index, follow, max-snippet:-1, max-image-preview:large, max-video-preview:-1\" \/>\n<link rel=\"canonical\" href=\"https:\/\/metaltale.com\/lv\/produkts\/dzerienu-nesejs\/\" \/>\n<meta property=\"og:locale\" content=\"lv_LV\" \/>\n<meta property=\"og:type\" content=\"article\" \/>\n<meta property=\"og:title\" content=\"Dz\u0113rienu nes\u0113js - MetalTale.com\" \/>\n<meta property=\"og:description\" content=\"Modelis FOR. SKRZ EAN. 5905369914607 Materi\u0101ls Koks [cm]Kop\u0113jais garums 31 Kop\u0113jais augstums (cm ) 34 Kop\u0113jais platums (cm ) 20,5\" \/>\n<meta property=\"og:url\" content=\"https:\/\/metaltale.com\/lv\/produkts\/dzerienu-nesejs\/\" \/>\n<meta property=\"og:site_name\" content=\"MetalTale.com\" \/>\n<meta name=\"twitter:card\" content=\"summary_large_image\" \/>\n<script type=\"application\/ld+json\" class=\"yoast-schema-graph\">{\"@context\":\"https:\/\/schema.org\",\"@graph\":[{\"@type\":\"WebPage\",\"@id\":\"https:\/\/metaltale.com\/lv\/produkts\/dzerienu-nesejs\/\",\"url\":\"https:\/\/metaltale.com\/lv\/produkts\/dzerienu-nesejs\/\",\"name\":\"Dz\u0113rienu nes\u0113js - MetalTale.com\",\"isPartOf\":{\"@id\":\"https:\/\/metaltale.com\/lv\/#website\"},\"primaryImageOfPage\":{\"@id\":\"https:\/\/metaltale.com\/lv\/produkts\/dzerienu-nesejs\/#primaryimage\"},\"image\":{\"@id\":\"https:\/\/metaltale.com\/lv\/produkts\/dzerienu-nesejs\/#primaryimage\"},\"thumbnailUrl\":\"https:\/\/metaltale.com\/wp-content\/uploads\/2023\/10\/Gx117rimx173-nex161iklis.jpg\",\"datePublished\":\"2024-02-13T11:41:04+00:00\",\"breadcrumb\":{\"@id\":\"https:\/\/metaltale.com\/lv\/produkts\/dzerienu-nesejs\/#breadcrumb\"},\"inLanguage\":\"lv-LV\",\"potentialAction\":[{\"@type\":\"ReadAction\",\"target\":[\"https:\/\/metaltale.com\/lv\/produkts\/dzerienu-nesejs\/\"]}]},{\"@type\":\"ImageObject\",\"inLanguage\":\"lv-LV\",\"@id\":\"https:\/\/metaltale.com\/lv\/produkts\/dzerienu-nesejs\/#primaryimage\",\"url\":\"https:\/\/metaltale.com\/wp-content\/uploads\/2023\/10\/Gx117rimx173-nex161iklis.jpg\",\"contentUrl\":\"https:\/\/metaltale.com\/wp-content\/uploads\/2023\/10\/Gx117rimx173-nex161iklis.jpg\",\"width\":800,\"height\":800},{\"@type\":\"BreadcrumbList\",\"@id\":\"https:\/\/metaltale.com\/lv\/produkts\/dzerienu-nesejs\/#breadcrumb\",\"itemListElement\":[{\"@type\":\"ListItem\",\"position\":1,\"name\":\"Home\",\"item\":\"https:\/\/metaltale.com\/lv\/majas\/\"},{\"@type\":\"ListItem\",\"position\":2,\"name\":\"Veikals\",\"item\":\"https:\/\/metaltale.com\/lv\/shop\/\"},{\"@type\":\"ListItem\",\"position\":3,\"name\":\"Dz\u0113rienu nes\u0113js\"}]},{\"@type\":\"WebSite\",\"@id\":\"https:\/\/metaltale.com\/lv\/#website\",\"url\":\"https:\/\/metaltale.com\/lv\/\",\"name\":\"Metaltale.com\",\"description\":\"\",\"potentialAction\":[{\"@type\":\"SearchAction\",\"target\":{\"@type\":\"EntryPoint\",\"urlTemplate\":\"https:\/\/metaltale.com\/lv\/?s={search_term_string}\"},\"query-input\":{\"@type\":\"PropertyValueSpecification\",\"valueRequired\":true,\"valueName\":\"search_term_string\"}}],\"inLanguage\":\"lv-LV\"}]}<\/script>\n<!-- \/ Yoast SEO plugin. -->","yoast_head_json":{"title":"Dz\u0113rienu nes\u0113js - MetalTale.com","robots":{"index":"index","follow":"follow","max-snippet":"max-snippet:-1","max-image-preview":"max-image-preview:large","max-video-preview":"max-video-preview:-1"},"canonical":"https:\/\/metaltale.com\/lv\/produkts\/dzerienu-nesejs\/","og_locale":"lv_LV","og_type":"article","og_title":"Dz\u0113rienu nes\u0113js - MetalTale.com","og_description":"Modelis FOR. SKRZ EAN. 5905369914607 Materi\u0101ls Koks [cm]Kop\u0113jais garums 31 Kop\u0113jais augstums (cm ) 34 Kop\u0113jais platums (cm ) 20,5","og_url":"https:\/\/metaltale.com\/lv\/produkts\/dzerienu-nesejs\/","og_site_name":"MetalTale.com","twitter_card":"summary_large_image","schema":{"@context":"https:\/\/schema.org","@graph":[{"@type":"WebPage","@id":"https:\/\/metaltale.com\/lv\/produkts\/dzerienu-nesejs\/","url":"https:\/\/metaltale.com\/lv\/produkts\/dzerienu-nesejs\/","name":"Dz\u0113rienu nes\u0113js - MetalTale.com","isPartOf":{"@id":"https:\/\/metaltale.com\/lv\/#website"},"primaryImageOfPage":{"@id":"https:\/\/metaltale.com\/lv\/produkts\/dzerienu-nesejs\/#primaryimage"},"image":{"@id":"https:\/\/metaltale.com\/lv\/produkts\/dzerienu-nesejs\/#primaryimage"},"thumbnailUrl":"https:\/\/metaltale.com\/wp-content\/uploads\/2023\/10\/Gx117rimx173-nex161iklis.jpg","datePublished":"2024-02-13T11:41:04+00:00","breadcrumb":{"@id":"https:\/\/metaltale.com\/lv\/produkts\/dzerienu-nesejs\/#breadcrumb"},"inLanguage":"lv-LV","potentialAction":[{"@type":"ReadAction","target":["https:\/\/metaltale.com\/lv\/produkts\/dzerienu-nesejs\/"]}]},{"@type":"ImageObject","inLanguage":"lv-LV","@id":"https:\/\/metaltale.com\/lv\/produkts\/dzerienu-nesejs\/#primaryimage","url":"https:\/\/metaltale.com\/wp-content\/uploads\/2023\/10\/Gx117rimx173-nex161iklis.jpg","contentUrl":"https:\/\/metaltale.com\/wp-content\/uploads\/2023\/10\/Gx117rimx173-nex161iklis.jpg","width":800,"height":800},{"@type":"BreadcrumbList","@id":"https:\/\/metaltale.com\/lv\/produkts\/dzerienu-nesejs\/#breadcrumb","itemListElement":[{"@type":"ListItem","position":1,"name":"Home","item":"https:\/\/metaltale.com\/lv\/majas\/"},{"@type":"ListItem","position":2,"name":"Veikals","item":"https:\/\/metaltale.com\/lv\/shop\/"},{"@type":"ListItem","position":3,"name":"Dz\u0113rienu nes\u0113js"}]},{"@type":"WebSite","@id":"https:\/\/metaltale.com\/lv\/#website","url":"https:\/\/metaltale.com\/lv\/","name":"Metaltale.com","description":"","potentialAction":[{"@type":"SearchAction","target":{"@type":"EntryPoint","urlTemplate":"https:\/\/metaltale.com\/lv\/?s={search_term_string}"},"query-input":{"@type":"PropertyValueSpecification","valueRequired":true,"valueName":"search_term_string"}}],"inLanguage":"lv-LV"}]}},"_links":{"self":[{"href":"https:\/\/metaltale.com\/lv\/wp-json\/wp\/v2\/product\/139734","targetHints":{"allow":["GET"]}}],"collection":[{"href":"https:\/\/metaltale.com\/lv\/wp-json\/wp\/v2\/product"}],"about":[{"href":"https:\/\/metaltale.com\/lv\/wp-json\/wp\/v2\/types\/product"}],"replies":[{"embeddable":true,"href":"https:\/\/metaltale.com\/lv\/wp-json\/wp\/v2\/comments?post=139734"}],"version-history":[{"count":0,"href":"https:\/\/metaltale.com\/lv\/wp-json\/wp\/v2\/product\/139734\/revisions"}],"wp:featuredmedia":[{"embeddable":true,"href":"https:\/\/metaltale.com\/lv\/wp-json\/wp\/v2\/media\/79645"}],"wp:attachment":[{"href":"https:\/\/metaltale.com\/lv\/wp-json\/wp\/v2\/media?parent=139734"}],"wp:term":[{"taxonomy":"product_brand","embeddable":true,"href":"https:\/\/metaltale.com\/lv\/wp-json\/wp\/v2\/product_brand?post=139734"},{"taxonomy":"product_cat","embeddable":true,"href":"https:\/\/metaltale.com\/lv\/wp-json\/wp\/v2\/product_cat?post=139734"},{"taxonomy":"product_tag","embeddable":true,"href":"https:\/\/metaltale.com\/lv\/wp-json\/wp\/v2\/product_tag?post=139734"}],"curies":[{"name":"wp","href":"https:\/\/api.w.org\/{rel}","templated":true}]}}