{"id":139728,"date":"2024-02-13T13:41:04","date_gmt":"2024-02-13T11:41:04","guid":{"rendered":"https:\/\/metaltale.com\/produktas\/stura-savienotajs-rig-margam\/"},"modified":"2024-02-13T13:41:04","modified_gmt":"2024-02-13T11:41:04","slug":"stura-savienotajs-rig-margam","status":"publish","type":"product","link":"https:\/\/metaltale.com\/lv\/produkts\/stura-savienotajs-rig-margam\/","title":{"rendered":"St\u016bra savienot\u0101js RIG marg\u0101m"},"content":{"rendered":"<div class=\"prod_data\">\n<p><strong>Modelis<\/strong> 70.100.AI. RK<br \/>\n<strong>EAN.<\/strong>  5905369919121<br \/>\nMateri\u0101ls Ketus<br \/>\n<strong>Kop\u0113jais augstums (cm<\/strong> ) 4<br \/>\n<strong>Kop\u0113jais platums (cm<\/strong> ) 4<br \/>\nT\u0113rauda <strong>kr\u0101sa<\/strong> <\/p>\n<p>M\u0113s pied\u0101v\u0101jam modu\u013cu sist\u0113mu da\u017e\u0101du veidu plauktu, plauktu un citu konstrukciju b\u016bvniec\u012bbai, kas balst\u012bta uz caurul\u0113m un savienot\u0101jiem.<\/p>\n<p>KOLANO 90 savienojums ir izgatavots no \u010duguna. Tam ir divi caurumi caurulei, kas atrodas 90 gr\u0101du le\u0146\u0137\u012b viens pret otru. Katram no caurumiem ir divi fiks\u0113jo\u0161i l\u016bzumi, kas ir paredz\u0113ti, lai blo\u0137\u0113tu caurules izsl\u012bd\u0113\u0161anu.<\/p>\n<\/div>\n","protected":false},"excerpt":{"rendered":"<p>Modelis 70.100.AI. RK EAN. 5905369919121 Materi\u0101ls Ketus Kop\u0113jais augstums (cm ) 4 Kop\u0113jais platums (cm ) 4 T\u0113rauda kr\u0101sa M\u0113s<\/p>\n","protected":false},"featured_media":79633,"comment_status":"open","ping_status":"closed","template":"","meta":{"_acf_changed":false,"pmpro_default_level":""},"product_brand":[],"product_cat":[24125,24055,24069],"product_tag":[],"class_list":{"0":"post-139728","1":"product","2":"type-product","3":"status-publish","4":"has-post-thumbnail","6":"product_cat-piekares-un-sliedes","7":"product_cat-rotajumi","8":"product_cat-virtuves-rotajumi","9":"pmpro-has-access","11":"first","12":"instock","13":"shipping-taxable","14":"purchasable","15":"product-type-simple"},"acf":[],"yoast_head":"<!-- This site is optimized with the Yoast SEO plugin v24.9 - https:\/\/yoast.com\/wordpress\/plugins\/seo\/ -->\n<title>St\u016bra savienot\u0101js RIG marg\u0101m - MetalTale.com<\/title>\n<meta name=\"robots\" content=\"index, follow, max-snippet:-1, max-image-preview:large, max-video-preview:-1\" \/>\n<link rel=\"canonical\" href=\"https:\/\/metaltale.com\/lv\/produkts\/stura-savienotajs-rig-margam\/\" \/>\n<meta property=\"og:locale\" content=\"lv_LV\" \/>\n<meta property=\"og:type\" content=\"article\" \/>\n<meta property=\"og:title\" content=\"St\u016bra savienot\u0101js RIG marg\u0101m - MetalTale.com\" \/>\n<meta property=\"og:description\" content=\"Modelis 70.100.AI. RK EAN. 5905369919121 Materi\u0101ls Ketus Kop\u0113jais augstums (cm ) 4 Kop\u0113jais platums (cm ) 4 T\u0113rauda kr\u0101sa M\u0113s\" \/>\n<meta property=\"og:url\" content=\"https:\/\/metaltale.com\/lv\/produkts\/stura-savienotajs-rig-margam\/\" \/>\n<meta property=\"og:site_name\" content=\"MetalTale.com\" \/>\n<meta property=\"og:image\" content=\"https:\/\/metaltale.com\/wp-content\/uploads\/2023\/10\/Kampinx117-jungtis-RIG-turx117klams.jpg\" \/>\n\t<meta property=\"og:image:width\" content=\"800\" \/>\n\t<meta property=\"og:image:height\" content=\"800\" \/>\n\t<meta property=\"og:image:type\" content=\"image\/jpeg\" \/>\n<meta name=\"twitter:card\" content=\"summary_large_image\" \/>\n<script type=\"application\/ld+json\" class=\"yoast-schema-graph\">{\"@context\":\"https:\/\/schema.org\",\"@graph\":[{\"@type\":\"WebPage\",\"@id\":\"https:\/\/metaltale.com\/lv\/produkts\/stura-savienotajs-rig-margam\/\",\"url\":\"https:\/\/metaltale.com\/lv\/produkts\/stura-savienotajs-rig-margam\/\",\"name\":\"St\u016bra savienot\u0101js RIG marg\u0101m - MetalTale.com\",\"isPartOf\":{\"@id\":\"https:\/\/metaltale.com\/lv\/#website\"},\"primaryImageOfPage\":{\"@id\":\"https:\/\/metaltale.com\/lv\/produkts\/stura-savienotajs-rig-margam\/#primaryimage\"},\"image\":{\"@id\":\"https:\/\/metaltale.com\/lv\/produkts\/stura-savienotajs-rig-margam\/#primaryimage\"},\"thumbnailUrl\":\"https:\/\/metaltale.com\/wp-content\/uploads\/2023\/10\/Kampinx117-jungtis-RIG-turx117klams.jpg\",\"datePublished\":\"2024-02-13T11:41:04+00:00\",\"breadcrumb\":{\"@id\":\"https:\/\/metaltale.com\/lv\/produkts\/stura-savienotajs-rig-margam\/#breadcrumb\"},\"inLanguage\":\"lv-LV\",\"potentialAction\":[{\"@type\":\"ReadAction\",\"target\":[\"https:\/\/metaltale.com\/lv\/produkts\/stura-savienotajs-rig-margam\/\"]}]},{\"@type\":\"ImageObject\",\"inLanguage\":\"lv-LV\",\"@id\":\"https:\/\/metaltale.com\/lv\/produkts\/stura-savienotajs-rig-margam\/#primaryimage\",\"url\":\"https:\/\/metaltale.com\/wp-content\/uploads\/2023\/10\/Kampinx117-jungtis-RIG-turx117klams.jpg\",\"contentUrl\":\"https:\/\/metaltale.com\/wp-content\/uploads\/2023\/10\/Kampinx117-jungtis-RIG-turx117klams.jpg\",\"width\":800,\"height\":800},{\"@type\":\"BreadcrumbList\",\"@id\":\"https:\/\/metaltale.com\/lv\/produkts\/stura-savienotajs-rig-margam\/#breadcrumb\",\"itemListElement\":[{\"@type\":\"ListItem\",\"position\":1,\"name\":\"Home\",\"item\":\"https:\/\/metaltale.com\/lv\/majas\/\"},{\"@type\":\"ListItem\",\"position\":2,\"name\":\"Veikals\",\"item\":\"https:\/\/metaltale.com\/lv\/shop\/\"},{\"@type\":\"ListItem\",\"position\":3,\"name\":\"St\u016bra savienot\u0101js RIG marg\u0101m\"}]},{\"@type\":\"WebSite\",\"@id\":\"https:\/\/metaltale.com\/lv\/#website\",\"url\":\"https:\/\/metaltale.com\/lv\/\",\"name\":\"Metaltale.com\",\"description\":\"\",\"potentialAction\":[{\"@type\":\"SearchAction\",\"target\":{\"@type\":\"EntryPoint\",\"urlTemplate\":\"https:\/\/metaltale.com\/lv\/?s={search_term_string}\"},\"query-input\":{\"@type\":\"PropertyValueSpecification\",\"valueRequired\":true,\"valueName\":\"search_term_string\"}}],\"inLanguage\":\"lv-LV\"}]}<\/script>\n<!-- \/ Yoast SEO plugin. -->","yoast_head_json":{"title":"St\u016bra savienot\u0101js RIG marg\u0101m - MetalTale.com","robots":{"index":"index","follow":"follow","max-snippet":"max-snippet:-1","max-image-preview":"max-image-preview:large","max-video-preview":"max-video-preview:-1"},"canonical":"https:\/\/metaltale.com\/lv\/produkts\/stura-savienotajs-rig-margam\/","og_locale":"lv_LV","og_type":"article","og_title":"St\u016bra savienot\u0101js RIG marg\u0101m - MetalTale.com","og_description":"Modelis 70.100.AI. RK EAN. 5905369919121 Materi\u0101ls Ketus Kop\u0113jais augstums (cm ) 4 Kop\u0113jais platums (cm ) 4 T\u0113rauda kr\u0101sa M\u0113s","og_url":"https:\/\/metaltale.com\/lv\/produkts\/stura-savienotajs-rig-margam\/","og_site_name":"MetalTale.com","og_image":[{"width":800,"height":800,"url":"https:\/\/metaltale.com\/wp-content\/uploads\/2023\/10\/Kampinx117-jungtis-RIG-turx117klams.jpg","type":"image\/jpeg"}],"twitter_card":"summary_large_image","schema":{"@context":"https:\/\/schema.org","@graph":[{"@type":"WebPage","@id":"https:\/\/metaltale.com\/lv\/produkts\/stura-savienotajs-rig-margam\/","url":"https:\/\/metaltale.com\/lv\/produkts\/stura-savienotajs-rig-margam\/","name":"St\u016bra savienot\u0101js RIG marg\u0101m - MetalTale.com","isPartOf":{"@id":"https:\/\/metaltale.com\/lv\/#website"},"primaryImageOfPage":{"@id":"https:\/\/metaltale.com\/lv\/produkts\/stura-savienotajs-rig-margam\/#primaryimage"},"image":{"@id":"https:\/\/metaltale.com\/lv\/produkts\/stura-savienotajs-rig-margam\/#primaryimage"},"thumbnailUrl":"https:\/\/metaltale.com\/wp-content\/uploads\/2023\/10\/Kampinx117-jungtis-RIG-turx117klams.jpg","datePublished":"2024-02-13T11:41:04+00:00","breadcrumb":{"@id":"https:\/\/metaltale.com\/lv\/produkts\/stura-savienotajs-rig-margam\/#breadcrumb"},"inLanguage":"lv-LV","potentialAction":[{"@type":"ReadAction","target":["https:\/\/metaltale.com\/lv\/produkts\/stura-savienotajs-rig-margam\/"]}]},{"@type":"ImageObject","inLanguage":"lv-LV","@id":"https:\/\/metaltale.com\/lv\/produkts\/stura-savienotajs-rig-margam\/#primaryimage","url":"https:\/\/metaltale.com\/wp-content\/uploads\/2023\/10\/Kampinx117-jungtis-RIG-turx117klams.jpg","contentUrl":"https:\/\/metaltale.com\/wp-content\/uploads\/2023\/10\/Kampinx117-jungtis-RIG-turx117klams.jpg","width":800,"height":800},{"@type":"BreadcrumbList","@id":"https:\/\/metaltale.com\/lv\/produkts\/stura-savienotajs-rig-margam\/#breadcrumb","itemListElement":[{"@type":"ListItem","position":1,"name":"Home","item":"https:\/\/metaltale.com\/lv\/majas\/"},{"@type":"ListItem","position":2,"name":"Veikals","item":"https:\/\/metaltale.com\/lv\/shop\/"},{"@type":"ListItem","position":3,"name":"St\u016bra savienot\u0101js RIG marg\u0101m"}]},{"@type":"WebSite","@id":"https:\/\/metaltale.com\/lv\/#website","url":"https:\/\/metaltale.com\/lv\/","name":"Metaltale.com","description":"","potentialAction":[{"@type":"SearchAction","target":{"@type":"EntryPoint","urlTemplate":"https:\/\/metaltale.com\/lv\/?s={search_term_string}"},"query-input":{"@type":"PropertyValueSpecification","valueRequired":true,"valueName":"search_term_string"}}],"inLanguage":"lv-LV"}]}},"_links":{"self":[{"href":"https:\/\/metaltale.com\/lv\/wp-json\/wp\/v2\/product\/139728","targetHints":{"allow":["GET"]}}],"collection":[{"href":"https:\/\/metaltale.com\/lv\/wp-json\/wp\/v2\/product"}],"about":[{"href":"https:\/\/metaltale.com\/lv\/wp-json\/wp\/v2\/types\/product"}],"replies":[{"embeddable":true,"href":"https:\/\/metaltale.com\/lv\/wp-json\/wp\/v2\/comments?post=139728"}],"version-history":[{"count":0,"href":"https:\/\/metaltale.com\/lv\/wp-json\/wp\/v2\/product\/139728\/revisions"}],"wp:featuredmedia":[{"embeddable":true,"href":"https:\/\/metaltale.com\/lv\/wp-json\/wp\/v2\/media\/79633"}],"wp:attachment":[{"href":"https:\/\/metaltale.com\/lv\/wp-json\/wp\/v2\/media?parent=139728"}],"wp:term":[{"taxonomy":"product_brand","embeddable":true,"href":"https:\/\/metaltale.com\/lv\/wp-json\/wp\/v2\/product_brand?post=139728"},{"taxonomy":"product_cat","embeddable":true,"href":"https:\/\/metaltale.com\/lv\/wp-json\/wp\/v2\/product_cat?post=139728"},{"taxonomy":"product_tag","embeddable":true,"href":"https:\/\/metaltale.com\/lv\/wp-json\/wp\/v2\/product_tag?post=139728"}],"curies":[{"name":"wp","href":"https:\/\/api.w.org\/{rel}","templated":true}]}}