{"id":139725,"date":"2024-02-13T13:39:42","date_gmt":"2024-02-13T11:39:42","guid":{"rendered":"https:\/\/metaltale.com\/produktas\/dekorativs-apals-paplates-ronn\/"},"modified":"2024-02-13T13:39:42","modified_gmt":"2024-02-13T11:39:42","slug":"dekorativs-apals-paplates-ronn","status":"publish","type":"product","link":"https:\/\/metaltale.com\/lv\/produkts\/dekorativs-apals-paplates-ronn\/","title":{"rendered":"Dekorat\u012bvs apa\u013c\u0161 papl\u0101tes RONN"},"content":{"rendered":"<div class=\"prod_data\"><strong>Modelis<\/strong> AF.785.015.015.01  <br \/><strong>Materi\u0101ls<\/strong> Met\u0101ls  <br \/>Kop\u0113jais augstums (cm ) 4 <br \/><strong>Kop\u0113jais diametrs (cm<\/strong> ) 58  <br \/>Pel\u0113ka <strong>kr\u0101sa<\/strong>  <\/p>\n<p>&#8211; apa\u013c\u0161 met\u0101la korpuss<br \/>&#8211; augsta apstr\u0101des kvalit\u0101te ir garantija ilgsto\u0161ai lieto\u0161anai.<br \/>&#8211; uz virsmas redzamais berzums pie\u0161\u0137ir korpusam novecoju\u0161o raksturu.<br \/>&#8211; papl\u0101ti var kombin\u0113t ar FLORES stat\u012bvu, lai izveidotu unik\u0101lu galdu.<\/p>\n<hr>\n<p>RONN apa\u013cais met\u0101la paliktnis ir univers\u0101ls izstr\u0101d\u0101jums, kura izm\u0113rs un augst\u0101 apdares kvalit\u0101te \u013cauj jums izveidot unik\u0101lus interjera dizaina elementus. Kop\u0101 ar stat\u012bvu vai stat\u012bvu papl\u0101te b\u016bs \u012bpa\u0161s kafijas vai naktsgaldi\u0146\u0161.<\/p>\n<p>Pel\u0113k\u0101 kr\u0101sa lieliski papildina m\u016bsdien\u012bgu interjeru. Papl\u0101te ir ide\u0101li piem\u0113rota ar\u012b lauku, b\u0113ni\u0146u un r\u016bpniecisk\u0101m instal\u0101cij\u0101m.<\/p>\n<p>Priek\u0161likumam nav r\u0101mja, izk\u0101rtojuma fotoatt\u0113los varat redz\u0113t priek\u0161likumu izveidot perfektu galdu. R\u0101mis ir pieejams k\u0101 atsevi\u0161\u0137s produkts m\u016bsu pied\u0101v\u0101jum\u0101.<\/p>\n<hr>\n<\/p>\n<\/div>\n","protected":false},"excerpt":{"rendered":"<p>Modelis AF.785.015.015.01 Materi\u0101ls Met\u0101ls Kop\u0113jais augstums (cm ) 4 Kop\u0113jais diametrs (cm ) 58 Pel\u0113ka kr\u0101sa &#8211; apa\u013c\u0161 met\u0101la korpuss&#8211;<\/p>\n","protected":false},"featured_media":100213,"comment_status":"open","ping_status":"closed","template":"","meta":{"_acf_changed":false,"pmpro_default_level":""},"product_brand":[],"product_cat":[24068],"product_tag":[],"class_list":{"0":"post-139725","1":"product","2":"type-product","3":"status-publish","4":"has-post-thumbnail","6":"product_cat-neparasti-rotajumi","7":"pmpro-has-access","9":"first","10":"instock","11":"shipping-taxable","12":"purchasable","13":"product-type-simple"},"acf":[],"yoast_head":"<!-- This site is optimized with the Yoast SEO plugin v24.9 - https:\/\/yoast.com\/wordpress\/plugins\/seo\/ -->\n<title>Dekorat\u012bvs apa\u013c\u0161 papl\u0101tes RONN - MetalTale.com<\/title>\n<meta name=\"robots\" content=\"index, follow, max-snippet:-1, max-image-preview:large, max-video-preview:-1\" \/>\n<link rel=\"canonical\" href=\"https:\/\/metaltale.com\/lv\/produkts\/dekorativs-apals-paplates-ronn\/\" \/>\n<meta property=\"og:locale\" content=\"lv_LV\" \/>\n<meta property=\"og:type\" content=\"article\" \/>\n<meta property=\"og:title\" content=\"Dekorat\u012bvs apa\u013c\u0161 papl\u0101tes RONN - MetalTale.com\" \/>\n<meta property=\"og:description\" content=\"Modelis AF.785.015.015.01 Materi\u0101ls Met\u0101ls Kop\u0113jais augstums (cm ) 4 Kop\u0113jais diametrs (cm ) 58 Pel\u0113ka kr\u0101sa &#8211; apa\u013c\u0161 met\u0101la korpuss&#8211;\" \/>\n<meta property=\"og:url\" content=\"https:\/\/metaltale.com\/lv\/produkts\/dekorativs-apals-paplates-ronn\/\" \/>\n<meta property=\"og:site_name\" content=\"MetalTale.com\" \/>\n<meta name=\"twitter:card\" content=\"summary_large_image\" \/>\n<meta name=\"twitter:label1\" content=\"Est. reading time\" \/>\n\t<meta name=\"twitter:data1\" content=\"1 minute\" \/>\n<script type=\"application\/ld+json\" class=\"yoast-schema-graph\">{\"@context\":\"https:\/\/schema.org\",\"@graph\":[{\"@type\":\"WebPage\",\"@id\":\"https:\/\/metaltale.com\/lv\/produkts\/dekorativs-apals-paplates-ronn\/\",\"url\":\"https:\/\/metaltale.com\/lv\/produkts\/dekorativs-apals-paplates-ronn\/\",\"name\":\"Dekorat\u012bvs apa\u013c\u0161 papl\u0101tes RONN - MetalTale.com\",\"isPartOf\":{\"@id\":\"https:\/\/metaltale.com\/lv\/#website\"},\"primaryImageOfPage\":{\"@id\":\"https:\/\/metaltale.com\/lv\/produkts\/dekorativs-apals-paplates-ronn\/#primaryimage\"},\"image\":{\"@id\":\"https:\/\/metaltale.com\/lv\/produkts\/dekorativs-apals-paplates-ronn\/#primaryimage\"},\"thumbnailUrl\":\"https:\/\/metaltale.com\/wp-content\/uploads\/2023\/11\/Taca-RONN.jpg\",\"datePublished\":\"2024-02-13T11:39:42+00:00\",\"breadcrumb\":{\"@id\":\"https:\/\/metaltale.com\/lv\/produkts\/dekorativs-apals-paplates-ronn\/#breadcrumb\"},\"inLanguage\":\"lv-LV\",\"potentialAction\":[{\"@type\":\"ReadAction\",\"target\":[\"https:\/\/metaltale.com\/lv\/produkts\/dekorativs-apals-paplates-ronn\/\"]}]},{\"@type\":\"ImageObject\",\"inLanguage\":\"lv-LV\",\"@id\":\"https:\/\/metaltale.com\/lv\/produkts\/dekorativs-apals-paplates-ronn\/#primaryimage\",\"url\":\"https:\/\/metaltale.com\/wp-content\/uploads\/2023\/11\/Taca-RONN.jpg\",\"contentUrl\":\"https:\/\/metaltale.com\/wp-content\/uploads\/2023\/11\/Taca-RONN.jpg\",\"width\":800,\"height\":800},{\"@type\":\"BreadcrumbList\",\"@id\":\"https:\/\/metaltale.com\/lv\/produkts\/dekorativs-apals-paplates-ronn\/#breadcrumb\",\"itemListElement\":[{\"@type\":\"ListItem\",\"position\":1,\"name\":\"Home\",\"item\":\"https:\/\/metaltale.com\/lv\/majas\/\"},{\"@type\":\"ListItem\",\"position\":2,\"name\":\"Veikals\",\"item\":\"https:\/\/metaltale.com\/lv\/shop\/\"},{\"@type\":\"ListItem\",\"position\":3,\"name\":\"Dekorat\u012bvs apa\u013c\u0161 papl\u0101tes RONN\"}]},{\"@type\":\"WebSite\",\"@id\":\"https:\/\/metaltale.com\/lv\/#website\",\"url\":\"https:\/\/metaltale.com\/lv\/\",\"name\":\"Metaltale.com\",\"description\":\"\",\"potentialAction\":[{\"@type\":\"SearchAction\",\"target\":{\"@type\":\"EntryPoint\",\"urlTemplate\":\"https:\/\/metaltale.com\/lv\/?s={search_term_string}\"},\"query-input\":{\"@type\":\"PropertyValueSpecification\",\"valueRequired\":true,\"valueName\":\"search_term_string\"}}],\"inLanguage\":\"lv-LV\"}]}<\/script>\n<!-- \/ Yoast SEO plugin. -->","yoast_head_json":{"title":"Dekorat\u012bvs apa\u013c\u0161 papl\u0101tes RONN - MetalTale.com","robots":{"index":"index","follow":"follow","max-snippet":"max-snippet:-1","max-image-preview":"max-image-preview:large","max-video-preview":"max-video-preview:-1"},"canonical":"https:\/\/metaltale.com\/lv\/produkts\/dekorativs-apals-paplates-ronn\/","og_locale":"lv_LV","og_type":"article","og_title":"Dekorat\u012bvs apa\u013c\u0161 papl\u0101tes RONN - MetalTale.com","og_description":"Modelis AF.785.015.015.01 Materi\u0101ls Met\u0101ls Kop\u0113jais augstums (cm ) 4 Kop\u0113jais diametrs (cm ) 58 Pel\u0113ka kr\u0101sa &#8211; apa\u013c\u0161 met\u0101la korpuss&#8211;","og_url":"https:\/\/metaltale.com\/lv\/produkts\/dekorativs-apals-paplates-ronn\/","og_site_name":"MetalTale.com","twitter_card":"summary_large_image","twitter_misc":{"Est. reading time":"1 minute"},"schema":{"@context":"https:\/\/schema.org","@graph":[{"@type":"WebPage","@id":"https:\/\/metaltale.com\/lv\/produkts\/dekorativs-apals-paplates-ronn\/","url":"https:\/\/metaltale.com\/lv\/produkts\/dekorativs-apals-paplates-ronn\/","name":"Dekorat\u012bvs apa\u013c\u0161 papl\u0101tes RONN - MetalTale.com","isPartOf":{"@id":"https:\/\/metaltale.com\/lv\/#website"},"primaryImageOfPage":{"@id":"https:\/\/metaltale.com\/lv\/produkts\/dekorativs-apals-paplates-ronn\/#primaryimage"},"image":{"@id":"https:\/\/metaltale.com\/lv\/produkts\/dekorativs-apals-paplates-ronn\/#primaryimage"},"thumbnailUrl":"https:\/\/metaltale.com\/wp-content\/uploads\/2023\/11\/Taca-RONN.jpg","datePublished":"2024-02-13T11:39:42+00:00","breadcrumb":{"@id":"https:\/\/metaltale.com\/lv\/produkts\/dekorativs-apals-paplates-ronn\/#breadcrumb"},"inLanguage":"lv-LV","potentialAction":[{"@type":"ReadAction","target":["https:\/\/metaltale.com\/lv\/produkts\/dekorativs-apals-paplates-ronn\/"]}]},{"@type":"ImageObject","inLanguage":"lv-LV","@id":"https:\/\/metaltale.com\/lv\/produkts\/dekorativs-apals-paplates-ronn\/#primaryimage","url":"https:\/\/metaltale.com\/wp-content\/uploads\/2023\/11\/Taca-RONN.jpg","contentUrl":"https:\/\/metaltale.com\/wp-content\/uploads\/2023\/11\/Taca-RONN.jpg","width":800,"height":800},{"@type":"BreadcrumbList","@id":"https:\/\/metaltale.com\/lv\/produkts\/dekorativs-apals-paplates-ronn\/#breadcrumb","itemListElement":[{"@type":"ListItem","position":1,"name":"Home","item":"https:\/\/metaltale.com\/lv\/majas\/"},{"@type":"ListItem","position":2,"name":"Veikals","item":"https:\/\/metaltale.com\/lv\/shop\/"},{"@type":"ListItem","position":3,"name":"Dekorat\u012bvs apa\u013c\u0161 papl\u0101tes RONN"}]},{"@type":"WebSite","@id":"https:\/\/metaltale.com\/lv\/#website","url":"https:\/\/metaltale.com\/lv\/","name":"Metaltale.com","description":"","potentialAction":[{"@type":"SearchAction","target":{"@type":"EntryPoint","urlTemplate":"https:\/\/metaltale.com\/lv\/?s={search_term_string}"},"query-input":{"@type":"PropertyValueSpecification","valueRequired":true,"valueName":"search_term_string"}}],"inLanguage":"lv-LV"}]}},"_links":{"self":[{"href":"https:\/\/metaltale.com\/lv\/wp-json\/wp\/v2\/product\/139725","targetHints":{"allow":["GET"]}}],"collection":[{"href":"https:\/\/metaltale.com\/lv\/wp-json\/wp\/v2\/product"}],"about":[{"href":"https:\/\/metaltale.com\/lv\/wp-json\/wp\/v2\/types\/product"}],"replies":[{"embeddable":true,"href":"https:\/\/metaltale.com\/lv\/wp-json\/wp\/v2\/comments?post=139725"}],"version-history":[{"count":0,"href":"https:\/\/metaltale.com\/lv\/wp-json\/wp\/v2\/product\/139725\/revisions"}],"wp:featuredmedia":[{"embeddable":true,"href":"https:\/\/metaltale.com\/lv\/wp-json\/wp\/v2\/media\/100213"}],"wp:attachment":[{"href":"https:\/\/metaltale.com\/lv\/wp-json\/wp\/v2\/media?parent=139725"}],"wp:term":[{"taxonomy":"product_brand","embeddable":true,"href":"https:\/\/metaltale.com\/lv\/wp-json\/wp\/v2\/product_brand?post=139725"},{"taxonomy":"product_cat","embeddable":true,"href":"https:\/\/metaltale.com\/lv\/wp-json\/wp\/v2\/product_cat?post=139725"},{"taxonomy":"product_tag","embeddable":true,"href":"https:\/\/metaltale.com\/lv\/wp-json\/wp\/v2\/product_tag?post=139725"}],"curies":[{"name":"wp","href":"https:\/\/api.w.org\/{rel}","templated":true}]}}