{"id":139720,"date":"2024-02-13T13:41:04","date_gmt":"2024-02-13T11:41:04","guid":{"rendered":"https:\/\/metaltale.com\/produktas\/eliza-metala-poda-turetaji\/"},"modified":"2024-02-13T13:41:04","modified_gmt":"2024-02-13T11:41:04","slug":"eliza-metala-poda-turetaji","status":"publish","type":"product","link":"https:\/\/metaltale.com\/lv\/produkts\/eliza-metala-poda-turetaji\/","title":{"rendered":"ELIZA met\u0101la poda tur\u0113t\u0101ji"},"content":{"rendered":"<div class=\"prod_data\">\n<p><strong>Modelis<\/strong> AF.785.XXX<br \/>\nMateri\u0101ls Met\u0101ls<br \/>\n<strong>Kop\u0113jais augstums (cm<\/strong> ) 14 \/ 15 \/ 19<br \/>\n<strong>Kop\u0113jais diametrs (cm<\/strong> ) 15 \/ 18 \/ 22<br \/>\nPel\u0113ka <strong>kr\u0101sa<\/strong><br \/>\nDaudzums komplekt\u0101 1 gab.<\/p>\n<p>&#8211; univers\u0101la kr\u0101sa (pel\u0113ka) garant\u0113 daudzpus\u012bbu.<br \/>\n&#8211; vienk\u0101r\u0161\u0101 forma ir ide\u0101ls fons ziediem.<br \/>\n&#8211; tr\u012bs \u0137erme\u0146a izm\u0113ri (S, M, L)<\/p>\n<hr>\n<p>Ziedi ir b\u016btisks iek\u0101rtojuma elements, kas pareiz\u0101 vid\u0113 izgaismo interjeru un pie\u0161\u0137ir tam raksturu. Met\u0101la korpusu pel\u0113k\u0101 kr\u0101sa nodro\u0161ina to daudzpus\u012bbu, savuk\u0101rt virsmas berzums liecina par to, ka t\u0101s ir vecas un nedaudz neapstr\u0101d\u0101tas.<\/p>\n<p>Korpusi b\u016bs piem\u0113roti visda\u017e\u0101d\u0101kajiem stiliem, s\u0101kot no za\u013cajiem, b\u0113ni\u0146u un industri\u0101lajiem interjeriem l\u012bdz pat lauku un m\u0101j\u012bgaj\u0101m boh\u0113mas kompoz\u012bcij\u0101m.<\/p>\n<hr>\n<\/div>\n","protected":false},"excerpt":{"rendered":"<p>Modelis AF.785.XXX Materi\u0101ls Met\u0101ls Kop\u0113jais augstums (cm ) 14 \/ 15 \/ 19 Kop\u0113jais diametrs (cm ) 15 \/ 18<\/p>\n","protected":false},"featured_media":67621,"comment_status":"open","ping_status":"closed","template":"","meta":{"_acf_changed":false,"pmpro_default_level":""},"product_brand":[],"product_cat":[24055,24130,23907],"product_tag":[],"class_list":{"0":"post-139720","1":"product","2":"type-product","3":"status-publish","4":"has-post-thumbnail","6":"product_cat-rotajumi","7":"product_cat-ziedu-un-augu-rotajumi","8":"product_cat-dangciai-ir-geliu-vazonai-lv","9":"pmpro-has-access","11":"first","12":"instock","13":"shipping-taxable","14":"purchasable","15":"product-type-simple"},"acf":[],"yoast_head":"<!-- This site is optimized with the Yoast SEO plugin v24.9 - https:\/\/yoast.com\/wordpress\/plugins\/seo\/ -->\n<title>ELIZA met\u0101la poda tur\u0113t\u0101ji - MetalTale.com<\/title>\n<meta name=\"robots\" content=\"index, follow, max-snippet:-1, max-image-preview:large, max-video-preview:-1\" \/>\n<link rel=\"canonical\" href=\"https:\/\/metaltale.com\/lv\/produkts\/eliza-metala-poda-turetaji\/\" \/>\n<meta property=\"og:locale\" content=\"lv_LV\" \/>\n<meta property=\"og:type\" content=\"article\" \/>\n<meta property=\"og:title\" content=\"ELIZA met\u0101la poda tur\u0113t\u0101ji - MetalTale.com\" \/>\n<meta property=\"og:description\" content=\"Modelis AF.785.XXX Materi\u0101ls Met\u0101ls Kop\u0113jais augstums (cm ) 14 \/ 15 \/ 19 Kop\u0113jais diametrs (cm ) 15 \/ 18\" \/>\n<meta property=\"og:url\" content=\"https:\/\/metaltale.com\/lv\/produkts\/eliza-metala-poda-turetaji\/\" \/>\n<meta property=\"og:site_name\" content=\"MetalTale.com\" \/>\n<meta name=\"twitter:card\" content=\"summary_large_image\" \/>\n<meta name=\"twitter:label1\" content=\"Est. reading time\" \/>\n\t<meta name=\"twitter:data1\" content=\"1 minute\" \/>\n<script type=\"application\/ld+json\" class=\"yoast-schema-graph\">{\"@context\":\"https:\/\/schema.org\",\"@graph\":[{\"@type\":\"WebPage\",\"@id\":\"https:\/\/metaltale.com\/lv\/produkts\/eliza-metala-poda-turetaji\/\",\"url\":\"https:\/\/metaltale.com\/lv\/produkts\/eliza-metala-poda-turetaji\/\",\"name\":\"ELIZA met\u0101la poda tur\u0113t\u0101ji - MetalTale.com\",\"isPartOf\":{\"@id\":\"https:\/\/metaltale.com\/lv\/#website\"},\"primaryImageOfPage\":{\"@id\":\"https:\/\/metaltale.com\/lv\/produkts\/eliza-metala-poda-turetaji\/#primaryimage\"},\"image\":{\"@id\":\"https:\/\/metaltale.com\/lv\/produkts\/eliza-metala-poda-turetaji\/#primaryimage\"},\"thumbnailUrl\":\"https:\/\/metaltale.com\/wp-content\/uploads\/2023\/09\/Puodo-korpusas-ELIZA-S.jpg\",\"datePublished\":\"2024-02-13T11:41:04+00:00\",\"breadcrumb\":{\"@id\":\"https:\/\/metaltale.com\/lv\/produkts\/eliza-metala-poda-turetaji\/#breadcrumb\"},\"inLanguage\":\"lv-LV\",\"potentialAction\":[{\"@type\":\"ReadAction\",\"target\":[\"https:\/\/metaltale.com\/lv\/produkts\/eliza-metala-poda-turetaji\/\"]}]},{\"@type\":\"ImageObject\",\"inLanguage\":\"lv-LV\",\"@id\":\"https:\/\/metaltale.com\/lv\/produkts\/eliza-metala-poda-turetaji\/#primaryimage\",\"url\":\"https:\/\/metaltale.com\/wp-content\/uploads\/2023\/09\/Puodo-korpusas-ELIZA-S.jpg\",\"contentUrl\":\"https:\/\/metaltale.com\/wp-content\/uploads\/2023\/09\/Puodo-korpusas-ELIZA-S.jpg\",\"width\":800,\"height\":800},{\"@type\":\"BreadcrumbList\",\"@id\":\"https:\/\/metaltale.com\/lv\/produkts\/eliza-metala-poda-turetaji\/#breadcrumb\",\"itemListElement\":[{\"@type\":\"ListItem\",\"position\":1,\"name\":\"Home\",\"item\":\"https:\/\/metaltale.com\/lv\/majas\/\"},{\"@type\":\"ListItem\",\"position\":2,\"name\":\"Veikals\",\"item\":\"https:\/\/metaltale.com\/lv\/shop\/\"},{\"@type\":\"ListItem\",\"position\":3,\"name\":\"ELIZA met\u0101la poda tur\u0113t\u0101ji\"}]},{\"@type\":\"WebSite\",\"@id\":\"https:\/\/metaltale.com\/lv\/#website\",\"url\":\"https:\/\/metaltale.com\/lv\/\",\"name\":\"Metaltale.com\",\"description\":\"\",\"potentialAction\":[{\"@type\":\"SearchAction\",\"target\":{\"@type\":\"EntryPoint\",\"urlTemplate\":\"https:\/\/metaltale.com\/lv\/?s={search_term_string}\"},\"query-input\":{\"@type\":\"PropertyValueSpecification\",\"valueRequired\":true,\"valueName\":\"search_term_string\"}}],\"inLanguage\":\"lv-LV\"}]}<\/script>\n<!-- \/ Yoast SEO plugin. -->","yoast_head_json":{"title":"ELIZA met\u0101la poda tur\u0113t\u0101ji - MetalTale.com","robots":{"index":"index","follow":"follow","max-snippet":"max-snippet:-1","max-image-preview":"max-image-preview:large","max-video-preview":"max-video-preview:-1"},"canonical":"https:\/\/metaltale.com\/lv\/produkts\/eliza-metala-poda-turetaji\/","og_locale":"lv_LV","og_type":"article","og_title":"ELIZA met\u0101la poda tur\u0113t\u0101ji - MetalTale.com","og_description":"Modelis AF.785.XXX Materi\u0101ls Met\u0101ls Kop\u0113jais augstums (cm ) 14 \/ 15 \/ 19 Kop\u0113jais diametrs (cm ) 15 \/ 18","og_url":"https:\/\/metaltale.com\/lv\/produkts\/eliza-metala-poda-turetaji\/","og_site_name":"MetalTale.com","twitter_card":"summary_large_image","twitter_misc":{"Est. reading time":"1 minute"},"schema":{"@context":"https:\/\/schema.org","@graph":[{"@type":"WebPage","@id":"https:\/\/metaltale.com\/lv\/produkts\/eliza-metala-poda-turetaji\/","url":"https:\/\/metaltale.com\/lv\/produkts\/eliza-metala-poda-turetaji\/","name":"ELIZA met\u0101la poda tur\u0113t\u0101ji - MetalTale.com","isPartOf":{"@id":"https:\/\/metaltale.com\/lv\/#website"},"primaryImageOfPage":{"@id":"https:\/\/metaltale.com\/lv\/produkts\/eliza-metala-poda-turetaji\/#primaryimage"},"image":{"@id":"https:\/\/metaltale.com\/lv\/produkts\/eliza-metala-poda-turetaji\/#primaryimage"},"thumbnailUrl":"https:\/\/metaltale.com\/wp-content\/uploads\/2023\/09\/Puodo-korpusas-ELIZA-S.jpg","datePublished":"2024-02-13T11:41:04+00:00","breadcrumb":{"@id":"https:\/\/metaltale.com\/lv\/produkts\/eliza-metala-poda-turetaji\/#breadcrumb"},"inLanguage":"lv-LV","potentialAction":[{"@type":"ReadAction","target":["https:\/\/metaltale.com\/lv\/produkts\/eliza-metala-poda-turetaji\/"]}]},{"@type":"ImageObject","inLanguage":"lv-LV","@id":"https:\/\/metaltale.com\/lv\/produkts\/eliza-metala-poda-turetaji\/#primaryimage","url":"https:\/\/metaltale.com\/wp-content\/uploads\/2023\/09\/Puodo-korpusas-ELIZA-S.jpg","contentUrl":"https:\/\/metaltale.com\/wp-content\/uploads\/2023\/09\/Puodo-korpusas-ELIZA-S.jpg","width":800,"height":800},{"@type":"BreadcrumbList","@id":"https:\/\/metaltale.com\/lv\/produkts\/eliza-metala-poda-turetaji\/#breadcrumb","itemListElement":[{"@type":"ListItem","position":1,"name":"Home","item":"https:\/\/metaltale.com\/lv\/majas\/"},{"@type":"ListItem","position":2,"name":"Veikals","item":"https:\/\/metaltale.com\/lv\/shop\/"},{"@type":"ListItem","position":3,"name":"ELIZA met\u0101la poda tur\u0113t\u0101ji"}]},{"@type":"WebSite","@id":"https:\/\/metaltale.com\/lv\/#website","url":"https:\/\/metaltale.com\/lv\/","name":"Metaltale.com","description":"","potentialAction":[{"@type":"SearchAction","target":{"@type":"EntryPoint","urlTemplate":"https:\/\/metaltale.com\/lv\/?s={search_term_string}"},"query-input":{"@type":"PropertyValueSpecification","valueRequired":true,"valueName":"search_term_string"}}],"inLanguage":"lv-LV"}]}},"_links":{"self":[{"href":"https:\/\/metaltale.com\/lv\/wp-json\/wp\/v2\/product\/139720","targetHints":{"allow":["GET"]}}],"collection":[{"href":"https:\/\/metaltale.com\/lv\/wp-json\/wp\/v2\/product"}],"about":[{"href":"https:\/\/metaltale.com\/lv\/wp-json\/wp\/v2\/types\/product"}],"replies":[{"embeddable":true,"href":"https:\/\/metaltale.com\/lv\/wp-json\/wp\/v2\/comments?post=139720"}],"version-history":[{"count":0,"href":"https:\/\/metaltale.com\/lv\/wp-json\/wp\/v2\/product\/139720\/revisions"}],"wp:featuredmedia":[{"embeddable":true,"href":"https:\/\/metaltale.com\/lv\/wp-json\/wp\/v2\/media\/67621"}],"wp:attachment":[{"href":"https:\/\/metaltale.com\/lv\/wp-json\/wp\/v2\/media?parent=139720"}],"wp:term":[{"taxonomy":"product_brand","embeddable":true,"href":"https:\/\/metaltale.com\/lv\/wp-json\/wp\/v2\/product_brand?post=139720"},{"taxonomy":"product_cat","embeddable":true,"href":"https:\/\/metaltale.com\/lv\/wp-json\/wp\/v2\/product_cat?post=139720"},{"taxonomy":"product_tag","embeddable":true,"href":"https:\/\/metaltale.com\/lv\/wp-json\/wp\/v2\/product_tag?post=139720"}],"curies":[{"name":"wp","href":"https:\/\/api.w.org\/{rel}","templated":true}]}}