{"id":139703,"date":"2024-02-13T13:39:04","date_gmt":"2024-02-13T11:39:04","guid":{"rendered":"https:\/\/metaltale.com\/produktas\/lofter-bara-kresls-terauda-peleks\/"},"modified":"2024-02-13T13:39:04","modified_gmt":"2024-02-13T11:39:04","slug":"lofter-bara-kresls-terauda-peleks","status":"publish","type":"product","link":"https:\/\/metaltale.com\/lv\/produkts\/lofter-bara-kresls-terauda-peleks\/","title":{"rendered":"LOFTER b\u0101ra kr\u0113sls, t\u0113rauda pel\u0113ks"},"content":{"rendered":"<div class=\"prod_data\">\n<p>ZA <strong>modelis<\/strong>. T4-S10-BH<br \/>\n<strong>EAN.<\/strong>  5905369913938<br \/>\n<strong>Materi\u0101ls<\/strong> T\u0113rauds, priedes koks<br \/>\n<strong>Kop\u0113jais augstums (cm<\/strong> ) min. 71 \/ maks. 86<br \/>\n<strong>Kop\u0113jais platums (cm<\/strong> ) Rite\u0146u b\u0101ze 38 \/ S\u0113deklis 28<br \/>\nT\u0113rauda <strong>kr\u0101sa<\/strong> <\/p>\n<p>Koka un t\u0113rauda kombin\u0101cija ir ide\u0101la recepte industri\u0101lam b\u0101ra kr\u0113slam. Ierosin\u0101tajam kr\u0113slam ir interesants dizains un mas\u012bva un stabila konstrukcija. Koka s\u0113deklim un k\u0101j\u0101m ir neliels berzes efekts. Ori\u0123inalit\u0101te un stils papildina kr\u0113sla t\u0113raudu &#8211; metin\u0101jumu p\u0113das un skr\u0101p\u0113jumi, ko aizsarg\u0101 laka, pasv\u012btro produkta izskatu. S\u0113deklis, kas uzst\u0101d\u012bts uz t\u0113rauda stie\u0146a ar v\u012btni, \u013cauj regul\u0113t augstumu. J\u0101atz\u012bm\u0113 ar\u012b dekorat\u012bv\u0101 arka zem s\u0113dek\u013ca &#8211; taburetes industri\u0101lo raksturu v\u0113l vair\u0101k pasv\u012btro kniedes, kas redzamas uz malas. Kr\u0113sls ir iespaid\u012bgs un noteikti tiks izmantots m\u0101j\u0101s, b\u0101ros un krogos.<\/p>\n<hr>\n<\/div>\n","protected":false},"excerpt":{"rendered":"<p>ZA modelis. T4-S10-BH EAN. 5905369913938 Materi\u0101ls T\u0113rauds, priedes koks Kop\u0113jais augstums (cm ) min. 71 \/ maks. 86 Kop\u0113jais platums<\/p>\n","protected":false},"featured_media":100141,"comment_status":"open","ping_status":"closed","template":"","meta":{"_acf_changed":false,"pmpro_default_level":""},"product_brand":[],"product_cat":[24057],"product_tag":[],"class_list":{"0":"post-139703","1":"product","2":"type-product","3":"status-publish","4":"has-post-thumbnail","6":"product_cat-rupnieciskas-mebeles","7":"pmpro-has-access","9":"first","10":"instock","11":"shipping-taxable","12":"purchasable","13":"product-type-simple"},"acf":[],"yoast_head":"<!-- This site is optimized with the Yoast SEO plugin v24.9 - https:\/\/yoast.com\/wordpress\/plugins\/seo\/ -->\n<title>LOFTER b\u0101ra kr\u0113sls, t\u0113rauda pel\u0113ks - MetalTale.com<\/title>\n<meta name=\"robots\" content=\"index, follow, max-snippet:-1, max-image-preview:large, max-video-preview:-1\" \/>\n<link rel=\"canonical\" href=\"https:\/\/metaltale.com\/lv\/produkts\/lofter-bara-kresls-terauda-peleks\/\" \/>\n<meta property=\"og:locale\" content=\"lv_LV\" \/>\n<meta property=\"og:type\" content=\"article\" \/>\n<meta property=\"og:title\" content=\"LOFTER b\u0101ra kr\u0113sls, t\u0113rauda pel\u0113ks - MetalTale.com\" \/>\n<meta property=\"og:description\" content=\"ZA modelis. T4-S10-BH EAN. 5905369913938 Materi\u0101ls T\u0113rauds, priedes koks Kop\u0113jais augstums (cm ) min. 71 \/ maks. 86 Kop\u0113jais platums\" \/>\n<meta property=\"og:url\" content=\"https:\/\/metaltale.com\/lv\/produkts\/lofter-bara-kresls-terauda-peleks\/\" \/>\n<meta property=\"og:site_name\" content=\"MetalTale.com\" \/>\n<meta name=\"twitter:card\" content=\"summary_large_image\" \/>\n<meta name=\"twitter:label1\" content=\"Est. reading time\" \/>\n\t<meta name=\"twitter:data1\" content=\"1 minute\" \/>\n<script type=\"application\/ld+json\" class=\"yoast-schema-graph\">{\"@context\":\"https:\/\/schema.org\",\"@graph\":[{\"@type\":\"WebPage\",\"@id\":\"https:\/\/metaltale.com\/lv\/produkts\/lofter-bara-kresls-terauda-peleks\/\",\"url\":\"https:\/\/metaltale.com\/lv\/produkts\/lofter-bara-kresls-terauda-peleks\/\",\"name\":\"LOFTER b\u0101ra kr\u0113sls, t\u0113rauda pel\u0113ks - MetalTale.com\",\"isPartOf\":{\"@id\":\"https:\/\/metaltale.com\/lv\/#website\"},\"primaryImageOfPage\":{\"@id\":\"https:\/\/metaltale.com\/lv\/produkts\/lofter-bara-kresls-terauda-peleks\/#primaryimage\"},\"image\":{\"@id\":\"https:\/\/metaltale.com\/lv\/produkts\/lofter-bara-kresls-terauda-peleks\/#primaryimage\"},\"thumbnailUrl\":\"https:\/\/metaltale.com\/wp-content\/uploads\/2023\/11\/STEEL-LOFTER-taburetx117.jpg\",\"datePublished\":\"2024-02-13T11:39:04+00:00\",\"breadcrumb\":{\"@id\":\"https:\/\/metaltale.com\/lv\/produkts\/lofter-bara-kresls-terauda-peleks\/#breadcrumb\"},\"inLanguage\":\"lv-LV\",\"potentialAction\":[{\"@type\":\"ReadAction\",\"target\":[\"https:\/\/metaltale.com\/lv\/produkts\/lofter-bara-kresls-terauda-peleks\/\"]}]},{\"@type\":\"ImageObject\",\"inLanguage\":\"lv-LV\",\"@id\":\"https:\/\/metaltale.com\/lv\/produkts\/lofter-bara-kresls-terauda-peleks\/#primaryimage\",\"url\":\"https:\/\/metaltale.com\/wp-content\/uploads\/2023\/11\/STEEL-LOFTER-taburetx117.jpg\",\"contentUrl\":\"https:\/\/metaltale.com\/wp-content\/uploads\/2023\/11\/STEEL-LOFTER-taburetx117.jpg\",\"width\":800,\"height\":800,\"caption\":\"B\u0101ra taburete\"},{\"@type\":\"BreadcrumbList\",\"@id\":\"https:\/\/metaltale.com\/lv\/produkts\/lofter-bara-kresls-terauda-peleks\/#breadcrumb\",\"itemListElement\":[{\"@type\":\"ListItem\",\"position\":1,\"name\":\"Home\",\"item\":\"https:\/\/metaltale.com\/lv\/majas\/\"},{\"@type\":\"ListItem\",\"position\":2,\"name\":\"Veikals\",\"item\":\"https:\/\/metaltale.com\/lv\/shop\/\"},{\"@type\":\"ListItem\",\"position\":3,\"name\":\"LOFTER b\u0101ra kr\u0113sls, t\u0113rauda pel\u0113ks\"}]},{\"@type\":\"WebSite\",\"@id\":\"https:\/\/metaltale.com\/lv\/#website\",\"url\":\"https:\/\/metaltale.com\/lv\/\",\"name\":\"Metaltale.com\",\"description\":\"\",\"potentialAction\":[{\"@type\":\"SearchAction\",\"target\":{\"@type\":\"EntryPoint\",\"urlTemplate\":\"https:\/\/metaltale.com\/lv\/?s={search_term_string}\"},\"query-input\":{\"@type\":\"PropertyValueSpecification\",\"valueRequired\":true,\"valueName\":\"search_term_string\"}}],\"inLanguage\":\"lv-LV\"}]}<\/script>\n<!-- \/ Yoast SEO plugin. -->","yoast_head_json":{"title":"LOFTER b\u0101ra kr\u0113sls, t\u0113rauda pel\u0113ks - MetalTale.com","robots":{"index":"index","follow":"follow","max-snippet":"max-snippet:-1","max-image-preview":"max-image-preview:large","max-video-preview":"max-video-preview:-1"},"canonical":"https:\/\/metaltale.com\/lv\/produkts\/lofter-bara-kresls-terauda-peleks\/","og_locale":"lv_LV","og_type":"article","og_title":"LOFTER b\u0101ra kr\u0113sls, t\u0113rauda pel\u0113ks - MetalTale.com","og_description":"ZA modelis. T4-S10-BH EAN. 5905369913938 Materi\u0101ls T\u0113rauds, priedes koks Kop\u0113jais augstums (cm ) min. 71 \/ maks. 86 Kop\u0113jais platums","og_url":"https:\/\/metaltale.com\/lv\/produkts\/lofter-bara-kresls-terauda-peleks\/","og_site_name":"MetalTale.com","twitter_card":"summary_large_image","twitter_misc":{"Est. reading time":"1 minute"},"schema":{"@context":"https:\/\/schema.org","@graph":[{"@type":"WebPage","@id":"https:\/\/metaltale.com\/lv\/produkts\/lofter-bara-kresls-terauda-peleks\/","url":"https:\/\/metaltale.com\/lv\/produkts\/lofter-bara-kresls-terauda-peleks\/","name":"LOFTER b\u0101ra kr\u0113sls, t\u0113rauda pel\u0113ks - MetalTale.com","isPartOf":{"@id":"https:\/\/metaltale.com\/lv\/#website"},"primaryImageOfPage":{"@id":"https:\/\/metaltale.com\/lv\/produkts\/lofter-bara-kresls-terauda-peleks\/#primaryimage"},"image":{"@id":"https:\/\/metaltale.com\/lv\/produkts\/lofter-bara-kresls-terauda-peleks\/#primaryimage"},"thumbnailUrl":"https:\/\/metaltale.com\/wp-content\/uploads\/2023\/11\/STEEL-LOFTER-taburetx117.jpg","datePublished":"2024-02-13T11:39:04+00:00","breadcrumb":{"@id":"https:\/\/metaltale.com\/lv\/produkts\/lofter-bara-kresls-terauda-peleks\/#breadcrumb"},"inLanguage":"lv-LV","potentialAction":[{"@type":"ReadAction","target":["https:\/\/metaltale.com\/lv\/produkts\/lofter-bara-kresls-terauda-peleks\/"]}]},{"@type":"ImageObject","inLanguage":"lv-LV","@id":"https:\/\/metaltale.com\/lv\/produkts\/lofter-bara-kresls-terauda-peleks\/#primaryimage","url":"https:\/\/metaltale.com\/wp-content\/uploads\/2023\/11\/STEEL-LOFTER-taburetx117.jpg","contentUrl":"https:\/\/metaltale.com\/wp-content\/uploads\/2023\/11\/STEEL-LOFTER-taburetx117.jpg","width":800,"height":800,"caption":"B\u0101ra taburete"},{"@type":"BreadcrumbList","@id":"https:\/\/metaltale.com\/lv\/produkts\/lofter-bara-kresls-terauda-peleks\/#breadcrumb","itemListElement":[{"@type":"ListItem","position":1,"name":"Home","item":"https:\/\/metaltale.com\/lv\/majas\/"},{"@type":"ListItem","position":2,"name":"Veikals","item":"https:\/\/metaltale.com\/lv\/shop\/"},{"@type":"ListItem","position":3,"name":"LOFTER b\u0101ra kr\u0113sls, t\u0113rauda pel\u0113ks"}]},{"@type":"WebSite","@id":"https:\/\/metaltale.com\/lv\/#website","url":"https:\/\/metaltale.com\/lv\/","name":"Metaltale.com","description":"","potentialAction":[{"@type":"SearchAction","target":{"@type":"EntryPoint","urlTemplate":"https:\/\/metaltale.com\/lv\/?s={search_term_string}"},"query-input":{"@type":"PropertyValueSpecification","valueRequired":true,"valueName":"search_term_string"}}],"inLanguage":"lv-LV"}]}},"_links":{"self":[{"href":"https:\/\/metaltale.com\/lv\/wp-json\/wp\/v2\/product\/139703","targetHints":{"allow":["GET"]}}],"collection":[{"href":"https:\/\/metaltale.com\/lv\/wp-json\/wp\/v2\/product"}],"about":[{"href":"https:\/\/metaltale.com\/lv\/wp-json\/wp\/v2\/types\/product"}],"replies":[{"embeddable":true,"href":"https:\/\/metaltale.com\/lv\/wp-json\/wp\/v2\/comments?post=139703"}],"version-history":[{"count":0,"href":"https:\/\/metaltale.com\/lv\/wp-json\/wp\/v2\/product\/139703\/revisions"}],"wp:featuredmedia":[{"embeddable":true,"href":"https:\/\/metaltale.com\/lv\/wp-json\/wp\/v2\/media\/100141"}],"wp:attachment":[{"href":"https:\/\/metaltale.com\/lv\/wp-json\/wp\/v2\/media?parent=139703"}],"wp:term":[{"taxonomy":"product_brand","embeddable":true,"href":"https:\/\/metaltale.com\/lv\/wp-json\/wp\/v2\/product_brand?post=139703"},{"taxonomy":"product_cat","embeddable":true,"href":"https:\/\/metaltale.com\/lv\/wp-json\/wp\/v2\/product_cat?post=139703"},{"taxonomy":"product_tag","embeddable":true,"href":"https:\/\/metaltale.com\/lv\/wp-json\/wp\/v2\/product_tag?post=139703"}],"curies":[{"name":"wp","href":"https:\/\/api.w.org\/{rel}","templated":true}]}}