{"id":139694,"date":"2024-02-13T13:39:04","date_gmt":"2024-02-13T11:39:04","guid":{"rendered":"https:\/\/metaltale.com\/produktas\/kalta-terauda-sirds-sienas-svecturis-310-mm\/"},"modified":"2024-02-13T13:39:04","modified_gmt":"2024-02-13T11:39:04","slug":"kalta-terauda-sirds-sienas-svecturis-310-mm","status":"publish","type":"product","link":"https:\/\/metaltale.com\/lv\/produkts\/kalta-terauda-sirds-sienas-svecturis-310-mm\/","title":{"rendered":"Kalta t\u0113rauda sirds sienas sve\u010dturis 310 mm"},"content":{"rendered":"<div class=\"prod_data\"><strong>Modelis<\/strong> 30.820.HF.13  <br \/><strong>EAN.<\/strong>  5905369919824  <br \/><strong>Materi\u0101ls<\/strong> T\u0113rauds  <br \/>Kop\u0113jais augstums (cm ) 31 <br \/>Kop\u0113jais platums (cm ) 8 <br \/><strong>Kop\u0113j\u0101 projekcija (cm<\/strong> ) 5,5  <br \/><strong>Pamatnes izm\u0113ri (cm<\/strong> ) 1,5 (platums)  <br \/><strong>Kr\u0101sa<\/strong> Melna  <\/p>\n<p>Skaists, iztur\u012bgs un ar rok\u0101m kalts sve\u010dturis no augstas kvalit\u0101tes t\u0113rauda.<\/p>\n<p>Interesants papildin\u0101jums ne tikai lauku interjeriem.<\/p>\n<\/p>\n<\/div>\n","protected":false},"excerpt":{"rendered":"<p>Modelis 30.820.HF.13 EAN. 5905369919824 Materi\u0101ls T\u0113rauds Kop\u0113jais augstums (cm ) 31 Kop\u0113jais platums (cm ) 8 Kop\u0113j\u0101 projekcija (cm )<\/p>\n","protected":false},"featured_media":79306,"comment_status":"open","ping_status":"closed","template":"","meta":{"_acf_changed":false,"pmpro_default_level":""},"product_brand":[],"product_cat":[24104],"product_tag":[],"class_list":{"0":"post-139694","1":"product","2":"type-product","3":"status-publish","4":"has-post-thumbnail","6":"product_cat-piekaramie-svecturi","7":"pmpro-has-access","9":"first","10":"instock","11":"shipping-taxable","12":"purchasable","13":"product-type-simple"},"acf":[],"yoast_head":"<!-- This site is optimized with the Yoast SEO plugin v24.9 - https:\/\/yoast.com\/wordpress\/plugins\/seo\/ -->\n<title>Kalta t\u0113rauda sirds sienas sve\u010dturis 310 mm - MetalTale.com<\/title>\n<meta name=\"robots\" content=\"index, follow, max-snippet:-1, max-image-preview:large, max-video-preview:-1\" \/>\n<link rel=\"canonical\" href=\"https:\/\/metaltale.com\/lv\/produkts\/kalta-terauda-sirds-sienas-svecturis-310-mm\/\" \/>\n<meta property=\"og:locale\" content=\"lv_LV\" \/>\n<meta property=\"og:type\" content=\"article\" \/>\n<meta property=\"og:title\" content=\"Kalta t\u0113rauda sirds sienas sve\u010dturis 310 mm - MetalTale.com\" \/>\n<meta property=\"og:description\" content=\"Modelis 30.820.HF.13 EAN. 5905369919824 Materi\u0101ls T\u0113rauds Kop\u0113jais augstums (cm ) 31 Kop\u0113jais platums (cm ) 8 Kop\u0113j\u0101 projekcija (cm )\" \/>\n<meta property=\"og:url\" content=\"https:\/\/metaltale.com\/lv\/produkts\/kalta-terauda-sirds-sienas-svecturis-310-mm\/\" \/>\n<meta property=\"og:site_name\" content=\"MetalTale.com\" \/>\n<meta name=\"twitter:card\" content=\"summary_large_image\" \/>\n<script type=\"application\/ld+json\" class=\"yoast-schema-graph\">{\"@context\":\"https:\/\/schema.org\",\"@graph\":[{\"@type\":\"WebPage\",\"@id\":\"https:\/\/metaltale.com\/lv\/produkts\/kalta-terauda-sirds-sienas-svecturis-310-mm\/\",\"url\":\"https:\/\/metaltale.com\/lv\/produkts\/kalta-terauda-sirds-sienas-svecturis-310-mm\/\",\"name\":\"Kalta t\u0113rauda sirds sienas sve\u010dturis 310 mm - MetalTale.com\",\"isPartOf\":{\"@id\":\"https:\/\/metaltale.com\/lv\/#website\"},\"primaryImageOfPage\":{\"@id\":\"https:\/\/metaltale.com\/lv\/produkts\/kalta-terauda-sirds-sienas-svecturis-310-mm\/#primaryimage\"},\"image\":{\"@id\":\"https:\/\/metaltale.com\/lv\/produkts\/kalta-terauda-sirds-sienas-svecturis-310-mm\/#primaryimage\"},\"thumbnailUrl\":\"https:\/\/metaltale.com\/wp-content\/uploads\/2023\/10\/x17Dvakidx117-KALTINx116-x160IRDIS.jpg\",\"datePublished\":\"2024-02-13T11:39:04+00:00\",\"breadcrumb\":{\"@id\":\"https:\/\/metaltale.com\/lv\/produkts\/kalta-terauda-sirds-sienas-svecturis-310-mm\/#breadcrumb\"},\"inLanguage\":\"lv-LV\",\"potentialAction\":[{\"@type\":\"ReadAction\",\"target\":[\"https:\/\/metaltale.com\/lv\/produkts\/kalta-terauda-sirds-sienas-svecturis-310-mm\/\"]}]},{\"@type\":\"ImageObject\",\"inLanguage\":\"lv-LV\",\"@id\":\"https:\/\/metaltale.com\/lv\/produkts\/kalta-terauda-sirds-sienas-svecturis-310-mm\/#primaryimage\",\"url\":\"https:\/\/metaltale.com\/wp-content\/uploads\/2023\/10\/x17Dvakidx117-KALTINx116-x160IRDIS.jpg\",\"contentUrl\":\"https:\/\/metaltale.com\/wp-content\/uploads\/2023\/10\/x17Dvakidx117-KALTINx116-x160IRDIS.jpg\",\"width\":534,\"height\":800},{\"@type\":\"BreadcrumbList\",\"@id\":\"https:\/\/metaltale.com\/lv\/produkts\/kalta-terauda-sirds-sienas-svecturis-310-mm\/#breadcrumb\",\"itemListElement\":[{\"@type\":\"ListItem\",\"position\":1,\"name\":\"Home\",\"item\":\"https:\/\/metaltale.com\/lv\/majas\/\"},{\"@type\":\"ListItem\",\"position\":2,\"name\":\"Veikals\",\"item\":\"https:\/\/metaltale.com\/lv\/shop\/\"},{\"@type\":\"ListItem\",\"position\":3,\"name\":\"Kalta t\u0113rauda sirds sienas sve\u010dturis 310 mm\"}]},{\"@type\":\"WebSite\",\"@id\":\"https:\/\/metaltale.com\/lv\/#website\",\"url\":\"https:\/\/metaltale.com\/lv\/\",\"name\":\"Metaltale.com\",\"description\":\"\",\"potentialAction\":[{\"@type\":\"SearchAction\",\"target\":{\"@type\":\"EntryPoint\",\"urlTemplate\":\"https:\/\/metaltale.com\/lv\/?s={search_term_string}\"},\"query-input\":{\"@type\":\"PropertyValueSpecification\",\"valueRequired\":true,\"valueName\":\"search_term_string\"}}],\"inLanguage\":\"lv-LV\"}]}<\/script>\n<!-- \/ Yoast SEO plugin. -->","yoast_head_json":{"title":"Kalta t\u0113rauda sirds sienas sve\u010dturis 310 mm - MetalTale.com","robots":{"index":"index","follow":"follow","max-snippet":"max-snippet:-1","max-image-preview":"max-image-preview:large","max-video-preview":"max-video-preview:-1"},"canonical":"https:\/\/metaltale.com\/lv\/produkts\/kalta-terauda-sirds-sienas-svecturis-310-mm\/","og_locale":"lv_LV","og_type":"article","og_title":"Kalta t\u0113rauda sirds sienas sve\u010dturis 310 mm - MetalTale.com","og_description":"Modelis 30.820.HF.13 EAN. 5905369919824 Materi\u0101ls T\u0113rauds Kop\u0113jais augstums (cm ) 31 Kop\u0113jais platums (cm ) 8 Kop\u0113j\u0101 projekcija (cm )","og_url":"https:\/\/metaltale.com\/lv\/produkts\/kalta-terauda-sirds-sienas-svecturis-310-mm\/","og_site_name":"MetalTale.com","twitter_card":"summary_large_image","schema":{"@context":"https:\/\/schema.org","@graph":[{"@type":"WebPage","@id":"https:\/\/metaltale.com\/lv\/produkts\/kalta-terauda-sirds-sienas-svecturis-310-mm\/","url":"https:\/\/metaltale.com\/lv\/produkts\/kalta-terauda-sirds-sienas-svecturis-310-mm\/","name":"Kalta t\u0113rauda sirds sienas sve\u010dturis 310 mm - MetalTale.com","isPartOf":{"@id":"https:\/\/metaltale.com\/lv\/#website"},"primaryImageOfPage":{"@id":"https:\/\/metaltale.com\/lv\/produkts\/kalta-terauda-sirds-sienas-svecturis-310-mm\/#primaryimage"},"image":{"@id":"https:\/\/metaltale.com\/lv\/produkts\/kalta-terauda-sirds-sienas-svecturis-310-mm\/#primaryimage"},"thumbnailUrl":"https:\/\/metaltale.com\/wp-content\/uploads\/2023\/10\/x17Dvakidx117-KALTINx116-x160IRDIS.jpg","datePublished":"2024-02-13T11:39:04+00:00","breadcrumb":{"@id":"https:\/\/metaltale.com\/lv\/produkts\/kalta-terauda-sirds-sienas-svecturis-310-mm\/#breadcrumb"},"inLanguage":"lv-LV","potentialAction":[{"@type":"ReadAction","target":["https:\/\/metaltale.com\/lv\/produkts\/kalta-terauda-sirds-sienas-svecturis-310-mm\/"]}]},{"@type":"ImageObject","inLanguage":"lv-LV","@id":"https:\/\/metaltale.com\/lv\/produkts\/kalta-terauda-sirds-sienas-svecturis-310-mm\/#primaryimage","url":"https:\/\/metaltale.com\/wp-content\/uploads\/2023\/10\/x17Dvakidx117-KALTINx116-x160IRDIS.jpg","contentUrl":"https:\/\/metaltale.com\/wp-content\/uploads\/2023\/10\/x17Dvakidx117-KALTINx116-x160IRDIS.jpg","width":534,"height":800},{"@type":"BreadcrumbList","@id":"https:\/\/metaltale.com\/lv\/produkts\/kalta-terauda-sirds-sienas-svecturis-310-mm\/#breadcrumb","itemListElement":[{"@type":"ListItem","position":1,"name":"Home","item":"https:\/\/metaltale.com\/lv\/majas\/"},{"@type":"ListItem","position":2,"name":"Veikals","item":"https:\/\/metaltale.com\/lv\/shop\/"},{"@type":"ListItem","position":3,"name":"Kalta t\u0113rauda sirds sienas sve\u010dturis 310 mm"}]},{"@type":"WebSite","@id":"https:\/\/metaltale.com\/lv\/#website","url":"https:\/\/metaltale.com\/lv\/","name":"Metaltale.com","description":"","potentialAction":[{"@type":"SearchAction","target":{"@type":"EntryPoint","urlTemplate":"https:\/\/metaltale.com\/lv\/?s={search_term_string}"},"query-input":{"@type":"PropertyValueSpecification","valueRequired":true,"valueName":"search_term_string"}}],"inLanguage":"lv-LV"}]}},"_links":{"self":[{"href":"https:\/\/metaltale.com\/lv\/wp-json\/wp\/v2\/product\/139694","targetHints":{"allow":["GET"]}}],"collection":[{"href":"https:\/\/metaltale.com\/lv\/wp-json\/wp\/v2\/product"}],"about":[{"href":"https:\/\/metaltale.com\/lv\/wp-json\/wp\/v2\/types\/product"}],"replies":[{"embeddable":true,"href":"https:\/\/metaltale.com\/lv\/wp-json\/wp\/v2\/comments?post=139694"}],"version-history":[{"count":0,"href":"https:\/\/metaltale.com\/lv\/wp-json\/wp\/v2\/product\/139694\/revisions"}],"wp:featuredmedia":[{"embeddable":true,"href":"https:\/\/metaltale.com\/lv\/wp-json\/wp\/v2\/media\/79306"}],"wp:attachment":[{"href":"https:\/\/metaltale.com\/lv\/wp-json\/wp\/v2\/media?parent=139694"}],"wp:term":[{"taxonomy":"product_brand","embeddable":true,"href":"https:\/\/metaltale.com\/lv\/wp-json\/wp\/v2\/product_brand?post=139694"},{"taxonomy":"product_cat","embeddable":true,"href":"https:\/\/metaltale.com\/lv\/wp-json\/wp\/v2\/product_cat?post=139694"},{"taxonomy":"product_tag","embeddable":true,"href":"https:\/\/metaltale.com\/lv\/wp-json\/wp\/v2\/product_tag?post=139694"}],"curies":[{"name":"wp","href":"https:\/\/api.w.org\/{rel}","templated":true}]}}