{"id":139689,"date":"2024-02-13T13:39:04","date_gmt":"2024-02-13T11:39:04","guid":{"rendered":"https:\/\/metaltale.com\/produktas\/bara-kresls-industrial-1-terauda-peleks\/"},"modified":"2024-02-13T13:39:04","modified_gmt":"2024-02-13T11:39:04","slug":"bara-kresls-industrial-1-terauda-peleks","status":"publish","type":"product","link":"https:\/\/metaltale.com\/lv\/produkts\/bara-kresls-industrial-1-terauda-peleks\/","title":{"rendered":"B\u0101ra kr\u0113sls INDUSTRIAL 1, t\u0113rauda pel\u0113ks"},"content":{"rendered":"<div class=\"prod_data\">\n<p>ZA <strong>modelis<\/strong>. T1-XX<br \/>\n<strong>Materi\u0101ls<\/strong> T\u0113rauds<br \/>\n<strong>Kop\u0113jais augstums (cm<\/strong> ) 57 &#8211; 80<br \/>\nT\u0113rauda <strong>kr\u0101sa<\/strong> <\/p>\n<p>Rustik\u0101lie m\u0113be\u013cu aksesu\u0101ri pie\u0161\u0137ir interjeriem unik\u0101lu atmosf\u0113ru, kas apvienota ar m\u016bsu risin\u0101jumu augsto funkcionalit\u0101ti. Prezent\u0113t\u0101 taburete tika veidota p\u0113c klasisk\u0101 taburetes parauga, kas bie\u017ei sastopams darbn\u012bc\u0101s vai r\u016bpniec\u012bbas uz\u0146\u0113mumos. T\u0101 nedaudz neapstr\u0101d\u0101t\u0101, dabisk\u0101 t\u0113rauda kr\u0101sa padara to par sp\u0113c\u012bgu vizu\u0101lu akcentu iek\u0101rtot\u0101s telp\u0101s. To var izmantot k\u0101 praktisku s\u0113dvietu, ta\u010du to var izmantot ar\u012b k\u0101 galdu ar izteiktu industri\u0101lu raksturu. Lielas s\u0113dek\u013ca augstuma regul\u0113\u0161anas iesp\u0113jas ir praktiskas lieto\u0161anas garantija.<\/p>\n<p>\u0160\u012b kr\u0113sla vecais dizains ir p\u0101r\u0146emts no Anglijas krogiem, kur tas joproj\u0101m ir \u013coti moderns. \u0160\u0101du b\u0101ra kr\u0113slu, iesp\u0113jams, var\u0113s izmantot ne tikai krog\u0101 vai b\u0101r\u0101, bet tas b\u016bs lieliski piem\u0113rots ar\u012b m\u0101jas b\u0101r\u0101 vai vintage vai industri\u0101l\u0101 stila interjer\u0101.<\/p>\n<p>Taburetes konstrukcija ir izgatavota no t\u0113rauda, p\u0101rkl\u0101ta ar \u012bpa\u0161u laku, kas pie\u0161\u0137ir neapstr\u0101d\u0101tam met\u0101lam pareizo raksturu un vienlaikus pasarg\u0101 to no r\u016bsas vai net\u012brumiem.<\/p>\n<\/div>\n","protected":false},"excerpt":{"rendered":"<p>ZA modelis. T1-XX Materi\u0101ls T\u0113rauds Kop\u0113jais augstums (cm ) 57 &#8211; 80 T\u0113rauda kr\u0101sa Rustik\u0101lie m\u0113be\u013cu aksesu\u0101ri pie\u0161\u0137ir interjeriem unik\u0101lu<\/p>\n","protected":false},"featured_media":118515,"comment_status":"open","ping_status":"closed","template":"","meta":{"_acf_changed":false,"pmpro_default_level":""},"product_brand":[],"product_cat":[24114,24057],"product_tag":[],"class_list":{"0":"post-139689","1":"product","2":"type-product","3":"status-publish","4":"has-post-thumbnail","6":"product_cat-bara-kresli","7":"product_cat-rupnieciskas-mebeles","8":"pmpro-has-access","10":"first","11":"instock","12":"shipping-taxable","13":"purchasable","14":"product-type-simple"},"acf":[],"yoast_head":"<!-- This site is optimized with the Yoast SEO plugin v24.9 - https:\/\/yoast.com\/wordpress\/plugins\/seo\/ -->\n<title>B\u0101ra kr\u0113sls INDUSTRIAL 1, t\u0113rauda pel\u0113ks - MetalTale.com<\/title>\n<meta name=\"robots\" content=\"index, follow, max-snippet:-1, max-image-preview:large, max-video-preview:-1\" \/>\n<link rel=\"canonical\" href=\"https:\/\/metaltale.com\/lv\/produkts\/bara-kresls-industrial-1-terauda-peleks\/\" \/>\n<meta property=\"og:locale\" content=\"lv_LV\" \/>\n<meta property=\"og:type\" content=\"article\" \/>\n<meta property=\"og:title\" content=\"B\u0101ra kr\u0113sls INDUSTRIAL 1, t\u0113rauda pel\u0113ks - MetalTale.com\" \/>\n<meta property=\"og:description\" content=\"ZA modelis. T1-XX Materi\u0101ls T\u0113rauds Kop\u0113jais augstums (cm ) 57 &#8211; 80 T\u0113rauda kr\u0101sa Rustik\u0101lie m\u0113be\u013cu aksesu\u0101ri pie\u0161\u0137ir interjeriem unik\u0101lu\" \/>\n<meta property=\"og:url\" content=\"https:\/\/metaltale.com\/lv\/produkts\/bara-kresls-industrial-1-terauda-peleks\/\" \/>\n<meta property=\"og:site_name\" content=\"MetalTale.com\" \/>\n<meta name=\"twitter:card\" content=\"summary_large_image\" \/>\n<meta name=\"twitter:label1\" content=\"Est. reading time\" \/>\n\t<meta name=\"twitter:data1\" content=\"1 minute\" \/>\n<script type=\"application\/ld+json\" class=\"yoast-schema-graph\">{\"@context\":\"https:\/\/schema.org\",\"@graph\":[{\"@type\":\"WebPage\",\"@id\":\"https:\/\/metaltale.com\/lv\/produkts\/bara-kresls-industrial-1-terauda-peleks\/\",\"url\":\"https:\/\/metaltale.com\/lv\/produkts\/bara-kresls-industrial-1-terauda-peleks\/\",\"name\":\"B\u0101ra kr\u0113sls INDUSTRIAL 1, t\u0113rauda pel\u0113ks - MetalTale.com\",\"isPartOf\":{\"@id\":\"https:\/\/metaltale.com\/lv\/#website\"},\"primaryImageOfPage\":{\"@id\":\"https:\/\/metaltale.com\/lv\/produkts\/bara-kresls-industrial-1-terauda-peleks\/#primaryimage\"},\"image\":{\"@id\":\"https:\/\/metaltale.com\/lv\/produkts\/bara-kresls-industrial-1-terauda-peleks\/#primaryimage\"},\"thumbnailUrl\":\"https:\/\/metaltale.com\/wp-content\/uploads\/2023\/12\/krzeslo-barowe-industrialne-4230.jpg\",\"datePublished\":\"2024-02-13T11:39:04+00:00\",\"breadcrumb\":{\"@id\":\"https:\/\/metaltale.com\/lv\/produkts\/bara-kresls-industrial-1-terauda-peleks\/#breadcrumb\"},\"inLanguage\":\"lv-LV\",\"potentialAction\":[{\"@type\":\"ReadAction\",\"target\":[\"https:\/\/metaltale.com\/lv\/produkts\/bara-kresls-industrial-1-terauda-peleks\/\"]}]},{\"@type\":\"ImageObject\",\"inLanguage\":\"lv-LV\",\"@id\":\"https:\/\/metaltale.com\/lv\/produkts\/bara-kresls-industrial-1-terauda-peleks\/#primaryimage\",\"url\":\"https:\/\/metaltale.com\/wp-content\/uploads\/2023\/12\/krzeslo-barowe-industrialne-4230.jpg\",\"contentUrl\":\"https:\/\/metaltale.com\/wp-content\/uploads\/2023\/12\/krzeslo-barowe-industrialne-4230.jpg\",\"width\":800,\"height\":800,\"caption\":\"b\u0101ra taburete\"},{\"@type\":\"BreadcrumbList\",\"@id\":\"https:\/\/metaltale.com\/lv\/produkts\/bara-kresls-industrial-1-terauda-peleks\/#breadcrumb\",\"itemListElement\":[{\"@type\":\"ListItem\",\"position\":1,\"name\":\"Home\",\"item\":\"https:\/\/metaltale.com\/lv\/majas\/\"},{\"@type\":\"ListItem\",\"position\":2,\"name\":\"Veikals\",\"item\":\"https:\/\/metaltale.com\/lv\/shop\/\"},{\"@type\":\"ListItem\",\"position\":3,\"name\":\"B\u0101ra kr\u0113sls INDUSTRIAL 1, t\u0113rauda pel\u0113ks\"}]},{\"@type\":\"WebSite\",\"@id\":\"https:\/\/metaltale.com\/lv\/#website\",\"url\":\"https:\/\/metaltale.com\/lv\/\",\"name\":\"Metaltale.com\",\"description\":\"\",\"potentialAction\":[{\"@type\":\"SearchAction\",\"target\":{\"@type\":\"EntryPoint\",\"urlTemplate\":\"https:\/\/metaltale.com\/lv\/?s={search_term_string}\"},\"query-input\":{\"@type\":\"PropertyValueSpecification\",\"valueRequired\":true,\"valueName\":\"search_term_string\"}}],\"inLanguage\":\"lv-LV\"}]}<\/script>\n<!-- \/ Yoast SEO plugin. -->","yoast_head_json":{"title":"B\u0101ra kr\u0113sls INDUSTRIAL 1, t\u0113rauda pel\u0113ks - MetalTale.com","robots":{"index":"index","follow":"follow","max-snippet":"max-snippet:-1","max-image-preview":"max-image-preview:large","max-video-preview":"max-video-preview:-1"},"canonical":"https:\/\/metaltale.com\/lv\/produkts\/bara-kresls-industrial-1-terauda-peleks\/","og_locale":"lv_LV","og_type":"article","og_title":"B\u0101ra kr\u0113sls INDUSTRIAL 1, t\u0113rauda pel\u0113ks - MetalTale.com","og_description":"ZA modelis. T1-XX Materi\u0101ls T\u0113rauds Kop\u0113jais augstums (cm ) 57 &#8211; 80 T\u0113rauda kr\u0101sa Rustik\u0101lie m\u0113be\u013cu aksesu\u0101ri pie\u0161\u0137ir interjeriem unik\u0101lu","og_url":"https:\/\/metaltale.com\/lv\/produkts\/bara-kresls-industrial-1-terauda-peleks\/","og_site_name":"MetalTale.com","twitter_card":"summary_large_image","twitter_misc":{"Est. reading time":"1 minute"},"schema":{"@context":"https:\/\/schema.org","@graph":[{"@type":"WebPage","@id":"https:\/\/metaltale.com\/lv\/produkts\/bara-kresls-industrial-1-terauda-peleks\/","url":"https:\/\/metaltale.com\/lv\/produkts\/bara-kresls-industrial-1-terauda-peleks\/","name":"B\u0101ra kr\u0113sls INDUSTRIAL 1, t\u0113rauda pel\u0113ks - MetalTale.com","isPartOf":{"@id":"https:\/\/metaltale.com\/lv\/#website"},"primaryImageOfPage":{"@id":"https:\/\/metaltale.com\/lv\/produkts\/bara-kresls-industrial-1-terauda-peleks\/#primaryimage"},"image":{"@id":"https:\/\/metaltale.com\/lv\/produkts\/bara-kresls-industrial-1-terauda-peleks\/#primaryimage"},"thumbnailUrl":"https:\/\/metaltale.com\/wp-content\/uploads\/2023\/12\/krzeslo-barowe-industrialne-4230.jpg","datePublished":"2024-02-13T11:39:04+00:00","breadcrumb":{"@id":"https:\/\/metaltale.com\/lv\/produkts\/bara-kresls-industrial-1-terauda-peleks\/#breadcrumb"},"inLanguage":"lv-LV","potentialAction":[{"@type":"ReadAction","target":["https:\/\/metaltale.com\/lv\/produkts\/bara-kresls-industrial-1-terauda-peleks\/"]}]},{"@type":"ImageObject","inLanguage":"lv-LV","@id":"https:\/\/metaltale.com\/lv\/produkts\/bara-kresls-industrial-1-terauda-peleks\/#primaryimage","url":"https:\/\/metaltale.com\/wp-content\/uploads\/2023\/12\/krzeslo-barowe-industrialne-4230.jpg","contentUrl":"https:\/\/metaltale.com\/wp-content\/uploads\/2023\/12\/krzeslo-barowe-industrialne-4230.jpg","width":800,"height":800,"caption":"b\u0101ra taburete"},{"@type":"BreadcrumbList","@id":"https:\/\/metaltale.com\/lv\/produkts\/bara-kresls-industrial-1-terauda-peleks\/#breadcrumb","itemListElement":[{"@type":"ListItem","position":1,"name":"Home","item":"https:\/\/metaltale.com\/lv\/majas\/"},{"@type":"ListItem","position":2,"name":"Veikals","item":"https:\/\/metaltale.com\/lv\/shop\/"},{"@type":"ListItem","position":3,"name":"B\u0101ra kr\u0113sls INDUSTRIAL 1, t\u0113rauda pel\u0113ks"}]},{"@type":"WebSite","@id":"https:\/\/metaltale.com\/lv\/#website","url":"https:\/\/metaltale.com\/lv\/","name":"Metaltale.com","description":"","potentialAction":[{"@type":"SearchAction","target":{"@type":"EntryPoint","urlTemplate":"https:\/\/metaltale.com\/lv\/?s={search_term_string}"},"query-input":{"@type":"PropertyValueSpecification","valueRequired":true,"valueName":"search_term_string"}}],"inLanguage":"lv-LV"}]}},"_links":{"self":[{"href":"https:\/\/metaltale.com\/lv\/wp-json\/wp\/v2\/product\/139689","targetHints":{"allow":["GET"]}}],"collection":[{"href":"https:\/\/metaltale.com\/lv\/wp-json\/wp\/v2\/product"}],"about":[{"href":"https:\/\/metaltale.com\/lv\/wp-json\/wp\/v2\/types\/product"}],"replies":[{"embeddable":true,"href":"https:\/\/metaltale.com\/lv\/wp-json\/wp\/v2\/comments?post=139689"}],"version-history":[{"count":0,"href":"https:\/\/metaltale.com\/lv\/wp-json\/wp\/v2\/product\/139689\/revisions"}],"wp:featuredmedia":[{"embeddable":true,"href":"https:\/\/metaltale.com\/lv\/wp-json\/wp\/v2\/media\/118515"}],"wp:attachment":[{"href":"https:\/\/metaltale.com\/lv\/wp-json\/wp\/v2\/media?parent=139689"}],"wp:term":[{"taxonomy":"product_brand","embeddable":true,"href":"https:\/\/metaltale.com\/lv\/wp-json\/wp\/v2\/product_brand?post=139689"},{"taxonomy":"product_cat","embeddable":true,"href":"https:\/\/metaltale.com\/lv\/wp-json\/wp\/v2\/product_cat?post=139689"},{"taxonomy":"product_tag","embeddable":true,"href":"https:\/\/metaltale.com\/lv\/wp-json\/wp\/v2\/product_tag?post=139689"}],"curies":[{"name":"wp","href":"https:\/\/api.w.org\/{rel}","templated":true}]}}