{"id":139684,"date":"2024-02-13T13:39:04","date_gmt":"2024-02-13T11:39:04","guid":{"rendered":"https:\/\/metaltale.com\/produktas\/bara-kresls-industrial-3-melns\/"},"modified":"2024-02-13T13:39:04","modified_gmt":"2024-02-13T11:39:04","slug":"bara-kresls-industrial-3-melns","status":"publish","type":"product","link":"https:\/\/metaltale.com\/lv\/produkts\/bara-kresls-industrial-3-melns\/","title":{"rendered":"B\u0101ra kr\u0113sls INDUSTRIAL 3, melns"},"content":{"rendered":"<div class=\"prod_data\">\n<p>ZA <strong>modelis<\/strong>. T1. TAP-PRGR<br \/>\n<strong>Materi\u0101ls<\/strong> T\u0113rauds<br \/>\n<strong>Kop\u0113jais augstums (cm<\/strong> ) 57-80<br \/>\n<strong>Kop\u0113jais platums (cm<\/strong> ) 40<br \/>\n<strong>Dzi\u013cums (cm<\/strong> ) 40<br \/>\nDaudzums komplekt\u0101 1 gab.<br \/>\n<strong>Kr\u0101sa<\/strong> Melna<br \/>\n<strong>PAPILDU INFORM\u0100CIJA<\/strong> S\u0113dek\u013ca diametrs 38 cm<\/p>\n<hr>\n<p>&#8211; m\u012bksts s\u0113deklis<br \/>\n&#8211; t\u0113rauda r\u0101mis, lakots<br \/>\n&#8211; s\u0113dek\u013ca augstuma regul\u0113\u0161ana<\/p>\n<hr>\n<p>&#8220;Hoker INDUSTRIAL 3 ir modelis, kura dizaina pamat\u0101 ir klasiskie r\u016bpn\u012bcas taburetes. \u0160\u012b b\u0101ra kr\u0113sla liel\u0101k\u0101s priek\u0161roc\u012bbas ir regul\u0113jamais s\u0113deklis un sp\u0113c\u012bgais industri\u0101lais raksturs. \u0160\u0101ds kr\u0113sls lieliski ieder\u0113sies m\u0101j\u0101s, ievie\u0161ot iek\u0101rtojum\u0101 b\u0113ni\u0146u naglu. Tas b\u016bs ar\u012b stil\u012bgs un praktisks b\u0101ra, kroga vai b\u0101ra interjera elements.<\/p>\n<hr>\n<\/div>\n","protected":false},"excerpt":{"rendered":"<p>ZA modelis. T1. TAP-PRGR Materi\u0101ls T\u0113rauds Kop\u0113jais augstums (cm ) 57-80 Kop\u0113jais platums (cm ) 40 Dzi\u013cums (cm ) 40<\/p>\n","protected":false},"featured_media":67483,"comment_status":"open","ping_status":"closed","template":"","meta":{"_acf_changed":false,"pmpro_default_level":""},"product_brand":[],"product_cat":[24114,24057],"product_tag":[],"class_list":{"0":"post-139684","1":"product","2":"type-product","3":"status-publish","4":"has-post-thumbnail","6":"product_cat-bara-kresli","7":"product_cat-rupnieciskas-mebeles","8":"pmpro-has-access","10":"first","11":"instock","12":"shipping-taxable","13":"purchasable","14":"product-type-simple"},"acf":[],"yoast_head":"<!-- This site is optimized with the Yoast SEO plugin v24.9 - https:\/\/yoast.com\/wordpress\/plugins\/seo\/ -->\n<title>B\u0101ra kr\u0113sls INDUSTRIAL 3, melns - MetalTale.com<\/title>\n<meta name=\"robots\" content=\"index, follow, max-snippet:-1, max-image-preview:large, max-video-preview:-1\" \/>\n<link rel=\"canonical\" href=\"https:\/\/metaltale.com\/lv\/produkts\/bara-kresls-industrial-3-melns\/\" \/>\n<meta property=\"og:locale\" content=\"lv_LV\" \/>\n<meta property=\"og:type\" content=\"article\" \/>\n<meta property=\"og:title\" content=\"B\u0101ra kr\u0113sls INDUSTRIAL 3, melns - MetalTale.com\" \/>\n<meta property=\"og:description\" content=\"ZA modelis. T1. TAP-PRGR Materi\u0101ls T\u0113rauds Kop\u0113jais augstums (cm ) 57-80 Kop\u0113jais platums (cm ) 40 Dzi\u013cums (cm ) 40\" \/>\n<meta property=\"og:url\" content=\"https:\/\/metaltale.com\/lv\/produkts\/bara-kresls-industrial-3-melns\/\" \/>\n<meta property=\"og:site_name\" content=\"MetalTale.com\" \/>\n<meta name=\"twitter:card\" content=\"summary_large_image\" \/>\n<meta name=\"twitter:label1\" content=\"Est. reading time\" \/>\n\t<meta name=\"twitter:data1\" content=\"1 minute\" \/>\n<script type=\"application\/ld+json\" class=\"yoast-schema-graph\">{\"@context\":\"https:\/\/schema.org\",\"@graph\":[{\"@type\":\"WebPage\",\"@id\":\"https:\/\/metaltale.com\/lv\/produkts\/bara-kresls-industrial-3-melns\/\",\"url\":\"https:\/\/metaltale.com\/lv\/produkts\/bara-kresls-industrial-3-melns\/\",\"name\":\"B\u0101ra kr\u0113sls INDUSTRIAL 3, melns - MetalTale.com\",\"isPartOf\":{\"@id\":\"https:\/\/metaltale.com\/lv\/#website\"},\"primaryImageOfPage\":{\"@id\":\"https:\/\/metaltale.com\/lv\/produkts\/bara-kresls-industrial-3-melns\/#primaryimage\"},\"image\":{\"@id\":\"https:\/\/metaltale.com\/lv\/produkts\/bara-kresls-industrial-3-melns\/#primaryimage\"},\"thumbnailUrl\":\"https:\/\/metaltale.com\/wp-content\/uploads\/2023\/09\/Hoker-INDUSTRIAL-3-CZARNY.jpg\",\"datePublished\":\"2024-02-13T11:39:04+00:00\",\"breadcrumb\":{\"@id\":\"https:\/\/metaltale.com\/lv\/produkts\/bara-kresls-industrial-3-melns\/#breadcrumb\"},\"inLanguage\":\"lv-LV\",\"potentialAction\":[{\"@type\":\"ReadAction\",\"target\":[\"https:\/\/metaltale.com\/lv\/produkts\/bara-kresls-industrial-3-melns\/\"]}]},{\"@type\":\"ImageObject\",\"inLanguage\":\"lv-LV\",\"@id\":\"https:\/\/metaltale.com\/lv\/produkts\/bara-kresls-industrial-3-melns\/#primaryimage\",\"url\":\"https:\/\/metaltale.com\/wp-content\/uploads\/2023\/09\/Hoker-INDUSTRIAL-3-CZARNY.jpg\",\"contentUrl\":\"https:\/\/metaltale.com\/wp-content\/uploads\/2023\/09\/Hoker-INDUSTRIAL-3-CZARNY.jpg\",\"width\":800,\"height\":800,\"caption\":\"B\u0101ra taburete\"},{\"@type\":\"BreadcrumbList\",\"@id\":\"https:\/\/metaltale.com\/lv\/produkts\/bara-kresls-industrial-3-melns\/#breadcrumb\",\"itemListElement\":[{\"@type\":\"ListItem\",\"position\":1,\"name\":\"Home\",\"item\":\"https:\/\/metaltale.com\/lv\/majas\/\"},{\"@type\":\"ListItem\",\"position\":2,\"name\":\"Veikals\",\"item\":\"https:\/\/metaltale.com\/lv\/shop\/\"},{\"@type\":\"ListItem\",\"position\":3,\"name\":\"B\u0101ra kr\u0113sls INDUSTRIAL 3, melns\"}]},{\"@type\":\"WebSite\",\"@id\":\"https:\/\/metaltale.com\/lv\/#website\",\"url\":\"https:\/\/metaltale.com\/lv\/\",\"name\":\"Metaltale.com\",\"description\":\"\",\"potentialAction\":[{\"@type\":\"SearchAction\",\"target\":{\"@type\":\"EntryPoint\",\"urlTemplate\":\"https:\/\/metaltale.com\/lv\/?s={search_term_string}\"},\"query-input\":{\"@type\":\"PropertyValueSpecification\",\"valueRequired\":true,\"valueName\":\"search_term_string\"}}],\"inLanguage\":\"lv-LV\"}]}<\/script>\n<!-- \/ Yoast SEO plugin. -->","yoast_head_json":{"title":"B\u0101ra kr\u0113sls INDUSTRIAL 3, melns - MetalTale.com","robots":{"index":"index","follow":"follow","max-snippet":"max-snippet:-1","max-image-preview":"max-image-preview:large","max-video-preview":"max-video-preview:-1"},"canonical":"https:\/\/metaltale.com\/lv\/produkts\/bara-kresls-industrial-3-melns\/","og_locale":"lv_LV","og_type":"article","og_title":"B\u0101ra kr\u0113sls INDUSTRIAL 3, melns - MetalTale.com","og_description":"ZA modelis. T1. TAP-PRGR Materi\u0101ls T\u0113rauds Kop\u0113jais augstums (cm ) 57-80 Kop\u0113jais platums (cm ) 40 Dzi\u013cums (cm ) 40","og_url":"https:\/\/metaltale.com\/lv\/produkts\/bara-kresls-industrial-3-melns\/","og_site_name":"MetalTale.com","twitter_card":"summary_large_image","twitter_misc":{"Est. reading time":"1 minute"},"schema":{"@context":"https:\/\/schema.org","@graph":[{"@type":"WebPage","@id":"https:\/\/metaltale.com\/lv\/produkts\/bara-kresls-industrial-3-melns\/","url":"https:\/\/metaltale.com\/lv\/produkts\/bara-kresls-industrial-3-melns\/","name":"B\u0101ra kr\u0113sls INDUSTRIAL 3, melns - MetalTale.com","isPartOf":{"@id":"https:\/\/metaltale.com\/lv\/#website"},"primaryImageOfPage":{"@id":"https:\/\/metaltale.com\/lv\/produkts\/bara-kresls-industrial-3-melns\/#primaryimage"},"image":{"@id":"https:\/\/metaltale.com\/lv\/produkts\/bara-kresls-industrial-3-melns\/#primaryimage"},"thumbnailUrl":"https:\/\/metaltale.com\/wp-content\/uploads\/2023\/09\/Hoker-INDUSTRIAL-3-CZARNY.jpg","datePublished":"2024-02-13T11:39:04+00:00","breadcrumb":{"@id":"https:\/\/metaltale.com\/lv\/produkts\/bara-kresls-industrial-3-melns\/#breadcrumb"},"inLanguage":"lv-LV","potentialAction":[{"@type":"ReadAction","target":["https:\/\/metaltale.com\/lv\/produkts\/bara-kresls-industrial-3-melns\/"]}]},{"@type":"ImageObject","inLanguage":"lv-LV","@id":"https:\/\/metaltale.com\/lv\/produkts\/bara-kresls-industrial-3-melns\/#primaryimage","url":"https:\/\/metaltale.com\/wp-content\/uploads\/2023\/09\/Hoker-INDUSTRIAL-3-CZARNY.jpg","contentUrl":"https:\/\/metaltale.com\/wp-content\/uploads\/2023\/09\/Hoker-INDUSTRIAL-3-CZARNY.jpg","width":800,"height":800,"caption":"B\u0101ra taburete"},{"@type":"BreadcrumbList","@id":"https:\/\/metaltale.com\/lv\/produkts\/bara-kresls-industrial-3-melns\/#breadcrumb","itemListElement":[{"@type":"ListItem","position":1,"name":"Home","item":"https:\/\/metaltale.com\/lv\/majas\/"},{"@type":"ListItem","position":2,"name":"Veikals","item":"https:\/\/metaltale.com\/lv\/shop\/"},{"@type":"ListItem","position":3,"name":"B\u0101ra kr\u0113sls INDUSTRIAL 3, melns"}]},{"@type":"WebSite","@id":"https:\/\/metaltale.com\/lv\/#website","url":"https:\/\/metaltale.com\/lv\/","name":"Metaltale.com","description":"","potentialAction":[{"@type":"SearchAction","target":{"@type":"EntryPoint","urlTemplate":"https:\/\/metaltale.com\/lv\/?s={search_term_string}"},"query-input":{"@type":"PropertyValueSpecification","valueRequired":true,"valueName":"search_term_string"}}],"inLanguage":"lv-LV"}]}},"_links":{"self":[{"href":"https:\/\/metaltale.com\/lv\/wp-json\/wp\/v2\/product\/139684","targetHints":{"allow":["GET"]}}],"collection":[{"href":"https:\/\/metaltale.com\/lv\/wp-json\/wp\/v2\/product"}],"about":[{"href":"https:\/\/metaltale.com\/lv\/wp-json\/wp\/v2\/types\/product"}],"replies":[{"embeddable":true,"href":"https:\/\/metaltale.com\/lv\/wp-json\/wp\/v2\/comments?post=139684"}],"version-history":[{"count":0,"href":"https:\/\/metaltale.com\/lv\/wp-json\/wp\/v2\/product\/139684\/revisions"}],"wp:featuredmedia":[{"embeddable":true,"href":"https:\/\/metaltale.com\/lv\/wp-json\/wp\/v2\/media\/67483"}],"wp:attachment":[{"href":"https:\/\/metaltale.com\/lv\/wp-json\/wp\/v2\/media?parent=139684"}],"wp:term":[{"taxonomy":"product_brand","embeddable":true,"href":"https:\/\/metaltale.com\/lv\/wp-json\/wp\/v2\/product_brand?post=139684"},{"taxonomy":"product_cat","embeddable":true,"href":"https:\/\/metaltale.com\/lv\/wp-json\/wp\/v2\/product_cat?post=139684"},{"taxonomy":"product_tag","embeddable":true,"href":"https:\/\/metaltale.com\/lv\/wp-json\/wp\/v2\/product_tag?post=139684"}],"curies":[{"name":"wp","href":"https:\/\/api.w.org\/{rel}","templated":true}]}}