{"id":139666,"date":"2024-02-13T13:41:04","date_gmt":"2024-02-13T11:41:04","guid":{"rendered":"https:\/\/metaltale.com\/produktas\/cuguna-turetajs-universal\/"},"modified":"2024-02-13T13:41:04","modified_gmt":"2024-02-13T11:41:04","slug":"cuguna-turetajs-universal","status":"publish","type":"product","link":"https:\/\/metaltale.com\/lv\/produkts\/cuguna-turetajs-universal\/","title":{"rendered":"\u010cuguna tur\u0113t\u0101js UNIVERSAL"},"content":{"rendered":"<div class=\"prod_data\">\n<p><strong>Modelis<\/strong> 70.465A. AI.350<br \/>\n<strong>EAN.<\/strong>  5905369921537<br \/>\nMateri\u0101ls Ketus<br \/>\n<strong>Kop\u0113jais augstums (cm<\/strong> ) 18<br \/>\n<strong>Kop\u0113jais platums (cm<\/strong> ) 38<br \/>\nMont\u0101\u017eas skr\u016bves N\u0113<br \/>\nDaudzums komplekt\u0101 1 gab.<br \/>\n<strong>PAPILDU INFORM\u0100CIJA<\/strong> \u0136\u0113des un \u0101\u0137i ir izsl\u0113gti<\/p>\n<p>Neticami rado\u0161s produkts. Tas kalpos k\u0101 \u010duguna tur\u0113t\u0101js dr\u0113bju pakaramajiem, virtuves podiem vai k\u0101 dr\u0113bju \u017e\u0101v\u0113t\u0101js.<\/p>\n<p>Lielisks pusfabrik\u0101ts vintage veikaliem, restor\u0101niem vai b\u0101riem.<\/p>\n<p>Tur\u0113t\u0101js ir izgatavots no augstas kvalit\u0101tes \u010duguna.<\/p>\n<\/div>\n","protected":false},"excerpt":{"rendered":"<p>Modelis 70.465A. AI.350 EAN. 5905369921537 Materi\u0101ls Ketus Kop\u0113jais augstums (cm ) 18 Kop\u0113jais platums (cm ) 38 Mont\u0101\u017eas skr\u016bves N\u0113<\/p>\n","protected":false},"featured_media":100301,"comment_status":"open","ping_status":"closed","template":"","meta":{"_acf_changed":false,"pmpro_default_level":""},"product_brand":[],"product_cat":[24125,24055,24069],"product_tag":[],"class_list":{"0":"post-139666","1":"product","2":"type-product","3":"status-publish","4":"has-post-thumbnail","6":"product_cat-piekares-un-sliedes","7":"product_cat-rotajumi","8":"product_cat-virtuves-rotajumi","9":"pmpro-has-access","11":"first","12":"instock","13":"shipping-taxable","14":"purchasable","15":"product-type-simple"},"acf":[],"yoast_head":"<!-- This site is optimized with the Yoast SEO plugin v24.9 - https:\/\/yoast.com\/wordpress\/plugins\/seo\/ -->\n<title>\u010cuguna tur\u0113t\u0101js UNIVERSAL - MetalTale.com<\/title>\n<meta name=\"robots\" content=\"index, follow, max-snippet:-1, max-image-preview:large, max-video-preview:-1\" \/>\n<link rel=\"canonical\" href=\"https:\/\/metaltale.com\/lv\/produkts\/cuguna-turetajs-universal\/\" \/>\n<meta property=\"og:locale\" content=\"lv_LV\" \/>\n<meta property=\"og:type\" content=\"article\" \/>\n<meta property=\"og:title\" content=\"\u010cuguna tur\u0113t\u0101js UNIVERSAL - MetalTale.com\" \/>\n<meta property=\"og:description\" content=\"Modelis 70.465A. AI.350 EAN. 5905369921537 Materi\u0101ls Ketus Kop\u0113jais augstums (cm ) 18 Kop\u0113jais platums (cm ) 38 Mont\u0101\u017eas skr\u016bves N\u0113\" \/>\n<meta property=\"og:url\" content=\"https:\/\/metaltale.com\/lv\/produkts\/cuguna-turetajs-universal\/\" \/>\n<meta property=\"og:site_name\" content=\"MetalTale.com\" \/>\n<meta property=\"og:image\" content=\"https:\/\/metaltale.com\/wp-content\/uploads\/2023\/11\/Ketaus-laikiklis-UNIVERSALUS.jpg\" \/>\n\t<meta property=\"og:image:width\" content=\"800\" \/>\n\t<meta property=\"og:image:height\" content=\"800\" \/>\n\t<meta property=\"og:image:type\" content=\"image\/jpeg\" \/>\n<meta name=\"twitter:card\" content=\"summary_large_image\" \/>\n<script type=\"application\/ld+json\" class=\"yoast-schema-graph\">{\"@context\":\"https:\/\/schema.org\",\"@graph\":[{\"@type\":\"WebPage\",\"@id\":\"https:\/\/metaltale.com\/lv\/produkts\/cuguna-turetajs-universal\/\",\"url\":\"https:\/\/metaltale.com\/lv\/produkts\/cuguna-turetajs-universal\/\",\"name\":\"\u010cuguna tur\u0113t\u0101js UNIVERSAL - MetalTale.com\",\"isPartOf\":{\"@id\":\"https:\/\/metaltale.com\/lv\/#website\"},\"primaryImageOfPage\":{\"@id\":\"https:\/\/metaltale.com\/lv\/produkts\/cuguna-turetajs-universal\/#primaryimage\"},\"image\":{\"@id\":\"https:\/\/metaltale.com\/lv\/produkts\/cuguna-turetajs-universal\/#primaryimage\"},\"thumbnailUrl\":\"https:\/\/metaltale.com\/wp-content\/uploads\/2023\/11\/Ketaus-laikiklis-UNIVERSALUS.jpg\",\"datePublished\":\"2024-02-13T11:41:04+00:00\",\"breadcrumb\":{\"@id\":\"https:\/\/metaltale.com\/lv\/produkts\/cuguna-turetajs-universal\/#breadcrumb\"},\"inLanguage\":\"lv-LV\",\"potentialAction\":[{\"@type\":\"ReadAction\",\"target\":[\"https:\/\/metaltale.com\/lv\/produkts\/cuguna-turetajs-universal\/\"]}]},{\"@type\":\"ImageObject\",\"inLanguage\":\"lv-LV\",\"@id\":\"https:\/\/metaltale.com\/lv\/produkts\/cuguna-turetajs-universal\/#primaryimage\",\"url\":\"https:\/\/metaltale.com\/wp-content\/uploads\/2023\/11\/Ketaus-laikiklis-UNIVERSALUS.jpg\",\"contentUrl\":\"https:\/\/metaltale.com\/wp-content\/uploads\/2023\/11\/Ketaus-laikiklis-UNIVERSALUS.jpg\",\"width\":800,\"height\":800},{\"@type\":\"BreadcrumbList\",\"@id\":\"https:\/\/metaltale.com\/lv\/produkts\/cuguna-turetajs-universal\/#breadcrumb\",\"itemListElement\":[{\"@type\":\"ListItem\",\"position\":1,\"name\":\"Home\",\"item\":\"https:\/\/metaltale.com\/lv\/majas\/\"},{\"@type\":\"ListItem\",\"position\":2,\"name\":\"Veikals\",\"item\":\"https:\/\/metaltale.com\/lv\/shop\/\"},{\"@type\":\"ListItem\",\"position\":3,\"name\":\"\u010cuguna tur\u0113t\u0101js UNIVERSAL\"}]},{\"@type\":\"WebSite\",\"@id\":\"https:\/\/metaltale.com\/lv\/#website\",\"url\":\"https:\/\/metaltale.com\/lv\/\",\"name\":\"Metaltale.com\",\"description\":\"\",\"potentialAction\":[{\"@type\":\"SearchAction\",\"target\":{\"@type\":\"EntryPoint\",\"urlTemplate\":\"https:\/\/metaltale.com\/lv\/?s={search_term_string}\"},\"query-input\":{\"@type\":\"PropertyValueSpecification\",\"valueRequired\":true,\"valueName\":\"search_term_string\"}}],\"inLanguage\":\"lv-LV\"}]}<\/script>\n<!-- \/ Yoast SEO plugin. -->","yoast_head_json":{"title":"\u010cuguna tur\u0113t\u0101js UNIVERSAL - MetalTale.com","robots":{"index":"index","follow":"follow","max-snippet":"max-snippet:-1","max-image-preview":"max-image-preview:large","max-video-preview":"max-video-preview:-1"},"canonical":"https:\/\/metaltale.com\/lv\/produkts\/cuguna-turetajs-universal\/","og_locale":"lv_LV","og_type":"article","og_title":"\u010cuguna tur\u0113t\u0101js UNIVERSAL - MetalTale.com","og_description":"Modelis 70.465A. AI.350 EAN. 5905369921537 Materi\u0101ls Ketus Kop\u0113jais augstums (cm ) 18 Kop\u0113jais platums (cm ) 38 Mont\u0101\u017eas skr\u016bves N\u0113","og_url":"https:\/\/metaltale.com\/lv\/produkts\/cuguna-turetajs-universal\/","og_site_name":"MetalTale.com","og_image":[{"width":800,"height":800,"url":"https:\/\/metaltale.com\/wp-content\/uploads\/2023\/11\/Ketaus-laikiklis-UNIVERSALUS.jpg","type":"image\/jpeg"}],"twitter_card":"summary_large_image","schema":{"@context":"https:\/\/schema.org","@graph":[{"@type":"WebPage","@id":"https:\/\/metaltale.com\/lv\/produkts\/cuguna-turetajs-universal\/","url":"https:\/\/metaltale.com\/lv\/produkts\/cuguna-turetajs-universal\/","name":"\u010cuguna tur\u0113t\u0101js UNIVERSAL - MetalTale.com","isPartOf":{"@id":"https:\/\/metaltale.com\/lv\/#website"},"primaryImageOfPage":{"@id":"https:\/\/metaltale.com\/lv\/produkts\/cuguna-turetajs-universal\/#primaryimage"},"image":{"@id":"https:\/\/metaltale.com\/lv\/produkts\/cuguna-turetajs-universal\/#primaryimage"},"thumbnailUrl":"https:\/\/metaltale.com\/wp-content\/uploads\/2023\/11\/Ketaus-laikiklis-UNIVERSALUS.jpg","datePublished":"2024-02-13T11:41:04+00:00","breadcrumb":{"@id":"https:\/\/metaltale.com\/lv\/produkts\/cuguna-turetajs-universal\/#breadcrumb"},"inLanguage":"lv-LV","potentialAction":[{"@type":"ReadAction","target":["https:\/\/metaltale.com\/lv\/produkts\/cuguna-turetajs-universal\/"]}]},{"@type":"ImageObject","inLanguage":"lv-LV","@id":"https:\/\/metaltale.com\/lv\/produkts\/cuguna-turetajs-universal\/#primaryimage","url":"https:\/\/metaltale.com\/wp-content\/uploads\/2023\/11\/Ketaus-laikiklis-UNIVERSALUS.jpg","contentUrl":"https:\/\/metaltale.com\/wp-content\/uploads\/2023\/11\/Ketaus-laikiklis-UNIVERSALUS.jpg","width":800,"height":800},{"@type":"BreadcrumbList","@id":"https:\/\/metaltale.com\/lv\/produkts\/cuguna-turetajs-universal\/#breadcrumb","itemListElement":[{"@type":"ListItem","position":1,"name":"Home","item":"https:\/\/metaltale.com\/lv\/majas\/"},{"@type":"ListItem","position":2,"name":"Veikals","item":"https:\/\/metaltale.com\/lv\/shop\/"},{"@type":"ListItem","position":3,"name":"\u010cuguna tur\u0113t\u0101js UNIVERSAL"}]},{"@type":"WebSite","@id":"https:\/\/metaltale.com\/lv\/#website","url":"https:\/\/metaltale.com\/lv\/","name":"Metaltale.com","description":"","potentialAction":[{"@type":"SearchAction","target":{"@type":"EntryPoint","urlTemplate":"https:\/\/metaltale.com\/lv\/?s={search_term_string}"},"query-input":{"@type":"PropertyValueSpecification","valueRequired":true,"valueName":"search_term_string"}}],"inLanguage":"lv-LV"}]}},"_links":{"self":[{"href":"https:\/\/metaltale.com\/lv\/wp-json\/wp\/v2\/product\/139666","targetHints":{"allow":["GET"]}}],"collection":[{"href":"https:\/\/metaltale.com\/lv\/wp-json\/wp\/v2\/product"}],"about":[{"href":"https:\/\/metaltale.com\/lv\/wp-json\/wp\/v2\/types\/product"}],"replies":[{"embeddable":true,"href":"https:\/\/metaltale.com\/lv\/wp-json\/wp\/v2\/comments?post=139666"}],"version-history":[{"count":0,"href":"https:\/\/metaltale.com\/lv\/wp-json\/wp\/v2\/product\/139666\/revisions"}],"wp:featuredmedia":[{"embeddable":true,"href":"https:\/\/metaltale.com\/lv\/wp-json\/wp\/v2\/media\/100301"}],"wp:attachment":[{"href":"https:\/\/metaltale.com\/lv\/wp-json\/wp\/v2\/media?parent=139666"}],"wp:term":[{"taxonomy":"product_brand","embeddable":true,"href":"https:\/\/metaltale.com\/lv\/wp-json\/wp\/v2\/product_brand?post=139666"},{"taxonomy":"product_cat","embeddable":true,"href":"https:\/\/metaltale.com\/lv\/wp-json\/wp\/v2\/product_cat?post=139666"},{"taxonomy":"product_tag","embeddable":true,"href":"https:\/\/metaltale.com\/lv\/wp-json\/wp\/v2\/product_tag?post=139666"}],"curies":[{"name":"wp","href":"https:\/\/api.w.org\/{rel}","templated":true}]}}