{"id":139661,"date":"2024-02-13T13:41:04","date_gmt":"2024-02-13T11:41:04","guid":{"rendered":"https:\/\/metaltale.com\/produktas\/plaukts-ladder-ar-dziliem-plauktiem-3\/"},"modified":"2024-02-13T13:41:04","modified_gmt":"2024-02-13T11:41:04","slug":"plaukts-ladder-ar-dziliem-plauktiem-3","status":"publish","type":"product","link":"https:\/\/metaltale.com\/lv\/produkts\/plaukts-ladder-ar-dziliem-plauktiem-3\/","title":{"rendered":"Plaukts LADDER ar dzi\u013ciem plauktiem 3"},"content":{"rendered":"<div class=\"prod_data\">\n<p>ZA <strong>modelis<\/strong>. REG10DR<br \/>\n<strong>EAN.<\/strong>  5905369914751<br \/>\n<strong>Materi\u0101ls<\/strong> Koks<br \/>\n<strong>Kop\u0113jais augstums (cm<\/strong> ) 14<br \/>\n<strong>Kop\u0113jais platums (cm<\/strong> ) 90<br \/>\n<strong>Dzi\u013cums (cm<\/strong> ) 60<\/p>\n<p>Koka gr\u0101matu plaukts ar k\u0101p\u0146u izskatu.<br \/>\nTam ir 3 no\u0146emami plaukti ar diezgan liel\u0101m mal\u0101m.<br \/>\nPlaukti ir no\u0146emami, un tos var izmantot k\u0101 papl\u0101tes, atkritumu urnas.<br \/>\nTrepes un plaukti tiek izgatavoti, izmantojot koka struktur\u0113\u0161anas un noveco\u0161anas procesu.<\/p>\n<p>\u0160is gr\u0101matu plaukts ir ide\u0101li piem\u0113rots pieliekamajam, b\u0113rnu istabai, m\u0101jas d\u0101rzam vai ziedu veikalam.<\/p>\n<p>Iek\u0161\u0113jo plauktu izm\u0113ri: 50x35cm; 50x60cm; 50x84cm.<\/p>\n<\/div>\n","protected":false},"excerpt":{"rendered":"<p>ZA modelis. REG10DR EAN. 5905369914751 Materi\u0101ls Koks Kop\u0113jais augstums (cm ) 14 Kop\u0113jais platums (cm ) 90 Dzi\u013cums (cm )<\/p>\n","protected":false},"featured_media":119709,"comment_status":"open","ping_status":"closed","template":"","meta":{"_acf_changed":false,"pmpro_default_level":""},"product_brand":[],"product_cat":[24092,24055,24057,23901],"product_tag":[],"class_list":{"0":"post-139661","1":"product","2":"type-product","3":"status-publish","4":"has-post-thumbnail","6":"product_cat-plaukti","7":"product_cat-rotajumi","8":"product_cat-rupnieciskas-mebeles","9":"product_cat-dekoratyvines-kopecios-lv","10":"pmpro-has-access","12":"first","13":"instock","14":"shipping-taxable","15":"purchasable","16":"product-type-simple"},"acf":[],"yoast_head":"<!-- This site is optimized with the Yoast SEO plugin v24.9 - https:\/\/yoast.com\/wordpress\/plugins\/seo\/ -->\n<title>Plaukts LADDER ar dzi\u013ciem plauktiem 3 - MetalTale.com<\/title>\n<meta name=\"robots\" content=\"index, follow, max-snippet:-1, max-image-preview:large, max-video-preview:-1\" \/>\n<link rel=\"canonical\" href=\"https:\/\/metaltale.com\/lv\/produkts\/plaukts-ladder-ar-dziliem-plauktiem-3\/\" \/>\n<meta property=\"og:locale\" content=\"lv_LV\" \/>\n<meta property=\"og:type\" content=\"article\" \/>\n<meta property=\"og:title\" content=\"Plaukts LADDER ar dzi\u013ciem plauktiem 3 - MetalTale.com\" \/>\n<meta property=\"og:description\" content=\"ZA modelis. REG10DR EAN. 5905369914751 Materi\u0101ls Koks Kop\u0113jais augstums (cm ) 14 Kop\u0113jais platums (cm ) 90 Dzi\u013cums (cm )\" \/>\n<meta property=\"og:url\" content=\"https:\/\/metaltale.com\/lv\/produkts\/plaukts-ladder-ar-dziliem-plauktiem-3\/\" \/>\n<meta property=\"og:site_name\" content=\"MetalTale.com\" \/>\n<meta name=\"twitter:card\" content=\"summary_large_image\" \/>\n<script type=\"application\/ld+json\" class=\"yoast-schema-graph\">{\"@context\":\"https:\/\/schema.org\",\"@graph\":[{\"@type\":\"WebPage\",\"@id\":\"https:\/\/metaltale.com\/lv\/produkts\/plaukts-ladder-ar-dziliem-plauktiem-3\/\",\"url\":\"https:\/\/metaltale.com\/lv\/produkts\/plaukts-ladder-ar-dziliem-plauktiem-3\/\",\"name\":\"Plaukts LADDER ar dzi\u013ciem plauktiem 3 - MetalTale.com\",\"isPartOf\":{\"@id\":\"https:\/\/metaltale.com\/lv\/#website\"},\"primaryImageOfPage\":{\"@id\":\"https:\/\/metaltale.com\/lv\/produkts\/plaukts-ladder-ar-dziliem-plauktiem-3\/#primaryimage\"},\"image\":{\"@id\":\"https:\/\/metaltale.com\/lv\/produkts\/plaukts-ladder-ar-dziliem-plauktiem-3\/#primaryimage\"},\"thumbnailUrl\":\"https:\/\/metaltale.com\/wp-content\/uploads\/2023\/12\/lentyna.jpg\",\"datePublished\":\"2024-02-13T11:41:04+00:00\",\"breadcrumb\":{\"@id\":\"https:\/\/metaltale.com\/lv\/produkts\/plaukts-ladder-ar-dziliem-plauktiem-3\/#breadcrumb\"},\"inLanguage\":\"lv-LV\",\"potentialAction\":[{\"@type\":\"ReadAction\",\"target\":[\"https:\/\/metaltale.com\/lv\/produkts\/plaukts-ladder-ar-dziliem-plauktiem-3\/\"]}]},{\"@type\":\"ImageObject\",\"inLanguage\":\"lv-LV\",\"@id\":\"https:\/\/metaltale.com\/lv\/produkts\/plaukts-ladder-ar-dziliem-plauktiem-3\/#primaryimage\",\"url\":\"https:\/\/metaltale.com\/wp-content\/uploads\/2023\/12\/lentyna.jpg\",\"contentUrl\":\"https:\/\/metaltale.com\/wp-content\/uploads\/2023\/12\/lentyna.jpg\",\"width\":800,\"height\":800,\"caption\":\"Plaukts\"},{\"@type\":\"BreadcrumbList\",\"@id\":\"https:\/\/metaltale.com\/lv\/produkts\/plaukts-ladder-ar-dziliem-plauktiem-3\/#breadcrumb\",\"itemListElement\":[{\"@type\":\"ListItem\",\"position\":1,\"name\":\"Home\",\"item\":\"https:\/\/metaltale.com\/lv\/majas\/\"},{\"@type\":\"ListItem\",\"position\":2,\"name\":\"Veikals\",\"item\":\"https:\/\/metaltale.com\/lv\/shop\/\"},{\"@type\":\"ListItem\",\"position\":3,\"name\":\"Plaukts LADDER ar dzi\u013ciem plauktiem 3\"}]},{\"@type\":\"WebSite\",\"@id\":\"https:\/\/metaltale.com\/lv\/#website\",\"url\":\"https:\/\/metaltale.com\/lv\/\",\"name\":\"Metaltale.com\",\"description\":\"\",\"potentialAction\":[{\"@type\":\"SearchAction\",\"target\":{\"@type\":\"EntryPoint\",\"urlTemplate\":\"https:\/\/metaltale.com\/lv\/?s={search_term_string}\"},\"query-input\":{\"@type\":\"PropertyValueSpecification\",\"valueRequired\":true,\"valueName\":\"search_term_string\"}}],\"inLanguage\":\"lv-LV\"}]}<\/script>\n<!-- \/ Yoast SEO plugin. -->","yoast_head_json":{"title":"Plaukts LADDER ar dzi\u013ciem plauktiem 3 - MetalTale.com","robots":{"index":"index","follow":"follow","max-snippet":"max-snippet:-1","max-image-preview":"max-image-preview:large","max-video-preview":"max-video-preview:-1"},"canonical":"https:\/\/metaltale.com\/lv\/produkts\/plaukts-ladder-ar-dziliem-plauktiem-3\/","og_locale":"lv_LV","og_type":"article","og_title":"Plaukts LADDER ar dzi\u013ciem plauktiem 3 - MetalTale.com","og_description":"ZA modelis. REG10DR EAN. 5905369914751 Materi\u0101ls Koks Kop\u0113jais augstums (cm ) 14 Kop\u0113jais platums (cm ) 90 Dzi\u013cums (cm )","og_url":"https:\/\/metaltale.com\/lv\/produkts\/plaukts-ladder-ar-dziliem-plauktiem-3\/","og_site_name":"MetalTale.com","twitter_card":"summary_large_image","schema":{"@context":"https:\/\/schema.org","@graph":[{"@type":"WebPage","@id":"https:\/\/metaltale.com\/lv\/produkts\/plaukts-ladder-ar-dziliem-plauktiem-3\/","url":"https:\/\/metaltale.com\/lv\/produkts\/plaukts-ladder-ar-dziliem-plauktiem-3\/","name":"Plaukts LADDER ar dzi\u013ciem plauktiem 3 - MetalTale.com","isPartOf":{"@id":"https:\/\/metaltale.com\/lv\/#website"},"primaryImageOfPage":{"@id":"https:\/\/metaltale.com\/lv\/produkts\/plaukts-ladder-ar-dziliem-plauktiem-3\/#primaryimage"},"image":{"@id":"https:\/\/metaltale.com\/lv\/produkts\/plaukts-ladder-ar-dziliem-plauktiem-3\/#primaryimage"},"thumbnailUrl":"https:\/\/metaltale.com\/wp-content\/uploads\/2023\/12\/lentyna.jpg","datePublished":"2024-02-13T11:41:04+00:00","breadcrumb":{"@id":"https:\/\/metaltale.com\/lv\/produkts\/plaukts-ladder-ar-dziliem-plauktiem-3\/#breadcrumb"},"inLanguage":"lv-LV","potentialAction":[{"@type":"ReadAction","target":["https:\/\/metaltale.com\/lv\/produkts\/plaukts-ladder-ar-dziliem-plauktiem-3\/"]}]},{"@type":"ImageObject","inLanguage":"lv-LV","@id":"https:\/\/metaltale.com\/lv\/produkts\/plaukts-ladder-ar-dziliem-plauktiem-3\/#primaryimage","url":"https:\/\/metaltale.com\/wp-content\/uploads\/2023\/12\/lentyna.jpg","contentUrl":"https:\/\/metaltale.com\/wp-content\/uploads\/2023\/12\/lentyna.jpg","width":800,"height":800,"caption":"Plaukts"},{"@type":"BreadcrumbList","@id":"https:\/\/metaltale.com\/lv\/produkts\/plaukts-ladder-ar-dziliem-plauktiem-3\/#breadcrumb","itemListElement":[{"@type":"ListItem","position":1,"name":"Home","item":"https:\/\/metaltale.com\/lv\/majas\/"},{"@type":"ListItem","position":2,"name":"Veikals","item":"https:\/\/metaltale.com\/lv\/shop\/"},{"@type":"ListItem","position":3,"name":"Plaukts LADDER ar dzi\u013ciem plauktiem 3"}]},{"@type":"WebSite","@id":"https:\/\/metaltale.com\/lv\/#website","url":"https:\/\/metaltale.com\/lv\/","name":"Metaltale.com","description":"","potentialAction":[{"@type":"SearchAction","target":{"@type":"EntryPoint","urlTemplate":"https:\/\/metaltale.com\/lv\/?s={search_term_string}"},"query-input":{"@type":"PropertyValueSpecification","valueRequired":true,"valueName":"search_term_string"}}],"inLanguage":"lv-LV"}]}},"_links":{"self":[{"href":"https:\/\/metaltale.com\/lv\/wp-json\/wp\/v2\/product\/139661","targetHints":{"allow":["GET"]}}],"collection":[{"href":"https:\/\/metaltale.com\/lv\/wp-json\/wp\/v2\/product"}],"about":[{"href":"https:\/\/metaltale.com\/lv\/wp-json\/wp\/v2\/types\/product"}],"replies":[{"embeddable":true,"href":"https:\/\/metaltale.com\/lv\/wp-json\/wp\/v2\/comments?post=139661"}],"version-history":[{"count":0,"href":"https:\/\/metaltale.com\/lv\/wp-json\/wp\/v2\/product\/139661\/revisions"}],"wp:featuredmedia":[{"embeddable":true,"href":"https:\/\/metaltale.com\/lv\/wp-json\/wp\/v2\/media\/119709"}],"wp:attachment":[{"href":"https:\/\/metaltale.com\/lv\/wp-json\/wp\/v2\/media?parent=139661"}],"wp:term":[{"taxonomy":"product_brand","embeddable":true,"href":"https:\/\/metaltale.com\/lv\/wp-json\/wp\/v2\/product_brand?post=139661"},{"taxonomy":"product_cat","embeddable":true,"href":"https:\/\/metaltale.com\/lv\/wp-json\/wp\/v2\/product_cat?post=139661"},{"taxonomy":"product_tag","embeddable":true,"href":"https:\/\/metaltale.com\/lv\/wp-json\/wp\/v2\/product_tag?post=139661"}],"curies":[{"name":"wp","href":"https:\/\/api.w.org\/{rel}","templated":true}]}}