{"id":139474,"date":"2024-02-13T13:49:44","date_gmt":"2024-02-13T11:49:44","guid":{"rendered":"https:\/\/metaltale.com\/produktas\/dusas-maisitajs-melns-derby\/"},"modified":"2024-02-13T13:49:44","modified_gmt":"2024-02-13T11:49:44","slug":"dusas-maisitajs-melns-derby","status":"publish","type":"product","link":"https:\/\/metaltale.com\/lv\/produkts\/dusas-maisitajs-melns-derby\/","title":{"rendered":"Du\u0161as mais\u012bt\u0101js melns DERBY"},"content":{"rendered":"<div class=\"prod_data\">WX <strong>modelis<\/strong>. XT308. BLA  <br \/>Vienk\u0101r\u0161i retro kolekcija <br \/><strong>EAN.<\/strong>  5905369900266  <br \/>Iztekas garums (cm ) 9 <br \/>Materi\u0101ls Misi\u0146\u0161 <br \/>Kop\u0113jais augstums (cm ) 135 <br \/>Du\u0161as galvas diametrs (cm ) 8 <br \/><strong>Du\u0161as galvas garums (cm<\/strong> ) 21,5  <br \/><strong>Du\u0161as galvas diametrs (cm<\/strong> ) 20  <br \/>\u0160\u013c\u016btenes garums (cm ) 150 <br \/>Perlators (aerators ) J\u0101 <br \/>Rot\u0113jo\u0161s izsmidzin\u0101t\u0101js N\u0113 <br \/>Anti-Calc (pret ka\u013c\u0137akmens ) J\u0101 <br \/><strong>Kr\u0101sa<\/strong> Melna  <br \/>Apdare M\u012bksta, sat\u012bna efekts <br \/><strong>Regul\u0113jams<\/strong> du\u0161as galvas le\u0146\u0137is un augstums (l\u012bdz -25 cm)  <br \/><strong>PAPILDU INFORM\u0100CIJA<\/strong> Anti-calc sist\u0113ma tiek izmantota tikai du\u0161as galvai  <\/p>\n<p>&#8211; Misi\u0146a virsmas du\u0161as mais\u012bt\u0101js<br \/>&#8211; Du\u0161as komplekts: vannas izsmidzin\u0101t\u0101js, telefons, lietus du\u0161a<br \/>&#8211; keramikas galva &#8211; elements, kas nodro\u0161ina pareizu \u016bdens sadali.<br \/>&#8211; Anti-Calc &#8211; sist\u0113ma pret nos\u0113dumiem<br \/>&#8211; viegli t\u012br\u0101ms &#8211; silts \u016bdens un PH neitr\u0101las ziepes.<br \/>&#8211; skatiet citus mode\u013cus kolekcij\u0101 Simply Retro<\/p>\n<hr>\n<p>Retro du\u0161as komplekts ar keramikas dekorat\u012bvajiem elementiem ir izstr\u0101d\u0101jums, kas papildin\u0101s j\u016bsu vannas istabas interjeru retro un b\u0113ni\u0146u stil\u0101. Pied\u0101v\u0101taj\u0101 du\u0161as mais\u012bt\u0101j\u0101 apvienoti m\u016bsdien\u012bgi risin\u0101jumi, kas nodro\u0161ina augstu kvalit\u0101ti un lieto\u0161anas komfortu, un senatn\u012bgs dizains. Klasiskais melnais, kas bag\u0101tin\u0101ts ar balto keramiku, ir klasika, kas kop\u0101 ar citiem vannas istabas piederumiem rad\u012bs p\u0101rlaic\u012bgu interjeru. Gan lietus du\u0161ai, gan du\u0161as rokturim ir vecmod\u012bga forma, ta\u010du Anti-Calc sist\u0113mas izmanto\u0161ana ir praktisks m\u016bsdien\u012bgs risin\u0101jums.<\/p>\n<hr>\n<\/div>\n","protected":false},"excerpt":{"rendered":"<p>WX modelis. XT308. BLA Vienk\u0101r\u0161i retro kolekcija EAN. 5905369900266 Iztekas garums (cm ) 9 Materi\u0101ls Misi\u0146\u0161 Kop\u0113jais augstums (cm )<\/p>\n","protected":false},"featured_media":81082,"comment_status":"open","ping_status":"closed","template":"","meta":{"_acf_changed":false,"pmpro_default_level":""},"product_brand":[],"product_cat":[24073],"product_tag":[],"class_list":{"0":"post-139474","1":"product","2":"type-product","3":"status-publish","4":"has-post-thumbnail","6":"product_cat-vannas-istabas-krani","7":"pmpro-has-access","9":"first","10":"instock","11":"shipping-taxable","12":"purchasable","13":"product-type-simple"},"acf":[],"yoast_head":"<!-- This site is optimized with the Yoast SEO plugin v24.9 - https:\/\/yoast.com\/wordpress\/plugins\/seo\/ -->\n<title>Du\u0161as mais\u012bt\u0101js melns DERBY - MetalTale.com<\/title>\n<meta name=\"robots\" content=\"index, follow, max-snippet:-1, max-image-preview:large, max-video-preview:-1\" \/>\n<link rel=\"canonical\" href=\"https:\/\/metaltale.com\/lv\/produkts\/dusas-maisitajs-melns-derby\/\" \/>\n<meta property=\"og:locale\" content=\"lv_LV\" \/>\n<meta property=\"og:type\" content=\"article\" \/>\n<meta property=\"og:title\" content=\"Du\u0161as mais\u012bt\u0101js melns DERBY - MetalTale.com\" \/>\n<meta property=\"og:description\" content=\"WX modelis. XT308. BLA Vienk\u0101r\u0161i retro kolekcija EAN. 5905369900266 Iztekas garums (cm ) 9 Materi\u0101ls Misi\u0146\u0161 Kop\u0113jais augstums (cm )\" \/>\n<meta property=\"og:url\" content=\"https:\/\/metaltale.com\/lv\/produkts\/dusas-maisitajs-melns-derby\/\" \/>\n<meta property=\"og:site_name\" content=\"MetalTale.com\" \/>\n<meta name=\"twitter:card\" content=\"summary_large_image\" \/>\n<meta name=\"twitter:label1\" content=\"Est. reading time\" \/>\n\t<meta name=\"twitter:data1\" content=\"1 minute\" \/>\n<script type=\"application\/ld+json\" class=\"yoast-schema-graph\">{\"@context\":\"https:\/\/schema.org\",\"@graph\":[{\"@type\":\"WebPage\",\"@id\":\"https:\/\/metaltale.com\/lv\/produkts\/dusas-maisitajs-melns-derby\/\",\"url\":\"https:\/\/metaltale.com\/lv\/produkts\/dusas-maisitajs-melns-derby\/\",\"name\":\"Du\u0161as mais\u012bt\u0101js melns DERBY - MetalTale.com\",\"isPartOf\":{\"@id\":\"https:\/\/metaltale.com\/lv\/#website\"},\"primaryImageOfPage\":{\"@id\":\"https:\/\/metaltale.com\/lv\/produkts\/dusas-maisitajs-melns-derby\/#primaryimage\"},\"image\":{\"@id\":\"https:\/\/metaltale.com\/lv\/produkts\/dusas-maisitajs-melns-derby\/#primaryimage\"},\"thumbnailUrl\":\"https:\/\/metaltale.com\/wp-content\/uploads\/2023\/10\/Dux161o-maix161ytuvas-DERBY.jpg\",\"datePublished\":\"2024-02-13T11:49:44+00:00\",\"breadcrumb\":{\"@id\":\"https:\/\/metaltale.com\/lv\/produkts\/dusas-maisitajs-melns-derby\/#breadcrumb\"},\"inLanguage\":\"lv-LV\",\"potentialAction\":[{\"@type\":\"ReadAction\",\"target\":[\"https:\/\/metaltale.com\/lv\/produkts\/dusas-maisitajs-melns-derby\/\"]}]},{\"@type\":\"ImageObject\",\"inLanguage\":\"lv-LV\",\"@id\":\"https:\/\/metaltale.com\/lv\/produkts\/dusas-maisitajs-melns-derby\/#primaryimage\",\"url\":\"https:\/\/metaltale.com\/wp-content\/uploads\/2023\/10\/Dux161o-maix161ytuvas-DERBY.jpg\",\"contentUrl\":\"https:\/\/metaltale.com\/wp-content\/uploads\/2023\/10\/Dux161o-maix161ytuvas-DERBY.jpg\",\"width\":800,\"height\":800},{\"@type\":\"BreadcrumbList\",\"@id\":\"https:\/\/metaltale.com\/lv\/produkts\/dusas-maisitajs-melns-derby\/#breadcrumb\",\"itemListElement\":[{\"@type\":\"ListItem\",\"position\":1,\"name\":\"Home\",\"item\":\"https:\/\/metaltale.com\/lv\/majas\/\"},{\"@type\":\"ListItem\",\"position\":2,\"name\":\"Veikals\",\"item\":\"https:\/\/metaltale.com\/lv\/shop\/\"},{\"@type\":\"ListItem\",\"position\":3,\"name\":\"Du\u0161as mais\u012bt\u0101js melns DERBY\"}]},{\"@type\":\"WebSite\",\"@id\":\"https:\/\/metaltale.com\/lv\/#website\",\"url\":\"https:\/\/metaltale.com\/lv\/\",\"name\":\"Metaltale.com\",\"description\":\"\",\"potentialAction\":[{\"@type\":\"SearchAction\",\"target\":{\"@type\":\"EntryPoint\",\"urlTemplate\":\"https:\/\/metaltale.com\/lv\/?s={search_term_string}\"},\"query-input\":{\"@type\":\"PropertyValueSpecification\",\"valueRequired\":true,\"valueName\":\"search_term_string\"}}],\"inLanguage\":\"lv-LV\"}]}<\/script>\n<!-- \/ Yoast SEO plugin. -->","yoast_head_json":{"title":"Du\u0161as mais\u012bt\u0101js melns DERBY - MetalTale.com","robots":{"index":"index","follow":"follow","max-snippet":"max-snippet:-1","max-image-preview":"max-image-preview:large","max-video-preview":"max-video-preview:-1"},"canonical":"https:\/\/metaltale.com\/lv\/produkts\/dusas-maisitajs-melns-derby\/","og_locale":"lv_LV","og_type":"article","og_title":"Du\u0161as mais\u012bt\u0101js melns DERBY - MetalTale.com","og_description":"WX modelis. XT308. BLA Vienk\u0101r\u0161i retro kolekcija EAN. 5905369900266 Iztekas garums (cm ) 9 Materi\u0101ls Misi\u0146\u0161 Kop\u0113jais augstums (cm )","og_url":"https:\/\/metaltale.com\/lv\/produkts\/dusas-maisitajs-melns-derby\/","og_site_name":"MetalTale.com","twitter_card":"summary_large_image","twitter_misc":{"Est. reading time":"1 minute"},"schema":{"@context":"https:\/\/schema.org","@graph":[{"@type":"WebPage","@id":"https:\/\/metaltale.com\/lv\/produkts\/dusas-maisitajs-melns-derby\/","url":"https:\/\/metaltale.com\/lv\/produkts\/dusas-maisitajs-melns-derby\/","name":"Du\u0161as mais\u012bt\u0101js melns DERBY - MetalTale.com","isPartOf":{"@id":"https:\/\/metaltale.com\/lv\/#website"},"primaryImageOfPage":{"@id":"https:\/\/metaltale.com\/lv\/produkts\/dusas-maisitajs-melns-derby\/#primaryimage"},"image":{"@id":"https:\/\/metaltale.com\/lv\/produkts\/dusas-maisitajs-melns-derby\/#primaryimage"},"thumbnailUrl":"https:\/\/metaltale.com\/wp-content\/uploads\/2023\/10\/Dux161o-maix161ytuvas-DERBY.jpg","datePublished":"2024-02-13T11:49:44+00:00","breadcrumb":{"@id":"https:\/\/metaltale.com\/lv\/produkts\/dusas-maisitajs-melns-derby\/#breadcrumb"},"inLanguage":"lv-LV","potentialAction":[{"@type":"ReadAction","target":["https:\/\/metaltale.com\/lv\/produkts\/dusas-maisitajs-melns-derby\/"]}]},{"@type":"ImageObject","inLanguage":"lv-LV","@id":"https:\/\/metaltale.com\/lv\/produkts\/dusas-maisitajs-melns-derby\/#primaryimage","url":"https:\/\/metaltale.com\/wp-content\/uploads\/2023\/10\/Dux161o-maix161ytuvas-DERBY.jpg","contentUrl":"https:\/\/metaltale.com\/wp-content\/uploads\/2023\/10\/Dux161o-maix161ytuvas-DERBY.jpg","width":800,"height":800},{"@type":"BreadcrumbList","@id":"https:\/\/metaltale.com\/lv\/produkts\/dusas-maisitajs-melns-derby\/#breadcrumb","itemListElement":[{"@type":"ListItem","position":1,"name":"Home","item":"https:\/\/metaltale.com\/lv\/majas\/"},{"@type":"ListItem","position":2,"name":"Veikals","item":"https:\/\/metaltale.com\/lv\/shop\/"},{"@type":"ListItem","position":3,"name":"Du\u0161as mais\u012bt\u0101js melns DERBY"}]},{"@type":"WebSite","@id":"https:\/\/metaltale.com\/lv\/#website","url":"https:\/\/metaltale.com\/lv\/","name":"Metaltale.com","description":"","potentialAction":[{"@type":"SearchAction","target":{"@type":"EntryPoint","urlTemplate":"https:\/\/metaltale.com\/lv\/?s={search_term_string}"},"query-input":{"@type":"PropertyValueSpecification","valueRequired":true,"valueName":"search_term_string"}}],"inLanguage":"lv-LV"}]}},"_links":{"self":[{"href":"https:\/\/metaltale.com\/lv\/wp-json\/wp\/v2\/product\/139474","targetHints":{"allow":["GET"]}}],"collection":[{"href":"https:\/\/metaltale.com\/lv\/wp-json\/wp\/v2\/product"}],"about":[{"href":"https:\/\/metaltale.com\/lv\/wp-json\/wp\/v2\/types\/product"}],"replies":[{"embeddable":true,"href":"https:\/\/metaltale.com\/lv\/wp-json\/wp\/v2\/comments?post=139474"}],"version-history":[{"count":0,"href":"https:\/\/metaltale.com\/lv\/wp-json\/wp\/v2\/product\/139474\/revisions"}],"wp:featuredmedia":[{"embeddable":true,"href":"https:\/\/metaltale.com\/lv\/wp-json\/wp\/v2\/media\/81082"}],"wp:attachment":[{"href":"https:\/\/metaltale.com\/lv\/wp-json\/wp\/v2\/media?parent=139474"}],"wp:term":[{"taxonomy":"product_brand","embeddable":true,"href":"https:\/\/metaltale.com\/lv\/wp-json\/wp\/v2\/product_brand?post=139474"},{"taxonomy":"product_cat","embeddable":true,"href":"https:\/\/metaltale.com\/lv\/wp-json\/wp\/v2\/product_cat?post=139474"},{"taxonomy":"product_tag","embeddable":true,"href":"https:\/\/metaltale.com\/lv\/wp-json\/wp\/v2\/product_tag?post=139474"}],"curies":[{"name":"wp","href":"https:\/\/api.w.org\/{rel}","templated":true}]}}