{"id":139467,"date":"2024-02-13T13:47:43","date_gmt":"2024-02-13T11:47:43","guid":{"rendered":"https:\/\/metaltale.com\/produktas\/padlock-mebelu-rokturis-100-mm\/"},"modified":"2024-02-13T13:47:43","modified_gmt":"2024-02-13T11:47:43","slug":"padlock-mebelu-rokturis-100-mm","status":"publish","type":"product","link":"https:\/\/metaltale.com\/lv\/produkts\/padlock-mebelu-rokturis-100-mm\/","title":{"rendered":"PADLOCK m\u0113be\u013cu rokturis 100 mm"},"content":{"rendered":"<div class=\"prod_data\">\n<p>49.087B <strong>modelis<\/strong>. AI.100<br \/>\n<strong>EAN.<\/strong>  5905369920646<br \/>\n<strong>Materi\u0101ls<\/strong> T\u0113rauds<br \/>\n<strong>Kop\u0113jais augstums (cm<\/strong> ) 10<br \/>\n<strong>Kop\u0113jais platums (cm<\/strong> ) 10<br \/>\n<strong>Pamatnes izm\u0113ri (cm)<\/strong> 10 x 8<br \/>\n<strong>Att\u0101lums starp<\/strong> caurumiem (<strong>cm<\/strong> ) 4,8 \/ 7,5<br \/>\nMont\u0101\u017eas skr\u016bves J\u0101<br \/>\nT\u0113rauda <strong>kr\u0101sa<\/strong> <\/p>\n<p>&#8211; rokturis, kas izgatavots no augst\u0101k\u0101s kvalit\u0101tes t\u0113rauda, ir iztur\u012bbas garantija.<br \/>\n&#8211; viegli tekstur\u0113t\u0101 virsma v\u0113l vair\u0101k izce\u013c retro stilu.<br \/>\n&#8211; pie kron\u0161teina piestiprin\u0101tas skr\u016bves \u0101trai un \u0113rtai mont\u0101\u017eai.<\/p>\n<hr>\n<p>Lauku interjeram ir nepiecie\u0161ama pareiza iek\u0101rtojuma un m\u0113be\u013cu piederumu izv\u0113le, lai pan\u0101ktu piln\u012bgu harmoniju. Ir svar\u012bgi apvienot praktisk\u0101s funkcijas ar izv\u0113l\u0113to retro aksesu\u0101ru unik\u0101lo izskatu.<\/p>\n<p>Pieg\u0101d\u0101tais m\u0113be\u013cu rokturis ir izgatavots no augstas kvalit\u0101tes t\u0113rauda, kas \u013cauj tam darboties ne tikai k\u0101 m\u0113be\u013cu rokturim, bet ar\u012b k\u0101 stingram satv\u0113rienam priek\u0161metu p\u0101rvieto\u0161anai. P\u0101rvietojamais elements ir uzst\u0101d\u012bts uz l\u012bdzenas pamatnes, kas nodro\u0161ina pareizu nostiprin\u0101\u0161anu uz izv\u0113l\u0113t\u0101s virsmas.<\/p>\n<p>Uzst\u0101d\u012bts ar \u010detr\u0101m skr\u016bv\u0113m, kas ir iek\u013cautas komplekt\u0101.<\/p>\n<\/div>\n","protected":false},"excerpt":{"rendered":"<p>49.087B modelis. AI.100 EAN. 5905369920646 Materi\u0101ls T\u0113rauds Kop\u0113jais augstums (cm ) 10 Kop\u0113jais platums (cm ) 10 Pamatnes izm\u0113ri (cm)<\/p>\n","protected":false},"featured_media":113234,"comment_status":"open","ping_status":"closed","template":"","meta":{"_acf_changed":false,"pmpro_default_level":""},"product_brand":[],"product_cat":[23837,23838,23843],"product_tag":[],"class_list":{"0":"post-139467","1":"product","2":"type-product","3":"status-publish","4":"has-post-thumbnail","6":"product_cat-mebeles-piederumi","7":"product_cat-mebelu-rokturi","8":"product_cat-skapju-rokturi","9":"pmpro-has-access","11":"first","12":"instock","13":"shipping-taxable","14":"purchasable","15":"product-type-simple"},"acf":[],"yoast_head":"<!-- This site is optimized with the Yoast SEO plugin v24.9 - https:\/\/yoast.com\/wordpress\/plugins\/seo\/ -->\n<title>PADLOCK m\u0113be\u013cu rokturis 100 mm - MetalTale.com<\/title>\n<meta name=\"robots\" content=\"index, follow, max-snippet:-1, max-image-preview:large, max-video-preview:-1\" \/>\n<link rel=\"canonical\" href=\"https:\/\/metaltale.com\/lv\/produkts\/padlock-mebelu-rokturis-100-mm\/\" \/>\n<meta property=\"og:locale\" content=\"lv_LV\" \/>\n<meta property=\"og:type\" content=\"article\" \/>\n<meta property=\"og:title\" content=\"PADLOCK m\u0113be\u013cu rokturis 100 mm - MetalTale.com\" \/>\n<meta property=\"og:description\" content=\"49.087B modelis. AI.100 EAN. 5905369920646 Materi\u0101ls T\u0113rauds Kop\u0113jais augstums (cm ) 10 Kop\u0113jais platums (cm ) 10 Pamatnes izm\u0113ri (cm)\" \/>\n<meta property=\"og:url\" content=\"https:\/\/metaltale.com\/lv\/produkts\/padlock-mebelu-rokturis-100-mm\/\" \/>\n<meta property=\"og:site_name\" content=\"MetalTale.com\" \/>\n<meta name=\"twitter:card\" content=\"summary_large_image\" \/>\n<meta name=\"twitter:label1\" content=\"Est. reading time\" \/>\n\t<meta name=\"twitter:data1\" content=\"1 minute\" \/>\n<script type=\"application\/ld+json\" class=\"yoast-schema-graph\">{\"@context\":\"https:\/\/schema.org\",\"@graph\":[{\"@type\":\"WebPage\",\"@id\":\"https:\/\/metaltale.com\/lv\/produkts\/padlock-mebelu-rokturis-100-mm\/\",\"url\":\"https:\/\/metaltale.com\/lv\/produkts\/padlock-mebelu-rokturis-100-mm\/\",\"name\":\"PADLOCK m\u0113be\u013cu rokturis 100 mm - MetalTale.com\",\"isPartOf\":{\"@id\":\"https:\/\/metaltale.com\/lv\/#website\"},\"primaryImageOfPage\":{\"@id\":\"https:\/\/metaltale.com\/lv\/produkts\/padlock-mebelu-rokturis-100-mm\/#primaryimage\"},\"image\":{\"@id\":\"https:\/\/metaltale.com\/lv\/produkts\/padlock-mebelu-rokturis-100-mm\/#primaryimage\"},\"thumbnailUrl\":\"https:\/\/metaltale.com\/wp-content\/uploads\/2023\/11\/Baldx173-rankena-spyna-100mm.jpg\",\"datePublished\":\"2024-02-13T11:47:43+00:00\",\"breadcrumb\":{\"@id\":\"https:\/\/metaltale.com\/lv\/produkts\/padlock-mebelu-rokturis-100-mm\/#breadcrumb\"},\"inLanguage\":\"lv-LV\",\"potentialAction\":[{\"@type\":\"ReadAction\",\"target\":[\"https:\/\/metaltale.com\/lv\/produkts\/padlock-mebelu-rokturis-100-mm\/\"]}]},{\"@type\":\"ImageObject\",\"inLanguage\":\"lv-LV\",\"@id\":\"https:\/\/metaltale.com\/lv\/produkts\/padlock-mebelu-rokturis-100-mm\/#primaryimage\",\"url\":\"https:\/\/metaltale.com\/wp-content\/uploads\/2023\/11\/Baldx173-rankena-spyna-100mm.jpg\",\"contentUrl\":\"https:\/\/metaltale.com\/wp-content\/uploads\/2023\/11\/Baldx173-rankena-spyna-100mm.jpg\",\"width\":800,\"height\":800,\"caption\":\"PADLOCK m\u0113be\u013cu rokturis 100 mm\"},{\"@type\":\"BreadcrumbList\",\"@id\":\"https:\/\/metaltale.com\/lv\/produkts\/padlock-mebelu-rokturis-100-mm\/#breadcrumb\",\"itemListElement\":[{\"@type\":\"ListItem\",\"position\":1,\"name\":\"Home\",\"item\":\"https:\/\/metaltale.com\/lv\/majas\/\"},{\"@type\":\"ListItem\",\"position\":2,\"name\":\"Veikals\",\"item\":\"https:\/\/metaltale.com\/lv\/shop\/\"},{\"@type\":\"ListItem\",\"position\":3,\"name\":\"PADLOCK m\u0113be\u013cu rokturis 100 mm\"}]},{\"@type\":\"WebSite\",\"@id\":\"https:\/\/metaltale.com\/lv\/#website\",\"url\":\"https:\/\/metaltale.com\/lv\/\",\"name\":\"Metaltale.com\",\"description\":\"\",\"potentialAction\":[{\"@type\":\"SearchAction\",\"target\":{\"@type\":\"EntryPoint\",\"urlTemplate\":\"https:\/\/metaltale.com\/lv\/?s={search_term_string}\"},\"query-input\":{\"@type\":\"PropertyValueSpecification\",\"valueRequired\":true,\"valueName\":\"search_term_string\"}}],\"inLanguage\":\"lv-LV\"}]}<\/script>\n<!-- \/ Yoast SEO plugin. -->","yoast_head_json":{"title":"PADLOCK m\u0113be\u013cu rokturis 100 mm - MetalTale.com","robots":{"index":"index","follow":"follow","max-snippet":"max-snippet:-1","max-image-preview":"max-image-preview:large","max-video-preview":"max-video-preview:-1"},"canonical":"https:\/\/metaltale.com\/lv\/produkts\/padlock-mebelu-rokturis-100-mm\/","og_locale":"lv_LV","og_type":"article","og_title":"PADLOCK m\u0113be\u013cu rokturis 100 mm - MetalTale.com","og_description":"49.087B modelis. AI.100 EAN. 5905369920646 Materi\u0101ls T\u0113rauds Kop\u0113jais augstums (cm ) 10 Kop\u0113jais platums (cm ) 10 Pamatnes izm\u0113ri (cm)","og_url":"https:\/\/metaltale.com\/lv\/produkts\/padlock-mebelu-rokturis-100-mm\/","og_site_name":"MetalTale.com","twitter_card":"summary_large_image","twitter_misc":{"Est. reading time":"1 minute"},"schema":{"@context":"https:\/\/schema.org","@graph":[{"@type":"WebPage","@id":"https:\/\/metaltale.com\/lv\/produkts\/padlock-mebelu-rokturis-100-mm\/","url":"https:\/\/metaltale.com\/lv\/produkts\/padlock-mebelu-rokturis-100-mm\/","name":"PADLOCK m\u0113be\u013cu rokturis 100 mm - MetalTale.com","isPartOf":{"@id":"https:\/\/metaltale.com\/lv\/#website"},"primaryImageOfPage":{"@id":"https:\/\/metaltale.com\/lv\/produkts\/padlock-mebelu-rokturis-100-mm\/#primaryimage"},"image":{"@id":"https:\/\/metaltale.com\/lv\/produkts\/padlock-mebelu-rokturis-100-mm\/#primaryimage"},"thumbnailUrl":"https:\/\/metaltale.com\/wp-content\/uploads\/2023\/11\/Baldx173-rankena-spyna-100mm.jpg","datePublished":"2024-02-13T11:47:43+00:00","breadcrumb":{"@id":"https:\/\/metaltale.com\/lv\/produkts\/padlock-mebelu-rokturis-100-mm\/#breadcrumb"},"inLanguage":"lv-LV","potentialAction":[{"@type":"ReadAction","target":["https:\/\/metaltale.com\/lv\/produkts\/padlock-mebelu-rokturis-100-mm\/"]}]},{"@type":"ImageObject","inLanguage":"lv-LV","@id":"https:\/\/metaltale.com\/lv\/produkts\/padlock-mebelu-rokturis-100-mm\/#primaryimage","url":"https:\/\/metaltale.com\/wp-content\/uploads\/2023\/11\/Baldx173-rankena-spyna-100mm.jpg","contentUrl":"https:\/\/metaltale.com\/wp-content\/uploads\/2023\/11\/Baldx173-rankena-spyna-100mm.jpg","width":800,"height":800,"caption":"PADLOCK m\u0113be\u013cu rokturis 100 mm"},{"@type":"BreadcrumbList","@id":"https:\/\/metaltale.com\/lv\/produkts\/padlock-mebelu-rokturis-100-mm\/#breadcrumb","itemListElement":[{"@type":"ListItem","position":1,"name":"Home","item":"https:\/\/metaltale.com\/lv\/majas\/"},{"@type":"ListItem","position":2,"name":"Veikals","item":"https:\/\/metaltale.com\/lv\/shop\/"},{"@type":"ListItem","position":3,"name":"PADLOCK m\u0113be\u013cu rokturis 100 mm"}]},{"@type":"WebSite","@id":"https:\/\/metaltale.com\/lv\/#website","url":"https:\/\/metaltale.com\/lv\/","name":"Metaltale.com","description":"","potentialAction":[{"@type":"SearchAction","target":{"@type":"EntryPoint","urlTemplate":"https:\/\/metaltale.com\/lv\/?s={search_term_string}"},"query-input":{"@type":"PropertyValueSpecification","valueRequired":true,"valueName":"search_term_string"}}],"inLanguage":"lv-LV"}]}},"_links":{"self":[{"href":"https:\/\/metaltale.com\/lv\/wp-json\/wp\/v2\/product\/139467","targetHints":{"allow":["GET"]}}],"collection":[{"href":"https:\/\/metaltale.com\/lv\/wp-json\/wp\/v2\/product"}],"about":[{"href":"https:\/\/metaltale.com\/lv\/wp-json\/wp\/v2\/types\/product"}],"replies":[{"embeddable":true,"href":"https:\/\/metaltale.com\/lv\/wp-json\/wp\/v2\/comments?post=139467"}],"version-history":[{"count":0,"href":"https:\/\/metaltale.com\/lv\/wp-json\/wp\/v2\/product\/139467\/revisions"}],"wp:featuredmedia":[{"embeddable":true,"href":"https:\/\/metaltale.com\/lv\/wp-json\/wp\/v2\/media\/113234"}],"wp:attachment":[{"href":"https:\/\/metaltale.com\/lv\/wp-json\/wp\/v2\/media?parent=139467"}],"wp:term":[{"taxonomy":"product_brand","embeddable":true,"href":"https:\/\/metaltale.com\/lv\/wp-json\/wp\/v2\/product_brand?post=139467"},{"taxonomy":"product_cat","embeddable":true,"href":"https:\/\/metaltale.com\/lv\/wp-json\/wp\/v2\/product_cat?post=139467"},{"taxonomy":"product_tag","embeddable":true,"href":"https:\/\/metaltale.com\/lv\/wp-json\/wp\/v2\/product_tag?post=139467"}],"curies":[{"name":"wp","href":"https:\/\/api.w.org\/{rel}","templated":true}]}}