{"id":139461,"date":"2024-02-13T13:49:44","date_gmt":"2024-02-13T11:49:44","guid":{"rendered":"https:\/\/metaltale.com\/produktas\/dusas-maisitajs-antikvariats-bruns-dragor\/"},"modified":"2024-02-13T13:49:44","modified_gmt":"2024-02-13T11:49:44","slug":"dusas-maisitajs-antikvariats-bruns-dragor","status":"publish","type":"product","link":"https:\/\/metaltale.com\/lv\/produkts\/dusas-maisitajs-antikvariats-bruns-dragor\/","title":{"rendered":"Du\u0161as mais\u012bt\u0101js antikvari\u0101ts br\u016bns DRAGOR"},"content":{"rendered":"<div class=\"prod_data\">WX <strong>modelis<\/strong>. XT315  <br \/>Gleam <strong>kolekcija<\/strong>  <br \/><strong>EAN.<\/strong>  5905369900167  <br \/>Materi\u0101ls Misi\u0146\u0161 <br \/><strong>Kop\u0113jais augstums (cm<\/strong> ) 134,5  <br \/>Du\u0161as galvas diametrs (cm ) 8 <br \/>Du\u0161as galvas garums (cm ) 22 <br \/>Du\u0161as galvas diametrs (cm ) 21 <br \/>\u0160\u013c\u016btenes garums (cm ) 150 <br \/>Att\u0101lums starp kr\u0101niem (cm ) 15 <br \/>Anti-Calc (pret ka\u013c\u0137akmens ) J\u0101 <br \/>Kr\u0101sa Antique bronze <br \/>Apdares sp\u012bdums <br \/><strong>Regul\u0113jams<\/strong> du\u0161as galvas le\u0146\u0137is un augstums (l\u012bdz -25 cm)  <br \/>Iztekas garums (cm ) 14 <\/p>\n<p>&#8211; Misi\u0146a virsmas du\u0161as mais\u012bt\u0101js<br \/>&#8211; Du\u0161as komplekts: vannas izsmidzin\u0101t\u0101js, telefons, lietus du\u0161a<br \/>&#8211; keramikas galva &#8211; elements, kas nodro\u0161ina pareizu \u016bdens sadali.<br \/>&#8211; Anti-Calc &#8211; sist\u0113ma pret nos\u0113dumiem<br \/>&#8211; viegli t\u012br\u0101ms &#8211; silts \u016bdens un PH neitr\u0101las ziepes.<br \/>&#8211; Skat\u012bt citus Gleam kolekcijas mode\u013cus<\/p>\n<hr>\n<p dir=\"ltr\">Virsmas mont\u0101\u017eas du\u0161as komplekts ar savu neparasto kr\u0101su un apdari ieg\u016bst pavisam jaunu raksturu. Vienk\u0101r\u0161\u0101 forma un ant\u012bkais br\u016bnais sp\u012bdums ir \u013coti stil\u012bga un eleganta kombin\u0101cija, kas lieliski piem\u0113rota vannas istab\u0101m un du\u0161\u0101m, kas iek\u0101rtotas retro, lauku un kr\u0101sain\u0101 klimat\u0101. Interesants dekorat\u012bvs elements ir balt\u0101 keramika uz t\u0101lru\u0146a roktura. Ierosin\u0101t\u0101 du\u0161a var b\u016bt ar\u012b interesants m\u016bsdien\u012bgs dizaina elements, kas pie\u0161\u0137irs greznuma pieska\u0146u. Sp\u012bd\u012bgiem retro stila veidoliem ir augsta est\u0113tisk\u0101 v\u0113rt\u012bba, vienlaikus tie ir augstas kvalit\u0101tes izstr\u0101d\u0101jums, kas ir \u0113rts un viegli lietojams.  <\/p>\n<hr>\n<p dir=\"ltr\">\n<\/div>\n","protected":false},"excerpt":{"rendered":"<p>WX modelis. XT315 Gleam kolekcija EAN. 5905369900167 Materi\u0101ls Misi\u0146\u0161 Kop\u0113jais augstums (cm ) 134,5 Du\u0161as galvas diametrs (cm ) 8<\/p>\n","protected":false},"featured_media":97495,"comment_status":"open","ping_status":"closed","template":"","meta":{"_acf_changed":false,"pmpro_default_level":""},"product_brand":[],"product_cat":[24073],"product_tag":[],"class_list":{"0":"post-139461","1":"product","2":"type-product","3":"status-publish","4":"has-post-thumbnail","6":"product_cat-vannas-istabas-krani","7":"pmpro-has-access","9":"first","10":"instock","11":"shipping-taxable","12":"purchasable","13":"product-type-simple"},"acf":[],"yoast_head":"<!-- This site is optimized with the Yoast SEO plugin v24.9 - https:\/\/yoast.com\/wordpress\/plugins\/seo\/ -->\n<title>Du\u0161as mais\u012bt\u0101js antikvari\u0101ts br\u016bns DRAGOR - MetalTale.com<\/title>\n<meta name=\"robots\" content=\"index, follow, max-snippet:-1, max-image-preview:large, max-video-preview:-1\" \/>\n<link rel=\"canonical\" href=\"https:\/\/metaltale.com\/lv\/produkts\/dusas-maisitajs-antikvariats-bruns-dragor\/\" \/>\n<meta property=\"og:locale\" content=\"lv_LV\" \/>\n<meta property=\"og:type\" content=\"article\" \/>\n<meta property=\"og:title\" content=\"Du\u0161as mais\u012bt\u0101js antikvari\u0101ts br\u016bns DRAGOR - MetalTale.com\" \/>\n<meta property=\"og:description\" content=\"WX modelis. XT315 Gleam kolekcija EAN. 5905369900167 Materi\u0101ls Misi\u0146\u0161 Kop\u0113jais augstums (cm ) 134,5 Du\u0161as galvas diametrs (cm ) 8\" \/>\n<meta property=\"og:url\" content=\"https:\/\/metaltale.com\/lv\/produkts\/dusas-maisitajs-antikvariats-bruns-dragor\/\" \/>\n<meta property=\"og:site_name\" content=\"MetalTale.com\" \/>\n<meta name=\"twitter:card\" content=\"summary_large_image\" \/>\n<meta name=\"twitter:label1\" content=\"Est. reading time\" \/>\n\t<meta name=\"twitter:data1\" content=\"1 minute\" \/>\n<script type=\"application\/ld+json\" class=\"yoast-schema-graph\">{\"@context\":\"https:\/\/schema.org\",\"@graph\":[{\"@type\":\"WebPage\",\"@id\":\"https:\/\/metaltale.com\/lv\/produkts\/dusas-maisitajs-antikvariats-bruns-dragor\/\",\"url\":\"https:\/\/metaltale.com\/lv\/produkts\/dusas-maisitajs-antikvariats-bruns-dragor\/\",\"name\":\"Du\u0161as mais\u012bt\u0101js antikvari\u0101ts br\u016bns DRAGOR - MetalTale.com\",\"isPartOf\":{\"@id\":\"https:\/\/metaltale.com\/lv\/#website\"},\"primaryImageOfPage\":{\"@id\":\"https:\/\/metaltale.com\/lv\/produkts\/dusas-maisitajs-antikvariats-bruns-dragor\/#primaryimage\"},\"image\":{\"@id\":\"https:\/\/metaltale.com\/lv\/produkts\/dusas-maisitajs-antikvariats-bruns-dragor\/#primaryimage\"},\"thumbnailUrl\":\"https:\/\/metaltale.com\/wp-content\/uploads\/2023\/11\/Dux161o-maix161ytuvas-antikvarinis-rudas-DRAGOR.jpg\",\"datePublished\":\"2024-02-13T11:49:44+00:00\",\"breadcrumb\":{\"@id\":\"https:\/\/metaltale.com\/lv\/produkts\/dusas-maisitajs-antikvariats-bruns-dragor\/#breadcrumb\"},\"inLanguage\":\"lv-LV\",\"potentialAction\":[{\"@type\":\"ReadAction\",\"target\":[\"https:\/\/metaltale.com\/lv\/produkts\/dusas-maisitajs-antikvariats-bruns-dragor\/\"]}]},{\"@type\":\"ImageObject\",\"inLanguage\":\"lv-LV\",\"@id\":\"https:\/\/metaltale.com\/lv\/produkts\/dusas-maisitajs-antikvariats-bruns-dragor\/#primaryimage\",\"url\":\"https:\/\/metaltale.com\/wp-content\/uploads\/2023\/11\/Dux161o-maix161ytuvas-antikvarinis-rudas-DRAGOR.jpg\",\"contentUrl\":\"https:\/\/metaltale.com\/wp-content\/uploads\/2023\/11\/Dux161o-maix161ytuvas-antikvarinis-rudas-DRAGOR.jpg\",\"width\":800,\"height\":800},{\"@type\":\"BreadcrumbList\",\"@id\":\"https:\/\/metaltale.com\/lv\/produkts\/dusas-maisitajs-antikvariats-bruns-dragor\/#breadcrumb\",\"itemListElement\":[{\"@type\":\"ListItem\",\"position\":1,\"name\":\"Home\",\"item\":\"https:\/\/metaltale.com\/lv\/majas\/\"},{\"@type\":\"ListItem\",\"position\":2,\"name\":\"Veikals\",\"item\":\"https:\/\/metaltale.com\/lv\/shop\/\"},{\"@type\":\"ListItem\",\"position\":3,\"name\":\"Du\u0161as mais\u012bt\u0101js antikvari\u0101ts br\u016bns DRAGOR\"}]},{\"@type\":\"WebSite\",\"@id\":\"https:\/\/metaltale.com\/lv\/#website\",\"url\":\"https:\/\/metaltale.com\/lv\/\",\"name\":\"Metaltale.com\",\"description\":\"\",\"potentialAction\":[{\"@type\":\"SearchAction\",\"target\":{\"@type\":\"EntryPoint\",\"urlTemplate\":\"https:\/\/metaltale.com\/lv\/?s={search_term_string}\"},\"query-input\":{\"@type\":\"PropertyValueSpecification\",\"valueRequired\":true,\"valueName\":\"search_term_string\"}}],\"inLanguage\":\"lv-LV\"}]}<\/script>\n<!-- \/ Yoast SEO plugin. -->","yoast_head_json":{"title":"Du\u0161as mais\u012bt\u0101js antikvari\u0101ts br\u016bns DRAGOR - MetalTale.com","robots":{"index":"index","follow":"follow","max-snippet":"max-snippet:-1","max-image-preview":"max-image-preview:large","max-video-preview":"max-video-preview:-1"},"canonical":"https:\/\/metaltale.com\/lv\/produkts\/dusas-maisitajs-antikvariats-bruns-dragor\/","og_locale":"lv_LV","og_type":"article","og_title":"Du\u0161as mais\u012bt\u0101js antikvari\u0101ts br\u016bns DRAGOR - MetalTale.com","og_description":"WX modelis. XT315 Gleam kolekcija EAN. 5905369900167 Materi\u0101ls Misi\u0146\u0161 Kop\u0113jais augstums (cm ) 134,5 Du\u0161as galvas diametrs (cm ) 8","og_url":"https:\/\/metaltale.com\/lv\/produkts\/dusas-maisitajs-antikvariats-bruns-dragor\/","og_site_name":"MetalTale.com","twitter_card":"summary_large_image","twitter_misc":{"Est. reading time":"1 minute"},"schema":{"@context":"https:\/\/schema.org","@graph":[{"@type":"WebPage","@id":"https:\/\/metaltale.com\/lv\/produkts\/dusas-maisitajs-antikvariats-bruns-dragor\/","url":"https:\/\/metaltale.com\/lv\/produkts\/dusas-maisitajs-antikvariats-bruns-dragor\/","name":"Du\u0161as mais\u012bt\u0101js antikvari\u0101ts br\u016bns DRAGOR - MetalTale.com","isPartOf":{"@id":"https:\/\/metaltale.com\/lv\/#website"},"primaryImageOfPage":{"@id":"https:\/\/metaltale.com\/lv\/produkts\/dusas-maisitajs-antikvariats-bruns-dragor\/#primaryimage"},"image":{"@id":"https:\/\/metaltale.com\/lv\/produkts\/dusas-maisitajs-antikvariats-bruns-dragor\/#primaryimage"},"thumbnailUrl":"https:\/\/metaltale.com\/wp-content\/uploads\/2023\/11\/Dux161o-maix161ytuvas-antikvarinis-rudas-DRAGOR.jpg","datePublished":"2024-02-13T11:49:44+00:00","breadcrumb":{"@id":"https:\/\/metaltale.com\/lv\/produkts\/dusas-maisitajs-antikvariats-bruns-dragor\/#breadcrumb"},"inLanguage":"lv-LV","potentialAction":[{"@type":"ReadAction","target":["https:\/\/metaltale.com\/lv\/produkts\/dusas-maisitajs-antikvariats-bruns-dragor\/"]}]},{"@type":"ImageObject","inLanguage":"lv-LV","@id":"https:\/\/metaltale.com\/lv\/produkts\/dusas-maisitajs-antikvariats-bruns-dragor\/#primaryimage","url":"https:\/\/metaltale.com\/wp-content\/uploads\/2023\/11\/Dux161o-maix161ytuvas-antikvarinis-rudas-DRAGOR.jpg","contentUrl":"https:\/\/metaltale.com\/wp-content\/uploads\/2023\/11\/Dux161o-maix161ytuvas-antikvarinis-rudas-DRAGOR.jpg","width":800,"height":800},{"@type":"BreadcrumbList","@id":"https:\/\/metaltale.com\/lv\/produkts\/dusas-maisitajs-antikvariats-bruns-dragor\/#breadcrumb","itemListElement":[{"@type":"ListItem","position":1,"name":"Home","item":"https:\/\/metaltale.com\/lv\/majas\/"},{"@type":"ListItem","position":2,"name":"Veikals","item":"https:\/\/metaltale.com\/lv\/shop\/"},{"@type":"ListItem","position":3,"name":"Du\u0161as mais\u012bt\u0101js antikvari\u0101ts br\u016bns DRAGOR"}]},{"@type":"WebSite","@id":"https:\/\/metaltale.com\/lv\/#website","url":"https:\/\/metaltale.com\/lv\/","name":"Metaltale.com","description":"","potentialAction":[{"@type":"SearchAction","target":{"@type":"EntryPoint","urlTemplate":"https:\/\/metaltale.com\/lv\/?s={search_term_string}"},"query-input":{"@type":"PropertyValueSpecification","valueRequired":true,"valueName":"search_term_string"}}],"inLanguage":"lv-LV"}]}},"_links":{"self":[{"href":"https:\/\/metaltale.com\/lv\/wp-json\/wp\/v2\/product\/139461","targetHints":{"allow":["GET"]}}],"collection":[{"href":"https:\/\/metaltale.com\/lv\/wp-json\/wp\/v2\/product"}],"about":[{"href":"https:\/\/metaltale.com\/lv\/wp-json\/wp\/v2\/types\/product"}],"replies":[{"embeddable":true,"href":"https:\/\/metaltale.com\/lv\/wp-json\/wp\/v2\/comments?post=139461"}],"version-history":[{"count":0,"href":"https:\/\/metaltale.com\/lv\/wp-json\/wp\/v2\/product\/139461\/revisions"}],"wp:featuredmedia":[{"embeddable":true,"href":"https:\/\/metaltale.com\/lv\/wp-json\/wp\/v2\/media\/97495"}],"wp:attachment":[{"href":"https:\/\/metaltale.com\/lv\/wp-json\/wp\/v2\/media?parent=139461"}],"wp:term":[{"taxonomy":"product_brand","embeddable":true,"href":"https:\/\/metaltale.com\/lv\/wp-json\/wp\/v2\/product_brand?post=139461"},{"taxonomy":"product_cat","embeddable":true,"href":"https:\/\/metaltale.com\/lv\/wp-json\/wp\/v2\/product_cat?post=139461"},{"taxonomy":"product_tag","embeddable":true,"href":"https:\/\/metaltale.com\/lv\/wp-json\/wp\/v2\/product_tag?post=139461"}],"curies":[{"name":"wp","href":"https:\/\/api.w.org\/{rel}","templated":true}]}}