{"id":139442,"date":"2024-02-13T13:49:44","date_gmt":"2024-02-13T11:49:44","guid":{"rendered":"https:\/\/metaltale.com\/produktas\/mebelu-rokturis-sielski-prostak-245-mm\/"},"modified":"2024-02-13T13:49:44","modified_gmt":"2024-02-13T11:49:44","slug":"mebelu-rokturis-sielski-prostak-245-mm","status":"publish","type":"product","link":"https:\/\/metaltale.com\/lv\/produkts\/mebelu-rokturis-sielski-prostak-245-mm\/","title":{"rendered":"M\u0113be\u013cu rokturis SIELSKI PROSTAK 245 mm"},"content":{"rendered":"<div class=\"prod_data\">\n<p>ZA.002XX <strong>modelis<\/strong><br \/>\n<strong>Materi\u0101ls<\/strong> T\u0113rauds<br \/>\nMont\u0101\u017eas skr\u016bves J\u0101<br \/>\nT\u0113rauda <strong>kr\u0101sa<\/strong> <\/p>\n<p>&#8211; rokturis ir izgatavots no augstas kvalit\u0101tes t\u0113rauda, kas nodro\u0161ina izstr\u0101d\u0101juma kvalit\u0101ti un iztur\u012bbu.<br \/>\n&#8211; nedaudz struktur\u0113t\u0101 virsma v\u0113l vair\u0101k izce\u013c retro stilu.<br \/>\n&#8211; t\u0101s forma nodro\u0161ina vienm\u0113r\u012bgu un vieglu atv\u0113r\u0161anu<\/p>\n<hr>\n<p>Retro m\u0113be\u013cu aksesu\u0101ri ir jautrs veids, k\u0101 interjeram pie\u0161\u0137irt p\u0101rlaic\u012bgu pikantumu un idillisku siltumu, bie\u017ei vien izmantojot mazus un s\u012bkus priek\u0161metus.<\/p>\n<p>M\u0113be\u013cu rokturis ir izgatavots no augstas kvalit\u0101tes un iztur\u012bga pres\u0113ta t\u0113rauda.<br \/>\nT\u0101 minim\u0101lisma dizains ir piem\u0113rots gan jaun\u0101k\u0101m, gan retro m\u0113bel\u0113m. Divu kr\u0101su un da\u017e\u0101du izm\u0113ru izv\u0113le &#8211; ikviens atrad\u012bs kaut ko piem\u0113rotu sev. Bezmaksas komplekt\u0101 ir iek\u013cauts atbilsto\u0161u mont\u0101\u017eas skr\u016bvju komplekts.<\/p>\n<table style=\"height: 20%; ; width: 100%;\" border=\"0\">\n<tbody>\n<tr>\n<td>MODELIS<\/td>\n<td>PLOTIS<\/td>\n<td>HIGH SCHOOL<\/td>\n<td>ATT\u0100LUMS NO SIENAS<\/td>\n<td>ATT\u0100LUMS STARP UZST\u0100D\u012a\u0160ANAS ATVER\u0112M<\/td>\n<\/tr>\n<tr>\n<td><\/td>\n<td><\/td>\n<td><\/td>\n<td><\/td>\n<td><\/td>\n<\/tr>\n<tr>\n<td><\/td>\n<td><\/td>\n<td><\/td>\n<td><\/td>\n<td><\/td>\n<\/tr>\n<tr>\n<td>Sp\u0113ka savienot\u0101js 245 mm<\/td>\n<td>245 mm<\/td>\n<td>20 mm<\/td>\n<td>30 mm<\/td>\n<td>220 mm<\/td>\n<\/tr>\n<tr>\n<td><\/td>\n<td><\/td>\n<td><\/td>\n<td><\/td>\n<td><\/td>\n<\/tr>\n<\/tbody>\n<\/table>\n<\/div>\n","protected":false},"excerpt":{"rendered":"<p>ZA.002XX modelis Materi\u0101ls T\u0113rauds Mont\u0101\u017eas skr\u016bves J\u0101 T\u0113rauda kr\u0101sa &#8211; rokturis ir izgatavots no augstas kvalit\u0101tes t\u0113rauda, kas nodro\u0161ina izstr\u0101d\u0101juma<\/p>\n","protected":false},"featured_media":131462,"comment_status":"open","ping_status":"closed","template":"","meta":{"_acf_changed":false,"pmpro_default_level":""},"product_brand":[],"product_cat":[23837,23838,23843],"product_tag":[],"class_list":{"0":"post-139442","1":"product","2":"type-product","3":"status-publish","4":"has-post-thumbnail","6":"product_cat-mebeles-piederumi","7":"product_cat-mebelu-rokturi","8":"product_cat-skapju-rokturi","9":"pmpro-has-access","11":"first","12":"instock","13":"shipping-taxable","14":"purchasable","15":"product-type-simple"},"acf":[],"yoast_head":"<!-- This site is optimized with the Yoast SEO plugin v24.9 - https:\/\/yoast.com\/wordpress\/plugins\/seo\/ -->\n<title>M\u0113be\u013cu rokturis SIELSKI PROSTAK 245 mm - MetalTale.com<\/title>\n<meta name=\"robots\" content=\"index, follow, max-snippet:-1, max-image-preview:large, max-video-preview:-1\" \/>\n<link rel=\"canonical\" href=\"https:\/\/metaltale.com\/lv\/produkts\/mebelu-rokturis-sielski-prostak-245-mm\/\" \/>\n<meta property=\"og:locale\" content=\"lv_LV\" \/>\n<meta property=\"og:type\" content=\"article\" \/>\n<meta property=\"og:title\" content=\"M\u0113be\u013cu rokturis SIELSKI PROSTAK 245 mm - MetalTale.com\" \/>\n<meta property=\"og:description\" content=\"ZA.002XX modelis Materi\u0101ls T\u0113rauds Mont\u0101\u017eas skr\u016bves J\u0101 T\u0113rauda kr\u0101sa &#8211; rokturis ir izgatavots no augstas kvalit\u0101tes t\u0113rauda, kas nodro\u0161ina izstr\u0101d\u0101juma\" \/>\n<meta property=\"og:url\" content=\"https:\/\/metaltale.com\/lv\/produkts\/mebelu-rokturis-sielski-prostak-245-mm\/\" \/>\n<meta property=\"og:site_name\" content=\"MetalTale.com\" \/>\n<meta property=\"og:image\" content=\"https:\/\/metaltale.com\/wp-content\/uploads\/2024\/02\/Baldu-rankena-SIELSKI-PROSTAK-245-mm.jpg\" \/>\n\t<meta property=\"og:image:width\" content=\"800\" \/>\n\t<meta property=\"og:image:height\" content=\"800\" \/>\n\t<meta property=\"og:image:type\" content=\"image\/jpeg\" \/>\n<meta name=\"twitter:card\" content=\"summary_large_image\" \/>\n<meta name=\"twitter:label1\" content=\"Est. reading time\" \/>\n\t<meta name=\"twitter:data1\" content=\"1 minute\" \/>\n<script type=\"application\/ld+json\" class=\"yoast-schema-graph\">{\"@context\":\"https:\/\/schema.org\",\"@graph\":[{\"@type\":\"WebPage\",\"@id\":\"https:\/\/metaltale.com\/lv\/produkts\/mebelu-rokturis-sielski-prostak-245-mm\/\",\"url\":\"https:\/\/metaltale.com\/lv\/produkts\/mebelu-rokturis-sielski-prostak-245-mm\/\",\"name\":\"M\u0113be\u013cu rokturis SIELSKI PROSTAK 245 mm - MetalTale.com\",\"isPartOf\":{\"@id\":\"https:\/\/metaltale.com\/lv\/#website\"},\"primaryImageOfPage\":{\"@id\":\"https:\/\/metaltale.com\/lv\/produkts\/mebelu-rokturis-sielski-prostak-245-mm\/#primaryimage\"},\"image\":{\"@id\":\"https:\/\/metaltale.com\/lv\/produkts\/mebelu-rokturis-sielski-prostak-245-mm\/#primaryimage\"},\"thumbnailUrl\":\"https:\/\/metaltale.com\/wp-content\/uploads\/2024\/02\/Baldu-rankena-SIELSKI-PROSTAK-245-mm.jpg\",\"datePublished\":\"2024-02-13T11:49:44+00:00\",\"breadcrumb\":{\"@id\":\"https:\/\/metaltale.com\/lv\/produkts\/mebelu-rokturis-sielski-prostak-245-mm\/#breadcrumb\"},\"inLanguage\":\"lv-LV\",\"potentialAction\":[{\"@type\":\"ReadAction\",\"target\":[\"https:\/\/metaltale.com\/lv\/produkts\/mebelu-rokturis-sielski-prostak-245-mm\/\"]}]},{\"@type\":\"ImageObject\",\"inLanguage\":\"lv-LV\",\"@id\":\"https:\/\/metaltale.com\/lv\/produkts\/mebelu-rokturis-sielski-prostak-245-mm\/#primaryimage\",\"url\":\"https:\/\/metaltale.com\/wp-content\/uploads\/2024\/02\/Baldu-rankena-SIELSKI-PROSTAK-245-mm.jpg\",\"contentUrl\":\"https:\/\/metaltale.com\/wp-content\/uploads\/2024\/02\/Baldu-rankena-SIELSKI-PROSTAK-245-mm.jpg\",\"width\":800,\"height\":800,\"caption\":\"M\u0113be\u013cu rokturis SIELSKI PROSTAK 245 mm\"},{\"@type\":\"BreadcrumbList\",\"@id\":\"https:\/\/metaltale.com\/lv\/produkts\/mebelu-rokturis-sielski-prostak-245-mm\/#breadcrumb\",\"itemListElement\":[{\"@type\":\"ListItem\",\"position\":1,\"name\":\"Home\",\"item\":\"https:\/\/metaltale.com\/lv\/majas\/\"},{\"@type\":\"ListItem\",\"position\":2,\"name\":\"Veikals\",\"item\":\"https:\/\/metaltale.com\/lv\/shop\/\"},{\"@type\":\"ListItem\",\"position\":3,\"name\":\"M\u0113be\u013cu rokturis SIELSKI PROSTAK 245 mm\"}]},{\"@type\":\"WebSite\",\"@id\":\"https:\/\/metaltale.com\/lv\/#website\",\"url\":\"https:\/\/metaltale.com\/lv\/\",\"name\":\"Metaltale.com\",\"description\":\"\",\"potentialAction\":[{\"@type\":\"SearchAction\",\"target\":{\"@type\":\"EntryPoint\",\"urlTemplate\":\"https:\/\/metaltale.com\/lv\/?s={search_term_string}\"},\"query-input\":{\"@type\":\"PropertyValueSpecification\",\"valueRequired\":true,\"valueName\":\"search_term_string\"}}],\"inLanguage\":\"lv-LV\"}]}<\/script>\n<!-- \/ Yoast SEO plugin. -->","yoast_head_json":{"title":"M\u0113be\u013cu rokturis SIELSKI PROSTAK 245 mm - MetalTale.com","robots":{"index":"index","follow":"follow","max-snippet":"max-snippet:-1","max-image-preview":"max-image-preview:large","max-video-preview":"max-video-preview:-1"},"canonical":"https:\/\/metaltale.com\/lv\/produkts\/mebelu-rokturis-sielski-prostak-245-mm\/","og_locale":"lv_LV","og_type":"article","og_title":"M\u0113be\u013cu rokturis SIELSKI PROSTAK 245 mm - MetalTale.com","og_description":"ZA.002XX modelis Materi\u0101ls T\u0113rauds Mont\u0101\u017eas skr\u016bves J\u0101 T\u0113rauda kr\u0101sa &#8211; rokturis ir izgatavots no augstas kvalit\u0101tes t\u0113rauda, kas nodro\u0161ina izstr\u0101d\u0101juma","og_url":"https:\/\/metaltale.com\/lv\/produkts\/mebelu-rokturis-sielski-prostak-245-mm\/","og_site_name":"MetalTale.com","og_image":[{"width":800,"height":800,"url":"https:\/\/metaltale.com\/wp-content\/uploads\/2024\/02\/Baldu-rankena-SIELSKI-PROSTAK-245-mm.jpg","type":"image\/jpeg"}],"twitter_card":"summary_large_image","twitter_misc":{"Est. reading time":"1 minute"},"schema":{"@context":"https:\/\/schema.org","@graph":[{"@type":"WebPage","@id":"https:\/\/metaltale.com\/lv\/produkts\/mebelu-rokturis-sielski-prostak-245-mm\/","url":"https:\/\/metaltale.com\/lv\/produkts\/mebelu-rokturis-sielski-prostak-245-mm\/","name":"M\u0113be\u013cu rokturis SIELSKI PROSTAK 245 mm - MetalTale.com","isPartOf":{"@id":"https:\/\/metaltale.com\/lv\/#website"},"primaryImageOfPage":{"@id":"https:\/\/metaltale.com\/lv\/produkts\/mebelu-rokturis-sielski-prostak-245-mm\/#primaryimage"},"image":{"@id":"https:\/\/metaltale.com\/lv\/produkts\/mebelu-rokturis-sielski-prostak-245-mm\/#primaryimage"},"thumbnailUrl":"https:\/\/metaltale.com\/wp-content\/uploads\/2024\/02\/Baldu-rankena-SIELSKI-PROSTAK-245-mm.jpg","datePublished":"2024-02-13T11:49:44+00:00","breadcrumb":{"@id":"https:\/\/metaltale.com\/lv\/produkts\/mebelu-rokturis-sielski-prostak-245-mm\/#breadcrumb"},"inLanguage":"lv-LV","potentialAction":[{"@type":"ReadAction","target":["https:\/\/metaltale.com\/lv\/produkts\/mebelu-rokturis-sielski-prostak-245-mm\/"]}]},{"@type":"ImageObject","inLanguage":"lv-LV","@id":"https:\/\/metaltale.com\/lv\/produkts\/mebelu-rokturis-sielski-prostak-245-mm\/#primaryimage","url":"https:\/\/metaltale.com\/wp-content\/uploads\/2024\/02\/Baldu-rankena-SIELSKI-PROSTAK-245-mm.jpg","contentUrl":"https:\/\/metaltale.com\/wp-content\/uploads\/2024\/02\/Baldu-rankena-SIELSKI-PROSTAK-245-mm.jpg","width":800,"height":800,"caption":"M\u0113be\u013cu rokturis SIELSKI PROSTAK 245 mm"},{"@type":"BreadcrumbList","@id":"https:\/\/metaltale.com\/lv\/produkts\/mebelu-rokturis-sielski-prostak-245-mm\/#breadcrumb","itemListElement":[{"@type":"ListItem","position":1,"name":"Home","item":"https:\/\/metaltale.com\/lv\/majas\/"},{"@type":"ListItem","position":2,"name":"Veikals","item":"https:\/\/metaltale.com\/lv\/shop\/"},{"@type":"ListItem","position":3,"name":"M\u0113be\u013cu rokturis SIELSKI PROSTAK 245 mm"}]},{"@type":"WebSite","@id":"https:\/\/metaltale.com\/lv\/#website","url":"https:\/\/metaltale.com\/lv\/","name":"Metaltale.com","description":"","potentialAction":[{"@type":"SearchAction","target":{"@type":"EntryPoint","urlTemplate":"https:\/\/metaltale.com\/lv\/?s={search_term_string}"},"query-input":{"@type":"PropertyValueSpecification","valueRequired":true,"valueName":"search_term_string"}}],"inLanguage":"lv-LV"}]}},"_links":{"self":[{"href":"https:\/\/metaltale.com\/lv\/wp-json\/wp\/v2\/product\/139442","targetHints":{"allow":["GET"]}}],"collection":[{"href":"https:\/\/metaltale.com\/lv\/wp-json\/wp\/v2\/product"}],"about":[{"href":"https:\/\/metaltale.com\/lv\/wp-json\/wp\/v2\/types\/product"}],"replies":[{"embeddable":true,"href":"https:\/\/metaltale.com\/lv\/wp-json\/wp\/v2\/comments?post=139442"}],"version-history":[{"count":0,"href":"https:\/\/metaltale.com\/lv\/wp-json\/wp\/v2\/product\/139442\/revisions"}],"wp:featuredmedia":[{"embeddable":true,"href":"https:\/\/metaltale.com\/lv\/wp-json\/wp\/v2\/media\/131462"}],"wp:attachment":[{"href":"https:\/\/metaltale.com\/lv\/wp-json\/wp\/v2\/media?parent=139442"}],"wp:term":[{"taxonomy":"product_brand","embeddable":true,"href":"https:\/\/metaltale.com\/lv\/wp-json\/wp\/v2\/product_brand?post=139442"},{"taxonomy":"product_cat","embeddable":true,"href":"https:\/\/metaltale.com\/lv\/wp-json\/wp\/v2\/product_cat?post=139442"},{"taxonomy":"product_tag","embeddable":true,"href":"https:\/\/metaltale.com\/lv\/wp-json\/wp\/v2\/product_tag?post=139442"}],"curies":[{"name":"wp","href":"https:\/\/api.w.org\/{rel}","templated":true}]}}