{"id":139428,"date":"2024-02-13T13:49:04","date_gmt":"2024-02-13T11:49:04","guid":{"rendered":"https:\/\/metaltale.com\/produktas\/mebelu-rokturis-rustic-knoatcher\/"},"modified":"2025-02-23T11:39:34","modified_gmt":"2025-02-23T09:39:34","slug":"mebelu-rokturis-rustic-knoatcher","status":"publish","type":"product","link":"https:\/\/metaltale.com\/lv\/produkts\/mebelu-rokturis-rustic-knoatcher\/","title":{"rendered":"M\u0113be\u013cu rokturis RUSTIC KNOATCHER"},"content":{"rendered":"<div class=\"prod_data\">\n<p><strong>Modelis<\/strong> 12997.27.PRGR<br \/>\n<strong>Materi\u0101ls<\/strong> T\u0113rauds<br \/>\n<strong>Platums (cm<\/strong> ) 3<br \/>\n<strong>Augstums (cm<\/strong> ) 11<br \/>\n<strong>Kop\u0113jais diametrs (cm<\/strong> ) 3,4<br \/>\nMont\u0101\u017eas skr\u016bves J\u0101<br \/>\n<strong>Kr\u0101sa<\/strong> Br\u016bna, r\u016bsgana<br \/>\nApdare sl\u012bp\u0113ts ar smilt\u012bm<\/p>\n<p>&#8211; rokturis ir izgatavots no augst\u0101k\u0101s kvalit\u0101tes t\u0113rauda, kas garant\u0113 mums apstr\u0101des kvalit\u0101ti un izstr\u0101d\u0101juma iztur\u012bbu.<br \/>\n&#8211; nedaudz struktur\u0113t\u0101 un r\u016bsgan\u0101 virsma v\u0113l vair\u0101k izce\u013c retro stilu.<br \/>\n&#8211; t\u0101 forma \u013cauj efekt\u012bvi un viegli atv\u0113rt<\/p>\n<hr>\n<p>Rustik\u0101lo m\u0113be\u013cu rokturi ir lielisks piem\u0113rs noder\u012bgam retro m\u0113be\u013cu aksesu\u0101ram, kas iev\u0113rojami uzlabo telpas vizu\u0101lo izj\u016btu, vienlaikus saglab\u0101jot piln\u012bb\u0101 izmantojamu funkciju. \u0160\u0137iet, ka maz\u0101m un neliel\u0101m form\u0101m ir liela ietekme uz interjera galarezult\u0101tu. Pieg\u0101d\u0101tais m\u0113be\u013cu rokturis bija izgatavots no augst\u0101k\u0101s kvalit\u0101tes t\u0113rauda, impregn\u0113ts un iztur\u0113ts. Tas ir stiliz\u0113ts k\u0101 \u013coti vecs &#8211; tam ir r\u016bsas efekts. Elegant\u0101 izk\u0101rtne ir t\u0101s papildu praktiska priek\u0161roc\u012bba.<\/p>\n<p>Komplekt\u0101 iek\u013cauts skr\u016bvju stiprin\u0101jums.<\/p>\n<\/div>\n","protected":false},"excerpt":{"rendered":"<p>Modelis 12997.27.PRGR Materi\u0101ls T\u0113rauds Platums (cm ) 3 Augstums (cm ) 11 Kop\u0113jais diametrs (cm ) 3,4 Mont\u0101\u017eas skr\u016bves J\u0101<\/p>\n","protected":false},"featured_media":80770,"comment_status":"open","ping_status":"closed","template":"","meta":{"_acf_changed":false,"pmpro_default_level":""},"product_brand":[],"product_cat":[23837,23838,23843],"product_tag":[],"class_list":{"0":"post-139428","1":"product","2":"type-product","3":"status-publish","4":"has-post-thumbnail","6":"product_cat-mebeles-piederumi","7":"product_cat-mebelu-rokturi","8":"product_cat-skapju-rokturi","9":"pmpro-has-access","11":"first","12":"instock","13":"shipping-taxable","14":"purchasable","15":"product-type-simple"},"acf":[],"yoast_head":"<!-- This site is optimized with the Yoast SEO plugin v24.9 - https:\/\/yoast.com\/wordpress\/plugins\/seo\/ -->\n<title>M\u0113be\u013cu rokturis RUSTIC KNOATCHER - MetalTale.com<\/title>\n<meta name=\"robots\" content=\"index, follow, max-snippet:-1, max-image-preview:large, max-video-preview:-1\" \/>\n<link rel=\"canonical\" href=\"https:\/\/metaltale.com\/lv\/produkts\/mebelu-rokturis-rustic-knoatcher\/\" \/>\n<meta property=\"og:locale\" content=\"lv_LV\" \/>\n<meta property=\"og:type\" content=\"article\" \/>\n<meta property=\"og:title\" content=\"M\u0113be\u013cu rokturis RUSTIC KNOATCHER - MetalTale.com\" \/>\n<meta property=\"og:description\" content=\"Modelis 12997.27.PRGR Materi\u0101ls T\u0113rauds Platums (cm ) 3 Augstums (cm ) 11 Kop\u0113jais diametrs (cm ) 3,4 Mont\u0101\u017eas skr\u016bves J\u0101\" \/>\n<meta property=\"og:url\" content=\"https:\/\/metaltale.com\/lv\/produkts\/mebelu-rokturis-rustic-knoatcher\/\" \/>\n<meta property=\"og:site_name\" content=\"MetalTale.com\" \/>\n<meta property=\"article:modified_time\" content=\"2025-02-23T09:39:34+00:00\" \/>\n<meta name=\"twitter:card\" content=\"summary_large_image\" \/>\n<meta name=\"twitter:label1\" content=\"Est. reading time\" \/>\n\t<meta name=\"twitter:data1\" content=\"1 minute\" \/>\n<script type=\"application\/ld+json\" class=\"yoast-schema-graph\">{\"@context\":\"https:\/\/schema.org\",\"@graph\":[{\"@type\":\"WebPage\",\"@id\":\"https:\/\/metaltale.com\/lv\/produkts\/mebelu-rokturis-rustic-knoatcher\/\",\"url\":\"https:\/\/metaltale.com\/lv\/produkts\/mebelu-rokturis-rustic-knoatcher\/\",\"name\":\"M\u0113be\u013cu rokturis RUSTIC KNOATCHER - MetalTale.com\",\"isPartOf\":{\"@id\":\"https:\/\/metaltale.com\/lv\/#website\"},\"primaryImageOfPage\":{\"@id\":\"https:\/\/metaltale.com\/lv\/produkts\/mebelu-rokturis-rustic-knoatcher\/#primaryimage\"},\"image\":{\"@id\":\"https:\/\/metaltale.com\/lv\/produkts\/mebelu-rokturis-rustic-knoatcher\/#primaryimage\"},\"thumbnailUrl\":\"https:\/\/metaltale.com\/wp-content\/uploads\/2023\/10\/Baldx173-rankena-kaimix161kas-knocker-30-x-110mm-su-ix161kaba.jpg\",\"datePublished\":\"2024-02-13T11:49:04+00:00\",\"dateModified\":\"2025-02-23T09:39:34+00:00\",\"breadcrumb\":{\"@id\":\"https:\/\/metaltale.com\/lv\/produkts\/mebelu-rokturis-rustic-knoatcher\/#breadcrumb\"},\"inLanguage\":\"lv-LV\",\"potentialAction\":[{\"@type\":\"ReadAction\",\"target\":[\"https:\/\/metaltale.com\/lv\/produkts\/mebelu-rokturis-rustic-knoatcher\/\"]}]},{\"@type\":\"ImageObject\",\"inLanguage\":\"lv-LV\",\"@id\":\"https:\/\/metaltale.com\/lv\/produkts\/mebelu-rokturis-rustic-knoatcher\/#primaryimage\",\"url\":\"https:\/\/metaltale.com\/wp-content\/uploads\/2023\/10\/Baldx173-rankena-kaimix161kas-knocker-30-x-110mm-su-ix161kaba.jpg\",\"contentUrl\":\"https:\/\/metaltale.com\/wp-content\/uploads\/2023\/10\/Baldx173-rankena-kaimix161kas-knocker-30-x-110mm-su-ix161kaba.jpg\",\"width\":800,\"height\":800,\"caption\":\"M\u0113be\u013cu rokturis RUSTIC KNOATCHER\"},{\"@type\":\"BreadcrumbList\",\"@id\":\"https:\/\/metaltale.com\/lv\/produkts\/mebelu-rokturis-rustic-knoatcher\/#breadcrumb\",\"itemListElement\":[{\"@type\":\"ListItem\",\"position\":1,\"name\":\"Home\",\"item\":\"https:\/\/metaltale.com\/lv\/majas\/\"},{\"@type\":\"ListItem\",\"position\":2,\"name\":\"Veikals\",\"item\":\"https:\/\/metaltale.com\/lv\/shop\/\"},{\"@type\":\"ListItem\",\"position\":3,\"name\":\"M\u0113be\u013cu rokturis RUSTIC KNOATCHER\"}]},{\"@type\":\"WebSite\",\"@id\":\"https:\/\/metaltale.com\/lv\/#website\",\"url\":\"https:\/\/metaltale.com\/lv\/\",\"name\":\"Metaltale.com\",\"description\":\"\",\"potentialAction\":[{\"@type\":\"SearchAction\",\"target\":{\"@type\":\"EntryPoint\",\"urlTemplate\":\"https:\/\/metaltale.com\/lv\/?s={search_term_string}\"},\"query-input\":{\"@type\":\"PropertyValueSpecification\",\"valueRequired\":true,\"valueName\":\"search_term_string\"}}],\"inLanguage\":\"lv-LV\"}]}<\/script>\n<!-- \/ Yoast SEO plugin. -->","yoast_head_json":{"title":"M\u0113be\u013cu rokturis RUSTIC KNOATCHER - MetalTale.com","robots":{"index":"index","follow":"follow","max-snippet":"max-snippet:-1","max-image-preview":"max-image-preview:large","max-video-preview":"max-video-preview:-1"},"canonical":"https:\/\/metaltale.com\/lv\/produkts\/mebelu-rokturis-rustic-knoatcher\/","og_locale":"lv_LV","og_type":"article","og_title":"M\u0113be\u013cu rokturis RUSTIC KNOATCHER - MetalTale.com","og_description":"Modelis 12997.27.PRGR Materi\u0101ls T\u0113rauds Platums (cm ) 3 Augstums (cm ) 11 Kop\u0113jais diametrs (cm ) 3,4 Mont\u0101\u017eas skr\u016bves J\u0101","og_url":"https:\/\/metaltale.com\/lv\/produkts\/mebelu-rokturis-rustic-knoatcher\/","og_site_name":"MetalTale.com","article_modified_time":"2025-02-23T09:39:34+00:00","twitter_card":"summary_large_image","twitter_misc":{"Est. reading time":"1 minute"},"schema":{"@context":"https:\/\/schema.org","@graph":[{"@type":"WebPage","@id":"https:\/\/metaltale.com\/lv\/produkts\/mebelu-rokturis-rustic-knoatcher\/","url":"https:\/\/metaltale.com\/lv\/produkts\/mebelu-rokturis-rustic-knoatcher\/","name":"M\u0113be\u013cu rokturis RUSTIC KNOATCHER - MetalTale.com","isPartOf":{"@id":"https:\/\/metaltale.com\/lv\/#website"},"primaryImageOfPage":{"@id":"https:\/\/metaltale.com\/lv\/produkts\/mebelu-rokturis-rustic-knoatcher\/#primaryimage"},"image":{"@id":"https:\/\/metaltale.com\/lv\/produkts\/mebelu-rokturis-rustic-knoatcher\/#primaryimage"},"thumbnailUrl":"https:\/\/metaltale.com\/wp-content\/uploads\/2023\/10\/Baldx173-rankena-kaimix161kas-knocker-30-x-110mm-su-ix161kaba.jpg","datePublished":"2024-02-13T11:49:04+00:00","dateModified":"2025-02-23T09:39:34+00:00","breadcrumb":{"@id":"https:\/\/metaltale.com\/lv\/produkts\/mebelu-rokturis-rustic-knoatcher\/#breadcrumb"},"inLanguage":"lv-LV","potentialAction":[{"@type":"ReadAction","target":["https:\/\/metaltale.com\/lv\/produkts\/mebelu-rokturis-rustic-knoatcher\/"]}]},{"@type":"ImageObject","inLanguage":"lv-LV","@id":"https:\/\/metaltale.com\/lv\/produkts\/mebelu-rokturis-rustic-knoatcher\/#primaryimage","url":"https:\/\/metaltale.com\/wp-content\/uploads\/2023\/10\/Baldx173-rankena-kaimix161kas-knocker-30-x-110mm-su-ix161kaba.jpg","contentUrl":"https:\/\/metaltale.com\/wp-content\/uploads\/2023\/10\/Baldx173-rankena-kaimix161kas-knocker-30-x-110mm-su-ix161kaba.jpg","width":800,"height":800,"caption":"M\u0113be\u013cu rokturis RUSTIC KNOATCHER"},{"@type":"BreadcrumbList","@id":"https:\/\/metaltale.com\/lv\/produkts\/mebelu-rokturis-rustic-knoatcher\/#breadcrumb","itemListElement":[{"@type":"ListItem","position":1,"name":"Home","item":"https:\/\/metaltale.com\/lv\/majas\/"},{"@type":"ListItem","position":2,"name":"Veikals","item":"https:\/\/metaltale.com\/lv\/shop\/"},{"@type":"ListItem","position":3,"name":"M\u0113be\u013cu rokturis RUSTIC KNOATCHER"}]},{"@type":"WebSite","@id":"https:\/\/metaltale.com\/lv\/#website","url":"https:\/\/metaltale.com\/lv\/","name":"Metaltale.com","description":"","potentialAction":[{"@type":"SearchAction","target":{"@type":"EntryPoint","urlTemplate":"https:\/\/metaltale.com\/lv\/?s={search_term_string}"},"query-input":{"@type":"PropertyValueSpecification","valueRequired":true,"valueName":"search_term_string"}}],"inLanguage":"lv-LV"}]}},"_links":{"self":[{"href":"https:\/\/metaltale.com\/lv\/wp-json\/wp\/v2\/product\/139428","targetHints":{"allow":["GET"]}}],"collection":[{"href":"https:\/\/metaltale.com\/lv\/wp-json\/wp\/v2\/product"}],"about":[{"href":"https:\/\/metaltale.com\/lv\/wp-json\/wp\/v2\/types\/product"}],"replies":[{"embeddable":true,"href":"https:\/\/metaltale.com\/lv\/wp-json\/wp\/v2\/comments?post=139428"}],"version-history":[{"count":0,"href":"https:\/\/metaltale.com\/lv\/wp-json\/wp\/v2\/product\/139428\/revisions"}],"wp:featuredmedia":[{"embeddable":true,"href":"https:\/\/metaltale.com\/lv\/wp-json\/wp\/v2\/media\/80770"}],"wp:attachment":[{"href":"https:\/\/metaltale.com\/lv\/wp-json\/wp\/v2\/media?parent=139428"}],"wp:term":[{"taxonomy":"product_brand","embeddable":true,"href":"https:\/\/metaltale.com\/lv\/wp-json\/wp\/v2\/product_brand?post=139428"},{"taxonomy":"product_cat","embeddable":true,"href":"https:\/\/metaltale.com\/lv\/wp-json\/wp\/v2\/product_cat?post=139428"},{"taxonomy":"product_tag","embeddable":true,"href":"https:\/\/metaltale.com\/lv\/wp-json\/wp\/v2\/product_tag?post=139428"}],"curies":[{"name":"wp","href":"https:\/\/api.w.org\/{rel}","templated":true}]}}