{"id":139410,"date":"2024-02-13T13:47:43","date_gmt":"2024-02-13T11:47:43","guid":{"rendered":"https:\/\/metaltale.com\/produktas\/mebelu-rokturis-craft-roller-120mm\/"},"modified":"2024-02-13T13:47:43","modified_gmt":"2024-02-13T11:47:43","slug":"mebelu-rokturis-craft-roller-120mm","status":"publish","type":"product","link":"https:\/\/metaltale.com\/lv\/produkts\/mebelu-rokturis-craft-roller-120mm\/","title":{"rendered":"M\u0113be\u013cu rokturis CRAFT ROLLER 120mm"},"content":{"rendered":"<div class=\"prod_data\">\n<p><strong>Modelis<\/strong> 70.082.RU.120<br \/>\n<strong>EAN.<\/strong>  5905369920622<br \/>\nMateri\u0101ls Ketus<br \/>\n<strong>Kop\u0113jais augstums (cm<\/strong> ) 1,5<br \/>\n<strong>Kop\u0113jais platums (cm<\/strong> ) 12,5<br \/>\n<strong>Kop\u0113j\u0101 projekcija (cm<\/strong> ) 3,5<br \/>\n<strong>Att\u0101lums starp<\/strong> caurumiem (<strong>cm<\/strong> ) 11<br \/>\nR\u016bsva <strong>kr\u0101sa<\/strong> <\/p>\n<p>&#8211; rokturis, kas izgatavots no augst\u0101k\u0101s kvalit\u0101tes \u010duguna, ir iztur\u012bbas garantija.<br \/>\n&#8211; viegli tekstur\u0113ta virsma un r\u016bs\u0113\u0161ana v\u0113l vair\u0101k izce\u013c zemniecisko raksturu.<br \/>\n&#8211; pie kron\u0161teina piestiprin\u0101tas skr\u016bves \u0101trai un \u0113rtai mont\u0101\u017eai.<\/p>\n<hr>\n<p>Drosm\u012bgajos lauku interjeru iek\u0101rtojumos bie\u017ei vien tiek mekl\u0113ti nestandarta risin\u0101jumi attiec\u012bb\u0101 uz m\u0113be\u013cu aksesu\u0101ru formu un materi\u0101lu labskan\u012bbu. Arvien bie\u017e\u0101k tiek izv\u0113l\u0113ti r\u016bsaini interjera moderniz\u0101cijas elementi, kas apzin\u0101ti atspogu\u013co veselu telpu rustik\u0101l\u0101s ieceres.<\/p>\n<p>Prezent\u0113tais m\u0113be\u013cu rokturis ir izstr\u0101d\u0101ts, pamatojoties uz klasisku augstas kvalit\u0101tes \u010duguna sakaus\u0113juma modeli, pateicoties kuram t\u0101 \u012bpa\u0161ais izskats ilgu laiku kalpos k\u0101 praktiska forma \u0113rtai piek\u013cuvei m\u0113be\u013cu saturam.<\/p>\n<p>Komplekt\u0101 iek\u013cautas stiprin\u0101juma skr\u016bves.<\/p>\n<\/div>\n","protected":false},"excerpt":{"rendered":"<p>Modelis 70.082.RU.120 EAN. 5905369920622 Materi\u0101ls Ketus Kop\u0113jais augstums (cm ) 1,5 Kop\u0113jais platums (cm ) 12,5 Kop\u0113j\u0101 projekcija (cm )<\/p>\n","protected":false},"featured_media":100585,"comment_status":"open","ping_status":"closed","template":"","meta":{"_acf_changed":false,"pmpro_default_level":""},"product_brand":[],"product_cat":[23837,23838,23843],"product_tag":[],"class_list":{"0":"post-139410","1":"product","2":"type-product","3":"status-publish","4":"has-post-thumbnail","6":"product_cat-mebeles-piederumi","7":"product_cat-mebelu-rokturi","8":"product_cat-skapju-rokturi","9":"pmpro-has-access","11":"first","12":"instock","13":"shipping-taxable","14":"purchasable","15":"product-type-simple"},"acf":[],"yoast_head":"<!-- This site is optimized with the Yoast SEO plugin v24.9 - https:\/\/yoast.com\/wordpress\/plugins\/seo\/ -->\n<title>M\u0113be\u013cu rokturis CRAFT ROLLER 120mm - MetalTale.com<\/title>\n<meta name=\"robots\" content=\"index, follow, max-snippet:-1, max-image-preview:large, max-video-preview:-1\" \/>\n<link rel=\"canonical\" href=\"https:\/\/metaltale.com\/lv\/produkts\/mebelu-rokturis-craft-roller-120mm\/\" \/>\n<meta property=\"og:locale\" content=\"lv_LV\" \/>\n<meta property=\"og:type\" content=\"article\" \/>\n<meta property=\"og:title\" content=\"M\u0113be\u013cu rokturis CRAFT ROLLER 120mm - MetalTale.com\" \/>\n<meta property=\"og:description\" content=\"Modelis 70.082.RU.120 EAN. 5905369920622 Materi\u0101ls Ketus Kop\u0113jais augstums (cm ) 1,5 Kop\u0113jais platums (cm ) 12,5 Kop\u0113j\u0101 projekcija (cm )\" \/>\n<meta property=\"og:url\" content=\"https:\/\/metaltale.com\/lv\/produkts\/mebelu-rokturis-craft-roller-120mm\/\" \/>\n<meta property=\"og:site_name\" content=\"MetalTale.com\" \/>\n<meta name=\"twitter:card\" content=\"summary_large_image\" \/>\n<meta name=\"twitter:label1\" content=\"Est. reading time\" \/>\n\t<meta name=\"twitter:data1\" content=\"1 minute\" \/>\n<script type=\"application\/ld+json\" class=\"yoast-schema-graph\">{\"@context\":\"https:\/\/schema.org\",\"@graph\":[{\"@type\":\"WebPage\",\"@id\":\"https:\/\/metaltale.com\/lv\/produkts\/mebelu-rokturis-craft-roller-120mm\/\",\"url\":\"https:\/\/metaltale.com\/lv\/produkts\/mebelu-rokturis-craft-roller-120mm\/\",\"name\":\"M\u0113be\u013cu rokturis CRAFT ROLLER 120mm - MetalTale.com\",\"isPartOf\":{\"@id\":\"https:\/\/metaltale.com\/lv\/#website\"},\"primaryImageOfPage\":{\"@id\":\"https:\/\/metaltale.com\/lv\/produkts\/mebelu-rokturis-craft-roller-120mm\/#primaryimage\"},\"image\":{\"@id\":\"https:\/\/metaltale.com\/lv\/produkts\/mebelu-rokturis-craft-roller-120mm\/#primaryimage\"},\"thumbnailUrl\":\"https:\/\/metaltale.com\/wp-content\/uploads\/2023\/11\/Baldx173-rankena-RUSTED-BAIL-120mm.jpg\",\"datePublished\":\"2024-02-13T11:47:43+00:00\",\"breadcrumb\":{\"@id\":\"https:\/\/metaltale.com\/lv\/produkts\/mebelu-rokturis-craft-roller-120mm\/#breadcrumb\"},\"inLanguage\":\"lv-LV\",\"potentialAction\":[{\"@type\":\"ReadAction\",\"target\":[\"https:\/\/metaltale.com\/lv\/produkts\/mebelu-rokturis-craft-roller-120mm\/\"]}]},{\"@type\":\"ImageObject\",\"inLanguage\":\"lv-LV\",\"@id\":\"https:\/\/metaltale.com\/lv\/produkts\/mebelu-rokturis-craft-roller-120mm\/#primaryimage\",\"url\":\"https:\/\/metaltale.com\/wp-content\/uploads\/2023\/11\/Baldx173-rankena-RUSTED-BAIL-120mm.jpg\",\"contentUrl\":\"https:\/\/metaltale.com\/wp-content\/uploads\/2023\/11\/Baldx173-rankena-RUSTED-BAIL-120mm.jpg\",\"width\":800,\"height\":800,\"caption\":\"M\u0113be\u013cu rokturis CRAFT ROLLER 120mm\"},{\"@type\":\"BreadcrumbList\",\"@id\":\"https:\/\/metaltale.com\/lv\/produkts\/mebelu-rokturis-craft-roller-120mm\/#breadcrumb\",\"itemListElement\":[{\"@type\":\"ListItem\",\"position\":1,\"name\":\"Home\",\"item\":\"https:\/\/metaltale.com\/lv\/majas\/\"},{\"@type\":\"ListItem\",\"position\":2,\"name\":\"Veikals\",\"item\":\"https:\/\/metaltale.com\/lv\/shop\/\"},{\"@type\":\"ListItem\",\"position\":3,\"name\":\"M\u0113be\u013cu rokturis CRAFT ROLLER 120mm\"}]},{\"@type\":\"WebSite\",\"@id\":\"https:\/\/metaltale.com\/lv\/#website\",\"url\":\"https:\/\/metaltale.com\/lv\/\",\"name\":\"Metaltale.com\",\"description\":\"\",\"potentialAction\":[{\"@type\":\"SearchAction\",\"target\":{\"@type\":\"EntryPoint\",\"urlTemplate\":\"https:\/\/metaltale.com\/lv\/?s={search_term_string}\"},\"query-input\":{\"@type\":\"PropertyValueSpecification\",\"valueRequired\":true,\"valueName\":\"search_term_string\"}}],\"inLanguage\":\"lv-LV\"}]}<\/script>\n<!-- \/ Yoast SEO plugin. -->","yoast_head_json":{"title":"M\u0113be\u013cu rokturis CRAFT ROLLER 120mm - MetalTale.com","robots":{"index":"index","follow":"follow","max-snippet":"max-snippet:-1","max-image-preview":"max-image-preview:large","max-video-preview":"max-video-preview:-1"},"canonical":"https:\/\/metaltale.com\/lv\/produkts\/mebelu-rokturis-craft-roller-120mm\/","og_locale":"lv_LV","og_type":"article","og_title":"M\u0113be\u013cu rokturis CRAFT ROLLER 120mm - MetalTale.com","og_description":"Modelis 70.082.RU.120 EAN. 5905369920622 Materi\u0101ls Ketus Kop\u0113jais augstums (cm ) 1,5 Kop\u0113jais platums (cm ) 12,5 Kop\u0113j\u0101 projekcija (cm )","og_url":"https:\/\/metaltale.com\/lv\/produkts\/mebelu-rokturis-craft-roller-120mm\/","og_site_name":"MetalTale.com","twitter_card":"summary_large_image","twitter_misc":{"Est. reading time":"1 minute"},"schema":{"@context":"https:\/\/schema.org","@graph":[{"@type":"WebPage","@id":"https:\/\/metaltale.com\/lv\/produkts\/mebelu-rokturis-craft-roller-120mm\/","url":"https:\/\/metaltale.com\/lv\/produkts\/mebelu-rokturis-craft-roller-120mm\/","name":"M\u0113be\u013cu rokturis CRAFT ROLLER 120mm - MetalTale.com","isPartOf":{"@id":"https:\/\/metaltale.com\/lv\/#website"},"primaryImageOfPage":{"@id":"https:\/\/metaltale.com\/lv\/produkts\/mebelu-rokturis-craft-roller-120mm\/#primaryimage"},"image":{"@id":"https:\/\/metaltale.com\/lv\/produkts\/mebelu-rokturis-craft-roller-120mm\/#primaryimage"},"thumbnailUrl":"https:\/\/metaltale.com\/wp-content\/uploads\/2023\/11\/Baldx173-rankena-RUSTED-BAIL-120mm.jpg","datePublished":"2024-02-13T11:47:43+00:00","breadcrumb":{"@id":"https:\/\/metaltale.com\/lv\/produkts\/mebelu-rokturis-craft-roller-120mm\/#breadcrumb"},"inLanguage":"lv-LV","potentialAction":[{"@type":"ReadAction","target":["https:\/\/metaltale.com\/lv\/produkts\/mebelu-rokturis-craft-roller-120mm\/"]}]},{"@type":"ImageObject","inLanguage":"lv-LV","@id":"https:\/\/metaltale.com\/lv\/produkts\/mebelu-rokturis-craft-roller-120mm\/#primaryimage","url":"https:\/\/metaltale.com\/wp-content\/uploads\/2023\/11\/Baldx173-rankena-RUSTED-BAIL-120mm.jpg","contentUrl":"https:\/\/metaltale.com\/wp-content\/uploads\/2023\/11\/Baldx173-rankena-RUSTED-BAIL-120mm.jpg","width":800,"height":800,"caption":"M\u0113be\u013cu rokturis CRAFT ROLLER 120mm"},{"@type":"BreadcrumbList","@id":"https:\/\/metaltale.com\/lv\/produkts\/mebelu-rokturis-craft-roller-120mm\/#breadcrumb","itemListElement":[{"@type":"ListItem","position":1,"name":"Home","item":"https:\/\/metaltale.com\/lv\/majas\/"},{"@type":"ListItem","position":2,"name":"Veikals","item":"https:\/\/metaltale.com\/lv\/shop\/"},{"@type":"ListItem","position":3,"name":"M\u0113be\u013cu rokturis CRAFT ROLLER 120mm"}]},{"@type":"WebSite","@id":"https:\/\/metaltale.com\/lv\/#website","url":"https:\/\/metaltale.com\/lv\/","name":"Metaltale.com","description":"","potentialAction":[{"@type":"SearchAction","target":{"@type":"EntryPoint","urlTemplate":"https:\/\/metaltale.com\/lv\/?s={search_term_string}"},"query-input":{"@type":"PropertyValueSpecification","valueRequired":true,"valueName":"search_term_string"}}],"inLanguage":"lv-LV"}]}},"_links":{"self":[{"href":"https:\/\/metaltale.com\/lv\/wp-json\/wp\/v2\/product\/139410","targetHints":{"allow":["GET"]}}],"collection":[{"href":"https:\/\/metaltale.com\/lv\/wp-json\/wp\/v2\/product"}],"about":[{"href":"https:\/\/metaltale.com\/lv\/wp-json\/wp\/v2\/types\/product"}],"replies":[{"embeddable":true,"href":"https:\/\/metaltale.com\/lv\/wp-json\/wp\/v2\/comments?post=139410"}],"version-history":[{"count":0,"href":"https:\/\/metaltale.com\/lv\/wp-json\/wp\/v2\/product\/139410\/revisions"}],"wp:featuredmedia":[{"embeddable":true,"href":"https:\/\/metaltale.com\/lv\/wp-json\/wp\/v2\/media\/100585"}],"wp:attachment":[{"href":"https:\/\/metaltale.com\/lv\/wp-json\/wp\/v2\/media?parent=139410"}],"wp:term":[{"taxonomy":"product_brand","embeddable":true,"href":"https:\/\/metaltale.com\/lv\/wp-json\/wp\/v2\/product_brand?post=139410"},{"taxonomy":"product_cat","embeddable":true,"href":"https:\/\/metaltale.com\/lv\/wp-json\/wp\/v2\/product_cat?post=139410"},{"taxonomy":"product_tag","embeddable":true,"href":"https:\/\/metaltale.com\/lv\/wp-json\/wp\/v2\/product_tag?post=139410"}],"curies":[{"name":"wp","href":"https:\/\/api.w.org\/{rel}","templated":true}]}}