{"id":139404,"date":"2024-02-13T13:47:43","date_gmt":"2024-02-13T11:47:43","guid":{"rendered":"https:\/\/metaltale.com\/produktas\/mebelu-rokturis-knocker\/"},"modified":"2025-02-23T11:39:36","modified_gmt":"2025-02-23T09:39:36","slug":"mebelu-rokturis-knocker","status":"publish","type":"product","link":"https:\/\/metaltale.com\/lv\/produkts\/mebelu-rokturis-knocker\/","title":{"rendered":"M\u0113be\u013cu rokturis KNOCKER"},"content":{"rendered":"<div class=\"prod_data\">\n<p><strong>Modelis<\/strong> 09003.04100.27<br \/>\n<strong>EAN.<\/strong>  5905369916366<br \/>\n<strong>Materi\u0101ls<\/strong> T\u0113rauds<br \/>\n<strong>Kop\u0113jais augstums (cm<\/strong> ) 4,5<br \/>\n<strong>Kop\u0113jais platums (cm<\/strong> ) 3,4<br \/>\n<strong>Kop\u0113j\u0101 projekcija (cm<\/strong> ) 2<br \/>\nMont\u0101\u017eas skr\u016bves J\u0101<br \/>\nBr\u016bna kr\u0101sa<\/p>\n<p>&#8211; rokturis, kas izgatavots no augst\u0101k\u0101s kvalit\u0101tes t\u0113rauda, ir iztur\u012bbas garantija.<br \/>\n&#8211; viegli tekstur\u0113t\u0101 virsma v\u0113l vair\u0101k izce\u013c retro stilu.<br \/>\n&#8211; rokturis ir \u013coti praktiski lietojams<br \/>\n&#8211; pie kron\u0161teina piestiprin\u0101tas skr\u016bves \u0101trai un \u0113rtai mont\u0101\u017eai.<\/p>\n<hr>\n<p>Prezent\u0113t\u0101 m\u0113be\u013cu roktura klasisk\u0101 un maz\u0101 forma lieliski iek\u013caujas praktisko un neaizst\u0101jamo retro m\u0113be\u013cu aksesu\u0101ru kanon\u0101.<\/p>\n<p>Smalk\u0101 pamatne, kas \u013cauj pareizi piestiprin\u0101t pie izv\u0113l\u0113t\u0101s virsmas, ir apr\u012bkota ar praktisku un \u0113rtu apa\u013cu rokturi. Izstr\u0101d\u0101jumam ir rakstur\u012bga nedaudz tum\u0161a un neapstr\u0101d\u0101ta t\u0113rauda strukt\u016bras kr\u0101sa. Neliel\u0101 pamatnes izm\u0113ra d\u0113\u013c rokturi var \u0101tri un viegli piestiprin\u0101t jebkur\u0101 virzien\u0101.<\/p>\n<p>Kron\u0161teins tiek piestiprin\u0101ts ar vienu komplekt\u0101 iek\u013cautu skr\u016bvi.<\/p>\n<\/div>\n","protected":false},"excerpt":{"rendered":"<p>Modelis 09003.04100.27 EAN. 5905369916366 Materi\u0101ls T\u0113rauds Kop\u0113jais augstums (cm ) 4,5 Kop\u0113jais platums (cm ) 3,4 Kop\u0113j\u0101 projekcija (cm )<\/p>\n","protected":false},"featured_media":80296,"comment_status":"open","ping_status":"closed","template":"","meta":{"_acf_changed":false,"pmpro_default_level":""},"product_brand":[],"product_cat":[23837,23838,23843],"product_tag":[],"class_list":{"0":"post-139404","1":"product","2":"type-product","3":"status-publish","4":"has-post-thumbnail","6":"product_cat-mebeles-piederumi","7":"product_cat-mebelu-rokturi","8":"product_cat-skapju-rokturi","9":"pmpro-has-access","11":"first","12":"instock","13":"shipping-taxable","14":"purchasable","15":"product-type-simple"},"acf":[],"yoast_head":"<!-- This site is optimized with the Yoast SEO plugin v24.9 - https:\/\/yoast.com\/wordpress\/plugins\/seo\/ -->\n<title>M\u0113be\u013cu rokturis KNOCKER - MetalTale.com<\/title>\n<meta name=\"robots\" content=\"index, follow, max-snippet:-1, max-image-preview:large, max-video-preview:-1\" \/>\n<link rel=\"canonical\" href=\"https:\/\/metaltale.com\/lv\/produkts\/mebelu-rokturis-knocker\/\" \/>\n<meta property=\"og:locale\" content=\"lv_LV\" \/>\n<meta property=\"og:type\" content=\"article\" \/>\n<meta property=\"og:title\" content=\"M\u0113be\u013cu rokturis KNOCKER - MetalTale.com\" \/>\n<meta property=\"og:description\" content=\"Modelis 09003.04100.27 EAN. 5905369916366 Materi\u0101ls T\u0113rauds Kop\u0113jais augstums (cm ) 4,5 Kop\u0113jais platums (cm ) 3,4 Kop\u0113j\u0101 projekcija (cm )\" \/>\n<meta property=\"og:url\" content=\"https:\/\/metaltale.com\/lv\/produkts\/mebelu-rokturis-knocker\/\" \/>\n<meta property=\"og:site_name\" content=\"MetalTale.com\" \/>\n<meta property=\"article:modified_time\" content=\"2025-02-23T09:39:36+00:00\" \/>\n<meta name=\"twitter:card\" content=\"summary_large_image\" \/>\n<meta name=\"twitter:label1\" content=\"Est. reading time\" \/>\n\t<meta name=\"twitter:data1\" content=\"1 minute\" \/>\n<script type=\"application\/ld+json\" class=\"yoast-schema-graph\">{\"@context\":\"https:\/\/schema.org\",\"@graph\":[{\"@type\":\"WebPage\",\"@id\":\"https:\/\/metaltale.com\/lv\/produkts\/mebelu-rokturis-knocker\/\",\"url\":\"https:\/\/metaltale.com\/lv\/produkts\/mebelu-rokturis-knocker\/\",\"name\":\"M\u0113be\u013cu rokturis KNOCKER - MetalTale.com\",\"isPartOf\":{\"@id\":\"https:\/\/metaltale.com\/lv\/#website\"},\"primaryImageOfPage\":{\"@id\":\"https:\/\/metaltale.com\/lv\/produkts\/mebelu-rokturis-knocker\/#primaryimage\"},\"image\":{\"@id\":\"https:\/\/metaltale.com\/lv\/produkts\/mebelu-rokturis-knocker\/#primaryimage\"},\"thumbnailUrl\":\"https:\/\/metaltale.com\/wp-content\/uploads\/2023\/10\/Baldx173-rankenx173-trankytuvas-41-x-44mm.jpg\",\"datePublished\":\"2024-02-13T11:47:43+00:00\",\"dateModified\":\"2025-02-23T09:39:36+00:00\",\"breadcrumb\":{\"@id\":\"https:\/\/metaltale.com\/lv\/produkts\/mebelu-rokturis-knocker\/#breadcrumb\"},\"inLanguage\":\"lv-LV\",\"potentialAction\":[{\"@type\":\"ReadAction\",\"target\":[\"https:\/\/metaltale.com\/lv\/produkts\/mebelu-rokturis-knocker\/\"]}]},{\"@type\":\"ImageObject\",\"inLanguage\":\"lv-LV\",\"@id\":\"https:\/\/metaltale.com\/lv\/produkts\/mebelu-rokturis-knocker\/#primaryimage\",\"url\":\"https:\/\/metaltale.com\/wp-content\/uploads\/2023\/10\/Baldx173-rankenx173-trankytuvas-41-x-44mm.jpg\",\"contentUrl\":\"https:\/\/metaltale.com\/wp-content\/uploads\/2023\/10\/Baldx173-rankenx173-trankytuvas-41-x-44mm.jpg\",\"width\":800,\"height\":800,\"caption\":\"M\u0113be\u013cu rokturis KNOCKER\"},{\"@type\":\"BreadcrumbList\",\"@id\":\"https:\/\/metaltale.com\/lv\/produkts\/mebelu-rokturis-knocker\/#breadcrumb\",\"itemListElement\":[{\"@type\":\"ListItem\",\"position\":1,\"name\":\"Home\",\"item\":\"https:\/\/metaltale.com\/lv\/majas\/\"},{\"@type\":\"ListItem\",\"position\":2,\"name\":\"Veikals\",\"item\":\"https:\/\/metaltale.com\/lv\/shop\/\"},{\"@type\":\"ListItem\",\"position\":3,\"name\":\"M\u0113be\u013cu rokturis KNOCKER\"}]},{\"@type\":\"WebSite\",\"@id\":\"https:\/\/metaltale.com\/lv\/#website\",\"url\":\"https:\/\/metaltale.com\/lv\/\",\"name\":\"Metaltale.com\",\"description\":\"\",\"potentialAction\":[{\"@type\":\"SearchAction\",\"target\":{\"@type\":\"EntryPoint\",\"urlTemplate\":\"https:\/\/metaltale.com\/lv\/?s={search_term_string}\"},\"query-input\":{\"@type\":\"PropertyValueSpecification\",\"valueRequired\":true,\"valueName\":\"search_term_string\"}}],\"inLanguage\":\"lv-LV\"}]}<\/script>\n<!-- \/ Yoast SEO plugin. -->","yoast_head_json":{"title":"M\u0113be\u013cu rokturis KNOCKER - MetalTale.com","robots":{"index":"index","follow":"follow","max-snippet":"max-snippet:-1","max-image-preview":"max-image-preview:large","max-video-preview":"max-video-preview:-1"},"canonical":"https:\/\/metaltale.com\/lv\/produkts\/mebelu-rokturis-knocker\/","og_locale":"lv_LV","og_type":"article","og_title":"M\u0113be\u013cu rokturis KNOCKER - MetalTale.com","og_description":"Modelis 09003.04100.27 EAN. 5905369916366 Materi\u0101ls T\u0113rauds Kop\u0113jais augstums (cm ) 4,5 Kop\u0113jais platums (cm ) 3,4 Kop\u0113j\u0101 projekcija (cm )","og_url":"https:\/\/metaltale.com\/lv\/produkts\/mebelu-rokturis-knocker\/","og_site_name":"MetalTale.com","article_modified_time":"2025-02-23T09:39:36+00:00","twitter_card":"summary_large_image","twitter_misc":{"Est. reading time":"1 minute"},"schema":{"@context":"https:\/\/schema.org","@graph":[{"@type":"WebPage","@id":"https:\/\/metaltale.com\/lv\/produkts\/mebelu-rokturis-knocker\/","url":"https:\/\/metaltale.com\/lv\/produkts\/mebelu-rokturis-knocker\/","name":"M\u0113be\u013cu rokturis KNOCKER - MetalTale.com","isPartOf":{"@id":"https:\/\/metaltale.com\/lv\/#website"},"primaryImageOfPage":{"@id":"https:\/\/metaltale.com\/lv\/produkts\/mebelu-rokturis-knocker\/#primaryimage"},"image":{"@id":"https:\/\/metaltale.com\/lv\/produkts\/mebelu-rokturis-knocker\/#primaryimage"},"thumbnailUrl":"https:\/\/metaltale.com\/wp-content\/uploads\/2023\/10\/Baldx173-rankenx173-trankytuvas-41-x-44mm.jpg","datePublished":"2024-02-13T11:47:43+00:00","dateModified":"2025-02-23T09:39:36+00:00","breadcrumb":{"@id":"https:\/\/metaltale.com\/lv\/produkts\/mebelu-rokturis-knocker\/#breadcrumb"},"inLanguage":"lv-LV","potentialAction":[{"@type":"ReadAction","target":["https:\/\/metaltale.com\/lv\/produkts\/mebelu-rokturis-knocker\/"]}]},{"@type":"ImageObject","inLanguage":"lv-LV","@id":"https:\/\/metaltale.com\/lv\/produkts\/mebelu-rokturis-knocker\/#primaryimage","url":"https:\/\/metaltale.com\/wp-content\/uploads\/2023\/10\/Baldx173-rankenx173-trankytuvas-41-x-44mm.jpg","contentUrl":"https:\/\/metaltale.com\/wp-content\/uploads\/2023\/10\/Baldx173-rankenx173-trankytuvas-41-x-44mm.jpg","width":800,"height":800,"caption":"M\u0113be\u013cu rokturis KNOCKER"},{"@type":"BreadcrumbList","@id":"https:\/\/metaltale.com\/lv\/produkts\/mebelu-rokturis-knocker\/#breadcrumb","itemListElement":[{"@type":"ListItem","position":1,"name":"Home","item":"https:\/\/metaltale.com\/lv\/majas\/"},{"@type":"ListItem","position":2,"name":"Veikals","item":"https:\/\/metaltale.com\/lv\/shop\/"},{"@type":"ListItem","position":3,"name":"M\u0113be\u013cu rokturis KNOCKER"}]},{"@type":"WebSite","@id":"https:\/\/metaltale.com\/lv\/#website","url":"https:\/\/metaltale.com\/lv\/","name":"Metaltale.com","description":"","potentialAction":[{"@type":"SearchAction","target":{"@type":"EntryPoint","urlTemplate":"https:\/\/metaltale.com\/lv\/?s={search_term_string}"},"query-input":{"@type":"PropertyValueSpecification","valueRequired":true,"valueName":"search_term_string"}}],"inLanguage":"lv-LV"}]}},"_links":{"self":[{"href":"https:\/\/metaltale.com\/lv\/wp-json\/wp\/v2\/product\/139404","targetHints":{"allow":["GET"]}}],"collection":[{"href":"https:\/\/metaltale.com\/lv\/wp-json\/wp\/v2\/product"}],"about":[{"href":"https:\/\/metaltale.com\/lv\/wp-json\/wp\/v2\/types\/product"}],"replies":[{"embeddable":true,"href":"https:\/\/metaltale.com\/lv\/wp-json\/wp\/v2\/comments?post=139404"}],"version-history":[{"count":0,"href":"https:\/\/metaltale.com\/lv\/wp-json\/wp\/v2\/product\/139404\/revisions"}],"wp:featuredmedia":[{"embeddable":true,"href":"https:\/\/metaltale.com\/lv\/wp-json\/wp\/v2\/media\/80296"}],"wp:attachment":[{"href":"https:\/\/metaltale.com\/lv\/wp-json\/wp\/v2\/media?parent=139404"}],"wp:term":[{"taxonomy":"product_brand","embeddable":true,"href":"https:\/\/metaltale.com\/lv\/wp-json\/wp\/v2\/product_brand?post=139404"},{"taxonomy":"product_cat","embeddable":true,"href":"https:\/\/metaltale.com\/lv\/wp-json\/wp\/v2\/product_cat?post=139404"},{"taxonomy":"product_tag","embeddable":true,"href":"https:\/\/metaltale.com\/lv\/wp-json\/wp\/v2\/product_tag?post=139404"}],"curies":[{"name":"wp","href":"https:\/\/api.w.org\/{rel}","templated":true}]}}