{"id":139370,"date":"2024-02-13T13:47:04","date_gmt":"2024-02-13T11:47:04","guid":{"rendered":"https:\/\/metaltale.com\/produktas\/cuguna-zime-smeket-aizliegts\/"},"modified":"2024-02-13T13:47:04","modified_gmt":"2024-02-13T11:47:04","slug":"cuguna-zime-smeket-aizliegts","status":"publish","type":"product","link":"https:\/\/metaltale.com\/lv\/produkts\/cuguna-zime-smeket-aizliegts\/","title":{"rendered":"\u010cuguna z\u012bme &#8220;Sm\u0113\u0137\u0113t aizliegts&#8221;"},"content":{"rendered":"<div class=\"prod_data\"><strong>Modelis<\/strong> 49.342.AI. ZAC  <br \/><strong>EAN.<\/strong>  5905369920141  <br \/><strong>Materi\u0101ls<\/strong> Ketus  <br \/>Kop\u0113jais diametrs (cm ) 8 <br \/><strong>Forma<\/strong> Apa\u013ca  <br \/>T\u0113rauda kr\u0101sa <\/p>\n<p><strong>Z\u012bme &#8220;Sm\u0113\u0137\u0113t aizliegts&#8221;<\/strong> ir lielisks <strong>retro stila<\/strong> interjera aksesu\u0101rs, kas ir \u012bpa\u0161i svar\u012bgs sabiedrisk\u0101s viet\u0101s, piem\u0113ram, gaite\u0146os, gaite\u0146os, restor\u0101nos, klubos vai kafejn\u012bc\u0101s.  <\/p>\n<p>Pieredz\u0113ju\u0161i profesion\u0101\u013ci to ir izstr\u0101d\u0101ju\u0161i ar pareizo precizit\u0101ti un precizit\u0101ti. Emblema ir veidota uz augstas kvalit\u0101tes apa\u013cas \u010duguna sakaus\u0113juma pl\u0101ksnes, kas garant\u0113 iztur\u012bbu pret \u0101r\u0113jiem faktoriem. Tas labi sader ar citiem tipiski rustik\u0101liem aksesu\u0101riem, kas pasv\u012btro visa interjera virs vid\u0113j\u0101 stila.<\/p>\n<p>No l\u0113juma izgatavotas embl\u0113mas ir vismaz 4 reizes iztur\u012bg\u0101kas nek\u0101 l\u012bdz\u012bgi pane\u013ci, kas izgatavoti no plastmasas.<\/p>\n<\/div>\n","protected":false},"excerpt":{"rendered":"<p>Modelis 49.342.AI. ZAC EAN. 5905369920141 Materi\u0101ls Ketus Kop\u0113jais diametrs (cm ) 8 Forma Apa\u013ca T\u0113rauda kr\u0101sa Z\u012bme &#8220;Sm\u0113\u0137\u0113t aizliegts&#8221; ir<\/p>\n","protected":false},"featured_media":80053,"comment_status":"open","ping_status":"closed","template":"","meta":{"_acf_changed":false,"pmpro_default_level":""},"product_brand":[],"product_cat":[24072],"product_tag":[],"class_list":{"0":"post-139370","1":"product","2":"type-product","3":"status-publish","4":"has-post-thumbnail","6":"product_cat-cuguna-plaksnes","7":"pmpro-has-access","9":"first","10":"instock","11":"shipping-taxable","12":"purchasable","13":"product-type-simple"},"acf":[],"yoast_head":"<!-- This site is optimized with the Yoast SEO plugin v24.9 - https:\/\/yoast.com\/wordpress\/plugins\/seo\/ -->\n<title>\u010cuguna z\u012bme &quot;Sm\u0113\u0137\u0113t aizliegts&quot; - MetalTale.com<\/title>\n<meta name=\"robots\" content=\"index, follow, max-snippet:-1, max-image-preview:large, max-video-preview:-1\" \/>\n<link rel=\"canonical\" href=\"https:\/\/metaltale.com\/lv\/produkts\/cuguna-zime-smeket-aizliegts\/\" \/>\n<meta property=\"og:locale\" content=\"lv_LV\" \/>\n<meta property=\"og:type\" content=\"article\" \/>\n<meta property=\"og:title\" content=\"\u010cuguna z\u012bme &quot;Sm\u0113\u0137\u0113t aizliegts&quot; - MetalTale.com\" \/>\n<meta property=\"og:description\" content=\"Modelis 49.342.AI. ZAC EAN. 5905369920141 Materi\u0101ls Ketus Kop\u0113jais diametrs (cm ) 8 Forma Apa\u013ca T\u0113rauda kr\u0101sa Z\u012bme &#8220;Sm\u0113\u0137\u0113t aizliegts&#8221; ir\" \/>\n<meta property=\"og:url\" content=\"https:\/\/metaltale.com\/lv\/produkts\/cuguna-zime-smeket-aizliegts\/\" \/>\n<meta property=\"og:site_name\" content=\"MetalTale.com\" \/>\n<meta name=\"twitter:card\" content=\"summary_large_image\" \/>\n<meta name=\"twitter:label1\" content=\"Est. reading time\" \/>\n\t<meta name=\"twitter:data1\" content=\"1 minute\" \/>\n<script type=\"application\/ld+json\" class=\"yoast-schema-graph\">{\"@context\":\"https:\/\/schema.org\",\"@graph\":[{\"@type\":\"WebPage\",\"@id\":\"https:\/\/metaltale.com\/lv\/produkts\/cuguna-zime-smeket-aizliegts\/\",\"url\":\"https:\/\/metaltale.com\/lv\/produkts\/cuguna-zime-smeket-aizliegts\/\",\"name\":\"\u010cuguna z\u012bme \\\"Sm\u0113\u0137\u0113t aizliegts\\\" - MetalTale.com\",\"isPartOf\":{\"@id\":\"https:\/\/metaltale.com\/lv\/#website\"},\"primaryImageOfPage\":{\"@id\":\"https:\/\/metaltale.com\/lv\/produkts\/cuguna-zime-smeket-aizliegts\/#primaryimage\"},\"image\":{\"@id\":\"https:\/\/metaltale.com\/lv\/produkts\/cuguna-zime-smeket-aizliegts\/#primaryimage\"},\"thumbnailUrl\":\"https:\/\/metaltale.com\/wp-content\/uploads\/2023\/10\/Ketaus-plokx161tx117-NERx16AKOMA.jpg\",\"datePublished\":\"2024-02-13T11:47:04+00:00\",\"breadcrumb\":{\"@id\":\"https:\/\/metaltale.com\/lv\/produkts\/cuguna-zime-smeket-aizliegts\/#breadcrumb\"},\"inLanguage\":\"lv-LV\",\"potentialAction\":[{\"@type\":\"ReadAction\",\"target\":[\"https:\/\/metaltale.com\/lv\/produkts\/cuguna-zime-smeket-aizliegts\/\"]}]},{\"@type\":\"ImageObject\",\"inLanguage\":\"lv-LV\",\"@id\":\"https:\/\/metaltale.com\/lv\/produkts\/cuguna-zime-smeket-aizliegts\/#primaryimage\",\"url\":\"https:\/\/metaltale.com\/wp-content\/uploads\/2023\/10\/Ketaus-plokx161tx117-NERx16AKOMA.jpg\",\"contentUrl\":\"https:\/\/metaltale.com\/wp-content\/uploads\/2023\/10\/Ketaus-plokx161tx117-NERx16AKOMA.jpg\",\"width\":800,\"height\":800},{\"@type\":\"BreadcrumbList\",\"@id\":\"https:\/\/metaltale.com\/lv\/produkts\/cuguna-zime-smeket-aizliegts\/#breadcrumb\",\"itemListElement\":[{\"@type\":\"ListItem\",\"position\":1,\"name\":\"Home\",\"item\":\"https:\/\/metaltale.com\/lv\/majas\/\"},{\"@type\":\"ListItem\",\"position\":2,\"name\":\"Veikals\",\"item\":\"https:\/\/metaltale.com\/lv\/shop\/\"},{\"@type\":\"ListItem\",\"position\":3,\"name\":\"\u010cuguna z\u012bme &#8220;Sm\u0113\u0137\u0113t aizliegts&#8221;\"}]},{\"@type\":\"WebSite\",\"@id\":\"https:\/\/metaltale.com\/lv\/#website\",\"url\":\"https:\/\/metaltale.com\/lv\/\",\"name\":\"Metaltale.com\",\"description\":\"\",\"potentialAction\":[{\"@type\":\"SearchAction\",\"target\":{\"@type\":\"EntryPoint\",\"urlTemplate\":\"https:\/\/metaltale.com\/lv\/?s={search_term_string}\"},\"query-input\":{\"@type\":\"PropertyValueSpecification\",\"valueRequired\":true,\"valueName\":\"search_term_string\"}}],\"inLanguage\":\"lv-LV\"}]}<\/script>\n<!-- \/ Yoast SEO plugin. -->","yoast_head_json":{"title":"\u010cuguna z\u012bme \"Sm\u0113\u0137\u0113t aizliegts\" - MetalTale.com","robots":{"index":"index","follow":"follow","max-snippet":"max-snippet:-1","max-image-preview":"max-image-preview:large","max-video-preview":"max-video-preview:-1"},"canonical":"https:\/\/metaltale.com\/lv\/produkts\/cuguna-zime-smeket-aizliegts\/","og_locale":"lv_LV","og_type":"article","og_title":"\u010cuguna z\u012bme \"Sm\u0113\u0137\u0113t aizliegts\" - MetalTale.com","og_description":"Modelis 49.342.AI. ZAC EAN. 5905369920141 Materi\u0101ls Ketus Kop\u0113jais diametrs (cm ) 8 Forma Apa\u013ca T\u0113rauda kr\u0101sa Z\u012bme &#8220;Sm\u0113\u0137\u0113t aizliegts&#8221; ir","og_url":"https:\/\/metaltale.com\/lv\/produkts\/cuguna-zime-smeket-aizliegts\/","og_site_name":"MetalTale.com","twitter_card":"summary_large_image","twitter_misc":{"Est. reading time":"1 minute"},"schema":{"@context":"https:\/\/schema.org","@graph":[{"@type":"WebPage","@id":"https:\/\/metaltale.com\/lv\/produkts\/cuguna-zime-smeket-aizliegts\/","url":"https:\/\/metaltale.com\/lv\/produkts\/cuguna-zime-smeket-aizliegts\/","name":"\u010cuguna z\u012bme \"Sm\u0113\u0137\u0113t aizliegts\" - MetalTale.com","isPartOf":{"@id":"https:\/\/metaltale.com\/lv\/#website"},"primaryImageOfPage":{"@id":"https:\/\/metaltale.com\/lv\/produkts\/cuguna-zime-smeket-aizliegts\/#primaryimage"},"image":{"@id":"https:\/\/metaltale.com\/lv\/produkts\/cuguna-zime-smeket-aizliegts\/#primaryimage"},"thumbnailUrl":"https:\/\/metaltale.com\/wp-content\/uploads\/2023\/10\/Ketaus-plokx161tx117-NERx16AKOMA.jpg","datePublished":"2024-02-13T11:47:04+00:00","breadcrumb":{"@id":"https:\/\/metaltale.com\/lv\/produkts\/cuguna-zime-smeket-aizliegts\/#breadcrumb"},"inLanguage":"lv-LV","potentialAction":[{"@type":"ReadAction","target":["https:\/\/metaltale.com\/lv\/produkts\/cuguna-zime-smeket-aizliegts\/"]}]},{"@type":"ImageObject","inLanguage":"lv-LV","@id":"https:\/\/metaltale.com\/lv\/produkts\/cuguna-zime-smeket-aizliegts\/#primaryimage","url":"https:\/\/metaltale.com\/wp-content\/uploads\/2023\/10\/Ketaus-plokx161tx117-NERx16AKOMA.jpg","contentUrl":"https:\/\/metaltale.com\/wp-content\/uploads\/2023\/10\/Ketaus-plokx161tx117-NERx16AKOMA.jpg","width":800,"height":800},{"@type":"BreadcrumbList","@id":"https:\/\/metaltale.com\/lv\/produkts\/cuguna-zime-smeket-aizliegts\/#breadcrumb","itemListElement":[{"@type":"ListItem","position":1,"name":"Home","item":"https:\/\/metaltale.com\/lv\/majas\/"},{"@type":"ListItem","position":2,"name":"Veikals","item":"https:\/\/metaltale.com\/lv\/shop\/"},{"@type":"ListItem","position":3,"name":"\u010cuguna z\u012bme &#8220;Sm\u0113\u0137\u0113t aizliegts&#8221;"}]},{"@type":"WebSite","@id":"https:\/\/metaltale.com\/lv\/#website","url":"https:\/\/metaltale.com\/lv\/","name":"Metaltale.com","description":"","potentialAction":[{"@type":"SearchAction","target":{"@type":"EntryPoint","urlTemplate":"https:\/\/metaltale.com\/lv\/?s={search_term_string}"},"query-input":{"@type":"PropertyValueSpecification","valueRequired":true,"valueName":"search_term_string"}}],"inLanguage":"lv-LV"}]}},"_links":{"self":[{"href":"https:\/\/metaltale.com\/lv\/wp-json\/wp\/v2\/product\/139370","targetHints":{"allow":["GET"]}}],"collection":[{"href":"https:\/\/metaltale.com\/lv\/wp-json\/wp\/v2\/product"}],"about":[{"href":"https:\/\/metaltale.com\/lv\/wp-json\/wp\/v2\/types\/product"}],"replies":[{"embeddable":true,"href":"https:\/\/metaltale.com\/lv\/wp-json\/wp\/v2\/comments?post=139370"}],"version-history":[{"count":0,"href":"https:\/\/metaltale.com\/lv\/wp-json\/wp\/v2\/product\/139370\/revisions"}],"wp:featuredmedia":[{"embeddable":true,"href":"https:\/\/metaltale.com\/lv\/wp-json\/wp\/v2\/media\/80053"}],"wp:attachment":[{"href":"https:\/\/metaltale.com\/lv\/wp-json\/wp\/v2\/media?parent=139370"}],"wp:term":[{"taxonomy":"product_brand","embeddable":true,"href":"https:\/\/metaltale.com\/lv\/wp-json\/wp\/v2\/product_brand?post=139370"},{"taxonomy":"product_cat","embeddable":true,"href":"https:\/\/metaltale.com\/lv\/wp-json\/wp\/v2\/product_cat?post=139370"},{"taxonomy":"product_tag","embeddable":true,"href":"https:\/\/metaltale.com\/lv\/wp-json\/wp\/v2\/product_tag?post=139370"}],"curies":[{"name":"wp","href":"https:\/\/api.w.org\/{rel}","templated":true}]}}