{"id":139358,"date":"2024-02-13T13:47:04","date_gmt":"2024-02-13T11:47:04","guid":{"rendered":"https:\/\/metaltale.com\/produktas\/dekorativs-cuguna-galds-tualete\/"},"modified":"2024-02-13T13:47:04","modified_gmt":"2024-02-13T11:47:04","slug":"dekorativs-cuguna-galds-tualete","status":"publish","type":"product","link":"https:\/\/metaltale.com\/lv\/produkts\/dekorativs-cuguna-galds-tualete\/","title":{"rendered":"Dekorat\u012bvs \u010duguna galds Tualete"},"content":{"rendered":"<div class=\"prod_data\"><strong>Modelis<\/strong> 70.342.AI.TO  <br \/><strong>EAN.<\/strong>  5905369920097  <br \/><strong>Materi\u0101ls<\/strong> Ketus  <br \/><strong>Kop\u0113jais augstums (cm<\/strong> ) 3,2  <br \/>Kop\u0113jais platums (cm ) 11,5 <br \/><strong>Veidlapas<\/strong> N\u0101kamais  <br \/>T\u0113rauda kr\u0101sa <\/p>\n<p><strong>Tualetes z\u012bme<\/strong> tika izstr\u0101d\u0101ta, lai skaidri un \u0113rti identific\u0113tu telpas sabiedrisk\u0101s viet\u0101s, piem\u0113ram, b\u0101ros, restor\u0101nos, kafejn\u012bc\u0101s un sabiedriskaj\u0101s tualet\u0113s.<\/p>\n<p>  \u010cuguna \u010duguns tika izgatavots saska\u0146\u0101 ar seno embl\u0113mu un z\u012bmju izgatavo\u0161anas m\u0101kslu, kas sniedz mums skaidru saj\u016btu par saikni ar senatni. Profesion\u0101\u013cu izgatavots ar lielu precizit\u0101ti un r\u016bp\u012bbu, tas lieliski sader ar citiem rustik\u0101liem aksesu\u0101riem un piederumiem, piem\u0113ram, rokturiem vai m\u0113be\u013cu furnit\u016bru.  <\/p>\n<p>No l\u0113juma izgatavotas embl\u0113mas ir vismaz 4 reizes iztur\u012bg\u0101kas nek\u0101 l\u012bdz\u012bgi pane\u013ci, kas izgatavoti no plastmasas.<\/p>\n<\/div>\n","protected":false},"excerpt":{"rendered":"<p>Modelis 70.342.AI.TO EAN. 5905369920097 Materi\u0101ls Ketus Kop\u0113jais augstums (cm ) 3,2 Kop\u0113jais platums (cm ) 11,5 Veidlapas N\u0101kamais T\u0113rauda kr\u0101sa<\/p>\n","protected":false},"featured_media":80008,"comment_status":"open","ping_status":"closed","template":"","meta":{"_acf_changed":false,"pmpro_default_level":""},"product_brand":[],"product_cat":[24072],"product_tag":[],"class_list":{"0":"post-139358","1":"product","2":"type-product","3":"status-publish","4":"has-post-thumbnail","6":"product_cat-cuguna-plaksnes","7":"pmpro-has-access","9":"first","10":"instock","11":"shipping-taxable","12":"purchasable","13":"product-type-simple"},"acf":[],"yoast_head":"<!-- This site is optimized with the Yoast SEO plugin v24.9 - https:\/\/yoast.com\/wordpress\/plugins\/seo\/ -->\n<title>Dekorat\u012bvs \u010duguna galds Tualete - MetalTale.com<\/title>\n<meta name=\"robots\" content=\"index, follow, max-snippet:-1, max-image-preview:large, max-video-preview:-1\" \/>\n<link rel=\"canonical\" href=\"https:\/\/metaltale.com\/lv\/produkts\/dekorativs-cuguna-galds-tualete\/\" \/>\n<meta property=\"og:locale\" content=\"lv_LV\" \/>\n<meta property=\"og:type\" content=\"article\" \/>\n<meta property=\"og:title\" content=\"Dekorat\u012bvs \u010duguna galds Tualete - MetalTale.com\" \/>\n<meta property=\"og:description\" content=\"Modelis 70.342.AI.TO EAN. 5905369920097 Materi\u0101ls Ketus Kop\u0113jais augstums (cm ) 3,2 Kop\u0113jais platums (cm ) 11,5 Veidlapas N\u0101kamais T\u0113rauda kr\u0101sa\" \/>\n<meta property=\"og:url\" content=\"https:\/\/metaltale.com\/lv\/produkts\/dekorativs-cuguna-galds-tualete\/\" \/>\n<meta property=\"og:site_name\" content=\"MetalTale.com\" \/>\n<meta name=\"twitter:card\" content=\"summary_large_image\" \/>\n<meta name=\"twitter:label1\" content=\"Est. reading time\" \/>\n\t<meta name=\"twitter:data1\" content=\"1 minute\" \/>\n<script type=\"application\/ld+json\" class=\"yoast-schema-graph\">{\"@context\":\"https:\/\/schema.org\",\"@graph\":[{\"@type\":\"WebPage\",\"@id\":\"https:\/\/metaltale.com\/lv\/produkts\/dekorativs-cuguna-galds-tualete\/\",\"url\":\"https:\/\/metaltale.com\/lv\/produkts\/dekorativs-cuguna-galds-tualete\/\",\"name\":\"Dekorat\u012bvs \u010duguna galds Tualete - MetalTale.com\",\"isPartOf\":{\"@id\":\"https:\/\/metaltale.com\/lv\/#website\"},\"primaryImageOfPage\":{\"@id\":\"https:\/\/metaltale.com\/lv\/produkts\/dekorativs-cuguna-galds-tualete\/#primaryimage\"},\"image\":{\"@id\":\"https:\/\/metaltale.com\/lv\/produkts\/dekorativs-cuguna-galds-tualete\/#primaryimage\"},\"thumbnailUrl\":\"https:\/\/metaltale.com\/wp-content\/uploads\/2023\/10\/Ketaus-plokx161tx117-TUALETAS.jpg\",\"datePublished\":\"2024-02-13T11:47:04+00:00\",\"breadcrumb\":{\"@id\":\"https:\/\/metaltale.com\/lv\/produkts\/dekorativs-cuguna-galds-tualete\/#breadcrumb\"},\"inLanguage\":\"lv-LV\",\"potentialAction\":[{\"@type\":\"ReadAction\",\"target\":[\"https:\/\/metaltale.com\/lv\/produkts\/dekorativs-cuguna-galds-tualete\/\"]}]},{\"@type\":\"ImageObject\",\"inLanguage\":\"lv-LV\",\"@id\":\"https:\/\/metaltale.com\/lv\/produkts\/dekorativs-cuguna-galds-tualete\/#primaryimage\",\"url\":\"https:\/\/metaltale.com\/wp-content\/uploads\/2023\/10\/Ketaus-plokx161tx117-TUALETAS.jpg\",\"contentUrl\":\"https:\/\/metaltale.com\/wp-content\/uploads\/2023\/10\/Ketaus-plokx161tx117-TUALETAS.jpg\",\"width\":800,\"height\":800},{\"@type\":\"BreadcrumbList\",\"@id\":\"https:\/\/metaltale.com\/lv\/produkts\/dekorativs-cuguna-galds-tualete\/#breadcrumb\",\"itemListElement\":[{\"@type\":\"ListItem\",\"position\":1,\"name\":\"Home\",\"item\":\"https:\/\/metaltale.com\/lv\/majas\/\"},{\"@type\":\"ListItem\",\"position\":2,\"name\":\"Veikals\",\"item\":\"https:\/\/metaltale.com\/lv\/shop\/\"},{\"@type\":\"ListItem\",\"position\":3,\"name\":\"Dekorat\u012bvs \u010duguna galds Tualete\"}]},{\"@type\":\"WebSite\",\"@id\":\"https:\/\/metaltale.com\/lv\/#website\",\"url\":\"https:\/\/metaltale.com\/lv\/\",\"name\":\"Metaltale.com\",\"description\":\"\",\"potentialAction\":[{\"@type\":\"SearchAction\",\"target\":{\"@type\":\"EntryPoint\",\"urlTemplate\":\"https:\/\/metaltale.com\/lv\/?s={search_term_string}\"},\"query-input\":{\"@type\":\"PropertyValueSpecification\",\"valueRequired\":true,\"valueName\":\"search_term_string\"}}],\"inLanguage\":\"lv-LV\"}]}<\/script>\n<!-- \/ Yoast SEO plugin. -->","yoast_head_json":{"title":"Dekorat\u012bvs \u010duguna galds Tualete - MetalTale.com","robots":{"index":"index","follow":"follow","max-snippet":"max-snippet:-1","max-image-preview":"max-image-preview:large","max-video-preview":"max-video-preview:-1"},"canonical":"https:\/\/metaltale.com\/lv\/produkts\/dekorativs-cuguna-galds-tualete\/","og_locale":"lv_LV","og_type":"article","og_title":"Dekorat\u012bvs \u010duguna galds Tualete - MetalTale.com","og_description":"Modelis 70.342.AI.TO EAN. 5905369920097 Materi\u0101ls Ketus Kop\u0113jais augstums (cm ) 3,2 Kop\u0113jais platums (cm ) 11,5 Veidlapas N\u0101kamais T\u0113rauda kr\u0101sa","og_url":"https:\/\/metaltale.com\/lv\/produkts\/dekorativs-cuguna-galds-tualete\/","og_site_name":"MetalTale.com","twitter_card":"summary_large_image","twitter_misc":{"Est. reading time":"1 minute"},"schema":{"@context":"https:\/\/schema.org","@graph":[{"@type":"WebPage","@id":"https:\/\/metaltale.com\/lv\/produkts\/dekorativs-cuguna-galds-tualete\/","url":"https:\/\/metaltale.com\/lv\/produkts\/dekorativs-cuguna-galds-tualete\/","name":"Dekorat\u012bvs \u010duguna galds Tualete - MetalTale.com","isPartOf":{"@id":"https:\/\/metaltale.com\/lv\/#website"},"primaryImageOfPage":{"@id":"https:\/\/metaltale.com\/lv\/produkts\/dekorativs-cuguna-galds-tualete\/#primaryimage"},"image":{"@id":"https:\/\/metaltale.com\/lv\/produkts\/dekorativs-cuguna-galds-tualete\/#primaryimage"},"thumbnailUrl":"https:\/\/metaltale.com\/wp-content\/uploads\/2023\/10\/Ketaus-plokx161tx117-TUALETAS.jpg","datePublished":"2024-02-13T11:47:04+00:00","breadcrumb":{"@id":"https:\/\/metaltale.com\/lv\/produkts\/dekorativs-cuguna-galds-tualete\/#breadcrumb"},"inLanguage":"lv-LV","potentialAction":[{"@type":"ReadAction","target":["https:\/\/metaltale.com\/lv\/produkts\/dekorativs-cuguna-galds-tualete\/"]}]},{"@type":"ImageObject","inLanguage":"lv-LV","@id":"https:\/\/metaltale.com\/lv\/produkts\/dekorativs-cuguna-galds-tualete\/#primaryimage","url":"https:\/\/metaltale.com\/wp-content\/uploads\/2023\/10\/Ketaus-plokx161tx117-TUALETAS.jpg","contentUrl":"https:\/\/metaltale.com\/wp-content\/uploads\/2023\/10\/Ketaus-plokx161tx117-TUALETAS.jpg","width":800,"height":800},{"@type":"BreadcrumbList","@id":"https:\/\/metaltale.com\/lv\/produkts\/dekorativs-cuguna-galds-tualete\/#breadcrumb","itemListElement":[{"@type":"ListItem","position":1,"name":"Home","item":"https:\/\/metaltale.com\/lv\/majas\/"},{"@type":"ListItem","position":2,"name":"Veikals","item":"https:\/\/metaltale.com\/lv\/shop\/"},{"@type":"ListItem","position":3,"name":"Dekorat\u012bvs \u010duguna galds Tualete"}]},{"@type":"WebSite","@id":"https:\/\/metaltale.com\/lv\/#website","url":"https:\/\/metaltale.com\/lv\/","name":"Metaltale.com","description":"","potentialAction":[{"@type":"SearchAction","target":{"@type":"EntryPoint","urlTemplate":"https:\/\/metaltale.com\/lv\/?s={search_term_string}"},"query-input":{"@type":"PropertyValueSpecification","valueRequired":true,"valueName":"search_term_string"}}],"inLanguage":"lv-LV"}]}},"_links":{"self":[{"href":"https:\/\/metaltale.com\/lv\/wp-json\/wp\/v2\/product\/139358","targetHints":{"allow":["GET"]}}],"collection":[{"href":"https:\/\/metaltale.com\/lv\/wp-json\/wp\/v2\/product"}],"about":[{"href":"https:\/\/metaltale.com\/lv\/wp-json\/wp\/v2\/types\/product"}],"replies":[{"embeddable":true,"href":"https:\/\/metaltale.com\/lv\/wp-json\/wp\/v2\/comments?post=139358"}],"version-history":[{"count":0,"href":"https:\/\/metaltale.com\/lv\/wp-json\/wp\/v2\/product\/139358\/revisions"}],"wp:featuredmedia":[{"embeddable":true,"href":"https:\/\/metaltale.com\/lv\/wp-json\/wp\/v2\/media\/80008"}],"wp:attachment":[{"href":"https:\/\/metaltale.com\/lv\/wp-json\/wp\/v2\/media?parent=139358"}],"wp:term":[{"taxonomy":"product_brand","embeddable":true,"href":"https:\/\/metaltale.com\/lv\/wp-json\/wp\/v2\/product_brand?post=139358"},{"taxonomy":"product_cat","embeddable":true,"href":"https:\/\/metaltale.com\/lv\/wp-json\/wp\/v2\/product_cat?post=139358"},{"taxonomy":"product_tag","embeddable":true,"href":"https:\/\/metaltale.com\/lv\/wp-json\/wp\/v2\/product_tag?post=139358"}],"curies":[{"name":"wp","href":"https:\/\/api.w.org\/{rel}","templated":true}]}}