{"id":139356,"date":"2024-02-13T13:47:04","date_gmt":"2024-02-13T11:47:04","guid":{"rendered":"https:\/\/metaltale.com\/produktas\/dekorativs-cuguna-galds-tualete-2\/"},"modified":"2024-02-13T13:47:04","modified_gmt":"2024-02-13T11:47:04","slug":"dekorativs-cuguna-galds-tualete-2","status":"publish","type":"product","link":"https:\/\/metaltale.com\/lv\/produkts\/dekorativs-cuguna-galds-tualete-2\/","title":{"rendered":"Dekorat\u012bvs \u010duguna galds Tualete 2"},"content":{"rendered":"<div class=\"prod_data\"><strong>Modelis<\/strong> 49.342.AI. TOA  <br \/><strong>EAN.<\/strong>  5905369920073  <br \/><strong>Materi\u0101ls<\/strong> Ketus  <br \/>Kop\u0113jais augstums (cm ) 6,5 <br \/>Kop\u0113jais platums (cm ) 16,5 <br \/><strong>Veidlapas<\/strong> N\u0101kamais  <br \/>T\u0113rauda kr\u0101sa <\/p>\n<p><strong>Tualetes panelis<\/strong> ir paredz\u0113ts, lai \u0113rti mar\u0137\u0113tu publiski lietojamo tuale\u0161u durvis. Tas lieliski papildin\u0101s interjera <strong>retro<\/strong> izskatu.  <\/p>\n<p>Augst\u0101 emblemas kvalit\u0101te noz\u012bm\u0113, ka fontu var saskat\u012bt pat no liela att\u0101luma, Uzraksts ir apvilkts ar apk\u0101rt\u0113jo apmali, kas noteikti izcels un izcels uz embl\u0113mas redzamo v\u0113st\u012bjumu, garant\u0113jot t\u0101s unik\u0101lo stilu un unik\u0101lo un funkcion\u0101lo raksturu labi paz\u012bstam\u0101 retro stil\u0101.<\/p>\n<\/p>\n<p>No l\u0113juma izgatavotas embl\u0113mas ir vismaz 4 reizes iztur\u012bg\u0101kas nek\u0101 l\u012bdz\u012bgi pane\u013ci, kas izgatavoti no plastmasas.<\/p>\n<\/div>\n","protected":false},"excerpt":{"rendered":"<p>Modelis 49.342.AI. TOA EAN. 5905369920073 Materi\u0101ls Ketus Kop\u0113jais augstums (cm ) 6,5 Kop\u0113jais platums (cm ) 16,5 Veidlapas N\u0101kamais T\u0113rauda<\/p>\n","protected":false},"featured_media":79945,"comment_status":"open","ping_status":"closed","template":"","meta":{"_acf_changed":false,"pmpro_default_level":""},"product_brand":[],"product_cat":[24072],"product_tag":[],"class_list":{"0":"post-139356","1":"product","2":"type-product","3":"status-publish","4":"has-post-thumbnail","6":"product_cat-cuguna-plaksnes","7":"pmpro-has-access","9":"first","10":"instock","11":"shipping-taxable","12":"purchasable","13":"product-type-simple"},"acf":[],"yoast_head":"<!-- This site is optimized with the Yoast SEO plugin v24.9 - https:\/\/yoast.com\/wordpress\/plugins\/seo\/ -->\n<title>Dekorat\u012bvs \u010duguna galds Tualete 2 - MetalTale.com<\/title>\n<meta name=\"robots\" content=\"index, follow, max-snippet:-1, max-image-preview:large, max-video-preview:-1\" \/>\n<link rel=\"canonical\" href=\"https:\/\/metaltale.com\/lv\/produkts\/dekorativs-cuguna-galds-tualete-2\/\" \/>\n<meta property=\"og:locale\" content=\"lv_LV\" \/>\n<meta property=\"og:type\" content=\"article\" \/>\n<meta property=\"og:title\" content=\"Dekorat\u012bvs \u010duguna galds Tualete 2 - MetalTale.com\" \/>\n<meta property=\"og:description\" content=\"Modelis 49.342.AI. TOA EAN. 5905369920073 Materi\u0101ls Ketus Kop\u0113jais augstums (cm ) 6,5 Kop\u0113jais platums (cm ) 16,5 Veidlapas N\u0101kamais T\u0113rauda\" \/>\n<meta property=\"og:url\" content=\"https:\/\/metaltale.com\/lv\/produkts\/dekorativs-cuguna-galds-tualete-2\/\" \/>\n<meta property=\"og:site_name\" content=\"MetalTale.com\" \/>\n<meta name=\"twitter:card\" content=\"summary_large_image\" \/>\n<meta name=\"twitter:label1\" content=\"Est. reading time\" \/>\n\t<meta name=\"twitter:data1\" content=\"1 minute\" \/>\n<script type=\"application\/ld+json\" class=\"yoast-schema-graph\">{\"@context\":\"https:\/\/schema.org\",\"@graph\":[{\"@type\":\"WebPage\",\"@id\":\"https:\/\/metaltale.com\/lv\/produkts\/dekorativs-cuguna-galds-tualete-2\/\",\"url\":\"https:\/\/metaltale.com\/lv\/produkts\/dekorativs-cuguna-galds-tualete-2\/\",\"name\":\"Dekorat\u012bvs \u010duguna galds Tualete 2 - MetalTale.com\",\"isPartOf\":{\"@id\":\"https:\/\/metaltale.com\/lv\/#website\"},\"primaryImageOfPage\":{\"@id\":\"https:\/\/metaltale.com\/lv\/produkts\/dekorativs-cuguna-galds-tualete-2\/#primaryimage\"},\"image\":{\"@id\":\"https:\/\/metaltale.com\/lv\/produkts\/dekorativs-cuguna-galds-tualete-2\/#primaryimage\"},\"thumbnailUrl\":\"https:\/\/metaltale.com\/wp-content\/uploads\/2023\/10\/Ketaus-plokx161tx117-TUALETAS-1.jpg\",\"datePublished\":\"2024-02-13T11:47:04+00:00\",\"breadcrumb\":{\"@id\":\"https:\/\/metaltale.com\/lv\/produkts\/dekorativs-cuguna-galds-tualete-2\/#breadcrumb\"},\"inLanguage\":\"lv-LV\",\"potentialAction\":[{\"@type\":\"ReadAction\",\"target\":[\"https:\/\/metaltale.com\/lv\/produkts\/dekorativs-cuguna-galds-tualete-2\/\"]}]},{\"@type\":\"ImageObject\",\"inLanguage\":\"lv-LV\",\"@id\":\"https:\/\/metaltale.com\/lv\/produkts\/dekorativs-cuguna-galds-tualete-2\/#primaryimage\",\"url\":\"https:\/\/metaltale.com\/wp-content\/uploads\/2023\/10\/Ketaus-plokx161tx117-TUALETAS-1.jpg\",\"contentUrl\":\"https:\/\/metaltale.com\/wp-content\/uploads\/2023\/10\/Ketaus-plokx161tx117-TUALETAS-1.jpg\",\"width\":800,\"height\":800},{\"@type\":\"BreadcrumbList\",\"@id\":\"https:\/\/metaltale.com\/lv\/produkts\/dekorativs-cuguna-galds-tualete-2\/#breadcrumb\",\"itemListElement\":[{\"@type\":\"ListItem\",\"position\":1,\"name\":\"Home\",\"item\":\"https:\/\/metaltale.com\/lv\/majas\/\"},{\"@type\":\"ListItem\",\"position\":2,\"name\":\"Veikals\",\"item\":\"https:\/\/metaltale.com\/lv\/shop\/\"},{\"@type\":\"ListItem\",\"position\":3,\"name\":\"Dekorat\u012bvs \u010duguna galds Tualete 2\"}]},{\"@type\":\"WebSite\",\"@id\":\"https:\/\/metaltale.com\/lv\/#website\",\"url\":\"https:\/\/metaltale.com\/lv\/\",\"name\":\"Metaltale.com\",\"description\":\"\",\"potentialAction\":[{\"@type\":\"SearchAction\",\"target\":{\"@type\":\"EntryPoint\",\"urlTemplate\":\"https:\/\/metaltale.com\/lv\/?s={search_term_string}\"},\"query-input\":{\"@type\":\"PropertyValueSpecification\",\"valueRequired\":true,\"valueName\":\"search_term_string\"}}],\"inLanguage\":\"lv-LV\"}]}<\/script>\n<!-- \/ Yoast SEO plugin. -->","yoast_head_json":{"title":"Dekorat\u012bvs \u010duguna galds Tualete 2 - MetalTale.com","robots":{"index":"index","follow":"follow","max-snippet":"max-snippet:-1","max-image-preview":"max-image-preview:large","max-video-preview":"max-video-preview:-1"},"canonical":"https:\/\/metaltale.com\/lv\/produkts\/dekorativs-cuguna-galds-tualete-2\/","og_locale":"lv_LV","og_type":"article","og_title":"Dekorat\u012bvs \u010duguna galds Tualete 2 - MetalTale.com","og_description":"Modelis 49.342.AI. TOA EAN. 5905369920073 Materi\u0101ls Ketus Kop\u0113jais augstums (cm ) 6,5 Kop\u0113jais platums (cm ) 16,5 Veidlapas N\u0101kamais T\u0113rauda","og_url":"https:\/\/metaltale.com\/lv\/produkts\/dekorativs-cuguna-galds-tualete-2\/","og_site_name":"MetalTale.com","twitter_card":"summary_large_image","twitter_misc":{"Est. reading time":"1 minute"},"schema":{"@context":"https:\/\/schema.org","@graph":[{"@type":"WebPage","@id":"https:\/\/metaltale.com\/lv\/produkts\/dekorativs-cuguna-galds-tualete-2\/","url":"https:\/\/metaltale.com\/lv\/produkts\/dekorativs-cuguna-galds-tualete-2\/","name":"Dekorat\u012bvs \u010duguna galds Tualete 2 - MetalTale.com","isPartOf":{"@id":"https:\/\/metaltale.com\/lv\/#website"},"primaryImageOfPage":{"@id":"https:\/\/metaltale.com\/lv\/produkts\/dekorativs-cuguna-galds-tualete-2\/#primaryimage"},"image":{"@id":"https:\/\/metaltale.com\/lv\/produkts\/dekorativs-cuguna-galds-tualete-2\/#primaryimage"},"thumbnailUrl":"https:\/\/metaltale.com\/wp-content\/uploads\/2023\/10\/Ketaus-plokx161tx117-TUALETAS-1.jpg","datePublished":"2024-02-13T11:47:04+00:00","breadcrumb":{"@id":"https:\/\/metaltale.com\/lv\/produkts\/dekorativs-cuguna-galds-tualete-2\/#breadcrumb"},"inLanguage":"lv-LV","potentialAction":[{"@type":"ReadAction","target":["https:\/\/metaltale.com\/lv\/produkts\/dekorativs-cuguna-galds-tualete-2\/"]}]},{"@type":"ImageObject","inLanguage":"lv-LV","@id":"https:\/\/metaltale.com\/lv\/produkts\/dekorativs-cuguna-galds-tualete-2\/#primaryimage","url":"https:\/\/metaltale.com\/wp-content\/uploads\/2023\/10\/Ketaus-plokx161tx117-TUALETAS-1.jpg","contentUrl":"https:\/\/metaltale.com\/wp-content\/uploads\/2023\/10\/Ketaus-plokx161tx117-TUALETAS-1.jpg","width":800,"height":800},{"@type":"BreadcrumbList","@id":"https:\/\/metaltale.com\/lv\/produkts\/dekorativs-cuguna-galds-tualete-2\/#breadcrumb","itemListElement":[{"@type":"ListItem","position":1,"name":"Home","item":"https:\/\/metaltale.com\/lv\/majas\/"},{"@type":"ListItem","position":2,"name":"Veikals","item":"https:\/\/metaltale.com\/lv\/shop\/"},{"@type":"ListItem","position":3,"name":"Dekorat\u012bvs \u010duguna galds Tualete 2"}]},{"@type":"WebSite","@id":"https:\/\/metaltale.com\/lv\/#website","url":"https:\/\/metaltale.com\/lv\/","name":"Metaltale.com","description":"","potentialAction":[{"@type":"SearchAction","target":{"@type":"EntryPoint","urlTemplate":"https:\/\/metaltale.com\/lv\/?s={search_term_string}"},"query-input":{"@type":"PropertyValueSpecification","valueRequired":true,"valueName":"search_term_string"}}],"inLanguage":"lv-LV"}]}},"_links":{"self":[{"href":"https:\/\/metaltale.com\/lv\/wp-json\/wp\/v2\/product\/139356","targetHints":{"allow":["GET"]}}],"collection":[{"href":"https:\/\/metaltale.com\/lv\/wp-json\/wp\/v2\/product"}],"about":[{"href":"https:\/\/metaltale.com\/lv\/wp-json\/wp\/v2\/types\/product"}],"replies":[{"embeddable":true,"href":"https:\/\/metaltale.com\/lv\/wp-json\/wp\/v2\/comments?post=139356"}],"version-history":[{"count":0,"href":"https:\/\/metaltale.com\/lv\/wp-json\/wp\/v2\/product\/139356\/revisions"}],"wp:featuredmedia":[{"embeddable":true,"href":"https:\/\/metaltale.com\/lv\/wp-json\/wp\/v2\/media\/79945"}],"wp:attachment":[{"href":"https:\/\/metaltale.com\/lv\/wp-json\/wp\/v2\/media?parent=139356"}],"wp:term":[{"taxonomy":"product_brand","embeddable":true,"href":"https:\/\/metaltale.com\/lv\/wp-json\/wp\/v2\/product_brand?post=139356"},{"taxonomy":"product_cat","embeddable":true,"href":"https:\/\/metaltale.com\/lv\/wp-json\/wp\/v2\/product_cat?post=139356"},{"taxonomy":"product_tag","embeddable":true,"href":"https:\/\/metaltale.com\/lv\/wp-json\/wp\/v2\/product_tag?post=139356"}],"curies":[{"name":"wp","href":"https:\/\/api.w.org\/{rel}","templated":true}]}}