{"id":139351,"date":"2024-02-13T13:47:04","date_gmt":"2024-02-13T11:47:04","guid":{"rendered":"https:\/\/metaltale.com\/produktas\/dekorativa-plaksnite-no-cuguna-tualete\/"},"modified":"2024-02-13T13:47:04","modified_gmt":"2024-02-13T11:47:04","slug":"dekorativa-plaksnite-no-cuguna-tualete","status":"publish","type":"product","link":"https:\/\/metaltale.com\/lv\/produkts\/dekorativa-plaksnite-no-cuguna-tualete\/","title":{"rendered":"Dekorat\u012bva pl\u0101ksn\u012bte no \u010duguna Tualete"},"content":{"rendered":"<div class=\"prod_data\"><strong>Modelis<\/strong> 49.342T. AI.150 <br \/><strong>EAN.<\/strong>  5905369920080  <br \/><strong>Materi\u0101ls<\/strong> Ketus  <br \/><strong>Biezums (cm<\/strong> ) 0,5  <br \/>Kop\u0113jais augstums (cm ) 6,5 <br \/>Kop\u0113jais platums (cm ) 17 <br \/><strong>Veidlapas<\/strong> N\u0101kamais  <br \/>T\u0113rauda kr\u0101sa <\/p>\n<p><strong>Tualetes z\u012bme<\/strong> ir lielisks veids, k\u0101 izmantot lauku aksesu\u0101rus sabiedriskajos interjeros, piem\u0113ram, kafejn\u012bc\u0101s, b\u0101ros vai restor\u0101nos.  <\/p>\n<p>  Emblemas forma atg\u0101dina elipsi, kas ir \u013coti specifisks faktors retro rot\u0101jumos. Prec\u012bza apstr\u0101de nodro\u0161ina augstu kvalit\u0101ti un uzrakstu salas\u0101m\u012bbu. Emblema ir izgatavota no augst\u0101k\u0101s kvalit\u0101tes \u010duguna, t\u0101p\u0113c t\u0101 saglab\u0101sies neboj\u0101ta vis\u0101 lieto\u0161anas laik\u0101.<\/p>\n<p>No l\u0113juma izgatavotas embl\u0113mas ir vismaz 4 reizes iztur\u012bg\u0101kas nek\u0101 l\u012bdz\u012bgi pane\u013ci, kas izgatavoti no plastmasas.<\/p>\n<p>Laipni l\u016bgti m\u016bsu lauku rokturu veikala galvenaj\u0101 lap\u0101, kur varat iepaz\u012bties ar m\u016bsu m\u0113be\u013cu piederumu, m\u0113be\u013cu rokturu un m\u0113be\u013cu furnit\u016bras pied\u0101v\u0101jumu.<\/p>\n<\/div>\n","protected":false},"excerpt":{"rendered":"<p>Modelis 49.342T. AI.150 EAN. 5905369920080 Materi\u0101ls Ketus Biezums (cm ) 0,5 Kop\u0113jais augstums (cm ) 6,5 Kop\u0113jais platums (cm )<\/p>\n","protected":false},"featured_media":79978,"comment_status":"open","ping_status":"closed","template":"","meta":{"_acf_changed":false,"pmpro_default_level":""},"product_brand":[],"product_cat":[24072],"product_tag":[],"class_list":{"0":"post-139351","1":"product","2":"type-product","3":"status-publish","4":"has-post-thumbnail","6":"product_cat-cuguna-plaksnes","7":"pmpro-has-access","9":"first","10":"instock","11":"shipping-taxable","12":"purchasable","13":"product-type-simple"},"acf":[],"yoast_head":"<!-- This site is optimized with the Yoast SEO plugin v24.9 - https:\/\/yoast.com\/wordpress\/plugins\/seo\/ -->\n<title>Dekorat\u012bva pl\u0101ksn\u012bte no \u010duguna Tualete - MetalTale.com<\/title>\n<meta name=\"robots\" content=\"index, follow, max-snippet:-1, max-image-preview:large, max-video-preview:-1\" \/>\n<link rel=\"canonical\" href=\"https:\/\/metaltale.com\/lv\/produkts\/dekorativa-plaksnite-no-cuguna-tualete\/\" \/>\n<meta property=\"og:locale\" content=\"lv_LV\" \/>\n<meta property=\"og:type\" content=\"article\" \/>\n<meta property=\"og:title\" content=\"Dekorat\u012bva pl\u0101ksn\u012bte no \u010duguna Tualete - MetalTale.com\" \/>\n<meta property=\"og:description\" content=\"Modelis 49.342T. AI.150 EAN. 5905369920080 Materi\u0101ls Ketus Biezums (cm ) 0,5 Kop\u0113jais augstums (cm ) 6,5 Kop\u0113jais platums (cm )\" \/>\n<meta property=\"og:url\" content=\"https:\/\/metaltale.com\/lv\/produkts\/dekorativa-plaksnite-no-cuguna-tualete\/\" \/>\n<meta property=\"og:site_name\" content=\"MetalTale.com\" \/>\n<meta name=\"twitter:card\" content=\"summary_large_image\" \/>\n<meta name=\"twitter:label1\" content=\"Est. reading time\" \/>\n\t<meta name=\"twitter:data1\" content=\"1 minute\" \/>\n<script type=\"application\/ld+json\" class=\"yoast-schema-graph\">{\"@context\":\"https:\/\/schema.org\",\"@graph\":[{\"@type\":\"WebPage\",\"@id\":\"https:\/\/metaltale.com\/lv\/produkts\/dekorativa-plaksnite-no-cuguna-tualete\/\",\"url\":\"https:\/\/metaltale.com\/lv\/produkts\/dekorativa-plaksnite-no-cuguna-tualete\/\",\"name\":\"Dekorat\u012bva pl\u0101ksn\u012bte no \u010duguna Tualete - MetalTale.com\",\"isPartOf\":{\"@id\":\"https:\/\/metaltale.com\/lv\/#website\"},\"primaryImageOfPage\":{\"@id\":\"https:\/\/metaltale.com\/lv\/produkts\/dekorativa-plaksnite-no-cuguna-tualete\/#primaryimage\"},\"image\":{\"@id\":\"https:\/\/metaltale.com\/lv\/produkts\/dekorativa-plaksnite-no-cuguna-tualete\/#primaryimage\"},\"thumbnailUrl\":\"https:\/\/metaltale.com\/wp-content\/uploads\/2023\/10\/Ketaus-plokx161tx117-TUALETAS-2.jpg\",\"datePublished\":\"2024-02-13T11:47:04+00:00\",\"breadcrumb\":{\"@id\":\"https:\/\/metaltale.com\/lv\/produkts\/dekorativa-plaksnite-no-cuguna-tualete\/#breadcrumb\"},\"inLanguage\":\"lv-LV\",\"potentialAction\":[{\"@type\":\"ReadAction\",\"target\":[\"https:\/\/metaltale.com\/lv\/produkts\/dekorativa-plaksnite-no-cuguna-tualete\/\"]}]},{\"@type\":\"ImageObject\",\"inLanguage\":\"lv-LV\",\"@id\":\"https:\/\/metaltale.com\/lv\/produkts\/dekorativa-plaksnite-no-cuguna-tualete\/#primaryimage\",\"url\":\"https:\/\/metaltale.com\/wp-content\/uploads\/2023\/10\/Ketaus-plokx161tx117-TUALETAS-2.jpg\",\"contentUrl\":\"https:\/\/metaltale.com\/wp-content\/uploads\/2023\/10\/Ketaus-plokx161tx117-TUALETAS-2.jpg\",\"width\":800,\"height\":800},{\"@type\":\"BreadcrumbList\",\"@id\":\"https:\/\/metaltale.com\/lv\/produkts\/dekorativa-plaksnite-no-cuguna-tualete\/#breadcrumb\",\"itemListElement\":[{\"@type\":\"ListItem\",\"position\":1,\"name\":\"Home\",\"item\":\"https:\/\/metaltale.com\/lv\/majas\/\"},{\"@type\":\"ListItem\",\"position\":2,\"name\":\"Veikals\",\"item\":\"https:\/\/metaltale.com\/lv\/shop\/\"},{\"@type\":\"ListItem\",\"position\":3,\"name\":\"Dekorat\u012bva pl\u0101ksn\u012bte no \u010duguna Tualete\"}]},{\"@type\":\"WebSite\",\"@id\":\"https:\/\/metaltale.com\/lv\/#website\",\"url\":\"https:\/\/metaltale.com\/lv\/\",\"name\":\"Metaltale.com\",\"description\":\"\",\"potentialAction\":[{\"@type\":\"SearchAction\",\"target\":{\"@type\":\"EntryPoint\",\"urlTemplate\":\"https:\/\/metaltale.com\/lv\/?s={search_term_string}\"},\"query-input\":{\"@type\":\"PropertyValueSpecification\",\"valueRequired\":true,\"valueName\":\"search_term_string\"}}],\"inLanguage\":\"lv-LV\"}]}<\/script>\n<!-- \/ Yoast SEO plugin. -->","yoast_head_json":{"title":"Dekorat\u012bva pl\u0101ksn\u012bte no \u010duguna Tualete - MetalTale.com","robots":{"index":"index","follow":"follow","max-snippet":"max-snippet:-1","max-image-preview":"max-image-preview:large","max-video-preview":"max-video-preview:-1"},"canonical":"https:\/\/metaltale.com\/lv\/produkts\/dekorativa-plaksnite-no-cuguna-tualete\/","og_locale":"lv_LV","og_type":"article","og_title":"Dekorat\u012bva pl\u0101ksn\u012bte no \u010duguna Tualete - MetalTale.com","og_description":"Modelis 49.342T. AI.150 EAN. 5905369920080 Materi\u0101ls Ketus Biezums (cm ) 0,5 Kop\u0113jais augstums (cm ) 6,5 Kop\u0113jais platums (cm )","og_url":"https:\/\/metaltale.com\/lv\/produkts\/dekorativa-plaksnite-no-cuguna-tualete\/","og_site_name":"MetalTale.com","twitter_card":"summary_large_image","twitter_misc":{"Est. reading time":"1 minute"},"schema":{"@context":"https:\/\/schema.org","@graph":[{"@type":"WebPage","@id":"https:\/\/metaltale.com\/lv\/produkts\/dekorativa-plaksnite-no-cuguna-tualete\/","url":"https:\/\/metaltale.com\/lv\/produkts\/dekorativa-plaksnite-no-cuguna-tualete\/","name":"Dekorat\u012bva pl\u0101ksn\u012bte no \u010duguna Tualete - MetalTale.com","isPartOf":{"@id":"https:\/\/metaltale.com\/lv\/#website"},"primaryImageOfPage":{"@id":"https:\/\/metaltale.com\/lv\/produkts\/dekorativa-plaksnite-no-cuguna-tualete\/#primaryimage"},"image":{"@id":"https:\/\/metaltale.com\/lv\/produkts\/dekorativa-plaksnite-no-cuguna-tualete\/#primaryimage"},"thumbnailUrl":"https:\/\/metaltale.com\/wp-content\/uploads\/2023\/10\/Ketaus-plokx161tx117-TUALETAS-2.jpg","datePublished":"2024-02-13T11:47:04+00:00","breadcrumb":{"@id":"https:\/\/metaltale.com\/lv\/produkts\/dekorativa-plaksnite-no-cuguna-tualete\/#breadcrumb"},"inLanguage":"lv-LV","potentialAction":[{"@type":"ReadAction","target":["https:\/\/metaltale.com\/lv\/produkts\/dekorativa-plaksnite-no-cuguna-tualete\/"]}]},{"@type":"ImageObject","inLanguage":"lv-LV","@id":"https:\/\/metaltale.com\/lv\/produkts\/dekorativa-plaksnite-no-cuguna-tualete\/#primaryimage","url":"https:\/\/metaltale.com\/wp-content\/uploads\/2023\/10\/Ketaus-plokx161tx117-TUALETAS-2.jpg","contentUrl":"https:\/\/metaltale.com\/wp-content\/uploads\/2023\/10\/Ketaus-plokx161tx117-TUALETAS-2.jpg","width":800,"height":800},{"@type":"BreadcrumbList","@id":"https:\/\/metaltale.com\/lv\/produkts\/dekorativa-plaksnite-no-cuguna-tualete\/#breadcrumb","itemListElement":[{"@type":"ListItem","position":1,"name":"Home","item":"https:\/\/metaltale.com\/lv\/majas\/"},{"@type":"ListItem","position":2,"name":"Veikals","item":"https:\/\/metaltale.com\/lv\/shop\/"},{"@type":"ListItem","position":3,"name":"Dekorat\u012bva pl\u0101ksn\u012bte no \u010duguna Tualete"}]},{"@type":"WebSite","@id":"https:\/\/metaltale.com\/lv\/#website","url":"https:\/\/metaltale.com\/lv\/","name":"Metaltale.com","description":"","potentialAction":[{"@type":"SearchAction","target":{"@type":"EntryPoint","urlTemplate":"https:\/\/metaltale.com\/lv\/?s={search_term_string}"},"query-input":{"@type":"PropertyValueSpecification","valueRequired":true,"valueName":"search_term_string"}}],"inLanguage":"lv-LV"}]}},"_links":{"self":[{"href":"https:\/\/metaltale.com\/lv\/wp-json\/wp\/v2\/product\/139351","targetHints":{"allow":["GET"]}}],"collection":[{"href":"https:\/\/metaltale.com\/lv\/wp-json\/wp\/v2\/product"}],"about":[{"href":"https:\/\/metaltale.com\/lv\/wp-json\/wp\/v2\/types\/product"}],"replies":[{"embeddable":true,"href":"https:\/\/metaltale.com\/lv\/wp-json\/wp\/v2\/comments?post=139351"}],"version-history":[{"count":0,"href":"https:\/\/metaltale.com\/lv\/wp-json\/wp\/v2\/product\/139351\/revisions"}],"wp:featuredmedia":[{"embeddable":true,"href":"https:\/\/metaltale.com\/lv\/wp-json\/wp\/v2\/media\/79978"}],"wp:attachment":[{"href":"https:\/\/metaltale.com\/lv\/wp-json\/wp\/v2\/media?parent=139351"}],"wp:term":[{"taxonomy":"product_brand","embeddable":true,"href":"https:\/\/metaltale.com\/lv\/wp-json\/wp\/v2\/product_brand?post=139351"},{"taxonomy":"product_cat","embeddable":true,"href":"https:\/\/metaltale.com\/lv\/wp-json\/wp\/v2\/product_cat?post=139351"},{"taxonomy":"product_tag","embeddable":true,"href":"https:\/\/metaltale.com\/lv\/wp-json\/wp\/v2\/product_tag?post=139351"}],"curies":[{"name":"wp","href":"https:\/\/api.w.org\/{rel}","templated":true}]}}