{"id":139348,"date":"2024-02-13T13:45:44","date_gmt":"2024-02-13T11:45:44","guid":{"rendered":"https:\/\/metaltale.com\/produktas\/gner-cuguna-dekorativa-plaksne\/"},"modified":"2024-02-13T13:45:44","modified_gmt":"2024-02-13T11:45:44","slug":"gner-cuguna-dekorativa-plaksne","status":"publish","type":"product","link":"https:\/\/metaltale.com\/lv\/produkts\/gner-cuguna-dekorativa-plaksne\/","title":{"rendered":"GNER \u010duguna dekorat\u012bv\u0101 pl\u0101ksne"},"content":{"rendered":"<div class=\"prod_data\"><strong>Modelis<\/strong> 01.342A. .AI. GNER  <br \/><strong>EAN.<\/strong>  5905369919916  <br \/><strong>Materi\u0101ls<\/strong> Ketus  <br \/>Kop\u0113jais augstums (cm ) 5 <br \/>Kop\u0113jais platums (cm ) 8,5 <br \/><strong>Forma<\/strong> Ov\u0101ls  <br \/>T\u0113rauda kr\u0101sa <\/p>\n<p><span style=\"color: #000000;\">\u0160\u012b pl\u0101ksne tika veidota retro cien\u012bt\u0101jiem, sav\u0101 simbolism\u0101 atsaucoties uz dzelzce\u013ca zelta laikmetu. Skaidrie un salas\u0101mie uzraksti uz t\u0101 ir rakstur\u012bgi laikmetam, kur\u0101 tika izgatavoti pirmie mode\u013ci.<\/span><\/p>\n<p><span style=\"color: #000000;\">Uz pl\u0101ksn\u012btes ir uzdruk\u0101ts fonts, kas \u013cauj to nolas\u012bt no att\u0101luma, un t\u0101 ir veikta nepiecie\u0161am\u0101 impregn\u0113\u0161ana, lai nodro\u0161in\u0101tu ilgm\u016b\u017e\u012bbu un iztur\u012bbu pret boj\u0101jumiem. Pas\u016bt\u012bjumiem virs 500 gab. m\u0113s pied\u0101v\u0101jam iesp\u0113ju izgatavot grafisku z\u012bmi p\u0113c individu\u0101la pas\u016bt\u012bjuma.<\/span><\/p>\n<\/div>\n","protected":false},"excerpt":{"rendered":"<p>Modelis 01.342A. .AI. GNER EAN. 5905369919916 Materi\u0101ls Ketus Kop\u0113jais augstums (cm ) 5 Kop\u0113jais platums (cm ) 8,5 Forma Ov\u0101ls<\/p>\n","protected":false},"featured_media":97930,"comment_status":"open","ping_status":"closed","template":"","meta":{"_acf_changed":false,"pmpro_default_level":""},"product_brand":[],"product_cat":[24072],"product_tag":[],"class_list":{"0":"post-139348","1":"product","2":"type-product","3":"status-publish","4":"has-post-thumbnail","6":"product_cat-cuguna-plaksnes","7":"pmpro-has-access","9":"first","10":"instock","11":"shipping-taxable","12":"purchasable","13":"product-type-simple"},"acf":[],"yoast_head":"<!-- This site is optimized with the Yoast SEO plugin v24.9 - https:\/\/yoast.com\/wordpress\/plugins\/seo\/ -->\n<title>GNER \u010duguna dekorat\u012bv\u0101 pl\u0101ksne - MetalTale.com<\/title>\n<meta name=\"robots\" content=\"index, follow, max-snippet:-1, max-image-preview:large, max-video-preview:-1\" \/>\n<link rel=\"canonical\" href=\"https:\/\/metaltale.com\/lv\/produkts\/gner-cuguna-dekorativa-plaksne\/\" \/>\n<meta property=\"og:locale\" content=\"lv_LV\" \/>\n<meta property=\"og:type\" content=\"article\" \/>\n<meta property=\"og:title\" content=\"GNER \u010duguna dekorat\u012bv\u0101 pl\u0101ksne - MetalTale.com\" \/>\n<meta property=\"og:description\" content=\"Modelis 01.342A. .AI. GNER EAN. 5905369919916 Materi\u0101ls Ketus Kop\u0113jais augstums (cm ) 5 Kop\u0113jais platums (cm ) 8,5 Forma Ov\u0101ls\" \/>\n<meta property=\"og:url\" content=\"https:\/\/metaltale.com\/lv\/produkts\/gner-cuguna-dekorativa-plaksne\/\" \/>\n<meta property=\"og:site_name\" content=\"MetalTale.com\" \/>\n<meta name=\"twitter:card\" content=\"summary_large_image\" \/>\n<meta name=\"twitter:label1\" content=\"Est. reading time\" \/>\n\t<meta name=\"twitter:data1\" content=\"1 minute\" \/>\n<script type=\"application\/ld+json\" class=\"yoast-schema-graph\">{\"@context\":\"https:\/\/schema.org\",\"@graph\":[{\"@type\":\"WebPage\",\"@id\":\"https:\/\/metaltale.com\/lv\/produkts\/gner-cuguna-dekorativa-plaksne\/\",\"url\":\"https:\/\/metaltale.com\/lv\/produkts\/gner-cuguna-dekorativa-plaksne\/\",\"name\":\"GNER \u010duguna dekorat\u012bv\u0101 pl\u0101ksne - MetalTale.com\",\"isPartOf\":{\"@id\":\"https:\/\/metaltale.com\/lv\/#website\"},\"primaryImageOfPage\":{\"@id\":\"https:\/\/metaltale.com\/lv\/produkts\/gner-cuguna-dekorativa-plaksne\/#primaryimage\"},\"image\":{\"@id\":\"https:\/\/metaltale.com\/lv\/produkts\/gner-cuguna-dekorativa-plaksne\/#primaryimage\"},\"thumbnailUrl\":\"https:\/\/metaltale.com\/wp-content\/uploads\/2023\/11\/Ketaus-plokx161tx117-GNER.jpg\",\"datePublished\":\"2024-02-13T11:45:44+00:00\",\"breadcrumb\":{\"@id\":\"https:\/\/metaltale.com\/lv\/produkts\/gner-cuguna-dekorativa-plaksne\/#breadcrumb\"},\"inLanguage\":\"lv-LV\",\"potentialAction\":[{\"@type\":\"ReadAction\",\"target\":[\"https:\/\/metaltale.com\/lv\/produkts\/gner-cuguna-dekorativa-plaksne\/\"]}]},{\"@type\":\"ImageObject\",\"inLanguage\":\"lv-LV\",\"@id\":\"https:\/\/metaltale.com\/lv\/produkts\/gner-cuguna-dekorativa-plaksne\/#primaryimage\",\"url\":\"https:\/\/metaltale.com\/wp-content\/uploads\/2023\/11\/Ketaus-plokx161tx117-GNER.jpg\",\"contentUrl\":\"https:\/\/metaltale.com\/wp-content\/uploads\/2023\/11\/Ketaus-plokx161tx117-GNER.jpg\",\"width\":800,\"height\":800},{\"@type\":\"BreadcrumbList\",\"@id\":\"https:\/\/metaltale.com\/lv\/produkts\/gner-cuguna-dekorativa-plaksne\/#breadcrumb\",\"itemListElement\":[{\"@type\":\"ListItem\",\"position\":1,\"name\":\"Home\",\"item\":\"https:\/\/metaltale.com\/lv\/majas\/\"},{\"@type\":\"ListItem\",\"position\":2,\"name\":\"Veikals\",\"item\":\"https:\/\/metaltale.com\/lv\/shop\/\"},{\"@type\":\"ListItem\",\"position\":3,\"name\":\"GNER \u010duguna dekorat\u012bv\u0101 pl\u0101ksne\"}]},{\"@type\":\"WebSite\",\"@id\":\"https:\/\/metaltale.com\/lv\/#website\",\"url\":\"https:\/\/metaltale.com\/lv\/\",\"name\":\"Metaltale.com\",\"description\":\"\",\"potentialAction\":[{\"@type\":\"SearchAction\",\"target\":{\"@type\":\"EntryPoint\",\"urlTemplate\":\"https:\/\/metaltale.com\/lv\/?s={search_term_string}\"},\"query-input\":{\"@type\":\"PropertyValueSpecification\",\"valueRequired\":true,\"valueName\":\"search_term_string\"}}],\"inLanguage\":\"lv-LV\"}]}<\/script>\n<!-- \/ Yoast SEO plugin. -->","yoast_head_json":{"title":"GNER \u010duguna dekorat\u012bv\u0101 pl\u0101ksne - MetalTale.com","robots":{"index":"index","follow":"follow","max-snippet":"max-snippet:-1","max-image-preview":"max-image-preview:large","max-video-preview":"max-video-preview:-1"},"canonical":"https:\/\/metaltale.com\/lv\/produkts\/gner-cuguna-dekorativa-plaksne\/","og_locale":"lv_LV","og_type":"article","og_title":"GNER \u010duguna dekorat\u012bv\u0101 pl\u0101ksne - MetalTale.com","og_description":"Modelis 01.342A. .AI. GNER EAN. 5905369919916 Materi\u0101ls Ketus Kop\u0113jais augstums (cm ) 5 Kop\u0113jais platums (cm ) 8,5 Forma Ov\u0101ls","og_url":"https:\/\/metaltale.com\/lv\/produkts\/gner-cuguna-dekorativa-plaksne\/","og_site_name":"MetalTale.com","twitter_card":"summary_large_image","twitter_misc":{"Est. reading time":"1 minute"},"schema":{"@context":"https:\/\/schema.org","@graph":[{"@type":"WebPage","@id":"https:\/\/metaltale.com\/lv\/produkts\/gner-cuguna-dekorativa-plaksne\/","url":"https:\/\/metaltale.com\/lv\/produkts\/gner-cuguna-dekorativa-plaksne\/","name":"GNER \u010duguna dekorat\u012bv\u0101 pl\u0101ksne - MetalTale.com","isPartOf":{"@id":"https:\/\/metaltale.com\/lv\/#website"},"primaryImageOfPage":{"@id":"https:\/\/metaltale.com\/lv\/produkts\/gner-cuguna-dekorativa-plaksne\/#primaryimage"},"image":{"@id":"https:\/\/metaltale.com\/lv\/produkts\/gner-cuguna-dekorativa-plaksne\/#primaryimage"},"thumbnailUrl":"https:\/\/metaltale.com\/wp-content\/uploads\/2023\/11\/Ketaus-plokx161tx117-GNER.jpg","datePublished":"2024-02-13T11:45:44+00:00","breadcrumb":{"@id":"https:\/\/metaltale.com\/lv\/produkts\/gner-cuguna-dekorativa-plaksne\/#breadcrumb"},"inLanguage":"lv-LV","potentialAction":[{"@type":"ReadAction","target":["https:\/\/metaltale.com\/lv\/produkts\/gner-cuguna-dekorativa-plaksne\/"]}]},{"@type":"ImageObject","inLanguage":"lv-LV","@id":"https:\/\/metaltale.com\/lv\/produkts\/gner-cuguna-dekorativa-plaksne\/#primaryimage","url":"https:\/\/metaltale.com\/wp-content\/uploads\/2023\/11\/Ketaus-plokx161tx117-GNER.jpg","contentUrl":"https:\/\/metaltale.com\/wp-content\/uploads\/2023\/11\/Ketaus-plokx161tx117-GNER.jpg","width":800,"height":800},{"@type":"BreadcrumbList","@id":"https:\/\/metaltale.com\/lv\/produkts\/gner-cuguna-dekorativa-plaksne\/#breadcrumb","itemListElement":[{"@type":"ListItem","position":1,"name":"Home","item":"https:\/\/metaltale.com\/lv\/majas\/"},{"@type":"ListItem","position":2,"name":"Veikals","item":"https:\/\/metaltale.com\/lv\/shop\/"},{"@type":"ListItem","position":3,"name":"GNER \u010duguna dekorat\u012bv\u0101 pl\u0101ksne"}]},{"@type":"WebSite","@id":"https:\/\/metaltale.com\/lv\/#website","url":"https:\/\/metaltale.com\/lv\/","name":"Metaltale.com","description":"","potentialAction":[{"@type":"SearchAction","target":{"@type":"EntryPoint","urlTemplate":"https:\/\/metaltale.com\/lv\/?s={search_term_string}"},"query-input":{"@type":"PropertyValueSpecification","valueRequired":true,"valueName":"search_term_string"}}],"inLanguage":"lv-LV"}]}},"_links":{"self":[{"href":"https:\/\/metaltale.com\/lv\/wp-json\/wp\/v2\/product\/139348","targetHints":{"allow":["GET"]}}],"collection":[{"href":"https:\/\/metaltale.com\/lv\/wp-json\/wp\/v2\/product"}],"about":[{"href":"https:\/\/metaltale.com\/lv\/wp-json\/wp\/v2\/types\/product"}],"replies":[{"embeddable":true,"href":"https:\/\/metaltale.com\/lv\/wp-json\/wp\/v2\/comments?post=139348"}],"version-history":[{"count":0,"href":"https:\/\/metaltale.com\/lv\/wp-json\/wp\/v2\/product\/139348\/revisions"}],"wp:featuredmedia":[{"embeddable":true,"href":"https:\/\/metaltale.com\/lv\/wp-json\/wp\/v2\/media\/97930"}],"wp:attachment":[{"href":"https:\/\/metaltale.com\/lv\/wp-json\/wp\/v2\/media?parent=139348"}],"wp:term":[{"taxonomy":"product_brand","embeddable":true,"href":"https:\/\/metaltale.com\/lv\/wp-json\/wp\/v2\/product_brand?post=139348"},{"taxonomy":"product_cat","embeddable":true,"href":"https:\/\/metaltale.com\/lv\/wp-json\/wp\/v2\/product_cat?post=139348"},{"taxonomy":"product_tag","embeddable":true,"href":"https:\/\/metaltale.com\/lv\/wp-json\/wp\/v2\/product_tag?post=139348"}],"curies":[{"name":"wp","href":"https:\/\/api.w.org\/{rel}","templated":true}]}}