{"id":139334,"date":"2024-02-13T13:45:44","date_gmt":"2024-02-13T11:45:44","guid":{"rendered":"https:\/\/metaltale.com\/produktas\/dekorativa-cuguna-plaksnite-ludzamies-saistit-vartus\/"},"modified":"2024-02-13T13:45:44","modified_gmt":"2024-02-13T11:45:44","slug":"dekorativa-cuguna-plaksnite-ludzamies-saistit-vartus","status":"publish","type":"product","link":"https:\/\/metaltale.com\/lv\/produkts\/dekorativa-cuguna-plaksnite-ludzamies-saistit-vartus\/","title":{"rendered":"Dekorat\u012bva \u010duguna pl\u0101ksn\u012bte L\u016aDZAMIES SAIST\u012aT V\u0100RTUS"},"content":{"rendered":"<div class=\"prod_data\"><strong>Modelis<\/strong> 01.342.AI. VARTAI  <br \/><strong>EAN.<\/strong>  5905369920158  <br \/><strong>Materi\u0101ls<\/strong> Ketus  <br \/><strong>Kop\u0113jais augstums (cm<\/strong> ) 9  <br \/><strong>Kop\u0113jais platums (cm<\/strong> ) 18  <br \/><strong>Forma<\/strong> Ov\u0101ls  <br \/>T\u0113rauda kr\u0101sa <\/p>\n<p><span style=\"font-size: medium;\"><strong>Z\u012bme &#8220;L\u016bdzu, aizveriet v\u0101rtus&#8221;<\/strong> labi darbojas sabiedrisk\u0101s viet\u0101s.  <\/span><\/p>\n<p><span style=\"font-size: medium;\">Cietais \u010duguna l\u0113jums, kas ir pien\u0101c\u012bgi impregn\u0113ts, padara embl\u0113mu ide\u0101li piem\u0113rotu \u0101r\u0113jai lieto\u0161anai. T\u0101 ir \u013coti iztur\u012bga un notur\u012bga pret laikapst\u0101k\u013ciem, piem\u0113ram, r\u016bsu. Emblema ir apr\u012bkota ar \u0137\u0113di, kas atvieglo \u0101tru mont\u0101\u017eu un iesp\u0113jamo demont\u0101\u017eu. \u0160rifts ir izv\u0113l\u0113ts t\u0101, lai v\u0113st\u012bjumu var\u0113tu bez gr\u016bt\u012bb\u0101m izlas\u012bt pat no liela att\u0101luma.<\/span><\/p>\n<\/div>\n","protected":false},"excerpt":{"rendered":"<p>Modelis 01.342.AI. VARTAI EAN. 5905369920158 Materi\u0101ls Ketus Kop\u0113jais augstums (cm ) 9 Kop\u0113jais platums (cm ) 18 Forma Ov\u0101ls T\u0113rauda<\/p>\n","protected":false},"featured_media":79912,"comment_status":"open","ping_status":"closed","template":"","meta":{"_acf_changed":false,"pmpro_default_level":""},"product_brand":[],"product_cat":[24072],"product_tag":[],"class_list":{"0":"post-139334","1":"product","2":"type-product","3":"status-publish","4":"has-post-thumbnail","6":"product_cat-cuguna-plaksnes","7":"pmpro-has-access","9":"first","10":"instock","11":"shipping-taxable","12":"purchasable","13":"product-type-simple"},"acf":[],"yoast_head":"<!-- This site is optimized with the Yoast SEO plugin v24.9 - https:\/\/yoast.com\/wordpress\/plugins\/seo\/ -->\n<title>Dekorat\u012bva \u010duguna pl\u0101ksn\u012bte L\u016aDZAMIES SAIST\u012aT V\u0100RTUS - MetalTale.com<\/title>\n<meta name=\"robots\" content=\"index, follow, max-snippet:-1, max-image-preview:large, max-video-preview:-1\" \/>\n<link rel=\"canonical\" href=\"https:\/\/metaltale.com\/lv\/produkts\/dekorativa-cuguna-plaksnite-ludzamies-saistit-vartus\/\" \/>\n<meta property=\"og:locale\" content=\"lv_LV\" \/>\n<meta property=\"og:type\" content=\"article\" \/>\n<meta property=\"og:title\" content=\"Dekorat\u012bva \u010duguna pl\u0101ksn\u012bte L\u016aDZAMIES SAIST\u012aT V\u0100RTUS - MetalTale.com\" \/>\n<meta property=\"og:description\" content=\"Modelis 01.342.AI. VARTAI EAN. 5905369920158 Materi\u0101ls Ketus Kop\u0113jais augstums (cm ) 9 Kop\u0113jais platums (cm ) 18 Forma Ov\u0101ls T\u0113rauda\" \/>\n<meta property=\"og:url\" content=\"https:\/\/metaltale.com\/lv\/produkts\/dekorativa-cuguna-plaksnite-ludzamies-saistit-vartus\/\" \/>\n<meta property=\"og:site_name\" content=\"MetalTale.com\" \/>\n<meta name=\"twitter:card\" content=\"summary_large_image\" \/>\n<meta name=\"twitter:label1\" content=\"Est. reading time\" \/>\n\t<meta name=\"twitter:data1\" content=\"1 minute\" \/>\n<script type=\"application\/ld+json\" class=\"yoast-schema-graph\">{\"@context\":\"https:\/\/schema.org\",\"@graph\":[{\"@type\":\"WebPage\",\"@id\":\"https:\/\/metaltale.com\/lv\/produkts\/dekorativa-cuguna-plaksnite-ludzamies-saistit-vartus\/\",\"url\":\"https:\/\/metaltale.com\/lv\/produkts\/dekorativa-cuguna-plaksnite-ludzamies-saistit-vartus\/\",\"name\":\"Dekorat\u012bva \u010duguna pl\u0101ksn\u012bte L\u016aDZAMIES SAIST\u012aT V\u0100RTUS - MetalTale.com\",\"isPartOf\":{\"@id\":\"https:\/\/metaltale.com\/lv\/#website\"},\"primaryImageOfPage\":{\"@id\":\"https:\/\/metaltale.com\/lv\/produkts\/dekorativa-cuguna-plaksnite-ludzamies-saistit-vartus\/#primaryimage\"},\"image\":{\"@id\":\"https:\/\/metaltale.com\/lv\/produkts\/dekorativa-cuguna-plaksnite-ludzamies-saistit-vartus\/#primaryimage\"},\"thumbnailUrl\":\"https:\/\/metaltale.com\/wp-content\/uploads\/2023\/10\/Tabliczka-x17Celiwna-PRAx160OME-Ux17DDARYTI-VARTUS.jpg\",\"datePublished\":\"2024-02-13T11:45:44+00:00\",\"breadcrumb\":{\"@id\":\"https:\/\/metaltale.com\/lv\/produkts\/dekorativa-cuguna-plaksnite-ludzamies-saistit-vartus\/#breadcrumb\"},\"inLanguage\":\"lv-LV\",\"potentialAction\":[{\"@type\":\"ReadAction\",\"target\":[\"https:\/\/metaltale.com\/lv\/produkts\/dekorativa-cuguna-plaksnite-ludzamies-saistit-vartus\/\"]}]},{\"@type\":\"ImageObject\",\"inLanguage\":\"lv-LV\",\"@id\":\"https:\/\/metaltale.com\/lv\/produkts\/dekorativa-cuguna-plaksnite-ludzamies-saistit-vartus\/#primaryimage\",\"url\":\"https:\/\/metaltale.com\/wp-content\/uploads\/2023\/10\/Tabliczka-x17Celiwna-PRAx160OME-Ux17DDARYTI-VARTUS.jpg\",\"contentUrl\":\"https:\/\/metaltale.com\/wp-content\/uploads\/2023\/10\/Tabliczka-x17Celiwna-PRAx160OME-Ux17DDARYTI-VARTUS.jpg\",\"width\":800,\"height\":800},{\"@type\":\"BreadcrumbList\",\"@id\":\"https:\/\/metaltale.com\/lv\/produkts\/dekorativa-cuguna-plaksnite-ludzamies-saistit-vartus\/#breadcrumb\",\"itemListElement\":[{\"@type\":\"ListItem\",\"position\":1,\"name\":\"Home\",\"item\":\"https:\/\/metaltale.com\/lv\/majas\/\"},{\"@type\":\"ListItem\",\"position\":2,\"name\":\"Veikals\",\"item\":\"https:\/\/metaltale.com\/lv\/shop\/\"},{\"@type\":\"ListItem\",\"position\":3,\"name\":\"Dekorat\u012bva \u010duguna pl\u0101ksn\u012bte L\u016aDZAMIES SAIST\u012aT V\u0100RTUS\"}]},{\"@type\":\"WebSite\",\"@id\":\"https:\/\/metaltale.com\/lv\/#website\",\"url\":\"https:\/\/metaltale.com\/lv\/\",\"name\":\"Metaltale.com\",\"description\":\"\",\"potentialAction\":[{\"@type\":\"SearchAction\",\"target\":{\"@type\":\"EntryPoint\",\"urlTemplate\":\"https:\/\/metaltale.com\/lv\/?s={search_term_string}\"},\"query-input\":{\"@type\":\"PropertyValueSpecification\",\"valueRequired\":true,\"valueName\":\"search_term_string\"}}],\"inLanguage\":\"lv-LV\"}]}<\/script>\n<!-- \/ Yoast SEO plugin. -->","yoast_head_json":{"title":"Dekorat\u012bva \u010duguna pl\u0101ksn\u012bte L\u016aDZAMIES SAIST\u012aT V\u0100RTUS - MetalTale.com","robots":{"index":"index","follow":"follow","max-snippet":"max-snippet:-1","max-image-preview":"max-image-preview:large","max-video-preview":"max-video-preview:-1"},"canonical":"https:\/\/metaltale.com\/lv\/produkts\/dekorativa-cuguna-plaksnite-ludzamies-saistit-vartus\/","og_locale":"lv_LV","og_type":"article","og_title":"Dekorat\u012bva \u010duguna pl\u0101ksn\u012bte L\u016aDZAMIES SAIST\u012aT V\u0100RTUS - MetalTale.com","og_description":"Modelis 01.342.AI. VARTAI EAN. 5905369920158 Materi\u0101ls Ketus Kop\u0113jais augstums (cm ) 9 Kop\u0113jais platums (cm ) 18 Forma Ov\u0101ls T\u0113rauda","og_url":"https:\/\/metaltale.com\/lv\/produkts\/dekorativa-cuguna-plaksnite-ludzamies-saistit-vartus\/","og_site_name":"MetalTale.com","twitter_card":"summary_large_image","twitter_misc":{"Est. reading time":"1 minute"},"schema":{"@context":"https:\/\/schema.org","@graph":[{"@type":"WebPage","@id":"https:\/\/metaltale.com\/lv\/produkts\/dekorativa-cuguna-plaksnite-ludzamies-saistit-vartus\/","url":"https:\/\/metaltale.com\/lv\/produkts\/dekorativa-cuguna-plaksnite-ludzamies-saistit-vartus\/","name":"Dekorat\u012bva \u010duguna pl\u0101ksn\u012bte L\u016aDZAMIES SAIST\u012aT V\u0100RTUS - MetalTale.com","isPartOf":{"@id":"https:\/\/metaltale.com\/lv\/#website"},"primaryImageOfPage":{"@id":"https:\/\/metaltale.com\/lv\/produkts\/dekorativa-cuguna-plaksnite-ludzamies-saistit-vartus\/#primaryimage"},"image":{"@id":"https:\/\/metaltale.com\/lv\/produkts\/dekorativa-cuguna-plaksnite-ludzamies-saistit-vartus\/#primaryimage"},"thumbnailUrl":"https:\/\/metaltale.com\/wp-content\/uploads\/2023\/10\/Tabliczka-x17Celiwna-PRAx160OME-Ux17DDARYTI-VARTUS.jpg","datePublished":"2024-02-13T11:45:44+00:00","breadcrumb":{"@id":"https:\/\/metaltale.com\/lv\/produkts\/dekorativa-cuguna-plaksnite-ludzamies-saistit-vartus\/#breadcrumb"},"inLanguage":"lv-LV","potentialAction":[{"@type":"ReadAction","target":["https:\/\/metaltale.com\/lv\/produkts\/dekorativa-cuguna-plaksnite-ludzamies-saistit-vartus\/"]}]},{"@type":"ImageObject","inLanguage":"lv-LV","@id":"https:\/\/metaltale.com\/lv\/produkts\/dekorativa-cuguna-plaksnite-ludzamies-saistit-vartus\/#primaryimage","url":"https:\/\/metaltale.com\/wp-content\/uploads\/2023\/10\/Tabliczka-x17Celiwna-PRAx160OME-Ux17DDARYTI-VARTUS.jpg","contentUrl":"https:\/\/metaltale.com\/wp-content\/uploads\/2023\/10\/Tabliczka-x17Celiwna-PRAx160OME-Ux17DDARYTI-VARTUS.jpg","width":800,"height":800},{"@type":"BreadcrumbList","@id":"https:\/\/metaltale.com\/lv\/produkts\/dekorativa-cuguna-plaksnite-ludzamies-saistit-vartus\/#breadcrumb","itemListElement":[{"@type":"ListItem","position":1,"name":"Home","item":"https:\/\/metaltale.com\/lv\/majas\/"},{"@type":"ListItem","position":2,"name":"Veikals","item":"https:\/\/metaltale.com\/lv\/shop\/"},{"@type":"ListItem","position":3,"name":"Dekorat\u012bva \u010duguna pl\u0101ksn\u012bte L\u016aDZAMIES SAIST\u012aT V\u0100RTUS"}]},{"@type":"WebSite","@id":"https:\/\/metaltale.com\/lv\/#website","url":"https:\/\/metaltale.com\/lv\/","name":"Metaltale.com","description":"","potentialAction":[{"@type":"SearchAction","target":{"@type":"EntryPoint","urlTemplate":"https:\/\/metaltale.com\/lv\/?s={search_term_string}"},"query-input":{"@type":"PropertyValueSpecification","valueRequired":true,"valueName":"search_term_string"}}],"inLanguage":"lv-LV"}]}},"_links":{"self":[{"href":"https:\/\/metaltale.com\/lv\/wp-json\/wp\/v2\/product\/139334","targetHints":{"allow":["GET"]}}],"collection":[{"href":"https:\/\/metaltale.com\/lv\/wp-json\/wp\/v2\/product"}],"about":[{"href":"https:\/\/metaltale.com\/lv\/wp-json\/wp\/v2\/types\/product"}],"replies":[{"embeddable":true,"href":"https:\/\/metaltale.com\/lv\/wp-json\/wp\/v2\/comments?post=139334"}],"version-history":[{"count":0,"href":"https:\/\/metaltale.com\/lv\/wp-json\/wp\/v2\/product\/139334\/revisions"}],"wp:featuredmedia":[{"embeddable":true,"href":"https:\/\/metaltale.com\/lv\/wp-json\/wp\/v2\/media\/79912"}],"wp:attachment":[{"href":"https:\/\/metaltale.com\/lv\/wp-json\/wp\/v2\/media?parent=139334"}],"wp:term":[{"taxonomy":"product_brand","embeddable":true,"href":"https:\/\/metaltale.com\/lv\/wp-json\/wp\/v2\/product_brand?post=139334"},{"taxonomy":"product_cat","embeddable":true,"href":"https:\/\/metaltale.com\/lv\/wp-json\/wp\/v2\/product_cat?post=139334"},{"taxonomy":"product_tag","embeddable":true,"href":"https:\/\/metaltale.com\/lv\/wp-json\/wp\/v2\/product_tag?post=139334"}],"curies":[{"name":"wp","href":"https:\/\/api.w.org\/{rel}","templated":true}]}}