{"id":139324,"date":"2024-02-13T13:45:44","date_gmt":"2024-02-13T11:45:44","guid":{"rendered":"https:\/\/metaltale.com\/produktas\/dekorativa-cuguna-plaksnite-bridities-no-suna\/"},"modified":"2024-02-13T13:45:44","modified_gmt":"2024-02-13T11:45:44","slug":"dekorativa-cuguna-plaksnite-bridities-no-suna","status":"publish","type":"product","link":"https:\/\/metaltale.com\/lv\/produkts\/dekorativa-cuguna-plaksnite-bridities-no-suna\/","title":{"rendered":"Dekorat\u012bva \u010duguna pl\u0101ksn\u012bte BR\u012aD\u012aTIES NO SUNA"},"content":{"rendered":"<div class=\"prod_data\"><strong>Modelis<\/strong> 01.342.AI. SEO  <br \/><strong>EAN.<\/strong>  5905369919879  <br \/><strong>Materi\u0101ls<\/strong> Ketus  <br \/><strong>Kop\u0113jais augstums (cm<\/strong> ) 9  <br \/><strong>Kop\u0113jais platums (cm<\/strong> ) 18  <br \/><strong>Forma<\/strong> Ov\u0101ls  <br \/>T\u0113rauda kr\u0101sa <\/p>\n<p>Pl\u0101ksne bija izgatavota no augst\u0101k\u0101s kvalit\u0101tes \u010duguna. T\u0101s iztur\u012bgais un mas\u012bvais izpild\u012bjums un impregn\u0113\u0161anas process garant\u0113 augstu iztur\u012bbu pret r\u016bsu un citiem laikapst\u0101k\u013cu rad\u012btiem boj\u0101jumiem.  <\/p>\n<p>Redzamais fonts \u013cauj lieliski mar\u0137\u0113t j\u016bsu \u012bpa\u0161umu, novietojot embl\u0113mu uz v\u0101rtiem vai durv\u012bm, un garant\u0113 vieglu un \u0101tru mont\u0101\u017eu. Interesant\u0101 un ori\u0123in\u0101l\u0101 forma, no kuras izgatavota embl\u0113ma, neap\u0161aub\u0101mi ir labs popul\u0101r\u0101 lauku stila paraugs.<\/p>\n<\/div>\n","protected":false},"excerpt":{"rendered":"<p>Modelis 01.342.AI. SEO EAN. 5905369919879 Materi\u0101ls Ketus Kop\u0113jais augstums (cm ) 9 Kop\u0113jais platums (cm ) 18 Forma Ov\u0101ls T\u0113rauda<\/p>\n","protected":false},"featured_media":79864,"comment_status":"open","ping_status":"closed","template":"","meta":{"_acf_changed":false,"pmpro_default_level":""},"product_brand":[],"product_cat":[24072],"product_tag":[],"class_list":{"0":"post-139324","1":"product","2":"type-product","3":"status-publish","4":"has-post-thumbnail","6":"product_cat-cuguna-plaksnes","7":"pmpro-has-access","9":"first","10":"instock","11":"shipping-taxable","12":"purchasable","13":"product-type-simple"},"acf":[],"yoast_head":"<!-- This site is optimized with the Yoast SEO plugin v24.9 - https:\/\/yoast.com\/wordpress\/plugins\/seo\/ -->\n<title>Dekorat\u012bva \u010duguna pl\u0101ksn\u012bte BR\u012aD\u012aTIES NO SUNA - MetalTale.com<\/title>\n<meta name=\"robots\" content=\"index, follow, max-snippet:-1, max-image-preview:large, max-video-preview:-1\" \/>\n<link rel=\"canonical\" href=\"https:\/\/metaltale.com\/lv\/produkts\/dekorativa-cuguna-plaksnite-bridities-no-suna\/\" \/>\n<meta property=\"og:locale\" content=\"lv_LV\" \/>\n<meta property=\"og:type\" content=\"article\" \/>\n<meta property=\"og:title\" content=\"Dekorat\u012bva \u010duguna pl\u0101ksn\u012bte BR\u012aD\u012aTIES NO SUNA - MetalTale.com\" \/>\n<meta property=\"og:description\" content=\"Modelis 01.342.AI. SEO EAN. 5905369919879 Materi\u0101ls Ketus Kop\u0113jais augstums (cm ) 9 Kop\u0113jais platums (cm ) 18 Forma Ov\u0101ls T\u0113rauda\" \/>\n<meta property=\"og:url\" content=\"https:\/\/metaltale.com\/lv\/produkts\/dekorativa-cuguna-plaksnite-bridities-no-suna\/\" \/>\n<meta property=\"og:site_name\" content=\"MetalTale.com\" \/>\n<meta name=\"twitter:card\" content=\"summary_large_image\" \/>\n<meta name=\"twitter:label1\" content=\"Est. reading time\" \/>\n\t<meta name=\"twitter:data1\" content=\"1 minute\" \/>\n<script type=\"application\/ld+json\" class=\"yoast-schema-graph\">{\"@context\":\"https:\/\/schema.org\",\"@graph\":[{\"@type\":\"WebPage\",\"@id\":\"https:\/\/metaltale.com\/lv\/produkts\/dekorativa-cuguna-plaksnite-bridities-no-suna\/\",\"url\":\"https:\/\/metaltale.com\/lv\/produkts\/dekorativa-cuguna-plaksnite-bridities-no-suna\/\",\"name\":\"Dekorat\u012bva \u010duguna pl\u0101ksn\u012bte BR\u012aD\u012aTIES NO SUNA - MetalTale.com\",\"isPartOf\":{\"@id\":\"https:\/\/metaltale.com\/lv\/#website\"},\"primaryImageOfPage\":{\"@id\":\"https:\/\/metaltale.com\/lv\/produkts\/dekorativa-cuguna-plaksnite-bridities-no-suna\/#primaryimage\"},\"image\":{\"@id\":\"https:\/\/metaltale.com\/lv\/produkts\/dekorativa-cuguna-plaksnite-bridities-no-suna\/#primaryimage\"},\"thumbnailUrl\":\"https:\/\/metaltale.com\/wp-content\/uploads\/2023\/10\/Tabliczka-x17Celiwna-SAUGOKITx116S-x160UNS.jpg\",\"datePublished\":\"2024-02-13T11:45:44+00:00\",\"breadcrumb\":{\"@id\":\"https:\/\/metaltale.com\/lv\/produkts\/dekorativa-cuguna-plaksnite-bridities-no-suna\/#breadcrumb\"},\"inLanguage\":\"lv-LV\",\"potentialAction\":[{\"@type\":\"ReadAction\",\"target\":[\"https:\/\/metaltale.com\/lv\/produkts\/dekorativa-cuguna-plaksnite-bridities-no-suna\/\"]}]},{\"@type\":\"ImageObject\",\"inLanguage\":\"lv-LV\",\"@id\":\"https:\/\/metaltale.com\/lv\/produkts\/dekorativa-cuguna-plaksnite-bridities-no-suna\/#primaryimage\",\"url\":\"https:\/\/metaltale.com\/wp-content\/uploads\/2023\/10\/Tabliczka-x17Celiwna-SAUGOKITx116S-x160UNS.jpg\",\"contentUrl\":\"https:\/\/metaltale.com\/wp-content\/uploads\/2023\/10\/Tabliczka-x17Celiwna-SAUGOKITx116S-x160UNS.jpg\",\"width\":800,\"height\":800},{\"@type\":\"BreadcrumbList\",\"@id\":\"https:\/\/metaltale.com\/lv\/produkts\/dekorativa-cuguna-plaksnite-bridities-no-suna\/#breadcrumb\",\"itemListElement\":[{\"@type\":\"ListItem\",\"position\":1,\"name\":\"Home\",\"item\":\"https:\/\/metaltale.com\/lv\/majas\/\"},{\"@type\":\"ListItem\",\"position\":2,\"name\":\"Veikals\",\"item\":\"https:\/\/metaltale.com\/lv\/shop\/\"},{\"@type\":\"ListItem\",\"position\":3,\"name\":\"Dekorat\u012bva \u010duguna pl\u0101ksn\u012bte BR\u012aD\u012aTIES NO SUNA\"}]},{\"@type\":\"WebSite\",\"@id\":\"https:\/\/metaltale.com\/lv\/#website\",\"url\":\"https:\/\/metaltale.com\/lv\/\",\"name\":\"Metaltale.com\",\"description\":\"\",\"potentialAction\":[{\"@type\":\"SearchAction\",\"target\":{\"@type\":\"EntryPoint\",\"urlTemplate\":\"https:\/\/metaltale.com\/lv\/?s={search_term_string}\"},\"query-input\":{\"@type\":\"PropertyValueSpecification\",\"valueRequired\":true,\"valueName\":\"search_term_string\"}}],\"inLanguage\":\"lv-LV\"}]}<\/script>\n<!-- \/ Yoast SEO plugin. -->","yoast_head_json":{"title":"Dekorat\u012bva \u010duguna pl\u0101ksn\u012bte BR\u012aD\u012aTIES NO SUNA - MetalTale.com","robots":{"index":"index","follow":"follow","max-snippet":"max-snippet:-1","max-image-preview":"max-image-preview:large","max-video-preview":"max-video-preview:-1"},"canonical":"https:\/\/metaltale.com\/lv\/produkts\/dekorativa-cuguna-plaksnite-bridities-no-suna\/","og_locale":"lv_LV","og_type":"article","og_title":"Dekorat\u012bva \u010duguna pl\u0101ksn\u012bte BR\u012aD\u012aTIES NO SUNA - MetalTale.com","og_description":"Modelis 01.342.AI. SEO EAN. 5905369919879 Materi\u0101ls Ketus Kop\u0113jais augstums (cm ) 9 Kop\u0113jais platums (cm ) 18 Forma Ov\u0101ls T\u0113rauda","og_url":"https:\/\/metaltale.com\/lv\/produkts\/dekorativa-cuguna-plaksnite-bridities-no-suna\/","og_site_name":"MetalTale.com","twitter_card":"summary_large_image","twitter_misc":{"Est. reading time":"1 minute"},"schema":{"@context":"https:\/\/schema.org","@graph":[{"@type":"WebPage","@id":"https:\/\/metaltale.com\/lv\/produkts\/dekorativa-cuguna-plaksnite-bridities-no-suna\/","url":"https:\/\/metaltale.com\/lv\/produkts\/dekorativa-cuguna-plaksnite-bridities-no-suna\/","name":"Dekorat\u012bva \u010duguna pl\u0101ksn\u012bte BR\u012aD\u012aTIES NO SUNA - MetalTale.com","isPartOf":{"@id":"https:\/\/metaltale.com\/lv\/#website"},"primaryImageOfPage":{"@id":"https:\/\/metaltale.com\/lv\/produkts\/dekorativa-cuguna-plaksnite-bridities-no-suna\/#primaryimage"},"image":{"@id":"https:\/\/metaltale.com\/lv\/produkts\/dekorativa-cuguna-plaksnite-bridities-no-suna\/#primaryimage"},"thumbnailUrl":"https:\/\/metaltale.com\/wp-content\/uploads\/2023\/10\/Tabliczka-x17Celiwna-SAUGOKITx116S-x160UNS.jpg","datePublished":"2024-02-13T11:45:44+00:00","breadcrumb":{"@id":"https:\/\/metaltale.com\/lv\/produkts\/dekorativa-cuguna-plaksnite-bridities-no-suna\/#breadcrumb"},"inLanguage":"lv-LV","potentialAction":[{"@type":"ReadAction","target":["https:\/\/metaltale.com\/lv\/produkts\/dekorativa-cuguna-plaksnite-bridities-no-suna\/"]}]},{"@type":"ImageObject","inLanguage":"lv-LV","@id":"https:\/\/metaltale.com\/lv\/produkts\/dekorativa-cuguna-plaksnite-bridities-no-suna\/#primaryimage","url":"https:\/\/metaltale.com\/wp-content\/uploads\/2023\/10\/Tabliczka-x17Celiwna-SAUGOKITx116S-x160UNS.jpg","contentUrl":"https:\/\/metaltale.com\/wp-content\/uploads\/2023\/10\/Tabliczka-x17Celiwna-SAUGOKITx116S-x160UNS.jpg","width":800,"height":800},{"@type":"BreadcrumbList","@id":"https:\/\/metaltale.com\/lv\/produkts\/dekorativa-cuguna-plaksnite-bridities-no-suna\/#breadcrumb","itemListElement":[{"@type":"ListItem","position":1,"name":"Home","item":"https:\/\/metaltale.com\/lv\/majas\/"},{"@type":"ListItem","position":2,"name":"Veikals","item":"https:\/\/metaltale.com\/lv\/shop\/"},{"@type":"ListItem","position":3,"name":"Dekorat\u012bva \u010duguna pl\u0101ksn\u012bte BR\u012aD\u012aTIES NO SUNA"}]},{"@type":"WebSite","@id":"https:\/\/metaltale.com\/lv\/#website","url":"https:\/\/metaltale.com\/lv\/","name":"Metaltale.com","description":"","potentialAction":[{"@type":"SearchAction","target":{"@type":"EntryPoint","urlTemplate":"https:\/\/metaltale.com\/lv\/?s={search_term_string}"},"query-input":{"@type":"PropertyValueSpecification","valueRequired":true,"valueName":"search_term_string"}}],"inLanguage":"lv-LV"}]}},"_links":{"self":[{"href":"https:\/\/metaltale.com\/lv\/wp-json\/wp\/v2\/product\/139324","targetHints":{"allow":["GET"]}}],"collection":[{"href":"https:\/\/metaltale.com\/lv\/wp-json\/wp\/v2\/product"}],"about":[{"href":"https:\/\/metaltale.com\/lv\/wp-json\/wp\/v2\/types\/product"}],"replies":[{"embeddable":true,"href":"https:\/\/metaltale.com\/lv\/wp-json\/wp\/v2\/comments?post=139324"}],"version-history":[{"count":0,"href":"https:\/\/metaltale.com\/lv\/wp-json\/wp\/v2\/product\/139324\/revisions"}],"wp:featuredmedia":[{"embeddable":true,"href":"https:\/\/metaltale.com\/lv\/wp-json\/wp\/v2\/media\/79864"}],"wp:attachment":[{"href":"https:\/\/metaltale.com\/lv\/wp-json\/wp\/v2\/media?parent=139324"}],"wp:term":[{"taxonomy":"product_brand","embeddable":true,"href":"https:\/\/metaltale.com\/lv\/wp-json\/wp\/v2\/product_brand?post=139324"},{"taxonomy":"product_cat","embeddable":true,"href":"https:\/\/metaltale.com\/lv\/wp-json\/wp\/v2\/product_cat?post=139324"},{"taxonomy":"product_tag","embeddable":true,"href":"https:\/\/metaltale.com\/lv\/wp-json\/wp\/v2\/product_tag?post=139324"}],"curies":[{"name":"wp","href":"https:\/\/api.w.org\/{rel}","templated":true}]}}