{"id":139313,"date":"2024-02-13T13:49:44","date_gmt":"2024-02-13T11:49:44","guid":{"rendered":"https:\/\/metaltale.com\/produktas\/mebelu-rokturis-rustyk-ornamental\/"},"modified":"2024-02-13T13:49:44","modified_gmt":"2024-02-13T11:49:44","slug":"mebelu-rokturis-rustyk-ornamental","status":"publish","type":"product","link":"https:\/\/metaltale.com\/lv\/produkts\/mebelu-rokturis-rustyk-ornamental\/","title":{"rendered":"M\u0113be\u013cu rokturis RUSTYK ORNAMENTAL"},"content":{"rendered":"<div class=\"prod_data\">\n<p><strong>Modelis<\/strong> 06999.06400.27<br \/>\n<strong>EAN.<\/strong>  5905369916373<br \/>\n<strong>Materi\u0101ls<\/strong> T\u0113rauds<br \/>\n<strong>Kop\u0113jais augstums (cm<\/strong> ) 5,5<br \/>\n<strong>Kop\u0113jais platums (cm<\/strong> ) 11,5<br \/>\n<strong>Pamatnes izm\u0113ri (cm)<\/strong> 11,5 x 4,8<br \/>\n<strong>Att\u0101lums starp<\/strong> caurumiem (<strong>cm<\/strong> ) 6,5<br \/>\n<strong>Kr\u0101sa<\/strong> Br\u016bna, r\u016bsgana<br \/>\nApdare sl\u012bp\u0113ts ar smilt\u012bm<\/p>\n<p>&#8211; rokturis ir izgatavots no augst\u0101k\u0101s kvalit\u0101tes t\u0113rauda, kas garant\u0113 mums apstr\u0101des kvalit\u0101ti un izstr\u0101d\u0101juma iztur\u012bbu.<br \/>\n&#8211; nedaudz struktur\u0113t\u0101 un r\u016bsgan\u0101 virsma v\u0113l vair\u0101k izce\u013c retro stilu.<br \/>\n&#8211; t\u0101 forma \u013cauj efekt\u012bvi un viegli atv\u0113rt<\/p>\n<hr>\n<p>Dekorat\u012bvie m\u0113be\u013cu rokturi ir viens no rakstur\u012bg\u0101kajiem lauku interjera dizaina stila elementiem. Augstais izt\u0113les l\u012bmenis un pieaugo\u0161\u0101 br\u012bv\u012bba organiz\u0113t telpu rosina izmantot nestandarta risin\u0101jumus.<\/p>\n<p>Att\u0113l\u0101 redzamais m\u0113be\u013cu rokturis ir izstr\u0101d\u0101ts, pamatojoties uz \u013coti popul\u0101ru modeli, kura konstrukcija atsaucas uz r\u016bpniec\u012bbas att\u012bst\u012bbas periodu, k\u0101 to apliecina stiprin\u0101juma k\u0101ji\u0146as dekorat\u012bv\u0101 forma. Lai pan\u0101ktu \u013coti veca priek\u0161meta iespaidu, rokturim ir r\u016bsas spraugas.<\/p>\n<p>Piestiprina ar div\u0101m komplekt\u0101 iek\u013cautaj\u0101m stiprin\u0101juma skr\u016bv\u0113m.<\/p>\n<\/div>\n","protected":false},"excerpt":{"rendered":"<p>Modelis 06999.06400.27 EAN. 5905369916373 Materi\u0101ls T\u0113rauds Kop\u0113jais augstums (cm ) 5,5 Kop\u0113jais platums (cm ) 11,5 Pamatnes izm\u0113ri (cm) 11,5<\/p>\n","protected":false},"featured_media":80824,"comment_status":"open","ping_status":"closed","template":"","meta":{"_acf_changed":false,"pmpro_default_level":""},"product_brand":[],"product_cat":[23837,23838,23843],"product_tag":[],"class_list":{"0":"post-139313","1":"product","2":"type-product","3":"status-publish","4":"has-post-thumbnail","6":"product_cat-mebeles-piederumi","7":"product_cat-mebelu-rokturi","8":"product_cat-skapju-rokturi","9":"pmpro-has-access","11":"first","12":"instock","13":"shipping-taxable","14":"purchasable","15":"product-type-simple"},"acf":[],"yoast_head":"<!-- This site is optimized with the Yoast SEO plugin v24.9 - https:\/\/yoast.com\/wordpress\/plugins\/seo\/ -->\n<title>M\u0113be\u013cu rokturis RUSTYK ORNAMENTAL - MetalTale.com<\/title>\n<meta name=\"robots\" content=\"index, follow, max-snippet:-1, max-image-preview:large, max-video-preview:-1\" \/>\n<link rel=\"canonical\" href=\"https:\/\/metaltale.com\/lv\/produkts\/mebelu-rokturis-rustyk-ornamental\/\" \/>\n<meta property=\"og:locale\" content=\"lv_LV\" \/>\n<meta property=\"og:type\" content=\"article\" \/>\n<meta property=\"og:title\" content=\"M\u0113be\u013cu rokturis RUSTYK ORNAMENTAL - MetalTale.com\" \/>\n<meta property=\"og:description\" content=\"Modelis 06999.06400.27 EAN. 5905369916373 Materi\u0101ls T\u0113rauds Kop\u0113jais augstums (cm ) 5,5 Kop\u0113jais platums (cm ) 11,5 Pamatnes izm\u0113ri (cm) 11,5\" \/>\n<meta property=\"og:url\" content=\"https:\/\/metaltale.com\/lv\/produkts\/mebelu-rokturis-rustyk-ornamental\/\" \/>\n<meta property=\"og:site_name\" content=\"MetalTale.com\" \/>\n<meta name=\"twitter:card\" content=\"summary_large_image\" \/>\n<meta name=\"twitter:label1\" content=\"Est. reading time\" \/>\n\t<meta name=\"twitter:data1\" content=\"1 minute\" \/>\n<script type=\"application\/ld+json\" class=\"yoast-schema-graph\">{\"@context\":\"https:\/\/schema.org\",\"@graph\":[{\"@type\":\"WebPage\",\"@id\":\"https:\/\/metaltale.com\/lv\/produkts\/mebelu-rokturis-rustyk-ornamental\/\",\"url\":\"https:\/\/metaltale.com\/lv\/produkts\/mebelu-rokturis-rustyk-ornamental\/\",\"name\":\"M\u0113be\u013cu rokturis RUSTYK ORNAMENTAL - MetalTale.com\",\"isPartOf\":{\"@id\":\"https:\/\/metaltale.com\/lv\/#website\"},\"primaryImageOfPage\":{\"@id\":\"https:\/\/metaltale.com\/lv\/produkts\/mebelu-rokturis-rustyk-ornamental\/#primaryimage\"},\"image\":{\"@id\":\"https:\/\/metaltale.com\/lv\/produkts\/mebelu-rokturis-rustyk-ornamental\/#primaryimage\"},\"thumbnailUrl\":\"https:\/\/metaltale.com\/wp-content\/uploads\/2023\/10\/Kaimix161ka-dekoratyvinx117-baldx173-rankena-115-x-49mm.jpg\",\"datePublished\":\"2024-02-13T11:49:44+00:00\",\"breadcrumb\":{\"@id\":\"https:\/\/metaltale.com\/lv\/produkts\/mebelu-rokturis-rustyk-ornamental\/#breadcrumb\"},\"inLanguage\":\"lv-LV\",\"potentialAction\":[{\"@type\":\"ReadAction\",\"target\":[\"https:\/\/metaltale.com\/lv\/produkts\/mebelu-rokturis-rustyk-ornamental\/\"]}]},{\"@type\":\"ImageObject\",\"inLanguage\":\"lv-LV\",\"@id\":\"https:\/\/metaltale.com\/lv\/produkts\/mebelu-rokturis-rustyk-ornamental\/#primaryimage\",\"url\":\"https:\/\/metaltale.com\/wp-content\/uploads\/2023\/10\/Kaimix161ka-dekoratyvinx117-baldx173-rankena-115-x-49mm.jpg\",\"contentUrl\":\"https:\/\/metaltale.com\/wp-content\/uploads\/2023\/10\/Kaimix161ka-dekoratyvinx117-baldx173-rankena-115-x-49mm.jpg\",\"width\":800,\"height\":800,\"caption\":\"M\u0113be\u013cu rokturis RUSTYK ORNAMENTAL\"},{\"@type\":\"BreadcrumbList\",\"@id\":\"https:\/\/metaltale.com\/lv\/produkts\/mebelu-rokturis-rustyk-ornamental\/#breadcrumb\",\"itemListElement\":[{\"@type\":\"ListItem\",\"position\":1,\"name\":\"Home\",\"item\":\"https:\/\/metaltale.com\/lv\/majas\/\"},{\"@type\":\"ListItem\",\"position\":2,\"name\":\"Veikals\",\"item\":\"https:\/\/metaltale.com\/lv\/shop\/\"},{\"@type\":\"ListItem\",\"position\":3,\"name\":\"M\u0113be\u013cu rokturis RUSTYK ORNAMENTAL\"}]},{\"@type\":\"WebSite\",\"@id\":\"https:\/\/metaltale.com\/lv\/#website\",\"url\":\"https:\/\/metaltale.com\/lv\/\",\"name\":\"Metaltale.com\",\"description\":\"\",\"potentialAction\":[{\"@type\":\"SearchAction\",\"target\":{\"@type\":\"EntryPoint\",\"urlTemplate\":\"https:\/\/metaltale.com\/lv\/?s={search_term_string}\"},\"query-input\":{\"@type\":\"PropertyValueSpecification\",\"valueRequired\":true,\"valueName\":\"search_term_string\"}}],\"inLanguage\":\"lv-LV\"}]}<\/script>\n<!-- \/ Yoast SEO plugin. -->","yoast_head_json":{"title":"M\u0113be\u013cu rokturis RUSTYK ORNAMENTAL - MetalTale.com","robots":{"index":"index","follow":"follow","max-snippet":"max-snippet:-1","max-image-preview":"max-image-preview:large","max-video-preview":"max-video-preview:-1"},"canonical":"https:\/\/metaltale.com\/lv\/produkts\/mebelu-rokturis-rustyk-ornamental\/","og_locale":"lv_LV","og_type":"article","og_title":"M\u0113be\u013cu rokturis RUSTYK ORNAMENTAL - MetalTale.com","og_description":"Modelis 06999.06400.27 EAN. 5905369916373 Materi\u0101ls T\u0113rauds Kop\u0113jais augstums (cm ) 5,5 Kop\u0113jais platums (cm ) 11,5 Pamatnes izm\u0113ri (cm) 11,5","og_url":"https:\/\/metaltale.com\/lv\/produkts\/mebelu-rokturis-rustyk-ornamental\/","og_site_name":"MetalTale.com","twitter_card":"summary_large_image","twitter_misc":{"Est. reading time":"1 minute"},"schema":{"@context":"https:\/\/schema.org","@graph":[{"@type":"WebPage","@id":"https:\/\/metaltale.com\/lv\/produkts\/mebelu-rokturis-rustyk-ornamental\/","url":"https:\/\/metaltale.com\/lv\/produkts\/mebelu-rokturis-rustyk-ornamental\/","name":"M\u0113be\u013cu rokturis RUSTYK ORNAMENTAL - MetalTale.com","isPartOf":{"@id":"https:\/\/metaltale.com\/lv\/#website"},"primaryImageOfPage":{"@id":"https:\/\/metaltale.com\/lv\/produkts\/mebelu-rokturis-rustyk-ornamental\/#primaryimage"},"image":{"@id":"https:\/\/metaltale.com\/lv\/produkts\/mebelu-rokturis-rustyk-ornamental\/#primaryimage"},"thumbnailUrl":"https:\/\/metaltale.com\/wp-content\/uploads\/2023\/10\/Kaimix161ka-dekoratyvinx117-baldx173-rankena-115-x-49mm.jpg","datePublished":"2024-02-13T11:49:44+00:00","breadcrumb":{"@id":"https:\/\/metaltale.com\/lv\/produkts\/mebelu-rokturis-rustyk-ornamental\/#breadcrumb"},"inLanguage":"lv-LV","potentialAction":[{"@type":"ReadAction","target":["https:\/\/metaltale.com\/lv\/produkts\/mebelu-rokturis-rustyk-ornamental\/"]}]},{"@type":"ImageObject","inLanguage":"lv-LV","@id":"https:\/\/metaltale.com\/lv\/produkts\/mebelu-rokturis-rustyk-ornamental\/#primaryimage","url":"https:\/\/metaltale.com\/wp-content\/uploads\/2023\/10\/Kaimix161ka-dekoratyvinx117-baldx173-rankena-115-x-49mm.jpg","contentUrl":"https:\/\/metaltale.com\/wp-content\/uploads\/2023\/10\/Kaimix161ka-dekoratyvinx117-baldx173-rankena-115-x-49mm.jpg","width":800,"height":800,"caption":"M\u0113be\u013cu rokturis RUSTYK ORNAMENTAL"},{"@type":"BreadcrumbList","@id":"https:\/\/metaltale.com\/lv\/produkts\/mebelu-rokturis-rustyk-ornamental\/#breadcrumb","itemListElement":[{"@type":"ListItem","position":1,"name":"Home","item":"https:\/\/metaltale.com\/lv\/majas\/"},{"@type":"ListItem","position":2,"name":"Veikals","item":"https:\/\/metaltale.com\/lv\/shop\/"},{"@type":"ListItem","position":3,"name":"M\u0113be\u013cu rokturis RUSTYK ORNAMENTAL"}]},{"@type":"WebSite","@id":"https:\/\/metaltale.com\/lv\/#website","url":"https:\/\/metaltale.com\/lv\/","name":"Metaltale.com","description":"","potentialAction":[{"@type":"SearchAction","target":{"@type":"EntryPoint","urlTemplate":"https:\/\/metaltale.com\/lv\/?s={search_term_string}"},"query-input":{"@type":"PropertyValueSpecification","valueRequired":true,"valueName":"search_term_string"}}],"inLanguage":"lv-LV"}]}},"_links":{"self":[{"href":"https:\/\/metaltale.com\/lv\/wp-json\/wp\/v2\/product\/139313","targetHints":{"allow":["GET"]}}],"collection":[{"href":"https:\/\/metaltale.com\/lv\/wp-json\/wp\/v2\/product"}],"about":[{"href":"https:\/\/metaltale.com\/lv\/wp-json\/wp\/v2\/types\/product"}],"replies":[{"embeddable":true,"href":"https:\/\/metaltale.com\/lv\/wp-json\/wp\/v2\/comments?post=139313"}],"version-history":[{"count":0,"href":"https:\/\/metaltale.com\/lv\/wp-json\/wp\/v2\/product\/139313\/revisions"}],"wp:featuredmedia":[{"embeddable":true,"href":"https:\/\/metaltale.com\/lv\/wp-json\/wp\/v2\/media\/80824"}],"wp:attachment":[{"href":"https:\/\/metaltale.com\/lv\/wp-json\/wp\/v2\/media?parent=139313"}],"wp:term":[{"taxonomy":"product_brand","embeddable":true,"href":"https:\/\/metaltale.com\/lv\/wp-json\/wp\/v2\/product_brand?post=139313"},{"taxonomy":"product_cat","embeddable":true,"href":"https:\/\/metaltale.com\/lv\/wp-json\/wp\/v2\/product_cat?post=139313"},{"taxonomy":"product_tag","embeddable":true,"href":"https:\/\/metaltale.com\/lv\/wp-json\/wp\/v2\/product_tag?post=139313"}],"curies":[{"name":"wp","href":"https:\/\/api.w.org\/{rel}","templated":true}]}}