{"id":139290,"date":"2024-02-13T13:51:04","date_gmt":"2024-02-13T11:51:04","guid":{"rendered":"https:\/\/metaltale.com\/produktas\/lola-melns-dusas-maisitajs\/"},"modified":"2024-02-13T13:51:04","modified_gmt":"2024-02-13T11:51:04","slug":"lola-melns-dusas-maisitajs","status":"publish","type":"product","link":"https:\/\/metaltale.com\/lv\/produkts\/lola-melns-dusas-maisitajs\/","title":{"rendered":"LOLA melns du\u0161as mais\u012bt\u0101js"},"content":{"rendered":"<div class=\"prod_data\">WX <strong>modelis<\/strong>. HT996601  <br \/>Lola &amp; Lexie kolekcija <br \/><strong>EAN.<\/strong>  5905369900334  <br \/>Materi\u0101ls Misi\u0146\u0161 <br \/>Du\u0161as galvas diametrs (cm ) 8 <br \/><strong>Du\u0161as galvas garums (cm<\/strong> ) 21,5  <br \/><strong>\u0160\u013c\u016btenes garums (cm<\/strong> ) 15  <br \/>Att\u0101lums starp kr\u0101niem (cm ) 15 <br \/><strong>Kr\u0101sa<\/strong> Melna  <br \/>Apdare M\u012bksta, sat\u012bna efekts <br \/><strong>Regul\u0113jams<\/strong> du\u0161as galvas le\u0146\u0137is un augstums (l\u012bdz -25 cm)  <\/p>\n<p>&#8211; Misi\u0146a virsmas du\u0161as mais\u012bt\u0101js<br \/>&#8211; keramikas galva &#8211; elements, kas nodro\u0161ina pareizu \u016bdens sadali.<br \/>&#8211; viegli t\u012br\u0101ms &#8211; silts \u016bdens un PH neitr\u0101las ziepes.<br \/>&#8211; skat\u012bt citus Lola &amp;; Lexie kolekcijas mode\u013cus<\/p>\n<hr>\n<p dir=\"ltr\">Ori\u0123in\u0101lais du\u0161as mais\u012bt\u0101js ir ide\u0101ls risin\u0101jums neparastu risin\u0101jumu cien\u012bt\u0101jiem retro klimata apst\u0101k\u013cos. Dizaina vienk\u0101r\u0161\u012bba ir bag\u0101tin\u0101ta ar izliektiem rot\u0101jumiem un skr\u0101p\u0113jumiem. Rozete, kas nosedz hidraulisko savienot\u0101ju, atg\u0101dina ziedu, un kr\u0101na rot\u0101jumi ir vecmod\u012bgas me\u017e\u0123\u012bnes. Du\u0161as galvi\u0146as smalk\u0101 deta\u013ca papildina senatn\u012bgo \u0161armu. Meln\u0101 kr\u0101sa pie\u0161\u0137ir izstr\u0101d\u0101jumam elegantu izskatu. Pied\u0101v\u0101tais du\u0161as komplekts ir vienk\u0101r\u0161s, \u0113rts un praktisks. Tas atg\u0101dina vec\u0101s baterijas un ir izgatavots ar iztur\u012bbu un uzman\u012bbu deta\u013c\u0101m.  <\/p>\n<hr>\n<p dir=\"ltr\">\n<\/div>\n","protected":false},"excerpt":{"rendered":"<p>WX modelis. HT996601 Lola &amp; Lexie kolekcija EAN. 5905369900334 Materi\u0101ls Misi\u0146\u0161 Du\u0161as galvas diametrs (cm ) 8 Du\u0161as galvas garums<\/p>\n","protected":false},"featured_media":81139,"comment_status":"open","ping_status":"closed","template":"","meta":{"_acf_changed":false,"pmpro_default_level":""},"product_brand":[],"product_cat":[24073],"product_tag":[],"class_list":{"0":"post-139290","1":"product","2":"type-product","3":"status-publish","4":"has-post-thumbnail","6":"product_cat-vannas-istabas-krani","7":"pmpro-has-access","9":"first","10":"instock","11":"shipping-taxable","12":"purchasable","13":"product-type-simple"},"acf":[],"yoast_head":"<!-- This site is optimized with the Yoast SEO plugin v24.9 - https:\/\/yoast.com\/wordpress\/plugins\/seo\/ -->\n<title>LOLA melns du\u0161as mais\u012bt\u0101js - MetalTale.com<\/title>\n<meta name=\"robots\" content=\"index, follow, max-snippet:-1, max-image-preview:large, max-video-preview:-1\" \/>\n<link rel=\"canonical\" href=\"https:\/\/metaltale.com\/lv\/produkts\/lola-melns-dusas-maisitajs\/\" \/>\n<meta property=\"og:locale\" content=\"lv_LV\" \/>\n<meta property=\"og:type\" content=\"article\" \/>\n<meta property=\"og:title\" content=\"LOLA melns du\u0161as mais\u012bt\u0101js - MetalTale.com\" \/>\n<meta property=\"og:description\" content=\"WX modelis. HT996601 Lola &amp; Lexie kolekcija EAN. 5905369900334 Materi\u0101ls Misi\u0146\u0161 Du\u0161as galvas diametrs (cm ) 8 Du\u0161as galvas garums\" \/>\n<meta property=\"og:url\" content=\"https:\/\/metaltale.com\/lv\/produkts\/lola-melns-dusas-maisitajs\/\" \/>\n<meta property=\"og:site_name\" content=\"MetalTale.com\" \/>\n<meta name=\"twitter:card\" content=\"summary_large_image\" \/>\n<meta name=\"twitter:label1\" content=\"Est. reading time\" \/>\n\t<meta name=\"twitter:data1\" content=\"1 minute\" \/>\n<script type=\"application\/ld+json\" class=\"yoast-schema-graph\">{\"@context\":\"https:\/\/schema.org\",\"@graph\":[{\"@type\":\"WebPage\",\"@id\":\"https:\/\/metaltale.com\/lv\/produkts\/lola-melns-dusas-maisitajs\/\",\"url\":\"https:\/\/metaltale.com\/lv\/produkts\/lola-melns-dusas-maisitajs\/\",\"name\":\"LOLA melns du\u0161as mais\u012bt\u0101js - MetalTale.com\",\"isPartOf\":{\"@id\":\"https:\/\/metaltale.com\/lv\/#website\"},\"primaryImageOfPage\":{\"@id\":\"https:\/\/metaltale.com\/lv\/produkts\/lola-melns-dusas-maisitajs\/#primaryimage\"},\"image\":{\"@id\":\"https:\/\/metaltale.com\/lv\/produkts\/lola-melns-dusas-maisitajs\/#primaryimage\"},\"thumbnailUrl\":\"https:\/\/metaltale.com\/wp-content\/uploads\/2023\/10\/Dux161o-maix161ytuvas-LOLA.jpg\",\"datePublished\":\"2024-02-13T11:51:04+00:00\",\"breadcrumb\":{\"@id\":\"https:\/\/metaltale.com\/lv\/produkts\/lola-melns-dusas-maisitajs\/#breadcrumb\"},\"inLanguage\":\"lv-LV\",\"potentialAction\":[{\"@type\":\"ReadAction\",\"target\":[\"https:\/\/metaltale.com\/lv\/produkts\/lola-melns-dusas-maisitajs\/\"]}]},{\"@type\":\"ImageObject\",\"inLanguage\":\"lv-LV\",\"@id\":\"https:\/\/metaltale.com\/lv\/produkts\/lola-melns-dusas-maisitajs\/#primaryimage\",\"url\":\"https:\/\/metaltale.com\/wp-content\/uploads\/2023\/10\/Dux161o-maix161ytuvas-LOLA.jpg\",\"contentUrl\":\"https:\/\/metaltale.com\/wp-content\/uploads\/2023\/10\/Dux161o-maix161ytuvas-LOLA.jpg\",\"width\":800,\"height\":800},{\"@type\":\"BreadcrumbList\",\"@id\":\"https:\/\/metaltale.com\/lv\/produkts\/lola-melns-dusas-maisitajs\/#breadcrumb\",\"itemListElement\":[{\"@type\":\"ListItem\",\"position\":1,\"name\":\"Home\",\"item\":\"https:\/\/metaltale.com\/lv\/majas\/\"},{\"@type\":\"ListItem\",\"position\":2,\"name\":\"Veikals\",\"item\":\"https:\/\/metaltale.com\/lv\/shop\/\"},{\"@type\":\"ListItem\",\"position\":3,\"name\":\"LOLA melns du\u0161as mais\u012bt\u0101js\"}]},{\"@type\":\"WebSite\",\"@id\":\"https:\/\/metaltale.com\/lv\/#website\",\"url\":\"https:\/\/metaltale.com\/lv\/\",\"name\":\"Metaltale.com\",\"description\":\"\",\"potentialAction\":[{\"@type\":\"SearchAction\",\"target\":{\"@type\":\"EntryPoint\",\"urlTemplate\":\"https:\/\/metaltale.com\/lv\/?s={search_term_string}\"},\"query-input\":{\"@type\":\"PropertyValueSpecification\",\"valueRequired\":true,\"valueName\":\"search_term_string\"}}],\"inLanguage\":\"lv-LV\"}]}<\/script>\n<!-- \/ Yoast SEO plugin. -->","yoast_head_json":{"title":"LOLA melns du\u0161as mais\u012bt\u0101js - MetalTale.com","robots":{"index":"index","follow":"follow","max-snippet":"max-snippet:-1","max-image-preview":"max-image-preview:large","max-video-preview":"max-video-preview:-1"},"canonical":"https:\/\/metaltale.com\/lv\/produkts\/lola-melns-dusas-maisitajs\/","og_locale":"lv_LV","og_type":"article","og_title":"LOLA melns du\u0161as mais\u012bt\u0101js - MetalTale.com","og_description":"WX modelis. HT996601 Lola &amp; Lexie kolekcija EAN. 5905369900334 Materi\u0101ls Misi\u0146\u0161 Du\u0161as galvas diametrs (cm ) 8 Du\u0161as galvas garums","og_url":"https:\/\/metaltale.com\/lv\/produkts\/lola-melns-dusas-maisitajs\/","og_site_name":"MetalTale.com","twitter_card":"summary_large_image","twitter_misc":{"Est. reading time":"1 minute"},"schema":{"@context":"https:\/\/schema.org","@graph":[{"@type":"WebPage","@id":"https:\/\/metaltale.com\/lv\/produkts\/lola-melns-dusas-maisitajs\/","url":"https:\/\/metaltale.com\/lv\/produkts\/lola-melns-dusas-maisitajs\/","name":"LOLA melns du\u0161as mais\u012bt\u0101js - MetalTale.com","isPartOf":{"@id":"https:\/\/metaltale.com\/lv\/#website"},"primaryImageOfPage":{"@id":"https:\/\/metaltale.com\/lv\/produkts\/lola-melns-dusas-maisitajs\/#primaryimage"},"image":{"@id":"https:\/\/metaltale.com\/lv\/produkts\/lola-melns-dusas-maisitajs\/#primaryimage"},"thumbnailUrl":"https:\/\/metaltale.com\/wp-content\/uploads\/2023\/10\/Dux161o-maix161ytuvas-LOLA.jpg","datePublished":"2024-02-13T11:51:04+00:00","breadcrumb":{"@id":"https:\/\/metaltale.com\/lv\/produkts\/lola-melns-dusas-maisitajs\/#breadcrumb"},"inLanguage":"lv-LV","potentialAction":[{"@type":"ReadAction","target":["https:\/\/metaltale.com\/lv\/produkts\/lola-melns-dusas-maisitajs\/"]}]},{"@type":"ImageObject","inLanguage":"lv-LV","@id":"https:\/\/metaltale.com\/lv\/produkts\/lola-melns-dusas-maisitajs\/#primaryimage","url":"https:\/\/metaltale.com\/wp-content\/uploads\/2023\/10\/Dux161o-maix161ytuvas-LOLA.jpg","contentUrl":"https:\/\/metaltale.com\/wp-content\/uploads\/2023\/10\/Dux161o-maix161ytuvas-LOLA.jpg","width":800,"height":800},{"@type":"BreadcrumbList","@id":"https:\/\/metaltale.com\/lv\/produkts\/lola-melns-dusas-maisitajs\/#breadcrumb","itemListElement":[{"@type":"ListItem","position":1,"name":"Home","item":"https:\/\/metaltale.com\/lv\/majas\/"},{"@type":"ListItem","position":2,"name":"Veikals","item":"https:\/\/metaltale.com\/lv\/shop\/"},{"@type":"ListItem","position":3,"name":"LOLA melns du\u0161as mais\u012bt\u0101js"}]},{"@type":"WebSite","@id":"https:\/\/metaltale.com\/lv\/#website","url":"https:\/\/metaltale.com\/lv\/","name":"Metaltale.com","description":"","potentialAction":[{"@type":"SearchAction","target":{"@type":"EntryPoint","urlTemplate":"https:\/\/metaltale.com\/lv\/?s={search_term_string}"},"query-input":{"@type":"PropertyValueSpecification","valueRequired":true,"valueName":"search_term_string"}}],"inLanguage":"lv-LV"}]}},"_links":{"self":[{"href":"https:\/\/metaltale.com\/lv\/wp-json\/wp\/v2\/product\/139290","targetHints":{"allow":["GET"]}}],"collection":[{"href":"https:\/\/metaltale.com\/lv\/wp-json\/wp\/v2\/product"}],"about":[{"href":"https:\/\/metaltale.com\/lv\/wp-json\/wp\/v2\/types\/product"}],"replies":[{"embeddable":true,"href":"https:\/\/metaltale.com\/lv\/wp-json\/wp\/v2\/comments?post=139290"}],"version-history":[{"count":0,"href":"https:\/\/metaltale.com\/lv\/wp-json\/wp\/v2\/product\/139290\/revisions"}],"wp:featuredmedia":[{"embeddable":true,"href":"https:\/\/metaltale.com\/lv\/wp-json\/wp\/v2\/media\/81139"}],"wp:attachment":[{"href":"https:\/\/metaltale.com\/lv\/wp-json\/wp\/v2\/media?parent=139290"}],"wp:term":[{"taxonomy":"product_brand","embeddable":true,"href":"https:\/\/metaltale.com\/lv\/wp-json\/wp\/v2\/product_brand?post=139290"},{"taxonomy":"product_cat","embeddable":true,"href":"https:\/\/metaltale.com\/lv\/wp-json\/wp\/v2\/product_cat?post=139290"},{"taxonomy":"product_tag","embeddable":true,"href":"https:\/\/metaltale.com\/lv\/wp-json\/wp\/v2\/product_tag?post=139290"}],"curies":[{"name":"wp","href":"https:\/\/api.w.org\/{rel}","templated":true}]}}