{"id":139287,"date":"2024-02-13T13:51:04","date_gmt":"2024-02-13T11:51:04","guid":{"rendered":"https:\/\/metaltale.com\/produktas\/dusas-maisitajs-lexie-ii-melns\/"},"modified":"2024-02-13T13:51:04","modified_gmt":"2024-02-13T11:51:04","slug":"dusas-maisitajs-lexie-ii-melns","status":"publish","type":"product","link":"https:\/\/metaltale.com\/lv\/produkts\/dusas-maisitajs-lexie-ii-melns\/","title":{"rendered":"Du\u0161as mais\u012bt\u0101js LEXIE II, melns"},"content":{"rendered":"<div class=\"prod_data\">\n<p>WX <strong>modelis<\/strong>. HT99030. BLA<br \/>\nLola &amp; Lexie <strong>kolekcija<\/strong><br \/>\n<strong>EAN.<\/strong>  5905369900327<br \/>\n<strong>Izsmidzin\u0101t\u0101ja garums (cm<\/strong> ) 10<br \/>\n<strong>Materi\u0101ls<\/strong> Misi\u0146\u0161<br \/>\n<strong>Kop\u0113jais augstums (cm<\/strong> ) 137<br \/>\n<strong>Du\u0161as galvas diametrs (cm<\/strong> ) 8<br \/>\n<strong>Du\u0161as galvas garums (cm<\/strong> ) 23<br \/>\n<strong>Du\u0161as galvas diametrs (cm<\/strong> ) 21<br \/>\n<strong>\u0160\u013c\u016btenes garums (cm<\/strong> ) 150<br \/>\n<strong>Att\u0101lums starp kr\u0101niem (cm<\/strong> ) 15<br \/>\n<strong>Anti-Calc (pret ka\u013c\u0137akmens<\/strong> ) J\u0101<br \/>\nKr\u0101sa Melna<br \/>\n<strong>Apdare<\/strong> M\u012bksta, sat\u012bna efekts<br \/>\n<strong>Regul\u0113jams<\/strong> du\u0161as galvas le\u0146\u0137is un augstums (l\u012bdz -25 cm)<\/p>\n<p>&#8211; Misi\u0146a virsmas du\u0161as mais\u012bt\u0101js<br \/>\n&#8211; Du\u0161as komplekts: vannas izsmidzin\u0101t\u0101js, telefons, lietus du\u0161a<br \/>\n&#8211; keramikas galva &#8211; elements, kas nodro\u0161ina pareizu \u016bdens sadali.<br \/>\n&#8211; Anti-Calc &#8211; sist\u0113ma pret nos\u0113dumiem<br \/>\n&#8211; viegli t\u012br\u0101ms &#8211; silts \u016bdens un PH neitr\u0101las ziepes.<\/p>\n<hr>\n<p dir=\"ltr\">\u0160\u0137ietami ekonomiskie rot\u0101jumi, du\u0161as mais\u012bt\u0101js ar lietus du\u0161u un klasiski retro telefons p\u0101rsteidz, ja tos apl\u016bko tuv\u0101k. Uz rozet\u0113m, kr\u0101niem un rokturiem ir izliekts izliekts rot\u0101jums, kas akcent\u0113ts ar berz\u0113\u0161anu, padarot pied\u0101v\u0101to virsmas du\u0161as komplektu par perfektu retro stila paraugu. Visiem Lola &amp;; Lexie kolekcijas kr\u0101niem ir rakstur\u012bgi raksti, kas \u013cauj izveidot saska\u0146otu vannas istabas, vannas istabas un tualetes telpu. Retro du\u0161a ac\u012bmredzami akcent\u0113s un papildin\u0101s telpas, kur\u0101s valda senatn\u012bgs klimats, savuk\u0101rt drosm\u012bg\u0101ks interjera ieteikums ir vecmod\u012bgu deta\u013cu izmanto\u0161ana modernisma, b\u0113ni\u0146u un \u0145ujorkas apst\u0101k\u013cos. Misi\u0146a du\u0161as mais\u012bt\u0101j\u0101 izmantotie augstas kvalit\u0101tes materi\u0101li un tehnisk\u0101s inov\u0101cijas padara to par piem\u0113rotu produktu priv\u0101t\u0101m un viesn\u012bcu vannas istab\u0101m.<\/p>\n<hr>\n<p dir=\"ltr\">\n<\/div>\n","protected":false},"excerpt":{"rendered":"<p>WX modelis. HT99030. BLA Lola &amp; Lexie kolekcija EAN. 5905369900327 Izsmidzin\u0101t\u0101ja garums (cm ) 10 Materi\u0101ls Misi\u0146\u0161 Kop\u0113jais augstums (cm<\/p>\n","protected":false},"featured_media":81109,"comment_status":"open","ping_status":"closed","template":"","meta":{"_acf_changed":false,"pmpro_default_level":""},"product_brand":[],"product_cat":[24112,24073],"product_tag":[],"class_list":{"0":"post-139287","1":"product","2":"type-product","3":"status-publish","4":"has-post-thumbnail","6":"product_cat-dusas-maisitaji","7":"product_cat-vannas-istabas-krani","8":"pmpro-has-access","10":"first","11":"instock","12":"shipping-taxable","13":"purchasable","14":"product-type-simple"},"acf":[],"yoast_head":"<!-- This site is optimized with the Yoast SEO plugin v24.9 - https:\/\/yoast.com\/wordpress\/plugins\/seo\/ -->\n<title>Du\u0161as mais\u012bt\u0101js LEXIE II, melns - MetalTale.com<\/title>\n<meta name=\"robots\" content=\"index, follow, max-snippet:-1, max-image-preview:large, max-video-preview:-1\" \/>\n<link rel=\"canonical\" href=\"https:\/\/metaltale.com\/lv\/produkts\/dusas-maisitajs-lexie-ii-melns\/\" \/>\n<meta property=\"og:locale\" content=\"lv_LV\" \/>\n<meta property=\"og:type\" content=\"article\" \/>\n<meta property=\"og:title\" content=\"Du\u0161as mais\u012bt\u0101js LEXIE II, melns - MetalTale.com\" \/>\n<meta property=\"og:description\" content=\"WX modelis. HT99030. BLA Lola &amp; Lexie kolekcija EAN. 5905369900327 Izsmidzin\u0101t\u0101ja garums (cm ) 10 Materi\u0101ls Misi\u0146\u0161 Kop\u0113jais augstums (cm\" \/>\n<meta property=\"og:url\" content=\"https:\/\/metaltale.com\/lv\/produkts\/dusas-maisitajs-lexie-ii-melns\/\" \/>\n<meta property=\"og:site_name\" content=\"MetalTale.com\" \/>\n<meta name=\"twitter:card\" content=\"summary_large_image\" \/>\n<meta name=\"twitter:label1\" content=\"Est. reading time\" \/>\n\t<meta name=\"twitter:data1\" content=\"1 minute\" \/>\n<script type=\"application\/ld+json\" class=\"yoast-schema-graph\">{\"@context\":\"https:\/\/schema.org\",\"@graph\":[{\"@type\":\"WebPage\",\"@id\":\"https:\/\/metaltale.com\/lv\/produkts\/dusas-maisitajs-lexie-ii-melns\/\",\"url\":\"https:\/\/metaltale.com\/lv\/produkts\/dusas-maisitajs-lexie-ii-melns\/\",\"name\":\"Du\u0161as mais\u012bt\u0101js LEXIE II, melns - MetalTale.com\",\"isPartOf\":{\"@id\":\"https:\/\/metaltale.com\/lv\/#website\"},\"primaryImageOfPage\":{\"@id\":\"https:\/\/metaltale.com\/lv\/produkts\/dusas-maisitajs-lexie-ii-melns\/#primaryimage\"},\"image\":{\"@id\":\"https:\/\/metaltale.com\/lv\/produkts\/dusas-maisitajs-lexie-ii-melns\/#primaryimage\"},\"thumbnailUrl\":\"https:\/\/metaltale.com\/wp-content\/uploads\/2023\/10\/Dux161o-maix161ytuvas-LEXIE-II.jpg\",\"datePublished\":\"2024-02-13T11:51:04+00:00\",\"breadcrumb\":{\"@id\":\"https:\/\/metaltale.com\/lv\/produkts\/dusas-maisitajs-lexie-ii-melns\/#breadcrumb\"},\"inLanguage\":\"lv-LV\",\"potentialAction\":[{\"@type\":\"ReadAction\",\"target\":[\"https:\/\/metaltale.com\/lv\/produkts\/dusas-maisitajs-lexie-ii-melns\/\"]}]},{\"@type\":\"ImageObject\",\"inLanguage\":\"lv-LV\",\"@id\":\"https:\/\/metaltale.com\/lv\/produkts\/dusas-maisitajs-lexie-ii-melns\/#primaryimage\",\"url\":\"https:\/\/metaltale.com\/wp-content\/uploads\/2023\/10\/Dux161o-maix161ytuvas-LEXIE-II.jpg\",\"contentUrl\":\"https:\/\/metaltale.com\/wp-content\/uploads\/2023\/10\/Dux161o-maix161ytuvas-LEXIE-II.jpg\",\"width\":800,\"height\":800,\"caption\":\"Du\u0161as mais\u012bt\u0101js LEXIE II, melns\"},{\"@type\":\"BreadcrumbList\",\"@id\":\"https:\/\/metaltale.com\/lv\/produkts\/dusas-maisitajs-lexie-ii-melns\/#breadcrumb\",\"itemListElement\":[{\"@type\":\"ListItem\",\"position\":1,\"name\":\"Home\",\"item\":\"https:\/\/metaltale.com\/lv\/majas\/\"},{\"@type\":\"ListItem\",\"position\":2,\"name\":\"Veikals\",\"item\":\"https:\/\/metaltale.com\/lv\/shop\/\"},{\"@type\":\"ListItem\",\"position\":3,\"name\":\"Du\u0161as mais\u012bt\u0101js LEXIE II, melns\"}]},{\"@type\":\"WebSite\",\"@id\":\"https:\/\/metaltale.com\/lv\/#website\",\"url\":\"https:\/\/metaltale.com\/lv\/\",\"name\":\"Metaltale.com\",\"description\":\"\",\"potentialAction\":[{\"@type\":\"SearchAction\",\"target\":{\"@type\":\"EntryPoint\",\"urlTemplate\":\"https:\/\/metaltale.com\/lv\/?s={search_term_string}\"},\"query-input\":{\"@type\":\"PropertyValueSpecification\",\"valueRequired\":true,\"valueName\":\"search_term_string\"}}],\"inLanguage\":\"lv-LV\"}]}<\/script>\n<!-- \/ Yoast SEO plugin. -->","yoast_head_json":{"title":"Du\u0161as mais\u012bt\u0101js LEXIE II, melns - MetalTale.com","robots":{"index":"index","follow":"follow","max-snippet":"max-snippet:-1","max-image-preview":"max-image-preview:large","max-video-preview":"max-video-preview:-1"},"canonical":"https:\/\/metaltale.com\/lv\/produkts\/dusas-maisitajs-lexie-ii-melns\/","og_locale":"lv_LV","og_type":"article","og_title":"Du\u0161as mais\u012bt\u0101js LEXIE II, melns - MetalTale.com","og_description":"WX modelis. HT99030. BLA Lola &amp; Lexie kolekcija EAN. 5905369900327 Izsmidzin\u0101t\u0101ja garums (cm ) 10 Materi\u0101ls Misi\u0146\u0161 Kop\u0113jais augstums (cm","og_url":"https:\/\/metaltale.com\/lv\/produkts\/dusas-maisitajs-lexie-ii-melns\/","og_site_name":"MetalTale.com","twitter_card":"summary_large_image","twitter_misc":{"Est. reading time":"1 minute"},"schema":{"@context":"https:\/\/schema.org","@graph":[{"@type":"WebPage","@id":"https:\/\/metaltale.com\/lv\/produkts\/dusas-maisitajs-lexie-ii-melns\/","url":"https:\/\/metaltale.com\/lv\/produkts\/dusas-maisitajs-lexie-ii-melns\/","name":"Du\u0161as mais\u012bt\u0101js LEXIE II, melns - MetalTale.com","isPartOf":{"@id":"https:\/\/metaltale.com\/lv\/#website"},"primaryImageOfPage":{"@id":"https:\/\/metaltale.com\/lv\/produkts\/dusas-maisitajs-lexie-ii-melns\/#primaryimage"},"image":{"@id":"https:\/\/metaltale.com\/lv\/produkts\/dusas-maisitajs-lexie-ii-melns\/#primaryimage"},"thumbnailUrl":"https:\/\/metaltale.com\/wp-content\/uploads\/2023\/10\/Dux161o-maix161ytuvas-LEXIE-II.jpg","datePublished":"2024-02-13T11:51:04+00:00","breadcrumb":{"@id":"https:\/\/metaltale.com\/lv\/produkts\/dusas-maisitajs-lexie-ii-melns\/#breadcrumb"},"inLanguage":"lv-LV","potentialAction":[{"@type":"ReadAction","target":["https:\/\/metaltale.com\/lv\/produkts\/dusas-maisitajs-lexie-ii-melns\/"]}]},{"@type":"ImageObject","inLanguage":"lv-LV","@id":"https:\/\/metaltale.com\/lv\/produkts\/dusas-maisitajs-lexie-ii-melns\/#primaryimage","url":"https:\/\/metaltale.com\/wp-content\/uploads\/2023\/10\/Dux161o-maix161ytuvas-LEXIE-II.jpg","contentUrl":"https:\/\/metaltale.com\/wp-content\/uploads\/2023\/10\/Dux161o-maix161ytuvas-LEXIE-II.jpg","width":800,"height":800,"caption":"Du\u0161as mais\u012bt\u0101js LEXIE II, melns"},{"@type":"BreadcrumbList","@id":"https:\/\/metaltale.com\/lv\/produkts\/dusas-maisitajs-lexie-ii-melns\/#breadcrumb","itemListElement":[{"@type":"ListItem","position":1,"name":"Home","item":"https:\/\/metaltale.com\/lv\/majas\/"},{"@type":"ListItem","position":2,"name":"Veikals","item":"https:\/\/metaltale.com\/lv\/shop\/"},{"@type":"ListItem","position":3,"name":"Du\u0161as mais\u012bt\u0101js LEXIE II, melns"}]},{"@type":"WebSite","@id":"https:\/\/metaltale.com\/lv\/#website","url":"https:\/\/metaltale.com\/lv\/","name":"Metaltale.com","description":"","potentialAction":[{"@type":"SearchAction","target":{"@type":"EntryPoint","urlTemplate":"https:\/\/metaltale.com\/lv\/?s={search_term_string}"},"query-input":{"@type":"PropertyValueSpecification","valueRequired":true,"valueName":"search_term_string"}}],"inLanguage":"lv-LV"}]}},"_links":{"self":[{"href":"https:\/\/metaltale.com\/lv\/wp-json\/wp\/v2\/product\/139287","targetHints":{"allow":["GET"]}}],"collection":[{"href":"https:\/\/metaltale.com\/lv\/wp-json\/wp\/v2\/product"}],"about":[{"href":"https:\/\/metaltale.com\/lv\/wp-json\/wp\/v2\/types\/product"}],"replies":[{"embeddable":true,"href":"https:\/\/metaltale.com\/lv\/wp-json\/wp\/v2\/comments?post=139287"}],"version-history":[{"count":0,"href":"https:\/\/metaltale.com\/lv\/wp-json\/wp\/v2\/product\/139287\/revisions"}],"wp:featuredmedia":[{"embeddable":true,"href":"https:\/\/metaltale.com\/lv\/wp-json\/wp\/v2\/media\/81109"}],"wp:attachment":[{"href":"https:\/\/metaltale.com\/lv\/wp-json\/wp\/v2\/media?parent=139287"}],"wp:term":[{"taxonomy":"product_brand","embeddable":true,"href":"https:\/\/metaltale.com\/lv\/wp-json\/wp\/v2\/product_brand?post=139287"},{"taxonomy":"product_cat","embeddable":true,"href":"https:\/\/metaltale.com\/lv\/wp-json\/wp\/v2\/product_cat?post=139287"},{"taxonomy":"product_tag","embeddable":true,"href":"https:\/\/metaltale.com\/lv\/wp-json\/wp\/v2\/product_tag?post=139287"}],"curies":[{"name":"wp","href":"https:\/\/api.w.org\/{rel}","templated":true}]}}