{"id":139271,"date":"2024-02-13T13:51:04","date_gmt":"2024-02-13T11:51:04","guid":{"rendered":"https:\/\/metaltale.com\/produktas\/mebelu-rokturis-decorative-80mm\/"},"modified":"2024-02-13T13:51:04","modified_gmt":"2024-02-13T11:51:04","slug":"mebelu-rokturis-decorative-80mm","status":"publish","type":"product","link":"https:\/\/metaltale.com\/lv\/produkts\/mebelu-rokturis-decorative-80mm\/","title":{"rendered":"M\u0113be\u013cu rokturis DECORATIVE 80mm"},"content":{"rendered":"<div class=\"prod_data\">\n<p>49.087B <strong>modelis<\/strong>. AI.80<br \/>\n<strong>EAN.<\/strong>  5905369921032<br \/>\nMateri\u0101ls Ketus<br \/>\n<strong>Kop\u0113jais augstums (cm<\/strong> ) 3<br \/>\n<strong>Kop\u0113jais platums (cm<\/strong> ) 8<br \/>\n<strong>Kop\u0113j\u0101 projekcija (cm<\/strong> ) 2,2<br \/>\n<strong>Att\u0101lums starp<\/strong> caurumiem (<strong>cm<\/strong> ) 5,8<br \/>\nT\u0113rauda <strong>kr\u0101sa<\/strong> <\/p>\n<p>&#8211; rokturis ir izgatavots no augst\u0101k\u0101s kvalit\u0101tes \u010duguna, kas mums garant\u0113 apstr\u0101des kvalit\u0101ti un izstr\u0101d\u0101juma iztur\u012bbu.<br \/>\n&#8211; viegli tekstur\u0113t\u0101 virsma v\u0113l vair\u0101k izce\u013c retro stilu.<br \/>\n&#8211; t\u0101 forma \u013cauj efekt\u012bvi un viegli atv\u0113rt<\/p>\n<hr>\n<p>M\u016bsu interjeru lauku stilu iev\u0113rojami papildin\u0101s labi izv\u0113l\u0113ti m\u0113be\u013cu aksesu\u0101ri. Par\u0101d\u012btais dekorat\u012bvais rokturis noteikti ir interesants un neparasts veids, k\u0101 dekor\u0113tiem priek\u0161metiem pie\u0161\u0137irt ori\u0123in\u0101lu atmosf\u0113ru.<\/p>\n<p>Tas ir izgatavots no augst\u0101k\u0101s kvalit\u0101tes \u010duguna, ar lielu precizit\u0101ti katr\u0101 deta\u013c\u0101, kas izvietota uz t\u0101 korpusa. Rokturis ir iztur\u0113ts un impregn\u0113ts, kas garant\u0113 \u0113rtu un \u0113rtu lieto\u0161anu ar koka kumod\u0113m vai galda virsm\u0101m.<\/p>\n<p>Stiprin\u0101jums caur diviem caurumiem, skr\u016bves iek\u013cautas komplekt\u0101.<\/p>\n<\/div>\n","protected":false},"excerpt":{"rendered":"<p>49.087B modelis. AI.80 EAN. 5905369921032 Materi\u0101ls Ketus Kop\u0113jais augstums (cm ) 3 Kop\u0113jais platums (cm ) 8 Kop\u0113j\u0101 projekcija (cm<\/p>\n","protected":false},"featured_media":81526,"comment_status":"open","ping_status":"closed","template":"","meta":{"_acf_changed":false,"pmpro_default_level":""},"product_brand":[],"product_cat":[23841,23837,23838],"product_tag":[],"class_list":{"0":"post-139271","1":"product","2":"type-product","3":"status-publish","4":"has-post-thumbnail","6":"product_cat-korpusa-rokturi","7":"product_cat-mebeles-piederumi","8":"product_cat-mebelu-rokturi","9":"pmpro-has-access","11":"first","12":"instock","13":"shipping-taxable","14":"purchasable","15":"product-type-simple"},"acf":[],"yoast_head":"<!-- This site is optimized with the Yoast SEO plugin v24.9 - https:\/\/yoast.com\/wordpress\/plugins\/seo\/ -->\n<title>M\u0113be\u013cu rokturis DECORATIVE 80mm - MetalTale.com<\/title>\n<meta name=\"robots\" content=\"index, follow, max-snippet:-1, max-image-preview:large, max-video-preview:-1\" \/>\n<link rel=\"canonical\" href=\"https:\/\/metaltale.com\/lv\/produkts\/mebelu-rokturis-decorative-80mm\/\" \/>\n<meta property=\"og:locale\" content=\"lv_LV\" \/>\n<meta property=\"og:type\" content=\"article\" \/>\n<meta property=\"og:title\" content=\"M\u0113be\u013cu rokturis DECORATIVE 80mm - MetalTale.com\" \/>\n<meta property=\"og:description\" content=\"49.087B modelis. AI.80 EAN. 5905369921032 Materi\u0101ls Ketus Kop\u0113jais augstums (cm ) 3 Kop\u0113jais platums (cm ) 8 Kop\u0113j\u0101 projekcija (cm\" \/>\n<meta property=\"og:url\" content=\"https:\/\/metaltale.com\/lv\/produkts\/mebelu-rokturis-decorative-80mm\/\" \/>\n<meta property=\"og:site_name\" content=\"MetalTale.com\" \/>\n<meta name=\"twitter:card\" content=\"summary_large_image\" \/>\n<meta name=\"twitter:label1\" content=\"Est. reading time\" \/>\n\t<meta name=\"twitter:data1\" content=\"1 minute\" \/>\n<script type=\"application\/ld+json\" class=\"yoast-schema-graph\">{\"@context\":\"https:\/\/schema.org\",\"@graph\":[{\"@type\":\"WebPage\",\"@id\":\"https:\/\/metaltale.com\/lv\/produkts\/mebelu-rokturis-decorative-80mm\/\",\"url\":\"https:\/\/metaltale.com\/lv\/produkts\/mebelu-rokturis-decorative-80mm\/\",\"name\":\"M\u0113be\u013cu rokturis DECORATIVE 80mm - MetalTale.com\",\"isPartOf\":{\"@id\":\"https:\/\/metaltale.com\/lv\/#website\"},\"primaryImageOfPage\":{\"@id\":\"https:\/\/metaltale.com\/lv\/produkts\/mebelu-rokturis-decorative-80mm\/#primaryimage\"},\"image\":{\"@id\":\"https:\/\/metaltale.com\/lv\/produkts\/mebelu-rokturis-decorative-80mm\/#primaryimage\"},\"thumbnailUrl\":\"https:\/\/metaltale.com\/wp-content\/uploads\/2023\/10\/Dekoratyvinis-korpuso-laikiklis-80mm.jpg\",\"datePublished\":\"2024-02-13T11:51:04+00:00\",\"breadcrumb\":{\"@id\":\"https:\/\/metaltale.com\/lv\/produkts\/mebelu-rokturis-decorative-80mm\/#breadcrumb\"},\"inLanguage\":\"lv-LV\",\"potentialAction\":[{\"@type\":\"ReadAction\",\"target\":[\"https:\/\/metaltale.com\/lv\/produkts\/mebelu-rokturis-decorative-80mm\/\"]}]},{\"@type\":\"ImageObject\",\"inLanguage\":\"lv-LV\",\"@id\":\"https:\/\/metaltale.com\/lv\/produkts\/mebelu-rokturis-decorative-80mm\/#primaryimage\",\"url\":\"https:\/\/metaltale.com\/wp-content\/uploads\/2023\/10\/Dekoratyvinis-korpuso-laikiklis-80mm.jpg\",\"contentUrl\":\"https:\/\/metaltale.com\/wp-content\/uploads\/2023\/10\/Dekoratyvinis-korpuso-laikiklis-80mm.jpg\",\"width\":800,\"height\":800,\"caption\":\"M\u0113be\u013cu rokturis DECORATIVE 80mm\"},{\"@type\":\"BreadcrumbList\",\"@id\":\"https:\/\/metaltale.com\/lv\/produkts\/mebelu-rokturis-decorative-80mm\/#breadcrumb\",\"itemListElement\":[{\"@type\":\"ListItem\",\"position\":1,\"name\":\"Home\",\"item\":\"https:\/\/metaltale.com\/lv\/majas\/\"},{\"@type\":\"ListItem\",\"position\":2,\"name\":\"Veikals\",\"item\":\"https:\/\/metaltale.com\/lv\/shop\/\"},{\"@type\":\"ListItem\",\"position\":3,\"name\":\"M\u0113be\u013cu rokturis DECORATIVE 80mm\"}]},{\"@type\":\"WebSite\",\"@id\":\"https:\/\/metaltale.com\/lv\/#website\",\"url\":\"https:\/\/metaltale.com\/lv\/\",\"name\":\"Metaltale.com\",\"description\":\"\",\"potentialAction\":[{\"@type\":\"SearchAction\",\"target\":{\"@type\":\"EntryPoint\",\"urlTemplate\":\"https:\/\/metaltale.com\/lv\/?s={search_term_string}\"},\"query-input\":{\"@type\":\"PropertyValueSpecification\",\"valueRequired\":true,\"valueName\":\"search_term_string\"}}],\"inLanguage\":\"lv-LV\"}]}<\/script>\n<!-- \/ Yoast SEO plugin. -->","yoast_head_json":{"title":"M\u0113be\u013cu rokturis DECORATIVE 80mm - MetalTale.com","robots":{"index":"index","follow":"follow","max-snippet":"max-snippet:-1","max-image-preview":"max-image-preview:large","max-video-preview":"max-video-preview:-1"},"canonical":"https:\/\/metaltale.com\/lv\/produkts\/mebelu-rokturis-decorative-80mm\/","og_locale":"lv_LV","og_type":"article","og_title":"M\u0113be\u013cu rokturis DECORATIVE 80mm - MetalTale.com","og_description":"49.087B modelis. AI.80 EAN. 5905369921032 Materi\u0101ls Ketus Kop\u0113jais augstums (cm ) 3 Kop\u0113jais platums (cm ) 8 Kop\u0113j\u0101 projekcija (cm","og_url":"https:\/\/metaltale.com\/lv\/produkts\/mebelu-rokturis-decorative-80mm\/","og_site_name":"MetalTale.com","twitter_card":"summary_large_image","twitter_misc":{"Est. reading time":"1 minute"},"schema":{"@context":"https:\/\/schema.org","@graph":[{"@type":"WebPage","@id":"https:\/\/metaltale.com\/lv\/produkts\/mebelu-rokturis-decorative-80mm\/","url":"https:\/\/metaltale.com\/lv\/produkts\/mebelu-rokturis-decorative-80mm\/","name":"M\u0113be\u013cu rokturis DECORATIVE 80mm - MetalTale.com","isPartOf":{"@id":"https:\/\/metaltale.com\/lv\/#website"},"primaryImageOfPage":{"@id":"https:\/\/metaltale.com\/lv\/produkts\/mebelu-rokturis-decorative-80mm\/#primaryimage"},"image":{"@id":"https:\/\/metaltale.com\/lv\/produkts\/mebelu-rokturis-decorative-80mm\/#primaryimage"},"thumbnailUrl":"https:\/\/metaltale.com\/wp-content\/uploads\/2023\/10\/Dekoratyvinis-korpuso-laikiklis-80mm.jpg","datePublished":"2024-02-13T11:51:04+00:00","breadcrumb":{"@id":"https:\/\/metaltale.com\/lv\/produkts\/mebelu-rokturis-decorative-80mm\/#breadcrumb"},"inLanguage":"lv-LV","potentialAction":[{"@type":"ReadAction","target":["https:\/\/metaltale.com\/lv\/produkts\/mebelu-rokturis-decorative-80mm\/"]}]},{"@type":"ImageObject","inLanguage":"lv-LV","@id":"https:\/\/metaltale.com\/lv\/produkts\/mebelu-rokturis-decorative-80mm\/#primaryimage","url":"https:\/\/metaltale.com\/wp-content\/uploads\/2023\/10\/Dekoratyvinis-korpuso-laikiklis-80mm.jpg","contentUrl":"https:\/\/metaltale.com\/wp-content\/uploads\/2023\/10\/Dekoratyvinis-korpuso-laikiklis-80mm.jpg","width":800,"height":800,"caption":"M\u0113be\u013cu rokturis DECORATIVE 80mm"},{"@type":"BreadcrumbList","@id":"https:\/\/metaltale.com\/lv\/produkts\/mebelu-rokturis-decorative-80mm\/#breadcrumb","itemListElement":[{"@type":"ListItem","position":1,"name":"Home","item":"https:\/\/metaltale.com\/lv\/majas\/"},{"@type":"ListItem","position":2,"name":"Veikals","item":"https:\/\/metaltale.com\/lv\/shop\/"},{"@type":"ListItem","position":3,"name":"M\u0113be\u013cu rokturis DECORATIVE 80mm"}]},{"@type":"WebSite","@id":"https:\/\/metaltale.com\/lv\/#website","url":"https:\/\/metaltale.com\/lv\/","name":"Metaltale.com","description":"","potentialAction":[{"@type":"SearchAction","target":{"@type":"EntryPoint","urlTemplate":"https:\/\/metaltale.com\/lv\/?s={search_term_string}"},"query-input":{"@type":"PropertyValueSpecification","valueRequired":true,"valueName":"search_term_string"}}],"inLanguage":"lv-LV"}]}},"_links":{"self":[{"href":"https:\/\/metaltale.com\/lv\/wp-json\/wp\/v2\/product\/139271","targetHints":{"allow":["GET"]}}],"collection":[{"href":"https:\/\/metaltale.com\/lv\/wp-json\/wp\/v2\/product"}],"about":[{"href":"https:\/\/metaltale.com\/lv\/wp-json\/wp\/v2\/types\/product"}],"replies":[{"embeddable":true,"href":"https:\/\/metaltale.com\/lv\/wp-json\/wp\/v2\/comments?post=139271"}],"version-history":[{"count":0,"href":"https:\/\/metaltale.com\/lv\/wp-json\/wp\/v2\/product\/139271\/revisions"}],"wp:featuredmedia":[{"embeddable":true,"href":"https:\/\/metaltale.com\/lv\/wp-json\/wp\/v2\/media\/81526"}],"wp:attachment":[{"href":"https:\/\/metaltale.com\/lv\/wp-json\/wp\/v2\/media?parent=139271"}],"wp:term":[{"taxonomy":"product_brand","embeddable":true,"href":"https:\/\/metaltale.com\/lv\/wp-json\/wp\/v2\/product_brand?post=139271"},{"taxonomy":"product_cat","embeddable":true,"href":"https:\/\/metaltale.com\/lv\/wp-json\/wp\/v2\/product_cat?post=139271"},{"taxonomy":"product_tag","embeddable":true,"href":"https:\/\/metaltale.com\/lv\/wp-json\/wp\/v2\/product_tag?post=139271"}],"curies":[{"name":"wp","href":"https:\/\/api.w.org\/{rel}","templated":true}]}}