{"id":139245,"date":"2024-02-13T13:51:04","date_gmt":"2024-02-13T11:51:04","guid":{"rendered":"https:\/\/metaltale.com\/produktas\/iebuvets-taisnstura-formas-mebelu-rokturis-rectangular-130mm\/"},"modified":"2024-02-13T13:51:04","modified_gmt":"2024-02-13T11:51:04","slug":"iebuvets-taisnstura-formas-mebelu-rokturis-rectangular-130mm","status":"publish","type":"product","link":"https:\/\/metaltale.com\/lv\/produkts\/iebuvets-taisnstura-formas-mebelu-rokturis-rectangular-130mm\/","title":{"rendered":"Ieb\u016bv\u0113ts taisnst\u016bra formas m\u0113be\u013cu rokturis RECTANGULAR 130mm"},"content":{"rendered":"<div class=\"prod_data\">\n<p><strong>Modelis<\/strong> 70.069.AI.130<br \/>\n<strong>EAN.<\/strong>  5905369920950<br \/>\nMateri\u0101ls Ketus<br \/>\n<strong>Kop\u0113jais augstums (cm<\/strong> ) 3,5<br \/>\n<strong>Kop\u0113jais platums (cm<\/strong> ) 13<br \/>\n<strong>Att\u0101lums starp<\/strong> caurumiem <strong>(cm<\/strong> ) Vertik\u0101li: 2,5 \/ l\u012bmenis 11,5<br \/>\nT\u0113rauda <strong>kr\u0101sa<\/strong><br \/>\n<strong>PAPILDU INFORM\u0100CIJA<\/strong> Ieb\u016bv\u0113jams m\u0113be\u013cu virsm\u0101: rievas dzi\u013cums 10 mm, garums 112 mm, platums 27 mm.<\/p>\n<p>&#8211; rokturis ir izgatavots no augst\u0101k\u0101s kvalit\u0101tes \u010duguna, kas mums garant\u0113 apstr\u0101des kvalit\u0101ti un izstr\u0101d\u0101juma iztur\u012bbu.<br \/>\n&#8211; viegli tekstur\u0113t\u0101 virsma v\u0113l vair\u0101k izce\u013c retro stilu.<br \/>\n&#8211; Ieb\u016bv\u0113tais m\u0113be\u013cu rokturis ir funkcion\u0101ls un p\u0101rbaud\u012bts risin\u0101jums.<\/p>\n<hr>\n<p>M\u016bsu tie\u0161saistes veikala pla\u0161ais kl\u0101sts \u013cauj viegli atrast visus nepiecie\u0161amos piederumus.<\/p>\n<p>&#8220;Mortise m\u0113be\u013cu rokturis neap\u0161aub\u0101mi ir funkcion\u0101ls un p\u0101rbaud\u012bts risin\u0101jums. T\u0101 daudzpus\u012bg\u0101 forma padara to par neaizst\u0101jamu skapju papildin\u0101jumu. T\u0101 ir izgatavota no augstas kvalit\u0101tes \u010duguna, un tai ir rakstur\u012bga kr\u0101sa, kas lieliski akcent\u0113s daudzu interjeru tipisko lauku iek\u0101rtojumu.<\/p>\n<p>Tam ir \u010detri stiprin\u0101juma caurumi un skr\u016bves.<\/p>\n<\/div>\n","protected":false},"excerpt":{"rendered":"<p>Modelis 70.069.AI.130 EAN. 5905369920950 Materi\u0101ls Ketus Kop\u0113jais augstums (cm ) 3,5 Kop\u0113jais platums (cm ) 13 Att\u0101lums starp caurumiem (cm<\/p>\n","protected":false},"featured_media":68686,"comment_status":"open","ping_status":"closed","template":"","meta":{"_acf_changed":false,"pmpro_default_level":""},"product_brand":[],"product_cat":[23837,23838,23843],"product_tag":[],"class_list":{"0":"post-139245","1":"product","2":"type-product","3":"status-publish","4":"has-post-thumbnail","6":"product_cat-mebeles-piederumi","7":"product_cat-mebelu-rokturi","8":"product_cat-skapju-rokturi","9":"pmpro-has-access","11":"first","12":"instock","13":"shipping-taxable","14":"purchasable","15":"product-type-simple"},"acf":[],"yoast_head":"<!-- This site is optimized with the Yoast SEO plugin v24.9 - https:\/\/yoast.com\/wordpress\/plugins\/seo\/ -->\n<title>Ieb\u016bv\u0113ts taisnst\u016bra formas m\u0113be\u013cu rokturis RECTANGULAR 130mm - MetalTale.com<\/title>\n<meta name=\"robots\" content=\"index, follow, max-snippet:-1, max-image-preview:large, max-video-preview:-1\" \/>\n<link rel=\"canonical\" href=\"https:\/\/metaltale.com\/lv\/produkts\/iebuvets-taisnstura-formas-mebelu-rokturis-rectangular-130mm\/\" \/>\n<meta property=\"og:locale\" content=\"lv_LV\" \/>\n<meta property=\"og:type\" content=\"article\" \/>\n<meta property=\"og:title\" content=\"Ieb\u016bv\u0113ts taisnst\u016bra formas m\u0113be\u013cu rokturis RECTANGULAR 130mm - MetalTale.com\" \/>\n<meta property=\"og:description\" content=\"Modelis 70.069.AI.130 EAN. 5905369920950 Materi\u0101ls Ketus Kop\u0113jais augstums (cm ) 3,5 Kop\u0113jais platums (cm ) 13 Att\u0101lums starp caurumiem (cm\" \/>\n<meta property=\"og:url\" content=\"https:\/\/metaltale.com\/lv\/produkts\/iebuvets-taisnstura-formas-mebelu-rokturis-rectangular-130mm\/\" \/>\n<meta property=\"og:site_name\" content=\"MetalTale.com\" \/>\n<meta name=\"twitter:card\" content=\"summary_large_image\" \/>\n<meta name=\"twitter:label1\" content=\"Est. reading time\" \/>\n\t<meta name=\"twitter:data1\" content=\"1 minute\" \/>\n<script type=\"application\/ld+json\" class=\"yoast-schema-graph\">{\"@context\":\"https:\/\/schema.org\",\"@graph\":[{\"@type\":\"WebPage\",\"@id\":\"https:\/\/metaltale.com\/lv\/produkts\/iebuvets-taisnstura-formas-mebelu-rokturis-rectangular-130mm\/\",\"url\":\"https:\/\/metaltale.com\/lv\/produkts\/iebuvets-taisnstura-formas-mebelu-rokturis-rectangular-130mm\/\",\"name\":\"Ieb\u016bv\u0113ts taisnst\u016bra formas m\u0113be\u013cu rokturis RECTANGULAR 130mm - MetalTale.com\",\"isPartOf\":{\"@id\":\"https:\/\/metaltale.com\/lv\/#website\"},\"primaryImageOfPage\":{\"@id\":\"https:\/\/metaltale.com\/lv\/produkts\/iebuvets-taisnstura-formas-mebelu-rokturis-rectangular-130mm\/#primaryimage\"},\"image\":{\"@id\":\"https:\/\/metaltale.com\/lv\/produkts\/iebuvets-taisnstura-formas-mebelu-rokturis-rectangular-130mm\/#primaryimage\"},\"thumbnailUrl\":\"https:\/\/metaltale.com\/wp-content\/uploads\/2023\/09\/Rektifikuota-baldx173-rankena-130mm.jpg\",\"datePublished\":\"2024-02-13T11:51:04+00:00\",\"breadcrumb\":{\"@id\":\"https:\/\/metaltale.com\/lv\/produkts\/iebuvets-taisnstura-formas-mebelu-rokturis-rectangular-130mm\/#breadcrumb\"},\"inLanguage\":\"lv-LV\",\"potentialAction\":[{\"@type\":\"ReadAction\",\"target\":[\"https:\/\/metaltale.com\/lv\/produkts\/iebuvets-taisnstura-formas-mebelu-rokturis-rectangular-130mm\/\"]}]},{\"@type\":\"ImageObject\",\"inLanguage\":\"lv-LV\",\"@id\":\"https:\/\/metaltale.com\/lv\/produkts\/iebuvets-taisnstura-formas-mebelu-rokturis-rectangular-130mm\/#primaryimage\",\"url\":\"https:\/\/metaltale.com\/wp-content\/uploads\/2023\/09\/Rektifikuota-baldx173-rankena-130mm.jpg\",\"contentUrl\":\"https:\/\/metaltale.com\/wp-content\/uploads\/2023\/09\/Rektifikuota-baldx173-rankena-130mm.jpg\",\"width\":800,\"height\":800,\"caption\":\"Ieb\u016bv\u0113ts taisnst\u016bra formas m\u0113be\u013cu rokturis RECTANGULAR 130mm\"},{\"@type\":\"BreadcrumbList\",\"@id\":\"https:\/\/metaltale.com\/lv\/produkts\/iebuvets-taisnstura-formas-mebelu-rokturis-rectangular-130mm\/#breadcrumb\",\"itemListElement\":[{\"@type\":\"ListItem\",\"position\":1,\"name\":\"Home\",\"item\":\"https:\/\/metaltale.com\/lv\/majas\/\"},{\"@type\":\"ListItem\",\"position\":2,\"name\":\"Veikals\",\"item\":\"https:\/\/metaltale.com\/lv\/shop\/\"},{\"@type\":\"ListItem\",\"position\":3,\"name\":\"Ieb\u016bv\u0113ts taisnst\u016bra formas m\u0113be\u013cu rokturis RECTANGULAR 130mm\"}]},{\"@type\":\"WebSite\",\"@id\":\"https:\/\/metaltale.com\/lv\/#website\",\"url\":\"https:\/\/metaltale.com\/lv\/\",\"name\":\"Metaltale.com\",\"description\":\"\",\"potentialAction\":[{\"@type\":\"SearchAction\",\"target\":{\"@type\":\"EntryPoint\",\"urlTemplate\":\"https:\/\/metaltale.com\/lv\/?s={search_term_string}\"},\"query-input\":{\"@type\":\"PropertyValueSpecification\",\"valueRequired\":true,\"valueName\":\"search_term_string\"}}],\"inLanguage\":\"lv-LV\"}]}<\/script>\n<!-- \/ Yoast SEO plugin. -->","yoast_head_json":{"title":"Ieb\u016bv\u0113ts taisnst\u016bra formas m\u0113be\u013cu rokturis RECTANGULAR 130mm - MetalTale.com","robots":{"index":"index","follow":"follow","max-snippet":"max-snippet:-1","max-image-preview":"max-image-preview:large","max-video-preview":"max-video-preview:-1"},"canonical":"https:\/\/metaltale.com\/lv\/produkts\/iebuvets-taisnstura-formas-mebelu-rokturis-rectangular-130mm\/","og_locale":"lv_LV","og_type":"article","og_title":"Ieb\u016bv\u0113ts taisnst\u016bra formas m\u0113be\u013cu rokturis RECTANGULAR 130mm - MetalTale.com","og_description":"Modelis 70.069.AI.130 EAN. 5905369920950 Materi\u0101ls Ketus Kop\u0113jais augstums (cm ) 3,5 Kop\u0113jais platums (cm ) 13 Att\u0101lums starp caurumiem (cm","og_url":"https:\/\/metaltale.com\/lv\/produkts\/iebuvets-taisnstura-formas-mebelu-rokturis-rectangular-130mm\/","og_site_name":"MetalTale.com","twitter_card":"summary_large_image","twitter_misc":{"Est. reading time":"1 minute"},"schema":{"@context":"https:\/\/schema.org","@graph":[{"@type":"WebPage","@id":"https:\/\/metaltale.com\/lv\/produkts\/iebuvets-taisnstura-formas-mebelu-rokturis-rectangular-130mm\/","url":"https:\/\/metaltale.com\/lv\/produkts\/iebuvets-taisnstura-formas-mebelu-rokturis-rectangular-130mm\/","name":"Ieb\u016bv\u0113ts taisnst\u016bra formas m\u0113be\u013cu rokturis RECTANGULAR 130mm - MetalTale.com","isPartOf":{"@id":"https:\/\/metaltale.com\/lv\/#website"},"primaryImageOfPage":{"@id":"https:\/\/metaltale.com\/lv\/produkts\/iebuvets-taisnstura-formas-mebelu-rokturis-rectangular-130mm\/#primaryimage"},"image":{"@id":"https:\/\/metaltale.com\/lv\/produkts\/iebuvets-taisnstura-formas-mebelu-rokturis-rectangular-130mm\/#primaryimage"},"thumbnailUrl":"https:\/\/metaltale.com\/wp-content\/uploads\/2023\/09\/Rektifikuota-baldx173-rankena-130mm.jpg","datePublished":"2024-02-13T11:51:04+00:00","breadcrumb":{"@id":"https:\/\/metaltale.com\/lv\/produkts\/iebuvets-taisnstura-formas-mebelu-rokturis-rectangular-130mm\/#breadcrumb"},"inLanguage":"lv-LV","potentialAction":[{"@type":"ReadAction","target":["https:\/\/metaltale.com\/lv\/produkts\/iebuvets-taisnstura-formas-mebelu-rokturis-rectangular-130mm\/"]}]},{"@type":"ImageObject","inLanguage":"lv-LV","@id":"https:\/\/metaltale.com\/lv\/produkts\/iebuvets-taisnstura-formas-mebelu-rokturis-rectangular-130mm\/#primaryimage","url":"https:\/\/metaltale.com\/wp-content\/uploads\/2023\/09\/Rektifikuota-baldx173-rankena-130mm.jpg","contentUrl":"https:\/\/metaltale.com\/wp-content\/uploads\/2023\/09\/Rektifikuota-baldx173-rankena-130mm.jpg","width":800,"height":800,"caption":"Ieb\u016bv\u0113ts taisnst\u016bra formas m\u0113be\u013cu rokturis RECTANGULAR 130mm"},{"@type":"BreadcrumbList","@id":"https:\/\/metaltale.com\/lv\/produkts\/iebuvets-taisnstura-formas-mebelu-rokturis-rectangular-130mm\/#breadcrumb","itemListElement":[{"@type":"ListItem","position":1,"name":"Home","item":"https:\/\/metaltale.com\/lv\/majas\/"},{"@type":"ListItem","position":2,"name":"Veikals","item":"https:\/\/metaltale.com\/lv\/shop\/"},{"@type":"ListItem","position":3,"name":"Ieb\u016bv\u0113ts taisnst\u016bra formas m\u0113be\u013cu rokturis RECTANGULAR 130mm"}]},{"@type":"WebSite","@id":"https:\/\/metaltale.com\/lv\/#website","url":"https:\/\/metaltale.com\/lv\/","name":"Metaltale.com","description":"","potentialAction":[{"@type":"SearchAction","target":{"@type":"EntryPoint","urlTemplate":"https:\/\/metaltale.com\/lv\/?s={search_term_string}"},"query-input":{"@type":"PropertyValueSpecification","valueRequired":true,"valueName":"search_term_string"}}],"inLanguage":"lv-LV"}]}},"_links":{"self":[{"href":"https:\/\/metaltale.com\/lv\/wp-json\/wp\/v2\/product\/139245","targetHints":{"allow":["GET"]}}],"collection":[{"href":"https:\/\/metaltale.com\/lv\/wp-json\/wp\/v2\/product"}],"about":[{"href":"https:\/\/metaltale.com\/lv\/wp-json\/wp\/v2\/types\/product"}],"replies":[{"embeddable":true,"href":"https:\/\/metaltale.com\/lv\/wp-json\/wp\/v2\/comments?post=139245"}],"version-history":[{"count":0,"href":"https:\/\/metaltale.com\/lv\/wp-json\/wp\/v2\/product\/139245\/revisions"}],"wp:featuredmedia":[{"embeddable":true,"href":"https:\/\/metaltale.com\/lv\/wp-json\/wp\/v2\/media\/68686"}],"wp:attachment":[{"href":"https:\/\/metaltale.com\/lv\/wp-json\/wp\/v2\/media?parent=139245"}],"wp:term":[{"taxonomy":"product_brand","embeddable":true,"href":"https:\/\/metaltale.com\/lv\/wp-json\/wp\/v2\/product_brand?post=139245"},{"taxonomy":"product_cat","embeddable":true,"href":"https:\/\/metaltale.com\/lv\/wp-json\/wp\/v2\/product_cat?post=139245"},{"taxonomy":"product_tag","embeddable":true,"href":"https:\/\/metaltale.com\/lv\/wp-json\/wp\/v2\/product_tag?post=139245"}],"curies":[{"name":"wp","href":"https:\/\/api.w.org\/{rel}","templated":true}]}}