{"id":139239,"date":"2024-02-13T13:49:44","date_gmt":"2024-02-13T11:49:44","guid":{"rendered":"https:\/\/metaltale.com\/produktas\/dusas-maisitajs-melns-york\/"},"modified":"2024-02-13T13:49:44","modified_gmt":"2024-02-13T11:49:44","slug":"dusas-maisitajs-melns-york","status":"publish","type":"product","link":"https:\/\/metaltale.com\/lv\/produkts\/dusas-maisitajs-melns-york\/","title":{"rendered":"Du\u0161as mais\u012bt\u0101js melns YORK"},"content":{"rendered":"<div class=\"prod_data\">\n<p>WX <strong>modelis<\/strong>. XT309. BLA<br \/>\nJorkas kolekcija<br \/>\n<strong>EAN.<\/strong>  5905369900365<br \/>\n<strong>Izsmidzin\u0101t\u0101ja garums (cm<\/strong> ) 12<br \/>\n<strong>Materi\u0101ls<\/strong> Misi\u0146\u0161<br \/>\n<strong>Kop\u0113jais augstums (cm<\/strong> ) 129,5<br \/>\n<strong>Du\u0161as galvas diametrs (cm<\/strong> ) 5<br \/>\n<strong>Du\u0161as galvas garums (cm<\/strong> ) 17<br \/>\n<strong>Du\u0161as galvas diametrs (cm<\/strong> ) 21<br \/>\n<strong>\u0160\u013c\u016btenes garums (cm<\/strong> ) 150<br \/>\n<strong>Att\u0101lums starp kr\u0101niem (cm<\/strong> ) 15<br \/>\n<strong>Anti-Calc (pret ka\u013c\u0137akmens<\/strong> ) J\u0101<br \/>\nKr\u0101sa Melna<br \/>\n<strong>Apdare<\/strong> M\u012bksta, sat\u012bna efekts<br \/>\n<strong>Regul\u0113jams<\/strong> du\u0161as galvas le\u0146\u0137is un augstums (l\u012bdz -25 cm)<br \/>\n<strong>PAPILDU INFORM\u0100CIJA<\/strong> Anti-calc sist\u0113ma neattiecas uz du\u0161as galvu<\/p>\n<p>&#8211; Misi\u0146a virsmas du\u0161as mais\u012bt\u0101js<br \/>\n&#8211; Du\u0161as komplekts: vannas izsmidzin\u0101t\u0101js, telefons, lietus du\u0161a<br \/>\n&#8211; keramikas galva &#8211; elements, kas nodro\u0161ina pareizu \u016bdens sadali.<br \/>\n&#8211; Anti-Calc &#8211; sist\u0113ma pret nos\u0113dumiem<br \/>\n&#8211; viegli t\u012br\u0101ms &#8211; silts \u016bdens un PH neitr\u0101las ziepes.<br \/>\n&#8211; skatiet citus mode\u013cus kolekcij\u0101 Simply Retro<\/p>\n<hr>\n<p>Klasisk\u0101 vienk\u0101r\u0161\u012bba un meln\u0101 kr\u0101sa ir kombin\u0101cija, kas parasto du\u0161as mais\u012bt\u0101ju p\u0101rv\u0113r\u0161 par daudzpus\u012bgu vannasistabas apr\u012bkojumu, kas atkar\u012bb\u0101 no izv\u0113l\u0113tajiem aksesu\u0101riem ieder\u0113sies gan retro, gan b\u0113ni\u0146u, gan modern\u0101 interjer\u0101. Minim\u0101listiska lietus du\u0161a, klasiski kr\u0101ni un neliels du\u0161as t\u0101lrunis skaisti izskat\u0101s uz fl\u012b\u017eu vai betona fona. Misi\u0146a virsmas du\u0161as komplekti ir paredz\u0113ti r\u016bpniecisk\u0101m vannas istab\u0101m, kas tiek uztur\u0113tas biju\u0161\u0101s r\u016bpn\u012bcas vid\u0113. Ant\u012bkais dizains ir apvienots ar m\u016bsdien\u012bgiem risin\u0101jumiem, piem\u0113ram, pretakme\u0146u sist\u0113mu un keramikas galvi\u0146u.<\/p>\n<hr>\n<\/div>\n","protected":false},"excerpt":{"rendered":"<p>WX modelis. XT309. BLA Jorkas kolekcija EAN. 5905369900365 Izsmidzin\u0101t\u0101ja garums (cm ) 12 Materi\u0101ls Misi\u0146\u0161 Kop\u0113jais augstums (cm ) 129,5<\/p>\n","protected":false},"featured_media":100819,"comment_status":"open","ping_status":"closed","template":"","meta":{"_acf_changed":false,"pmpro_default_level":""},"product_brand":[],"product_cat":[24112,24073],"product_tag":[],"class_list":{"0":"post-139239","1":"product","2":"type-product","3":"status-publish","4":"has-post-thumbnail","6":"product_cat-dusas-maisitaji","7":"product_cat-vannas-istabas-krani","8":"pmpro-has-access","10":"first","11":"instock","12":"shipping-taxable","13":"purchasable","14":"product-type-simple"},"acf":[],"yoast_head":"<!-- This site is optimized with the Yoast SEO plugin v24.9 - https:\/\/yoast.com\/wordpress\/plugins\/seo\/ -->\n<title>Du\u0161as mais\u012bt\u0101js melns YORK - MetalTale.com<\/title>\n<meta name=\"robots\" content=\"index, follow, max-snippet:-1, max-image-preview:large, max-video-preview:-1\" \/>\n<link rel=\"canonical\" href=\"https:\/\/metaltale.com\/lv\/produkts\/dusas-maisitajs-melns-york\/\" \/>\n<meta property=\"og:locale\" content=\"lv_LV\" \/>\n<meta property=\"og:type\" content=\"article\" \/>\n<meta property=\"og:title\" content=\"Du\u0161as mais\u012bt\u0101js melns YORK - MetalTale.com\" \/>\n<meta property=\"og:description\" content=\"WX modelis. XT309. BLA Jorkas kolekcija EAN. 5905369900365 Izsmidzin\u0101t\u0101ja garums (cm ) 12 Materi\u0101ls Misi\u0146\u0161 Kop\u0113jais augstums (cm ) 129,5\" \/>\n<meta property=\"og:url\" content=\"https:\/\/metaltale.com\/lv\/produkts\/dusas-maisitajs-melns-york\/\" \/>\n<meta property=\"og:site_name\" content=\"MetalTale.com\" \/>\n<meta name=\"twitter:card\" content=\"summary_large_image\" \/>\n<meta name=\"twitter:label1\" content=\"Est. reading time\" \/>\n\t<meta name=\"twitter:data1\" content=\"1 minute\" \/>\n<script type=\"application\/ld+json\" class=\"yoast-schema-graph\">{\"@context\":\"https:\/\/schema.org\",\"@graph\":[{\"@type\":\"WebPage\",\"@id\":\"https:\/\/metaltale.com\/lv\/produkts\/dusas-maisitajs-melns-york\/\",\"url\":\"https:\/\/metaltale.com\/lv\/produkts\/dusas-maisitajs-melns-york\/\",\"name\":\"Du\u0161as mais\u012bt\u0101js melns YORK - MetalTale.com\",\"isPartOf\":{\"@id\":\"https:\/\/metaltale.com\/lv\/#website\"},\"primaryImageOfPage\":{\"@id\":\"https:\/\/metaltale.com\/lv\/produkts\/dusas-maisitajs-melns-york\/#primaryimage\"},\"image\":{\"@id\":\"https:\/\/metaltale.com\/lv\/produkts\/dusas-maisitajs-melns-york\/#primaryimage\"},\"thumbnailUrl\":\"https:\/\/metaltale.com\/wp-content\/uploads\/2023\/11\/Dux161o-maix161ytuvas-YORK.jpg\",\"datePublished\":\"2024-02-13T11:49:44+00:00\",\"breadcrumb\":{\"@id\":\"https:\/\/metaltale.com\/lv\/produkts\/dusas-maisitajs-melns-york\/#breadcrumb\"},\"inLanguage\":\"lv-LV\",\"potentialAction\":[{\"@type\":\"ReadAction\",\"target\":[\"https:\/\/metaltale.com\/lv\/produkts\/dusas-maisitajs-melns-york\/\"]}]},{\"@type\":\"ImageObject\",\"inLanguage\":\"lv-LV\",\"@id\":\"https:\/\/metaltale.com\/lv\/produkts\/dusas-maisitajs-melns-york\/#primaryimage\",\"url\":\"https:\/\/metaltale.com\/wp-content\/uploads\/2023\/11\/Dux161o-maix161ytuvas-YORK.jpg\",\"contentUrl\":\"https:\/\/metaltale.com\/wp-content\/uploads\/2023\/11\/Dux161o-maix161ytuvas-YORK.jpg\",\"width\":800,\"height\":800},{\"@type\":\"BreadcrumbList\",\"@id\":\"https:\/\/metaltale.com\/lv\/produkts\/dusas-maisitajs-melns-york\/#breadcrumb\",\"itemListElement\":[{\"@type\":\"ListItem\",\"position\":1,\"name\":\"Home\",\"item\":\"https:\/\/metaltale.com\/lv\/majas\/\"},{\"@type\":\"ListItem\",\"position\":2,\"name\":\"Veikals\",\"item\":\"https:\/\/metaltale.com\/lv\/shop\/\"},{\"@type\":\"ListItem\",\"position\":3,\"name\":\"Du\u0161as mais\u012bt\u0101js melns YORK\"}]},{\"@type\":\"WebSite\",\"@id\":\"https:\/\/metaltale.com\/lv\/#website\",\"url\":\"https:\/\/metaltale.com\/lv\/\",\"name\":\"Metaltale.com\",\"description\":\"\",\"potentialAction\":[{\"@type\":\"SearchAction\",\"target\":{\"@type\":\"EntryPoint\",\"urlTemplate\":\"https:\/\/metaltale.com\/lv\/?s={search_term_string}\"},\"query-input\":{\"@type\":\"PropertyValueSpecification\",\"valueRequired\":true,\"valueName\":\"search_term_string\"}}],\"inLanguage\":\"lv-LV\"}]}<\/script>\n<!-- \/ Yoast SEO plugin. -->","yoast_head_json":{"title":"Du\u0161as mais\u012bt\u0101js melns YORK - MetalTale.com","robots":{"index":"index","follow":"follow","max-snippet":"max-snippet:-1","max-image-preview":"max-image-preview:large","max-video-preview":"max-video-preview:-1"},"canonical":"https:\/\/metaltale.com\/lv\/produkts\/dusas-maisitajs-melns-york\/","og_locale":"lv_LV","og_type":"article","og_title":"Du\u0161as mais\u012bt\u0101js melns YORK - MetalTale.com","og_description":"WX modelis. XT309. BLA Jorkas kolekcija EAN. 5905369900365 Izsmidzin\u0101t\u0101ja garums (cm ) 12 Materi\u0101ls Misi\u0146\u0161 Kop\u0113jais augstums (cm ) 129,5","og_url":"https:\/\/metaltale.com\/lv\/produkts\/dusas-maisitajs-melns-york\/","og_site_name":"MetalTale.com","twitter_card":"summary_large_image","twitter_misc":{"Est. reading time":"1 minute"},"schema":{"@context":"https:\/\/schema.org","@graph":[{"@type":"WebPage","@id":"https:\/\/metaltale.com\/lv\/produkts\/dusas-maisitajs-melns-york\/","url":"https:\/\/metaltale.com\/lv\/produkts\/dusas-maisitajs-melns-york\/","name":"Du\u0161as mais\u012bt\u0101js melns YORK - MetalTale.com","isPartOf":{"@id":"https:\/\/metaltale.com\/lv\/#website"},"primaryImageOfPage":{"@id":"https:\/\/metaltale.com\/lv\/produkts\/dusas-maisitajs-melns-york\/#primaryimage"},"image":{"@id":"https:\/\/metaltale.com\/lv\/produkts\/dusas-maisitajs-melns-york\/#primaryimage"},"thumbnailUrl":"https:\/\/metaltale.com\/wp-content\/uploads\/2023\/11\/Dux161o-maix161ytuvas-YORK.jpg","datePublished":"2024-02-13T11:49:44+00:00","breadcrumb":{"@id":"https:\/\/metaltale.com\/lv\/produkts\/dusas-maisitajs-melns-york\/#breadcrumb"},"inLanguage":"lv-LV","potentialAction":[{"@type":"ReadAction","target":["https:\/\/metaltale.com\/lv\/produkts\/dusas-maisitajs-melns-york\/"]}]},{"@type":"ImageObject","inLanguage":"lv-LV","@id":"https:\/\/metaltale.com\/lv\/produkts\/dusas-maisitajs-melns-york\/#primaryimage","url":"https:\/\/metaltale.com\/wp-content\/uploads\/2023\/11\/Dux161o-maix161ytuvas-YORK.jpg","contentUrl":"https:\/\/metaltale.com\/wp-content\/uploads\/2023\/11\/Dux161o-maix161ytuvas-YORK.jpg","width":800,"height":800},{"@type":"BreadcrumbList","@id":"https:\/\/metaltale.com\/lv\/produkts\/dusas-maisitajs-melns-york\/#breadcrumb","itemListElement":[{"@type":"ListItem","position":1,"name":"Home","item":"https:\/\/metaltale.com\/lv\/majas\/"},{"@type":"ListItem","position":2,"name":"Veikals","item":"https:\/\/metaltale.com\/lv\/shop\/"},{"@type":"ListItem","position":3,"name":"Du\u0161as mais\u012bt\u0101js melns YORK"}]},{"@type":"WebSite","@id":"https:\/\/metaltale.com\/lv\/#website","url":"https:\/\/metaltale.com\/lv\/","name":"Metaltale.com","description":"","potentialAction":[{"@type":"SearchAction","target":{"@type":"EntryPoint","urlTemplate":"https:\/\/metaltale.com\/lv\/?s={search_term_string}"},"query-input":{"@type":"PropertyValueSpecification","valueRequired":true,"valueName":"search_term_string"}}],"inLanguage":"lv-LV"}]}},"_links":{"self":[{"href":"https:\/\/metaltale.com\/lv\/wp-json\/wp\/v2\/product\/139239","targetHints":{"allow":["GET"]}}],"collection":[{"href":"https:\/\/metaltale.com\/lv\/wp-json\/wp\/v2\/product"}],"about":[{"href":"https:\/\/metaltale.com\/lv\/wp-json\/wp\/v2\/types\/product"}],"replies":[{"embeddable":true,"href":"https:\/\/metaltale.com\/lv\/wp-json\/wp\/v2\/comments?post=139239"}],"version-history":[{"count":0,"href":"https:\/\/metaltale.com\/lv\/wp-json\/wp\/v2\/product\/139239\/revisions"}],"wp:featuredmedia":[{"embeddable":true,"href":"https:\/\/metaltale.com\/lv\/wp-json\/wp\/v2\/media\/100819"}],"wp:attachment":[{"href":"https:\/\/metaltale.com\/lv\/wp-json\/wp\/v2\/media?parent=139239"}],"wp:term":[{"taxonomy":"product_brand","embeddable":true,"href":"https:\/\/metaltale.com\/lv\/wp-json\/wp\/v2\/product_brand?post=139239"},{"taxonomy":"product_cat","embeddable":true,"href":"https:\/\/metaltale.com\/lv\/wp-json\/wp\/v2\/product_cat?post=139239"},{"taxonomy":"product_tag","embeddable":true,"href":"https:\/\/metaltale.com\/lv\/wp-json\/wp\/v2\/product_tag?post=139239"}],"curies":[{"name":"wp","href":"https:\/\/api.w.org\/{rel}","templated":true}]}}