{"id":139219,"date":"2024-02-13T13:51:41","date_gmt":"2024-02-13T11:51:41","guid":{"rendered":"https:\/\/metaltale.com\/produktas\/mebelu-rokturis-line-95-mm\/"},"modified":"2024-02-13T13:51:41","modified_gmt":"2024-02-13T11:51:41","slug":"mebelu-rokturis-line-95-mm","status":"publish","type":"product","link":"https:\/\/metaltale.com\/lv\/produkts\/mebelu-rokturis-line-95-mm\/","title":{"rendered":"M\u0113be\u013cu rokturis LINE 95 mm"},"content":{"rendered":"<div class=\"prod_data\">\n<p><strong>Modelis<\/strong> 30.087.AI.96.2<br \/>\n<strong>EAN.<\/strong>  5905369921148<br \/>\nMateri\u0101ls Ketus<br \/>\n<strong>Kop\u0113jais augstums (cm<\/strong> ) 4,5<br \/>\n<strong>Kop\u0113jais platums (cm<\/strong> ) 9,5<br \/>\n<strong>Kop\u0113j\u0101 projekcija (cm<\/strong> ) 2,4<br \/>\n<strong>Att\u0101lums starp<\/strong> caurumiem <strong>(cm<\/strong> ) Vertik\u0101li: 3,3 \/ 8 l\u012bme\u0146i<br \/>\nMont\u0101\u017eas skr\u016bves J\u0101<br \/>\nT\u0113rauda <strong>kr\u0101sa<\/strong> <\/p>\n<p>&#8211; rokturis ir izgatavots no augst\u0101k\u0101s kvalit\u0101tes \u010duguna, kas mums garant\u0113 apstr\u0101des kvalit\u0101ti un izstr\u0101d\u0101juma iztur\u012bbu.<br \/>\n&#8211; viegli tekstur\u0113t\u0101 virsma v\u0113l vair\u0101k izce\u013c retro stilu.<br \/>\n&#8211; rokturiem ir stiprin\u0101juma caurumi \u0101trai un vienk\u0101r\u0161ai mont\u0101\u017eai.<\/p>\n<hr>\n<p>Vienk\u0101r\u0161as formas un p\u0101rbaud\u012btas m\u0113be\u013cu piederumu formas ir iesp\u0113ja funkcion\u0101li izmantot to potenci\u0101lu. M\u016bsu tie\u0161saistes veikals nodro\u0161ina piek\u013cuvi augstas kvalit\u0101tes \u0161\u012bs kategorijas produktiem.<\/p>\n<p>\u010cuguna korpusa rokturis m\u0113bel\u0113m ar rakstur\u012bgu sv\u012btru. Unik\u0101lais izskats radies, pateicoties pareizi izgatavotam augst\u0101k\u0101s kvalit\u0101tes \u010duguna l\u0113jumam. T\u0101 neapstr\u0101d\u0101t\u0101 kr\u0101sa \u013cauj to izmantot daudz\u0101s kombin\u0101cij\u0101s ar dab\u012bg\u0101 koka m\u0113bel\u0113m, piem\u0113ram, galda virsm\u0101m vai kumod\u0113m.<\/p>\n<p>Izstr\u0101d\u0101jumam ir tr\u012bs stiprin\u0101juma caurumi, un komplekt\u0101 ir iek\u013cautas bezmaksas koka skr\u016bves.<\/p>\n<\/div>\n","protected":false},"excerpt":{"rendered":"<p>Modelis 30.087.AI.96.2 EAN. 5905369921148 Materi\u0101ls Ketus Kop\u0113jais augstums (cm ) 4,5 Kop\u0113jais platums (cm ) 9,5 Kop\u0113j\u0101 projekcija (cm )<\/p>\n","protected":false},"featured_media":100975,"comment_status":"open","ping_status":"closed","template":"","meta":{"_acf_changed":false,"pmpro_default_level":""},"product_brand":[],"product_cat":[23841,23837,23838],"product_tag":[],"class_list":{"0":"post-139219","1":"product","2":"type-product","3":"status-publish","4":"has-post-thumbnail","6":"product_cat-korpusa-rokturi","7":"product_cat-mebeles-piederumi","8":"product_cat-mebelu-rokturi","9":"pmpro-has-access","11":"first","12":"instock","13":"shipping-taxable","14":"purchasable","15":"product-type-simple"},"acf":[],"yoast_head":"<!-- This site is optimized with the Yoast SEO plugin v24.9 - https:\/\/yoast.com\/wordpress\/plugins\/seo\/ -->\n<title>M\u0113be\u013cu rokturis LINE 95 mm - MetalTale.com<\/title>\n<meta name=\"robots\" content=\"index, follow, max-snippet:-1, max-image-preview:large, max-video-preview:-1\" \/>\n<link rel=\"canonical\" href=\"https:\/\/metaltale.com\/lv\/produkts\/mebelu-rokturis-line-95-mm\/\" \/>\n<meta property=\"og:locale\" content=\"lv_LV\" \/>\n<meta property=\"og:type\" content=\"article\" \/>\n<meta property=\"og:title\" content=\"M\u0113be\u013cu rokturis LINE 95 mm - MetalTale.com\" \/>\n<meta property=\"og:description\" content=\"Modelis 30.087.AI.96.2 EAN. 5905369921148 Materi\u0101ls Ketus Kop\u0113jais augstums (cm ) 4,5 Kop\u0113jais platums (cm ) 9,5 Kop\u0113j\u0101 projekcija (cm )\" \/>\n<meta property=\"og:url\" content=\"https:\/\/metaltale.com\/lv\/produkts\/mebelu-rokturis-line-95-mm\/\" \/>\n<meta property=\"og:site_name\" content=\"MetalTale.com\" \/>\n<meta name=\"twitter:card\" content=\"summary_large_image\" \/>\n<meta name=\"twitter:label1\" content=\"Est. reading time\" \/>\n\t<meta name=\"twitter:data1\" content=\"1 minute\" \/>\n<script type=\"application\/ld+json\" class=\"yoast-schema-graph\">{\"@context\":\"https:\/\/schema.org\",\"@graph\":[{\"@type\":\"WebPage\",\"@id\":\"https:\/\/metaltale.com\/lv\/produkts\/mebelu-rokturis-line-95-mm\/\",\"url\":\"https:\/\/metaltale.com\/lv\/produkts\/mebelu-rokturis-line-95-mm\/\",\"name\":\"M\u0113be\u013cu rokturis LINE 95 mm - MetalTale.com\",\"isPartOf\":{\"@id\":\"https:\/\/metaltale.com\/lv\/#website\"},\"primaryImageOfPage\":{\"@id\":\"https:\/\/metaltale.com\/lv\/produkts\/mebelu-rokturis-line-95-mm\/#primaryimage\"},\"image\":{\"@id\":\"https:\/\/metaltale.com\/lv\/produkts\/mebelu-rokturis-line-95-mm\/#primaryimage\"},\"thumbnailUrl\":\"https:\/\/metaltale.com\/wp-content\/uploads\/2023\/11\/Korpuso-laikiklis-Styga-95mm.jpg\",\"datePublished\":\"2024-02-13T11:51:41+00:00\",\"breadcrumb\":{\"@id\":\"https:\/\/metaltale.com\/lv\/produkts\/mebelu-rokturis-line-95-mm\/#breadcrumb\"},\"inLanguage\":\"lv-LV\",\"potentialAction\":[{\"@type\":\"ReadAction\",\"target\":[\"https:\/\/metaltale.com\/lv\/produkts\/mebelu-rokturis-line-95-mm\/\"]}]},{\"@type\":\"ImageObject\",\"inLanguage\":\"lv-LV\",\"@id\":\"https:\/\/metaltale.com\/lv\/produkts\/mebelu-rokturis-line-95-mm\/#primaryimage\",\"url\":\"https:\/\/metaltale.com\/wp-content\/uploads\/2023\/11\/Korpuso-laikiklis-Styga-95mm.jpg\",\"contentUrl\":\"https:\/\/metaltale.com\/wp-content\/uploads\/2023\/11\/Korpuso-laikiklis-Styga-95mm.jpg\",\"width\":800,\"height\":800,\"caption\":\"M\u0113be\u013cu rokturis LINE 95 mm\"},{\"@type\":\"BreadcrumbList\",\"@id\":\"https:\/\/metaltale.com\/lv\/produkts\/mebelu-rokturis-line-95-mm\/#breadcrumb\",\"itemListElement\":[{\"@type\":\"ListItem\",\"position\":1,\"name\":\"Home\",\"item\":\"https:\/\/metaltale.com\/lv\/majas\/\"},{\"@type\":\"ListItem\",\"position\":2,\"name\":\"Veikals\",\"item\":\"https:\/\/metaltale.com\/lv\/shop\/\"},{\"@type\":\"ListItem\",\"position\":3,\"name\":\"M\u0113be\u013cu rokturis LINE 95 mm\"}]},{\"@type\":\"WebSite\",\"@id\":\"https:\/\/metaltale.com\/lv\/#website\",\"url\":\"https:\/\/metaltale.com\/lv\/\",\"name\":\"Metaltale.com\",\"description\":\"\",\"potentialAction\":[{\"@type\":\"SearchAction\",\"target\":{\"@type\":\"EntryPoint\",\"urlTemplate\":\"https:\/\/metaltale.com\/lv\/?s={search_term_string}\"},\"query-input\":{\"@type\":\"PropertyValueSpecification\",\"valueRequired\":true,\"valueName\":\"search_term_string\"}}],\"inLanguage\":\"lv-LV\"}]}<\/script>\n<!-- \/ Yoast SEO plugin. -->","yoast_head_json":{"title":"M\u0113be\u013cu rokturis LINE 95 mm - MetalTale.com","robots":{"index":"index","follow":"follow","max-snippet":"max-snippet:-1","max-image-preview":"max-image-preview:large","max-video-preview":"max-video-preview:-1"},"canonical":"https:\/\/metaltale.com\/lv\/produkts\/mebelu-rokturis-line-95-mm\/","og_locale":"lv_LV","og_type":"article","og_title":"M\u0113be\u013cu rokturis LINE 95 mm - MetalTale.com","og_description":"Modelis 30.087.AI.96.2 EAN. 5905369921148 Materi\u0101ls Ketus Kop\u0113jais augstums (cm ) 4,5 Kop\u0113jais platums (cm ) 9,5 Kop\u0113j\u0101 projekcija (cm )","og_url":"https:\/\/metaltale.com\/lv\/produkts\/mebelu-rokturis-line-95-mm\/","og_site_name":"MetalTale.com","twitter_card":"summary_large_image","twitter_misc":{"Est. reading time":"1 minute"},"schema":{"@context":"https:\/\/schema.org","@graph":[{"@type":"WebPage","@id":"https:\/\/metaltale.com\/lv\/produkts\/mebelu-rokturis-line-95-mm\/","url":"https:\/\/metaltale.com\/lv\/produkts\/mebelu-rokturis-line-95-mm\/","name":"M\u0113be\u013cu rokturis LINE 95 mm - MetalTale.com","isPartOf":{"@id":"https:\/\/metaltale.com\/lv\/#website"},"primaryImageOfPage":{"@id":"https:\/\/metaltale.com\/lv\/produkts\/mebelu-rokturis-line-95-mm\/#primaryimage"},"image":{"@id":"https:\/\/metaltale.com\/lv\/produkts\/mebelu-rokturis-line-95-mm\/#primaryimage"},"thumbnailUrl":"https:\/\/metaltale.com\/wp-content\/uploads\/2023\/11\/Korpuso-laikiklis-Styga-95mm.jpg","datePublished":"2024-02-13T11:51:41+00:00","breadcrumb":{"@id":"https:\/\/metaltale.com\/lv\/produkts\/mebelu-rokturis-line-95-mm\/#breadcrumb"},"inLanguage":"lv-LV","potentialAction":[{"@type":"ReadAction","target":["https:\/\/metaltale.com\/lv\/produkts\/mebelu-rokturis-line-95-mm\/"]}]},{"@type":"ImageObject","inLanguage":"lv-LV","@id":"https:\/\/metaltale.com\/lv\/produkts\/mebelu-rokturis-line-95-mm\/#primaryimage","url":"https:\/\/metaltale.com\/wp-content\/uploads\/2023\/11\/Korpuso-laikiklis-Styga-95mm.jpg","contentUrl":"https:\/\/metaltale.com\/wp-content\/uploads\/2023\/11\/Korpuso-laikiklis-Styga-95mm.jpg","width":800,"height":800,"caption":"M\u0113be\u013cu rokturis LINE 95 mm"},{"@type":"BreadcrumbList","@id":"https:\/\/metaltale.com\/lv\/produkts\/mebelu-rokturis-line-95-mm\/#breadcrumb","itemListElement":[{"@type":"ListItem","position":1,"name":"Home","item":"https:\/\/metaltale.com\/lv\/majas\/"},{"@type":"ListItem","position":2,"name":"Veikals","item":"https:\/\/metaltale.com\/lv\/shop\/"},{"@type":"ListItem","position":3,"name":"M\u0113be\u013cu rokturis LINE 95 mm"}]},{"@type":"WebSite","@id":"https:\/\/metaltale.com\/lv\/#website","url":"https:\/\/metaltale.com\/lv\/","name":"Metaltale.com","description":"","potentialAction":[{"@type":"SearchAction","target":{"@type":"EntryPoint","urlTemplate":"https:\/\/metaltale.com\/lv\/?s={search_term_string}"},"query-input":{"@type":"PropertyValueSpecification","valueRequired":true,"valueName":"search_term_string"}}],"inLanguage":"lv-LV"}]}},"_links":{"self":[{"href":"https:\/\/metaltale.com\/lv\/wp-json\/wp\/v2\/product\/139219","targetHints":{"allow":["GET"]}}],"collection":[{"href":"https:\/\/metaltale.com\/lv\/wp-json\/wp\/v2\/product"}],"about":[{"href":"https:\/\/metaltale.com\/lv\/wp-json\/wp\/v2\/types\/product"}],"replies":[{"embeddable":true,"href":"https:\/\/metaltale.com\/lv\/wp-json\/wp\/v2\/comments?post=139219"}],"version-history":[{"count":0,"href":"https:\/\/metaltale.com\/lv\/wp-json\/wp\/v2\/product\/139219\/revisions"}],"wp:featuredmedia":[{"embeddable":true,"href":"https:\/\/metaltale.com\/lv\/wp-json\/wp\/v2\/media\/100975"}],"wp:attachment":[{"href":"https:\/\/metaltale.com\/lv\/wp-json\/wp\/v2\/media?parent=139219"}],"wp:term":[{"taxonomy":"product_brand","embeddable":true,"href":"https:\/\/metaltale.com\/lv\/wp-json\/wp\/v2\/product_brand?post=139219"},{"taxonomy":"product_cat","embeddable":true,"href":"https:\/\/metaltale.com\/lv\/wp-json\/wp\/v2\/product_cat?post=139219"},{"taxonomy":"product_tag","embeddable":true,"href":"https:\/\/metaltale.com\/lv\/wp-json\/wp\/v2\/product_tag?post=139219"}],"curies":[{"name":"wp","href":"https:\/\/api.w.org\/{rel}","templated":true}]}}