{"id":139204,"date":"2024-02-13T13:51:41","date_gmt":"2024-02-13T11:51:41","guid":{"rendered":"https:\/\/metaltale.com\/produktas\/iebuvets-mebelu-rokturis-eliot\/"},"modified":"2025-02-23T11:39:47","modified_gmt":"2025-02-23T09:39:47","slug":"iebuvets-mebelu-rokturis-eliot","status":"publish","type":"product","link":"https:\/\/metaltale.com\/lv\/produkts\/iebuvets-mebelu-rokturis-eliot\/","title":{"rendered":"Ieb\u016bv\u0113ts m\u0113be\u013cu rokturis ELIOT"},"content":{"rendered":"<div class=\"prod_data\">\n<p><strong>Modelis<\/strong> 01.069R. AI.125<br \/>\n<strong>EAN.<\/strong>  5905369921513<br \/>\nMateri\u0101ls Ketus<br \/>\n<strong>Kop\u0113jais augstums (cm<\/strong> ) 4<br \/>\n<strong>Kop\u0113jais platums (cm<\/strong> ) 13<br \/>\n<strong>Dzi\u013cums (cm<\/strong> ) 1,8<br \/>\n<strong>Att\u0101lums starp<\/strong> caurumiem (<strong>cm<\/strong> ) 10,8<br \/>\nT\u0113rauda <strong>kr\u0101sa<\/strong> <\/p>\n<p>&#8211; rokturis ir izgatavots no augst\u0101k\u0101s kvalit\u0101tes \u010duguna, kas mums garant\u0113 apstr\u0101des kvalit\u0101ti un izstr\u0101d\u0101juma iztur\u012bbu.<br \/>\n&#8211; viegli tekstur\u0113t\u0101 virsma v\u0113l vair\u0101k izce\u013c retro stilu.<br \/>\n&#8211; Ieb\u016bv\u0113tais m\u0113be\u013cu rokturis ir funkcion\u0101ls un p\u0101rbaud\u012bts risin\u0101jums.<\/p>\n<hr>\n<p>Vienk\u0101r\u0161as formas un p\u0101rbaud\u012btas m\u0113be\u013cu piederumu formas ir iesp\u0113ja funkcion\u0101li izmantot to potenci\u0101lu. M\u016bsu tie\u0161saistes veikals nodro\u0161ina piek\u013cuvi augstas kvalit\u0101tes \u0161\u012bs kategorijas produktiem.<\/p>\n<p>M\u0113be\u013cu rokturis ir iedzi\u013cin\u0101ts, lai nodro\u0161in\u0101tu komfortu un \u0113rt\u012bbas. Komplekt\u0101 ietilpst stiprin\u0101juma skr\u016bves \u0101trai uzst\u0101d\u012b\u0161anai. T\u0101 ir izgatavota no augst\u0101k\u0101s kvalit\u0101tes \u010duguna, un tai ir augsta iztur\u012bba pret jebk\u0101da veida boj\u0101jumiem. T\u0101 dabisk\u0101 un rakstur\u012bg\u0101 kr\u0101sa papildin\u0101s daudzu interjeru iek\u0101rtojumu.<\/p>\n<\/div>\n","protected":false},"excerpt":{"rendered":"<p>Modelis 01.069R. AI.125 EAN. 5905369921513 Materi\u0101ls Ketus Kop\u0113jais augstums (cm ) 4 Kop\u0113jais platums (cm ) 13 Dzi\u013cums (cm )<\/p>\n","protected":false},"featured_media":81736,"comment_status":"open","ping_status":"closed","template":"","meta":{"_acf_changed":false,"pmpro_default_level":""},"product_brand":[],"product_cat":[23837,23838,23843],"product_tag":[],"class_list":{"0":"post-139204","1":"product","2":"type-product","3":"status-publish","4":"has-post-thumbnail","6":"product_cat-mebeles-piederumi","7":"product_cat-mebelu-rokturi","8":"product_cat-skapju-rokturi","9":"pmpro-has-access","11":"first","12":"instock","13":"shipping-taxable","14":"purchasable","15":"product-type-simple"},"acf":[],"yoast_head":"<!-- This site is optimized with the Yoast SEO plugin v24.9 - https:\/\/yoast.com\/wordpress\/plugins\/seo\/ -->\n<title>Ieb\u016bv\u0113ts m\u0113be\u013cu rokturis ELIOT - MetalTale.com<\/title>\n<meta name=\"robots\" content=\"index, follow, max-snippet:-1, max-image-preview:large, max-video-preview:-1\" \/>\n<link rel=\"canonical\" href=\"https:\/\/metaltale.com\/lv\/produkts\/iebuvets-mebelu-rokturis-eliot\/\" \/>\n<meta property=\"og:locale\" content=\"lv_LV\" \/>\n<meta property=\"og:type\" content=\"article\" \/>\n<meta property=\"og:title\" content=\"Ieb\u016bv\u0113ts m\u0113be\u013cu rokturis ELIOT - MetalTale.com\" \/>\n<meta property=\"og:description\" content=\"Modelis 01.069R. AI.125 EAN. 5905369921513 Materi\u0101ls Ketus Kop\u0113jais augstums (cm ) 4 Kop\u0113jais platums (cm ) 13 Dzi\u013cums (cm )\" \/>\n<meta property=\"og:url\" content=\"https:\/\/metaltale.com\/lv\/produkts\/iebuvets-mebelu-rokturis-eliot\/\" \/>\n<meta property=\"og:site_name\" content=\"MetalTale.com\" \/>\n<meta property=\"article:modified_time\" content=\"2025-02-23T09:39:47+00:00\" \/>\n<meta name=\"twitter:card\" content=\"summary_large_image\" \/>\n<meta name=\"twitter:label1\" content=\"Est. reading time\" \/>\n\t<meta name=\"twitter:data1\" content=\"1 minute\" \/>\n<script type=\"application\/ld+json\" class=\"yoast-schema-graph\">{\"@context\":\"https:\/\/schema.org\",\"@graph\":[{\"@type\":\"WebPage\",\"@id\":\"https:\/\/metaltale.com\/lv\/produkts\/iebuvets-mebelu-rokturis-eliot\/\",\"url\":\"https:\/\/metaltale.com\/lv\/produkts\/iebuvets-mebelu-rokturis-eliot\/\",\"name\":\"Ieb\u016bv\u0113ts m\u0113be\u013cu rokturis ELIOT - MetalTale.com\",\"isPartOf\":{\"@id\":\"https:\/\/metaltale.com\/lv\/#website\"},\"primaryImageOfPage\":{\"@id\":\"https:\/\/metaltale.com\/lv\/produkts\/iebuvets-mebelu-rokturis-eliot\/#primaryimage\"},\"image\":{\"@id\":\"https:\/\/metaltale.com\/lv\/produkts\/iebuvets-mebelu-rokturis-eliot\/#primaryimage\"},\"thumbnailUrl\":\"https:\/\/metaltale.com\/wp-content\/uploads\/2023\/10\/x12Eleidx17Eiama-baldx173-rankena-ELIOT.jpg\",\"datePublished\":\"2024-02-13T11:51:41+00:00\",\"dateModified\":\"2025-02-23T09:39:47+00:00\",\"breadcrumb\":{\"@id\":\"https:\/\/metaltale.com\/lv\/produkts\/iebuvets-mebelu-rokturis-eliot\/#breadcrumb\"},\"inLanguage\":\"lv-LV\",\"potentialAction\":[{\"@type\":\"ReadAction\",\"target\":[\"https:\/\/metaltale.com\/lv\/produkts\/iebuvets-mebelu-rokturis-eliot\/\"]}]},{\"@type\":\"ImageObject\",\"inLanguage\":\"lv-LV\",\"@id\":\"https:\/\/metaltale.com\/lv\/produkts\/iebuvets-mebelu-rokturis-eliot\/#primaryimage\",\"url\":\"https:\/\/metaltale.com\/wp-content\/uploads\/2023\/10\/x12Eleidx17Eiama-baldx173-rankena-ELIOT.jpg\",\"contentUrl\":\"https:\/\/metaltale.com\/wp-content\/uploads\/2023\/10\/x12Eleidx17Eiama-baldx173-rankena-ELIOT.jpg\",\"width\":800,\"height\":800,\"caption\":\"m\u0113be\u013cu rokturis\"},{\"@type\":\"BreadcrumbList\",\"@id\":\"https:\/\/metaltale.com\/lv\/produkts\/iebuvets-mebelu-rokturis-eliot\/#breadcrumb\",\"itemListElement\":[{\"@type\":\"ListItem\",\"position\":1,\"name\":\"Home\",\"item\":\"https:\/\/metaltale.com\/lv\/majas\/\"},{\"@type\":\"ListItem\",\"position\":2,\"name\":\"Veikals\",\"item\":\"https:\/\/metaltale.com\/lv\/shop\/\"},{\"@type\":\"ListItem\",\"position\":3,\"name\":\"Ieb\u016bv\u0113ts m\u0113be\u013cu rokturis ELIOT\"}]},{\"@type\":\"WebSite\",\"@id\":\"https:\/\/metaltale.com\/lv\/#website\",\"url\":\"https:\/\/metaltale.com\/lv\/\",\"name\":\"Metaltale.com\",\"description\":\"\",\"potentialAction\":[{\"@type\":\"SearchAction\",\"target\":{\"@type\":\"EntryPoint\",\"urlTemplate\":\"https:\/\/metaltale.com\/lv\/?s={search_term_string}\"},\"query-input\":{\"@type\":\"PropertyValueSpecification\",\"valueRequired\":true,\"valueName\":\"search_term_string\"}}],\"inLanguage\":\"lv-LV\"}]}<\/script>\n<!-- \/ Yoast SEO plugin. -->","yoast_head_json":{"title":"Ieb\u016bv\u0113ts m\u0113be\u013cu rokturis ELIOT - MetalTale.com","robots":{"index":"index","follow":"follow","max-snippet":"max-snippet:-1","max-image-preview":"max-image-preview:large","max-video-preview":"max-video-preview:-1"},"canonical":"https:\/\/metaltale.com\/lv\/produkts\/iebuvets-mebelu-rokturis-eliot\/","og_locale":"lv_LV","og_type":"article","og_title":"Ieb\u016bv\u0113ts m\u0113be\u013cu rokturis ELIOT - MetalTale.com","og_description":"Modelis 01.069R. AI.125 EAN. 5905369921513 Materi\u0101ls Ketus Kop\u0113jais augstums (cm ) 4 Kop\u0113jais platums (cm ) 13 Dzi\u013cums (cm )","og_url":"https:\/\/metaltale.com\/lv\/produkts\/iebuvets-mebelu-rokturis-eliot\/","og_site_name":"MetalTale.com","article_modified_time":"2025-02-23T09:39:47+00:00","twitter_card":"summary_large_image","twitter_misc":{"Est. reading time":"1 minute"},"schema":{"@context":"https:\/\/schema.org","@graph":[{"@type":"WebPage","@id":"https:\/\/metaltale.com\/lv\/produkts\/iebuvets-mebelu-rokturis-eliot\/","url":"https:\/\/metaltale.com\/lv\/produkts\/iebuvets-mebelu-rokturis-eliot\/","name":"Ieb\u016bv\u0113ts m\u0113be\u013cu rokturis ELIOT - MetalTale.com","isPartOf":{"@id":"https:\/\/metaltale.com\/lv\/#website"},"primaryImageOfPage":{"@id":"https:\/\/metaltale.com\/lv\/produkts\/iebuvets-mebelu-rokturis-eliot\/#primaryimage"},"image":{"@id":"https:\/\/metaltale.com\/lv\/produkts\/iebuvets-mebelu-rokturis-eliot\/#primaryimage"},"thumbnailUrl":"https:\/\/metaltale.com\/wp-content\/uploads\/2023\/10\/x12Eleidx17Eiama-baldx173-rankena-ELIOT.jpg","datePublished":"2024-02-13T11:51:41+00:00","dateModified":"2025-02-23T09:39:47+00:00","breadcrumb":{"@id":"https:\/\/metaltale.com\/lv\/produkts\/iebuvets-mebelu-rokturis-eliot\/#breadcrumb"},"inLanguage":"lv-LV","potentialAction":[{"@type":"ReadAction","target":["https:\/\/metaltale.com\/lv\/produkts\/iebuvets-mebelu-rokturis-eliot\/"]}]},{"@type":"ImageObject","inLanguage":"lv-LV","@id":"https:\/\/metaltale.com\/lv\/produkts\/iebuvets-mebelu-rokturis-eliot\/#primaryimage","url":"https:\/\/metaltale.com\/wp-content\/uploads\/2023\/10\/x12Eleidx17Eiama-baldx173-rankena-ELIOT.jpg","contentUrl":"https:\/\/metaltale.com\/wp-content\/uploads\/2023\/10\/x12Eleidx17Eiama-baldx173-rankena-ELIOT.jpg","width":800,"height":800,"caption":"m\u0113be\u013cu rokturis"},{"@type":"BreadcrumbList","@id":"https:\/\/metaltale.com\/lv\/produkts\/iebuvets-mebelu-rokturis-eliot\/#breadcrumb","itemListElement":[{"@type":"ListItem","position":1,"name":"Home","item":"https:\/\/metaltale.com\/lv\/majas\/"},{"@type":"ListItem","position":2,"name":"Veikals","item":"https:\/\/metaltale.com\/lv\/shop\/"},{"@type":"ListItem","position":3,"name":"Ieb\u016bv\u0113ts m\u0113be\u013cu rokturis ELIOT"}]},{"@type":"WebSite","@id":"https:\/\/metaltale.com\/lv\/#website","url":"https:\/\/metaltale.com\/lv\/","name":"Metaltale.com","description":"","potentialAction":[{"@type":"SearchAction","target":{"@type":"EntryPoint","urlTemplate":"https:\/\/metaltale.com\/lv\/?s={search_term_string}"},"query-input":{"@type":"PropertyValueSpecification","valueRequired":true,"valueName":"search_term_string"}}],"inLanguage":"lv-LV"}]}},"_links":{"self":[{"href":"https:\/\/metaltale.com\/lv\/wp-json\/wp\/v2\/product\/139204","targetHints":{"allow":["GET"]}}],"collection":[{"href":"https:\/\/metaltale.com\/lv\/wp-json\/wp\/v2\/product"}],"about":[{"href":"https:\/\/metaltale.com\/lv\/wp-json\/wp\/v2\/types\/product"}],"replies":[{"embeddable":true,"href":"https:\/\/metaltale.com\/lv\/wp-json\/wp\/v2\/comments?post=139204"}],"version-history":[{"count":0,"href":"https:\/\/metaltale.com\/lv\/wp-json\/wp\/v2\/product\/139204\/revisions"}],"wp:featuredmedia":[{"embeddable":true,"href":"https:\/\/metaltale.com\/lv\/wp-json\/wp\/v2\/media\/81736"}],"wp:attachment":[{"href":"https:\/\/metaltale.com\/lv\/wp-json\/wp\/v2\/media?parent=139204"}],"wp:term":[{"taxonomy":"product_brand","embeddable":true,"href":"https:\/\/metaltale.com\/lv\/wp-json\/wp\/v2\/product_brand?post=139204"},{"taxonomy":"product_cat","embeddable":true,"href":"https:\/\/metaltale.com\/lv\/wp-json\/wp\/v2\/product_cat?post=139204"},{"taxonomy":"product_tag","embeddable":true,"href":"https:\/\/metaltale.com\/lv\/wp-json\/wp\/v2\/product_tag?post=139204"}],"curies":[{"name":"wp","href":"https:\/\/api.w.org\/{rel}","templated":true}]}}