{"id":139138,"date":"2024-02-13T13:53:04","date_gmt":"2024-02-13T11:53:04","guid":{"rendered":"https:\/\/metaltale.com\/produktas\/mebelu-rokturi-industry-250-mm-terauds\/"},"modified":"2024-02-13T13:53:04","modified_gmt":"2024-02-13T11:53:04","slug":"mebelu-rokturi-industry-250-mm-terauds","status":"publish","type":"product","link":"https:\/\/metaltale.com\/lv\/produkts\/mebelu-rokturi-industry-250-mm-terauds\/","title":{"rendered":"M\u0113be\u013cu rokturi INDUSTRY 250 mm t\u0113rauds"},"content":{"rendered":"<div class=\"prod_data\">\n<p><strong>Modelis<\/strong> RR. IDY<br \/>\n<strong>Materi\u0101ls<\/strong> T\u0113rauds<br \/>\n<strong>Kop\u0113jais augstums (cm<\/strong> ) 3,3<br \/>\nKop\u0113jais platums (cm ) 25<br \/>\n<strong>Kop\u0113j\u0101 projekcija (cm<\/strong> ) 4<br \/>\n<strong>Att\u0101lums starp caurumiem (cm<\/strong> ) vertik\u0101li 20 mm<br \/>\nMont\u0101\u017eas skr\u016bves N\u0113<br \/>\nT\u0113rauda <strong>kr\u0101sa<\/strong> <\/p>\n<p>&#8211; rokturis ir izgatavots no augstas kvalit\u0101tes t\u0113rauda, kas nodro\u0161ina izstr\u0101d\u0101juma kvalit\u0101ti un iztur\u012bbu.<br \/>\n&#8211; t\u0101s praktisk\u0101 forma \u013cauj \u0101tri un viegli atv\u0113rt<br \/>\n&#8211; rokturiem ir stiprin\u0101juma caurumi \u0101trai un vienk\u0101r\u0161ai uzst\u0101d\u012b\u0161anai.<\/p>\n<hr>\n<p>Rustik\u0101lam interjeram ir nepiecie\u0161ami labi izv\u0113l\u0113ti un p\u0101rdom\u0101ti retro aksesu\u0101ri. M\u016bsu tie\u0161saistes veikals pied\u0101v\u0101 pla\u0161u risin\u0101jumu kl\u0101stu, kas pie\u0161\u0137irs vizu\u0101lu v\u0113rt\u012bbu vesel\u0101m telp\u0101m.<\/p>\n<p>M\u0113be\u013cu rokturis ir izgatavots no augst\u0101k\u0101s kvalit\u0101tes t\u0113rauda, kas garant\u0113 izstr\u0101d\u0101juma iztur\u012bbu un nodro\u0161ina, ka tas m\u016bsu m\u0113beles rot\u0101s ilgu laiku. Rokturim ir neparasta forma, t. i., tas ir. y. t\u0101 izskats atg\u0101dina r\u0101m\u012b ievietotu stie\u0146a da\u013cu. \u0160\u0101da poga noteikti piesaist\u012bs m\u016bsu viesu uzman\u012bbu.<\/p>\n<table style=\"height: 20%; ; width: 100%;\" border=\"0\">\n<tbody>\n<tr>\n<td>MODELIS<\/td>\n<td>PLATUM<\/td>\n<td>HIGH SCHOOL<\/td>\n<td>ATT\u0100LUMS NO SIENAS<\/td>\n<td>ROKTURA VIDUSDA\u013bA<\/td>\n<\/tr>\n<tr>\n<td>INDUSTRIJA 250 T\u0112RAUDS\/ MELNS<\/td>\n<td>250 mm<\/td>\n<td>34 mm<\/td>\n<td>38 mm<\/td>\n<td>227 mm<\/td>\n<\/tr>\n<tr>\n<td><\/td>\n<td><\/td>\n<td><\/td>\n<td><\/td>\n<td><\/td>\n<\/tr>\n<tr>\n<td><\/td>\n<td><\/td>\n<td><\/td>\n<td><\/td>\n<td><\/td>\n<\/tr>\n<\/tbody>\n<\/table>\n<\/div>\n","protected":false},"excerpt":{"rendered":"<p>Modelis RR. IDY Materi\u0101ls T\u0113rauds Kop\u0113jais augstums (cm ) 3,3 Kop\u0113jais platums (cm ) 25 Kop\u0113j\u0101 projekcija (cm ) 4<\/p>\n","protected":false},"featured_media":81796,"comment_status":"open","ping_status":"closed","template":"","meta":{"_acf_changed":false,"pmpro_default_level":""},"product_brand":[],"product_cat":[23837,23838,23843],"product_tag":[],"class_list":{"0":"post-139138","1":"product","2":"type-product","3":"status-publish","4":"has-post-thumbnail","6":"product_cat-mebeles-piederumi","7":"product_cat-mebelu-rokturi","8":"product_cat-skapju-rokturi","9":"pmpro-has-access","11":"first","12":"instock","13":"shipping-taxable","14":"purchasable","15":"product-type-simple"},"acf":[],"yoast_head":"<!-- This site is optimized with the Yoast SEO plugin v24.9 - https:\/\/yoast.com\/wordpress\/plugins\/seo\/ -->\n<title>M\u0113be\u013cu rokturi INDUSTRY 250 mm t\u0113rauds - MetalTale.com<\/title>\n<meta name=\"robots\" content=\"index, follow, max-snippet:-1, max-image-preview:large, max-video-preview:-1\" \/>\n<link rel=\"canonical\" href=\"https:\/\/metaltale.com\/lv\/produkts\/mebelu-rokturi-industry-250-mm-terauds\/\" \/>\n<meta property=\"og:locale\" content=\"lv_LV\" \/>\n<meta property=\"og:type\" content=\"article\" \/>\n<meta property=\"og:title\" content=\"M\u0113be\u013cu rokturi INDUSTRY 250 mm t\u0113rauds - MetalTale.com\" \/>\n<meta property=\"og:description\" content=\"Modelis RR. IDY Materi\u0101ls T\u0113rauds Kop\u0113jais augstums (cm ) 3,3 Kop\u0113jais platums (cm ) 25 Kop\u0113j\u0101 projekcija (cm ) 4\" \/>\n<meta property=\"og:url\" content=\"https:\/\/metaltale.com\/lv\/produkts\/mebelu-rokturi-industry-250-mm-terauds\/\" \/>\n<meta property=\"og:site_name\" content=\"MetalTale.com\" \/>\n<meta property=\"og:image\" content=\"https:\/\/metaltale.com\/wp-content\/uploads\/2023\/10\/Baldx173-rankenx173-pramonx117-170mm-plienas.jpg\" \/>\n\t<meta property=\"og:image:width\" content=\"800\" \/>\n\t<meta property=\"og:image:height\" content=\"800\" \/>\n\t<meta property=\"og:image:type\" content=\"image\/jpeg\" \/>\n<meta name=\"twitter:card\" content=\"summary_large_image\" \/>\n<meta name=\"twitter:label1\" content=\"Est. reading time\" \/>\n\t<meta name=\"twitter:data1\" content=\"1 minute\" \/>\n<script type=\"application\/ld+json\" class=\"yoast-schema-graph\">{\"@context\":\"https:\/\/schema.org\",\"@graph\":[{\"@type\":\"WebPage\",\"@id\":\"https:\/\/metaltale.com\/lv\/produkts\/mebelu-rokturi-industry-250-mm-terauds\/\",\"url\":\"https:\/\/metaltale.com\/lv\/produkts\/mebelu-rokturi-industry-250-mm-terauds\/\",\"name\":\"M\u0113be\u013cu rokturi INDUSTRY 250 mm t\u0113rauds - MetalTale.com\",\"isPartOf\":{\"@id\":\"https:\/\/metaltale.com\/lv\/#website\"},\"primaryImageOfPage\":{\"@id\":\"https:\/\/metaltale.com\/lv\/produkts\/mebelu-rokturi-industry-250-mm-terauds\/#primaryimage\"},\"image\":{\"@id\":\"https:\/\/metaltale.com\/lv\/produkts\/mebelu-rokturi-industry-250-mm-terauds\/#primaryimage\"},\"thumbnailUrl\":\"https:\/\/metaltale.com\/wp-content\/uploads\/2023\/10\/Baldx173-rankenx173-pramonx117-170mm-plienas.jpg\",\"datePublished\":\"2024-02-13T11:53:04+00:00\",\"breadcrumb\":{\"@id\":\"https:\/\/metaltale.com\/lv\/produkts\/mebelu-rokturi-industry-250-mm-terauds\/#breadcrumb\"},\"inLanguage\":\"lv-LV\",\"potentialAction\":[{\"@type\":\"ReadAction\",\"target\":[\"https:\/\/metaltale.com\/lv\/produkts\/mebelu-rokturi-industry-250-mm-terauds\/\"]}]},{\"@type\":\"ImageObject\",\"inLanguage\":\"lv-LV\",\"@id\":\"https:\/\/metaltale.com\/lv\/produkts\/mebelu-rokturi-industry-250-mm-terauds\/#primaryimage\",\"url\":\"https:\/\/metaltale.com\/wp-content\/uploads\/2023\/10\/Baldx173-rankenx173-pramonx117-170mm-plienas.jpg\",\"contentUrl\":\"https:\/\/metaltale.com\/wp-content\/uploads\/2023\/10\/Baldx173-rankenx173-pramonx117-170mm-plienas.jpg\",\"width\":800,\"height\":800,\"caption\":\"M\u0113be\u013cu rokturis INDUSTRY 170 mm melns\"},{\"@type\":\"BreadcrumbList\",\"@id\":\"https:\/\/metaltale.com\/lv\/produkts\/mebelu-rokturi-industry-250-mm-terauds\/#breadcrumb\",\"itemListElement\":[{\"@type\":\"ListItem\",\"position\":1,\"name\":\"Home\",\"item\":\"https:\/\/metaltale.com\/lv\/majas\/\"},{\"@type\":\"ListItem\",\"position\":2,\"name\":\"Veikals\",\"item\":\"https:\/\/metaltale.com\/lv\/shop\/\"},{\"@type\":\"ListItem\",\"position\":3,\"name\":\"M\u0113be\u013cu rokturi INDUSTRY 250 mm t\u0113rauds\"}]},{\"@type\":\"WebSite\",\"@id\":\"https:\/\/metaltale.com\/lv\/#website\",\"url\":\"https:\/\/metaltale.com\/lv\/\",\"name\":\"Metaltale.com\",\"description\":\"\",\"potentialAction\":[{\"@type\":\"SearchAction\",\"target\":{\"@type\":\"EntryPoint\",\"urlTemplate\":\"https:\/\/metaltale.com\/lv\/?s={search_term_string}\"},\"query-input\":{\"@type\":\"PropertyValueSpecification\",\"valueRequired\":true,\"valueName\":\"search_term_string\"}}],\"inLanguage\":\"lv-LV\"}]}<\/script>\n<!-- \/ Yoast SEO plugin. -->","yoast_head_json":{"title":"M\u0113be\u013cu rokturi INDUSTRY 250 mm t\u0113rauds - MetalTale.com","robots":{"index":"index","follow":"follow","max-snippet":"max-snippet:-1","max-image-preview":"max-image-preview:large","max-video-preview":"max-video-preview:-1"},"canonical":"https:\/\/metaltale.com\/lv\/produkts\/mebelu-rokturi-industry-250-mm-terauds\/","og_locale":"lv_LV","og_type":"article","og_title":"M\u0113be\u013cu rokturi INDUSTRY 250 mm t\u0113rauds - MetalTale.com","og_description":"Modelis RR. IDY Materi\u0101ls T\u0113rauds Kop\u0113jais augstums (cm ) 3,3 Kop\u0113jais platums (cm ) 25 Kop\u0113j\u0101 projekcija (cm ) 4","og_url":"https:\/\/metaltale.com\/lv\/produkts\/mebelu-rokturi-industry-250-mm-terauds\/","og_site_name":"MetalTale.com","og_image":[{"width":800,"height":800,"url":"https:\/\/metaltale.com\/wp-content\/uploads\/2023\/10\/Baldx173-rankenx173-pramonx117-170mm-plienas.jpg","type":"image\/jpeg"}],"twitter_card":"summary_large_image","twitter_misc":{"Est. reading time":"1 minute"},"schema":{"@context":"https:\/\/schema.org","@graph":[{"@type":"WebPage","@id":"https:\/\/metaltale.com\/lv\/produkts\/mebelu-rokturi-industry-250-mm-terauds\/","url":"https:\/\/metaltale.com\/lv\/produkts\/mebelu-rokturi-industry-250-mm-terauds\/","name":"M\u0113be\u013cu rokturi INDUSTRY 250 mm t\u0113rauds - MetalTale.com","isPartOf":{"@id":"https:\/\/metaltale.com\/lv\/#website"},"primaryImageOfPage":{"@id":"https:\/\/metaltale.com\/lv\/produkts\/mebelu-rokturi-industry-250-mm-terauds\/#primaryimage"},"image":{"@id":"https:\/\/metaltale.com\/lv\/produkts\/mebelu-rokturi-industry-250-mm-terauds\/#primaryimage"},"thumbnailUrl":"https:\/\/metaltale.com\/wp-content\/uploads\/2023\/10\/Baldx173-rankenx173-pramonx117-170mm-plienas.jpg","datePublished":"2024-02-13T11:53:04+00:00","breadcrumb":{"@id":"https:\/\/metaltale.com\/lv\/produkts\/mebelu-rokturi-industry-250-mm-terauds\/#breadcrumb"},"inLanguage":"lv-LV","potentialAction":[{"@type":"ReadAction","target":["https:\/\/metaltale.com\/lv\/produkts\/mebelu-rokturi-industry-250-mm-terauds\/"]}]},{"@type":"ImageObject","inLanguage":"lv-LV","@id":"https:\/\/metaltale.com\/lv\/produkts\/mebelu-rokturi-industry-250-mm-terauds\/#primaryimage","url":"https:\/\/metaltale.com\/wp-content\/uploads\/2023\/10\/Baldx173-rankenx173-pramonx117-170mm-plienas.jpg","contentUrl":"https:\/\/metaltale.com\/wp-content\/uploads\/2023\/10\/Baldx173-rankenx173-pramonx117-170mm-plienas.jpg","width":800,"height":800,"caption":"M\u0113be\u013cu rokturis INDUSTRY 170 mm melns"},{"@type":"BreadcrumbList","@id":"https:\/\/metaltale.com\/lv\/produkts\/mebelu-rokturi-industry-250-mm-terauds\/#breadcrumb","itemListElement":[{"@type":"ListItem","position":1,"name":"Home","item":"https:\/\/metaltale.com\/lv\/majas\/"},{"@type":"ListItem","position":2,"name":"Veikals","item":"https:\/\/metaltale.com\/lv\/shop\/"},{"@type":"ListItem","position":3,"name":"M\u0113be\u013cu rokturi INDUSTRY 250 mm t\u0113rauds"}]},{"@type":"WebSite","@id":"https:\/\/metaltale.com\/lv\/#website","url":"https:\/\/metaltale.com\/lv\/","name":"Metaltale.com","description":"","potentialAction":[{"@type":"SearchAction","target":{"@type":"EntryPoint","urlTemplate":"https:\/\/metaltale.com\/lv\/?s={search_term_string}"},"query-input":{"@type":"PropertyValueSpecification","valueRequired":true,"valueName":"search_term_string"}}],"inLanguage":"lv-LV"}]}},"_links":{"self":[{"href":"https:\/\/metaltale.com\/lv\/wp-json\/wp\/v2\/product\/139138","targetHints":{"allow":["GET"]}}],"collection":[{"href":"https:\/\/metaltale.com\/lv\/wp-json\/wp\/v2\/product"}],"about":[{"href":"https:\/\/metaltale.com\/lv\/wp-json\/wp\/v2\/types\/product"}],"replies":[{"embeddable":true,"href":"https:\/\/metaltale.com\/lv\/wp-json\/wp\/v2\/comments?post=139138"}],"version-history":[{"count":0,"href":"https:\/\/metaltale.com\/lv\/wp-json\/wp\/v2\/product\/139138\/revisions"}],"wp:featuredmedia":[{"embeddable":true,"href":"https:\/\/metaltale.com\/lv\/wp-json\/wp\/v2\/media\/81796"}],"wp:attachment":[{"href":"https:\/\/metaltale.com\/lv\/wp-json\/wp\/v2\/media?parent=139138"}],"wp:term":[{"taxonomy":"product_brand","embeddable":true,"href":"https:\/\/metaltale.com\/lv\/wp-json\/wp\/v2\/product_brand?post=139138"},{"taxonomy":"product_cat","embeddable":true,"href":"https:\/\/metaltale.com\/lv\/wp-json\/wp\/v2\/product_cat?post=139138"},{"taxonomy":"product_tag","embeddable":true,"href":"https:\/\/metaltale.com\/lv\/wp-json\/wp\/v2\/product_tag?post=139138"}],"curies":[{"name":"wp","href":"https:\/\/api.w.org\/{rel}","templated":true}]}}