{"id":139125,"date":"2024-02-13T13:53:04","date_gmt":"2024-02-13T11:53:04","guid":{"rendered":"https:\/\/metaltale.com\/produktas\/mebelu-rokturis-rounded-forged-200-mm\/"},"modified":"2024-02-13T13:53:04","modified_gmt":"2024-02-13T11:53:04","slug":"mebelu-rokturis-rounded-forged-200-mm","status":"publish","type":"product","link":"https:\/\/metaltale.com\/lv\/produkts\/mebelu-rokturis-rounded-forged-200-mm\/","title":{"rendered":"M\u0113be\u013cu rokturis ROUNDED FORGED 200 mm"},"content":{"rendered":"<div class=\"prod_data\">\n<p><strong>Modelis<\/strong> 49.082.HFA<br \/>\n<strong>Materi\u0101ls<\/strong> T\u0113rauds<br \/>\nT\u0113rauda <strong>kr\u0101sa<\/strong><br \/>\n<strong>Apdares<\/strong> vaska <strong>apdare<\/strong> <\/p>\n<p>&#8211; rokturis ir izgatavots no augst\u0101k\u0101s kvalit\u0101tes t\u0113rauda, kas garant\u0113 mums apstr\u0101des kvalit\u0101ti un izstr\u0101d\u0101juma iztur\u012bbu.<br \/>\n&#8211; t\u0101s praktisk\u0101 forma \u013cauj efekt\u012bvi un viegli atv\u0113rt<br \/>\n&#8211; rokturiem ir stiprin\u0101juma caurumi \u0101trai un vienk\u0101r\u0161ai mont\u0101\u017eai.<\/p>\n<hr>\n<p><strong>Retro m\u0113be\u013cu aksesu\u0101ri<\/strong> pied\u0101v\u0101 p\u0101rlaic\u012bgu skaistumu un unik\u0101lu atmosf\u0113ru. Tas ir izgatavots no augst\u0101k\u0101s kvalit\u0101tes t\u0113rauda un iev\u0113rojami uzlabo vizu\u0101lo iespaidu vis\u0101s telp\u0101s.<\/p>\n<p>Att\u0113lotais <strong>m\u0113be\u013cu rokturis<\/strong> ir izstr\u0101d\u0101ts, pamatojoties uz klasisku modeli, kas tiek pla\u0161i izmantots. T\u0101 ir uz div\u0101m plakan\u0101m k\u0101j\u0101m, kas \u013cauj to efekt\u012bvi samont\u0113t, un t\u0101 piesaist\u012bs ikviena lauku stila cien\u012bt\u0101ja uzman\u012bbu. T\u0113rauda gai\u0161\u0101 kr\u0101sa labi sader ar citiem elementiem, kas izgatavoti no l\u012bdz\u012bga materi\u0101la.<\/p>\n<p>Tam ir 4 stiprin\u0101juma atveres, tostarp stiprin\u0101juma skr\u016bves.<\/p>\n<table style=\"width: 100%;\" border=\"0\" align=\"center\">\n<tbody>\n<tr>\n<td>V\u0101rds, uzv\u0101rds, amats<\/td>\n<td>\n<div>Platums*<\/div>\n<\/td>\n<td>Augstums*<\/td>\n<td>Att\u0101lums no sienas**<\/td>\n<td>Vertik\u0101lais att\u0101lums starp caurumiem***<\/td>\n<td>Horizont\u0101lais att\u0101lums starp caurumiem***<\/td>\n<\/tr>\n<tr>\n<td><\/td>\n<td style=\"text-align: center;\"><\/td>\n<td style=\"text-align: center;\"><\/td>\n<td style=\"text-align: center;\"><\/td>\n<td style=\"text-align: center;\"><\/td>\n<td style=\"text-align: center;\"><\/td>\n<\/tr>\n<tr>\n<td><\/td>\n<td style=\"text-align: center;\"><\/td>\n<td style=\"text-align: center;\"><\/td>\n<td style=\"text-align: center;\"><\/td>\n<td style=\"text-align: center;\"><\/td>\n<td style=\"text-align: center;\"><\/td>\n<\/tr>\n<tr>\n<td><\/td>\n<td style=\"text-align: center;\"><\/td>\n<td style=\"text-align: center;\"><\/td>\n<td style=\"text-align: center;\"><\/td>\n<td style=\"text-align: center;\"><\/td>\n<td style=\"text-align: center;\"><\/td>\n<\/tr>\n<tr>\n<td><\/td>\n<td style=\"text-align: center;\"><\/td>\n<td style=\"text-align: center;\"><\/td>\n<td style=\"text-align: center;\"><\/td>\n<td style=\"text-align: center;\"><\/td>\n<td style=\"text-align: center;\"><\/td>\n<\/tr>\n<tr>\n<td>Tur\u0113t\u0101js 200 mm<\/td>\n<td style=\"text-align: center;\">200<\/td>\n<td style=\"text-align: center;\">50<\/td>\n<td style=\"text-align: center;\">45<\/td>\n<td style=\"text-align: center;\">30<\/td>\n<td style=\"text-align: center;\">165<\/td>\n<\/tr>\n<tr>\n<td><\/td>\n<td style=\"text-align: center;\"><\/td>\n<td style=\"text-align: center;\"><\/td>\n<td style=\"text-align: center;\"><\/td>\n<td style=\"text-align: center;\"><\/td>\n<td style=\"text-align: center;\"><\/td>\n<\/tr>\n<tr>\n<td><\/td>\n<td style=\"text-align: center;\"><\/td>\n<td style=\"text-align: center;\"><\/td>\n<td style=\"text-align: center;\"><\/td>\n<td style=\"text-align: center;\"><\/td>\n<td style=\"text-align: center;\"><\/td>\n<\/tr>\n<tr>\n<td><\/td>\n<td style=\"text-align: center;\"><\/td>\n<td style=\"text-align: center;\"><\/td>\n<td style=\"text-align: center;\"><\/td>\n<td style=\"text-align: center;\"><\/td>\n<td style=\"text-align: center;\"><\/td>\n<\/tr>\n<tr>\n<td><\/td>\n<td style=\"text-align: center;\"><\/td>\n<td style=\"text-align: center;\"><\/td>\n<td style=\"text-align: center;\"><\/td>\n<td style=\"text-align: center;\"><\/td>\n<td style=\"text-align: center;\"><\/td>\n<\/tr>\n<\/tbody>\n<\/table>\n<p><span style=\"font-size: small;\">  * T\u0101 k\u0101 izstr\u0101d\u0101jums ir roku darbs, j\u0101\u0146em v\u0113r\u0101 pielaide +\/- 10 mm.<\/span><\/p>\n<p><span style=\"font-size: small;\">** T\u0101 k\u0101 tas ir ar rok\u0101m darin\u0101ts izstr\u0101d\u0101jums, j\u0101\u0146em v\u0113r\u0101, ka lieces r\u0101diuss un l\u012bdz ar to ar\u012b att\u0101lums no sienas var at\u0161\u0137irties atkar\u012bb\u0101 no roktura.<\/span><\/p>\n<p><span style=\"font-size: small;\">T\u0101 k\u0101 tas ir ar rok\u0101m darin\u0101ts izstr\u0101d\u0101jums, j\u0101\u0146em v\u0113r\u0101, ka caurumu atstarpes starp atsevi\u0161\u0137\u0101m deta\u013c\u0101m var at\u0161\u0137irties.<\/span><\/p>\n<\/div>\n","protected":false},"excerpt":{"rendered":"<p>Modelis 49.082.HFA Materi\u0101ls T\u0113rauds T\u0113rauda kr\u0101sa Apdares vaska apdare &#8211; rokturis ir izgatavots no augst\u0101k\u0101s kvalit\u0101tes t\u0113rauda, kas garant\u0113 mums<\/p>\n","protected":false},"featured_media":130739,"comment_status":"open","ping_status":"closed","template":"","meta":{"_acf_changed":false,"pmpro_default_level":""},"product_brand":[],"product_cat":[23837,23838,23843],"product_tag":[],"class_list":{"0":"post-139125","1":"product","2":"type-product","3":"status-publish","4":"has-post-thumbnail","6":"product_cat-mebeles-piederumi","7":"product_cat-mebelu-rokturi","8":"product_cat-skapju-rokturi","9":"pmpro-has-access","11":"first","12":"instock","13":"shipping-taxable","14":"purchasable","15":"product-type-simple"},"acf":[],"yoast_head":"<!-- This site is optimized with the Yoast SEO plugin v24.9 - https:\/\/yoast.com\/wordpress\/plugins\/seo\/ -->\n<title>M\u0113be\u013cu rokturis ROUNDED FORGED 200 mm - MetalTale.com<\/title>\n<meta name=\"robots\" content=\"index, follow, max-snippet:-1, max-image-preview:large, max-video-preview:-1\" \/>\n<link rel=\"canonical\" href=\"https:\/\/metaltale.com\/lv\/produkts\/mebelu-rokturis-rounded-forged-200-mm\/\" \/>\n<meta property=\"og:locale\" content=\"lv_LV\" \/>\n<meta property=\"og:type\" content=\"article\" \/>\n<meta property=\"og:title\" content=\"M\u0113be\u013cu rokturis ROUNDED FORGED 200 mm - MetalTale.com\" \/>\n<meta property=\"og:description\" content=\"Modelis 49.082.HFA Materi\u0101ls T\u0113rauds T\u0113rauda kr\u0101sa Apdares vaska apdare &#8211; rokturis ir izgatavots no augst\u0101k\u0101s kvalit\u0101tes t\u0113rauda, kas garant\u0113 mums\" \/>\n<meta property=\"og:url\" content=\"https:\/\/metaltale.com\/lv\/produkts\/mebelu-rokturis-rounded-forged-200-mm\/\" \/>\n<meta property=\"og:site_name\" content=\"MetalTale.com\" \/>\n<meta name=\"twitter:card\" content=\"summary_large_image\" \/>\n<meta name=\"twitter:label1\" content=\"Est. reading time\" \/>\n\t<meta name=\"twitter:data1\" content=\"1 minute\" \/>\n<script type=\"application\/ld+json\" class=\"yoast-schema-graph\">{\"@context\":\"https:\/\/schema.org\",\"@graph\":[{\"@type\":\"WebPage\",\"@id\":\"https:\/\/metaltale.com\/lv\/produkts\/mebelu-rokturis-rounded-forged-200-mm\/\",\"url\":\"https:\/\/metaltale.com\/lv\/produkts\/mebelu-rokturis-rounded-forged-200-mm\/\",\"name\":\"M\u0113be\u013cu rokturis ROUNDED FORGED 200 mm - MetalTale.com\",\"isPartOf\":{\"@id\":\"https:\/\/metaltale.com\/lv\/#website\"},\"primaryImageOfPage\":{\"@id\":\"https:\/\/metaltale.com\/lv\/produkts\/mebelu-rokturis-rounded-forged-200-mm\/#primaryimage\"},\"image\":{\"@id\":\"https:\/\/metaltale.com\/lv\/produkts\/mebelu-rokturis-rounded-forged-200-mm\/#primaryimage\"},\"thumbnailUrl\":\"https:\/\/metaltale.com\/wp-content\/uploads\/2024\/01\/Baldu-rankena-ROUNDED-FORGED-200mm.jpg\",\"datePublished\":\"2024-02-13T11:53:04+00:00\",\"breadcrumb\":{\"@id\":\"https:\/\/metaltale.com\/lv\/produkts\/mebelu-rokturis-rounded-forged-200-mm\/#breadcrumb\"},\"inLanguage\":\"lv-LV\",\"potentialAction\":[{\"@type\":\"ReadAction\",\"target\":[\"https:\/\/metaltale.com\/lv\/produkts\/mebelu-rokturis-rounded-forged-200-mm\/\"]}]},{\"@type\":\"ImageObject\",\"inLanguage\":\"lv-LV\",\"@id\":\"https:\/\/metaltale.com\/lv\/produkts\/mebelu-rokturis-rounded-forged-200-mm\/#primaryimage\",\"url\":\"https:\/\/metaltale.com\/wp-content\/uploads\/2024\/01\/Baldu-rankena-ROUNDED-FORGED-200mm.jpg\",\"contentUrl\":\"https:\/\/metaltale.com\/wp-content\/uploads\/2024\/01\/Baldu-rankena-ROUNDED-FORGED-200mm.jpg\",\"width\":800,\"height\":800,\"caption\":\"M\u0113be\u013cu rokturis ROUNDED FORGED 200 mm\"},{\"@type\":\"BreadcrumbList\",\"@id\":\"https:\/\/metaltale.com\/lv\/produkts\/mebelu-rokturis-rounded-forged-200-mm\/#breadcrumb\",\"itemListElement\":[{\"@type\":\"ListItem\",\"position\":1,\"name\":\"Home\",\"item\":\"https:\/\/metaltale.com\/lv\/majas\/\"},{\"@type\":\"ListItem\",\"position\":2,\"name\":\"Veikals\",\"item\":\"https:\/\/metaltale.com\/lv\/shop\/\"},{\"@type\":\"ListItem\",\"position\":3,\"name\":\"M\u0113be\u013cu rokturis ROUNDED FORGED 200 mm\"}]},{\"@type\":\"WebSite\",\"@id\":\"https:\/\/metaltale.com\/lv\/#website\",\"url\":\"https:\/\/metaltale.com\/lv\/\",\"name\":\"Metaltale.com\",\"description\":\"\",\"potentialAction\":[{\"@type\":\"SearchAction\",\"target\":{\"@type\":\"EntryPoint\",\"urlTemplate\":\"https:\/\/metaltale.com\/lv\/?s={search_term_string}\"},\"query-input\":{\"@type\":\"PropertyValueSpecification\",\"valueRequired\":true,\"valueName\":\"search_term_string\"}}],\"inLanguage\":\"lv-LV\"}]}<\/script>\n<!-- \/ Yoast SEO plugin. -->","yoast_head_json":{"title":"M\u0113be\u013cu rokturis ROUNDED FORGED 200 mm - MetalTale.com","robots":{"index":"index","follow":"follow","max-snippet":"max-snippet:-1","max-image-preview":"max-image-preview:large","max-video-preview":"max-video-preview:-1"},"canonical":"https:\/\/metaltale.com\/lv\/produkts\/mebelu-rokturis-rounded-forged-200-mm\/","og_locale":"lv_LV","og_type":"article","og_title":"M\u0113be\u013cu rokturis ROUNDED FORGED 200 mm - MetalTale.com","og_description":"Modelis 49.082.HFA Materi\u0101ls T\u0113rauds T\u0113rauda kr\u0101sa Apdares vaska apdare &#8211; rokturis ir izgatavots no augst\u0101k\u0101s kvalit\u0101tes t\u0113rauda, kas garant\u0113 mums","og_url":"https:\/\/metaltale.com\/lv\/produkts\/mebelu-rokturis-rounded-forged-200-mm\/","og_site_name":"MetalTale.com","twitter_card":"summary_large_image","twitter_misc":{"Est. reading time":"1 minute"},"schema":{"@context":"https:\/\/schema.org","@graph":[{"@type":"WebPage","@id":"https:\/\/metaltale.com\/lv\/produkts\/mebelu-rokturis-rounded-forged-200-mm\/","url":"https:\/\/metaltale.com\/lv\/produkts\/mebelu-rokturis-rounded-forged-200-mm\/","name":"M\u0113be\u013cu rokturis ROUNDED FORGED 200 mm - MetalTale.com","isPartOf":{"@id":"https:\/\/metaltale.com\/lv\/#website"},"primaryImageOfPage":{"@id":"https:\/\/metaltale.com\/lv\/produkts\/mebelu-rokturis-rounded-forged-200-mm\/#primaryimage"},"image":{"@id":"https:\/\/metaltale.com\/lv\/produkts\/mebelu-rokturis-rounded-forged-200-mm\/#primaryimage"},"thumbnailUrl":"https:\/\/metaltale.com\/wp-content\/uploads\/2024\/01\/Baldu-rankena-ROUNDED-FORGED-200mm.jpg","datePublished":"2024-02-13T11:53:04+00:00","breadcrumb":{"@id":"https:\/\/metaltale.com\/lv\/produkts\/mebelu-rokturis-rounded-forged-200-mm\/#breadcrumb"},"inLanguage":"lv-LV","potentialAction":[{"@type":"ReadAction","target":["https:\/\/metaltale.com\/lv\/produkts\/mebelu-rokturis-rounded-forged-200-mm\/"]}]},{"@type":"ImageObject","inLanguage":"lv-LV","@id":"https:\/\/metaltale.com\/lv\/produkts\/mebelu-rokturis-rounded-forged-200-mm\/#primaryimage","url":"https:\/\/metaltale.com\/wp-content\/uploads\/2024\/01\/Baldu-rankena-ROUNDED-FORGED-200mm.jpg","contentUrl":"https:\/\/metaltale.com\/wp-content\/uploads\/2024\/01\/Baldu-rankena-ROUNDED-FORGED-200mm.jpg","width":800,"height":800,"caption":"M\u0113be\u013cu rokturis ROUNDED FORGED 200 mm"},{"@type":"BreadcrumbList","@id":"https:\/\/metaltale.com\/lv\/produkts\/mebelu-rokturis-rounded-forged-200-mm\/#breadcrumb","itemListElement":[{"@type":"ListItem","position":1,"name":"Home","item":"https:\/\/metaltale.com\/lv\/majas\/"},{"@type":"ListItem","position":2,"name":"Veikals","item":"https:\/\/metaltale.com\/lv\/shop\/"},{"@type":"ListItem","position":3,"name":"M\u0113be\u013cu rokturis ROUNDED FORGED 200 mm"}]},{"@type":"WebSite","@id":"https:\/\/metaltale.com\/lv\/#website","url":"https:\/\/metaltale.com\/lv\/","name":"Metaltale.com","description":"","potentialAction":[{"@type":"SearchAction","target":{"@type":"EntryPoint","urlTemplate":"https:\/\/metaltale.com\/lv\/?s={search_term_string}"},"query-input":{"@type":"PropertyValueSpecification","valueRequired":true,"valueName":"search_term_string"}}],"inLanguage":"lv-LV"}]}},"_links":{"self":[{"href":"https:\/\/metaltale.com\/lv\/wp-json\/wp\/v2\/product\/139125","targetHints":{"allow":["GET"]}}],"collection":[{"href":"https:\/\/metaltale.com\/lv\/wp-json\/wp\/v2\/product"}],"about":[{"href":"https:\/\/metaltale.com\/lv\/wp-json\/wp\/v2\/types\/product"}],"replies":[{"embeddable":true,"href":"https:\/\/metaltale.com\/lv\/wp-json\/wp\/v2\/comments?post=139125"}],"version-history":[{"count":0,"href":"https:\/\/metaltale.com\/lv\/wp-json\/wp\/v2\/product\/139125\/revisions"}],"wp:featuredmedia":[{"embeddable":true,"href":"https:\/\/metaltale.com\/lv\/wp-json\/wp\/v2\/media\/130739"}],"wp:attachment":[{"href":"https:\/\/metaltale.com\/lv\/wp-json\/wp\/v2\/media?parent=139125"}],"wp:term":[{"taxonomy":"product_brand","embeddable":true,"href":"https:\/\/metaltale.com\/lv\/wp-json\/wp\/v2\/product_brand?post=139125"},{"taxonomy":"product_cat","embeddable":true,"href":"https:\/\/metaltale.com\/lv\/wp-json\/wp\/v2\/product_cat?post=139125"},{"taxonomy":"product_tag","embeddable":true,"href":"https:\/\/metaltale.com\/lv\/wp-json\/wp\/v2\/product_tag?post=139125"}],"curies":[{"name":"wp","href":"https:\/\/api.w.org\/{rel}","templated":true}]}}