{"id":139106,"date":"2024-02-13T13:55:04","date_gmt":"2024-02-13T11:55:04","guid":{"rendered":"https:\/\/metaltale.com\/produktas\/gumijots-mebelu-ritenis-geralt\/"},"modified":"2024-02-13T13:55:04","modified_gmt":"2024-02-13T11:55:04","slug":"gumijots-mebelu-ritenis-geralt","status":"publish","type":"product","link":"https:\/\/metaltale.com\/lv\/produkts\/gumijots-mebelu-ritenis-geralt\/","title":{"rendered":"Gumijots m\u0113be\u013cu ritenis GERALT"},"content":{"rendered":"<div class=\"prod_data\">\n<p><strong>Modelis<\/strong> FOR. K30. S10. PRGR<br \/>\n<strong>Materi\u0101ls<\/strong> T\u0113rauds, \u010duguns<br \/>\n<strong> [cm]Kop\u0113jais garums<\/strong> 12,5<strong> <\/strong><br \/>\n<strong>Kop\u0113jais augstums (cm<\/strong> ) 14<br \/>\n<strong>Kop\u0113jais platums (cm<\/strong> ) 7,5<br \/>\n<strong>Kop\u0113jais diametrs (cm<\/strong> ) 12,5<br \/>\n<strong>Pamatnes izm\u0113ri (cm)<\/strong> 12 x 3,5 x 0,3<br \/>\nDaudzums komplekt\u0101 1 gab.<br \/>\n<strong>PAPILDU INFORM\u0100CIJA<\/strong> Rite\u0146a platums: 3,5 cm<\/p>\n<hr>\n<p>\u010cuguna ritenis VINTAGE ir v\u0113l viens no m\u016bsu ori\u0123in\u0101lajiem izstr\u0101d\u0101jumiem, kas radies, iedvesmojoties no vecajiem r\u016bpn\u012bcas rite\u0146iem, kurus izmantoja transporta rati\u0146os. T\u0101 k\u0101 m\u016bsu izstr\u0101d\u0101jumus izmanto ar\u012b m\u016bsdien\u012bgos interjeros, kur gr\u012bdas ne vienm\u0113r ir no betona, \u0137ie\u0123e\u013ciem vai akmens, \u0161im rite\u0146u modelim esam izmantoju\u0161i divus gumijas rite\u0146us. \u0160ie rite\u0146i ir integr\u0113ti kop\u0113j\u0101 izskat\u0101 un, pats galvenais, \u013cauj br\u012bvi p\u0101rvietoties pa gr\u012bdu, kur cietie met\u0101la rite\u0146i var saboj\u0101t virsmu. T\u0101p\u0113c mums ir izdevies izveidot modeli, kas ir ne tikai skaists, bet ar\u012b praktisks.<\/p>\n<hr>\n<\/div>\n","protected":false},"excerpt":{"rendered":"<p>Modelis FOR. K30. S10. PRGR Materi\u0101ls T\u0113rauds, \u010duguns [cm]Kop\u0113jais garums 12,5 Kop\u0113jais augstums (cm ) 14 Kop\u0113jais platums (cm )<\/p>\n","protected":false},"featured_media":82327,"comment_status":"open","ping_status":"closed","template":"","meta":{"_acf_changed":false,"pmpro_default_level":""},"product_brand":[],"product_cat":[23837,23848],"product_tag":[],"class_list":{"0":"post-139106","1":"product","2":"type-product","3":"status-publish","4":"has-post-thumbnail","6":"product_cat-mebeles-piederumi","7":"product_cat-mebelu-riteni","8":"pmpro-has-access","10":"first","11":"instock","12":"shipping-taxable","13":"purchasable","14":"product-type-simple"},"acf":[],"yoast_head":"<!-- This site is optimized with the Yoast SEO plugin v24.9 - https:\/\/yoast.com\/wordpress\/plugins\/seo\/ -->\n<title>Gumijots m\u0113be\u013cu ritenis GERALT - MetalTale.com<\/title>\n<meta name=\"robots\" content=\"index, follow, max-snippet:-1, max-image-preview:large, max-video-preview:-1\" \/>\n<link rel=\"canonical\" href=\"https:\/\/metaltale.com\/lv\/produkts\/gumijots-mebelu-ritenis-geralt\/\" \/>\n<meta property=\"og:locale\" content=\"lv_LV\" \/>\n<meta property=\"og:type\" content=\"article\" \/>\n<meta property=\"og:title\" content=\"Gumijots m\u0113be\u013cu ritenis GERALT - MetalTale.com\" \/>\n<meta property=\"og:description\" content=\"Modelis FOR. K30. S10. PRGR Materi\u0101ls T\u0113rauds, \u010duguns [cm]Kop\u0113jais garums 12,5 Kop\u0113jais augstums (cm ) 14 Kop\u0113jais platums (cm )\" \/>\n<meta property=\"og:url\" content=\"https:\/\/metaltale.com\/lv\/produkts\/gumijots-mebelu-ritenis-geralt\/\" \/>\n<meta property=\"og:site_name\" content=\"MetalTale.com\" \/>\n<meta property=\"og:image\" content=\"https:\/\/metaltale.com\/wp-content\/uploads\/2023\/10\/GERALT-140mm-plieninis-ratas.jpg\" \/>\n\t<meta property=\"og:image:width\" content=\"800\" \/>\n\t<meta property=\"og:image:height\" content=\"800\" \/>\n\t<meta property=\"og:image:type\" content=\"image\/jpeg\" \/>\n<meta name=\"twitter:card\" content=\"summary_large_image\" \/>\n<meta name=\"twitter:label1\" content=\"Est. reading time\" \/>\n\t<meta name=\"twitter:data1\" content=\"1 minute\" \/>\n<script type=\"application\/ld+json\" class=\"yoast-schema-graph\">{\"@context\":\"https:\/\/schema.org\",\"@graph\":[{\"@type\":\"WebPage\",\"@id\":\"https:\/\/metaltale.com\/lv\/produkts\/gumijots-mebelu-ritenis-geralt\/\",\"url\":\"https:\/\/metaltale.com\/lv\/produkts\/gumijots-mebelu-ritenis-geralt\/\",\"name\":\"Gumijots m\u0113be\u013cu ritenis GERALT - MetalTale.com\",\"isPartOf\":{\"@id\":\"https:\/\/metaltale.com\/lv\/#website\"},\"primaryImageOfPage\":{\"@id\":\"https:\/\/metaltale.com\/lv\/produkts\/gumijots-mebelu-ritenis-geralt\/#primaryimage\"},\"image\":{\"@id\":\"https:\/\/metaltale.com\/lv\/produkts\/gumijots-mebelu-ritenis-geralt\/#primaryimage\"},\"thumbnailUrl\":\"https:\/\/metaltale.com\/wp-content\/uploads\/2023\/10\/GERALT-140mm-plieninis-ratas.jpg\",\"datePublished\":\"2024-02-13T11:55:04+00:00\",\"breadcrumb\":{\"@id\":\"https:\/\/metaltale.com\/lv\/produkts\/gumijots-mebelu-ritenis-geralt\/#breadcrumb\"},\"inLanguage\":\"lv-LV\",\"potentialAction\":[{\"@type\":\"ReadAction\",\"target\":[\"https:\/\/metaltale.com\/lv\/produkts\/gumijots-mebelu-ritenis-geralt\/\"]}]},{\"@type\":\"ImageObject\",\"inLanguage\":\"lv-LV\",\"@id\":\"https:\/\/metaltale.com\/lv\/produkts\/gumijots-mebelu-ritenis-geralt\/#primaryimage\",\"url\":\"https:\/\/metaltale.com\/wp-content\/uploads\/2023\/10\/GERALT-140mm-plieninis-ratas.jpg\",\"contentUrl\":\"https:\/\/metaltale.com\/wp-content\/uploads\/2023\/10\/GERALT-140mm-plieninis-ratas.jpg\",\"width\":800,\"height\":800,\"caption\":\"Gumijots m\u0113be\u013cu ritenis GERALT melns\"},{\"@type\":\"BreadcrumbList\",\"@id\":\"https:\/\/metaltale.com\/lv\/produkts\/gumijots-mebelu-ritenis-geralt\/#breadcrumb\",\"itemListElement\":[{\"@type\":\"ListItem\",\"position\":1,\"name\":\"Home\",\"item\":\"https:\/\/metaltale.com\/lv\/majas\/\"},{\"@type\":\"ListItem\",\"position\":2,\"name\":\"Veikals\",\"item\":\"https:\/\/metaltale.com\/lv\/shop\/\"},{\"@type\":\"ListItem\",\"position\":3,\"name\":\"Gumijots m\u0113be\u013cu ritenis GERALT\"}]},{\"@type\":\"WebSite\",\"@id\":\"https:\/\/metaltale.com\/lv\/#website\",\"url\":\"https:\/\/metaltale.com\/lv\/\",\"name\":\"Metaltale.com\",\"description\":\"\",\"potentialAction\":[{\"@type\":\"SearchAction\",\"target\":{\"@type\":\"EntryPoint\",\"urlTemplate\":\"https:\/\/metaltale.com\/lv\/?s={search_term_string}\"},\"query-input\":{\"@type\":\"PropertyValueSpecification\",\"valueRequired\":true,\"valueName\":\"search_term_string\"}}],\"inLanguage\":\"lv-LV\"}]}<\/script>\n<!-- \/ Yoast SEO plugin. -->","yoast_head_json":{"title":"Gumijots m\u0113be\u013cu ritenis GERALT - MetalTale.com","robots":{"index":"index","follow":"follow","max-snippet":"max-snippet:-1","max-image-preview":"max-image-preview:large","max-video-preview":"max-video-preview:-1"},"canonical":"https:\/\/metaltale.com\/lv\/produkts\/gumijots-mebelu-ritenis-geralt\/","og_locale":"lv_LV","og_type":"article","og_title":"Gumijots m\u0113be\u013cu ritenis GERALT - MetalTale.com","og_description":"Modelis FOR. K30. S10. PRGR Materi\u0101ls T\u0113rauds, \u010duguns [cm]Kop\u0113jais garums 12,5 Kop\u0113jais augstums (cm ) 14 Kop\u0113jais platums (cm )","og_url":"https:\/\/metaltale.com\/lv\/produkts\/gumijots-mebelu-ritenis-geralt\/","og_site_name":"MetalTale.com","og_image":[{"width":800,"height":800,"url":"https:\/\/metaltale.com\/wp-content\/uploads\/2023\/10\/GERALT-140mm-plieninis-ratas.jpg","type":"image\/jpeg"}],"twitter_card":"summary_large_image","twitter_misc":{"Est. reading time":"1 minute"},"schema":{"@context":"https:\/\/schema.org","@graph":[{"@type":"WebPage","@id":"https:\/\/metaltale.com\/lv\/produkts\/gumijots-mebelu-ritenis-geralt\/","url":"https:\/\/metaltale.com\/lv\/produkts\/gumijots-mebelu-ritenis-geralt\/","name":"Gumijots m\u0113be\u013cu ritenis GERALT - MetalTale.com","isPartOf":{"@id":"https:\/\/metaltale.com\/lv\/#website"},"primaryImageOfPage":{"@id":"https:\/\/metaltale.com\/lv\/produkts\/gumijots-mebelu-ritenis-geralt\/#primaryimage"},"image":{"@id":"https:\/\/metaltale.com\/lv\/produkts\/gumijots-mebelu-ritenis-geralt\/#primaryimage"},"thumbnailUrl":"https:\/\/metaltale.com\/wp-content\/uploads\/2023\/10\/GERALT-140mm-plieninis-ratas.jpg","datePublished":"2024-02-13T11:55:04+00:00","breadcrumb":{"@id":"https:\/\/metaltale.com\/lv\/produkts\/gumijots-mebelu-ritenis-geralt\/#breadcrumb"},"inLanguage":"lv-LV","potentialAction":[{"@type":"ReadAction","target":["https:\/\/metaltale.com\/lv\/produkts\/gumijots-mebelu-ritenis-geralt\/"]}]},{"@type":"ImageObject","inLanguage":"lv-LV","@id":"https:\/\/metaltale.com\/lv\/produkts\/gumijots-mebelu-ritenis-geralt\/#primaryimage","url":"https:\/\/metaltale.com\/wp-content\/uploads\/2023\/10\/GERALT-140mm-plieninis-ratas.jpg","contentUrl":"https:\/\/metaltale.com\/wp-content\/uploads\/2023\/10\/GERALT-140mm-plieninis-ratas.jpg","width":800,"height":800,"caption":"Gumijots m\u0113be\u013cu ritenis GERALT melns"},{"@type":"BreadcrumbList","@id":"https:\/\/metaltale.com\/lv\/produkts\/gumijots-mebelu-ritenis-geralt\/#breadcrumb","itemListElement":[{"@type":"ListItem","position":1,"name":"Home","item":"https:\/\/metaltale.com\/lv\/majas\/"},{"@type":"ListItem","position":2,"name":"Veikals","item":"https:\/\/metaltale.com\/lv\/shop\/"},{"@type":"ListItem","position":3,"name":"Gumijots m\u0113be\u013cu ritenis GERALT"}]},{"@type":"WebSite","@id":"https:\/\/metaltale.com\/lv\/#website","url":"https:\/\/metaltale.com\/lv\/","name":"Metaltale.com","description":"","potentialAction":[{"@type":"SearchAction","target":{"@type":"EntryPoint","urlTemplate":"https:\/\/metaltale.com\/lv\/?s={search_term_string}"},"query-input":{"@type":"PropertyValueSpecification","valueRequired":true,"valueName":"search_term_string"}}],"inLanguage":"lv-LV"}]}},"_links":{"self":[{"href":"https:\/\/metaltale.com\/lv\/wp-json\/wp\/v2\/product\/139106","targetHints":{"allow":["GET"]}}],"collection":[{"href":"https:\/\/metaltale.com\/lv\/wp-json\/wp\/v2\/product"}],"about":[{"href":"https:\/\/metaltale.com\/lv\/wp-json\/wp\/v2\/types\/product"}],"replies":[{"embeddable":true,"href":"https:\/\/metaltale.com\/lv\/wp-json\/wp\/v2\/comments?post=139106"}],"version-history":[{"count":0,"href":"https:\/\/metaltale.com\/lv\/wp-json\/wp\/v2\/product\/139106\/revisions"}],"wp:featuredmedia":[{"embeddable":true,"href":"https:\/\/metaltale.com\/lv\/wp-json\/wp\/v2\/media\/82327"}],"wp:attachment":[{"href":"https:\/\/metaltale.com\/lv\/wp-json\/wp\/v2\/media?parent=139106"}],"wp:term":[{"taxonomy":"product_brand","embeddable":true,"href":"https:\/\/metaltale.com\/lv\/wp-json\/wp\/v2\/product_brand?post=139106"},{"taxonomy":"product_cat","embeddable":true,"href":"https:\/\/metaltale.com\/lv\/wp-json\/wp\/v2\/product_cat?post=139106"},{"taxonomy":"product_tag","embeddable":true,"href":"https:\/\/metaltale.com\/lv\/wp-json\/wp\/v2\/product_tag?post=139106"}],"curies":[{"name":"wp","href":"https:\/\/api.w.org\/{rel}","templated":true}]}}