{"id":139099,"date":"2024-02-13T13:55:04","date_gmt":"2024-02-13T11:55:04","guid":{"rendered":"https:\/\/metaltale.com\/produktas\/mebelu-ritenis-borys-65-mm\/"},"modified":"2024-02-13T13:55:04","modified_gmt":"2024-02-13T11:55:04","slug":"mebelu-ritenis-borys-65-mm","status":"publish","type":"product","link":"https:\/\/metaltale.com\/lv\/produkts\/mebelu-ritenis-borys-65-mm\/","title":{"rendered":"M\u0113be\u013cu ritenis BORYS 65 mm"},"content":{"rendered":"<div class=\"prod_data\">\n<p><strong>Modelis<\/strong> 70.464.AI.75<br \/>\n<strong>EAN.<\/strong>  5905369918971<br \/>\n<strong>Materi\u0101ls<\/strong> T\u0113rauds, \u010duguns<br \/>\n<strong> [cm]Kop\u0113jais garums<\/strong> 8<strong> <\/strong><br \/>\n<strong>Kop\u0113jais augstums (cm<\/strong> ) 6,5<br \/>\n<strong>Kop\u0113jais diametrs (cm<\/strong> ) 5<br \/>\n<strong>Pamatnes izm\u0113ri (cm)<\/strong> 4,2 x 5,8<br \/>\nT\u0113rauda <strong>kr\u0101sa<\/strong><br \/>\n<strong>Apdare<\/strong> Pulvera p\u0101rkl\u0101jums<\/p>\n<p>Lauku interjeriem rakstur\u012bga rakstur\u012bga tipisku funkcion\u0101lo elementu un unik\u0101las atmosf\u0113ras kombin\u0101cija. Lai palielin\u0101tu lieto\u0161anas komfortu un izceltu m\u0113be\u013cu aksesu\u0101ru vizu\u0101l\u0101s priek\u0161roc\u012bbas, m\u0113s bie\u017ei vien izmantojam <strong>rite\u0146us<\/strong>, kas veiksm\u012bgi aizst\u0101j statisk\u0101s m\u0113be\u013cu k\u0101jas, pie\u0161\u0137irot interjera priek\u0161metiem mobilit\u0101ti.<\/p>\n<p>Pieg\u0101d\u0101tais ce\u013ca ritenis ir izgatavots no augst\u0101k\u0101s kvalit\u0101tes t\u0113rauda, balstoties uz sen\u0101m un p\u0101rbaud\u012bt\u0101m konstrukcij\u0101m, un ir impregn\u0113ts un apzin\u0101ti novecojis, lai pie\u0161\u0137irtu tam ori\u0123in\u0101lu izskatu.<\/p>\n<p>Cena ir par gabalu.<\/p>\n<hr>\n<p>Ritenis ar gult\u0146iem. Kr\u0101sa var at\u0161\u0137irties no produkta fotogr\u0101fij\u0101s redzam\u0101s.<\/p>\n<\/div>\n","protected":false},"excerpt":{"rendered":"<p>Modelis 70.464.AI.75 EAN. 5905369918971 Materi\u0101ls T\u0113rauds, \u010duguns [cm]Kop\u0113jais garums 8 Kop\u0113jais augstums (cm ) 6,5 Kop\u0113jais diametrs (cm ) 5<\/p>\n","protected":false},"featured_media":68770,"comment_status":"open","ping_status":"closed","template":"","meta":{"_acf_changed":false,"pmpro_default_level":""},"product_brand":[],"product_cat":[23837,23848],"product_tag":[],"class_list":{"0":"post-139099","1":"product","2":"type-product","3":"status-publish","4":"has-post-thumbnail","6":"product_cat-mebeles-piederumi","7":"product_cat-mebelu-riteni","8":"pmpro-has-access","10":"first","11":"instock","12":"shipping-taxable","13":"purchasable","14":"product-type-simple"},"acf":[],"yoast_head":"<!-- This site is optimized with the Yoast SEO plugin v24.9 - https:\/\/yoast.com\/wordpress\/plugins\/seo\/ -->\n<title>M\u0113be\u013cu ritenis BORYS 65 mm - MetalTale.com<\/title>\n<meta name=\"robots\" content=\"index, follow, max-snippet:-1, max-image-preview:large, max-video-preview:-1\" \/>\n<link rel=\"canonical\" href=\"https:\/\/metaltale.com\/lv\/produkts\/mebelu-ritenis-borys-65-mm\/\" \/>\n<meta property=\"og:locale\" content=\"lv_LV\" \/>\n<meta property=\"og:type\" content=\"article\" \/>\n<meta property=\"og:title\" content=\"M\u0113be\u013cu ritenis BORYS 65 mm - MetalTale.com\" \/>\n<meta property=\"og:description\" content=\"Modelis 70.464.AI.75 EAN. 5905369918971 Materi\u0101ls T\u0113rauds, \u010duguns [cm]Kop\u0113jais garums 8 Kop\u0113jais augstums (cm ) 6,5 Kop\u0113jais diametrs (cm ) 5\" \/>\n<meta property=\"og:url\" content=\"https:\/\/metaltale.com\/lv\/produkts\/mebelu-ritenis-borys-65-mm\/\" \/>\n<meta property=\"og:site_name\" content=\"MetalTale.com\" \/>\n<meta property=\"og:image\" content=\"https:\/\/metaltale.com\/wp-content\/uploads\/2023\/09\/BORYS-65mm-plieninis-ratas.jpg\" \/>\n\t<meta property=\"og:image:width\" content=\"800\" \/>\n\t<meta property=\"og:image:height\" content=\"800\" \/>\n\t<meta property=\"og:image:type\" content=\"image\/jpeg\" \/>\n<meta name=\"twitter:card\" content=\"summary_large_image\" \/>\n<meta name=\"twitter:label1\" content=\"Est. reading time\" \/>\n\t<meta name=\"twitter:data1\" content=\"1 minute\" \/>\n<script type=\"application\/ld+json\" class=\"yoast-schema-graph\">{\"@context\":\"https:\/\/schema.org\",\"@graph\":[{\"@type\":\"WebPage\",\"@id\":\"https:\/\/metaltale.com\/lv\/produkts\/mebelu-ritenis-borys-65-mm\/\",\"url\":\"https:\/\/metaltale.com\/lv\/produkts\/mebelu-ritenis-borys-65-mm\/\",\"name\":\"M\u0113be\u013cu ritenis BORYS 65 mm - MetalTale.com\",\"isPartOf\":{\"@id\":\"https:\/\/metaltale.com\/lv\/#website\"},\"primaryImageOfPage\":{\"@id\":\"https:\/\/metaltale.com\/lv\/produkts\/mebelu-ritenis-borys-65-mm\/#primaryimage\"},\"image\":{\"@id\":\"https:\/\/metaltale.com\/lv\/produkts\/mebelu-ritenis-borys-65-mm\/#primaryimage\"},\"thumbnailUrl\":\"https:\/\/metaltale.com\/wp-content\/uploads\/2023\/09\/BORYS-65mm-plieninis-ratas.jpg\",\"datePublished\":\"2024-02-13T11:55:04+00:00\",\"breadcrumb\":{\"@id\":\"https:\/\/metaltale.com\/lv\/produkts\/mebelu-ritenis-borys-65-mm\/#breadcrumb\"},\"inLanguage\":\"lv-LV\",\"potentialAction\":[{\"@type\":\"ReadAction\",\"target\":[\"https:\/\/metaltale.com\/lv\/produkts\/mebelu-ritenis-borys-65-mm\/\"]}]},{\"@type\":\"ImageObject\",\"inLanguage\":\"lv-LV\",\"@id\":\"https:\/\/metaltale.com\/lv\/produkts\/mebelu-ritenis-borys-65-mm\/#primaryimage\",\"url\":\"https:\/\/metaltale.com\/wp-content\/uploads\/2023\/09\/BORYS-65mm-plieninis-ratas.jpg\",\"contentUrl\":\"https:\/\/metaltale.com\/wp-content\/uploads\/2023\/09\/BORYS-65mm-plieninis-ratas.jpg\",\"width\":800,\"height\":800,\"caption\":\"M\u0113be\u013cu ritenis BORYS 65 mm\"},{\"@type\":\"BreadcrumbList\",\"@id\":\"https:\/\/metaltale.com\/lv\/produkts\/mebelu-ritenis-borys-65-mm\/#breadcrumb\",\"itemListElement\":[{\"@type\":\"ListItem\",\"position\":1,\"name\":\"Home\",\"item\":\"https:\/\/metaltale.com\/lv\/majas\/\"},{\"@type\":\"ListItem\",\"position\":2,\"name\":\"Veikals\",\"item\":\"https:\/\/metaltale.com\/lv\/shop\/\"},{\"@type\":\"ListItem\",\"position\":3,\"name\":\"M\u0113be\u013cu ritenis BORYS 65 mm\"}]},{\"@type\":\"WebSite\",\"@id\":\"https:\/\/metaltale.com\/lv\/#website\",\"url\":\"https:\/\/metaltale.com\/lv\/\",\"name\":\"Metaltale.com\",\"description\":\"\",\"potentialAction\":[{\"@type\":\"SearchAction\",\"target\":{\"@type\":\"EntryPoint\",\"urlTemplate\":\"https:\/\/metaltale.com\/lv\/?s={search_term_string}\"},\"query-input\":{\"@type\":\"PropertyValueSpecification\",\"valueRequired\":true,\"valueName\":\"search_term_string\"}}],\"inLanguage\":\"lv-LV\"}]}<\/script>\n<!-- \/ Yoast SEO plugin. -->","yoast_head_json":{"title":"M\u0113be\u013cu ritenis BORYS 65 mm - MetalTale.com","robots":{"index":"index","follow":"follow","max-snippet":"max-snippet:-1","max-image-preview":"max-image-preview:large","max-video-preview":"max-video-preview:-1"},"canonical":"https:\/\/metaltale.com\/lv\/produkts\/mebelu-ritenis-borys-65-mm\/","og_locale":"lv_LV","og_type":"article","og_title":"M\u0113be\u013cu ritenis BORYS 65 mm - MetalTale.com","og_description":"Modelis 70.464.AI.75 EAN. 5905369918971 Materi\u0101ls T\u0113rauds, \u010duguns [cm]Kop\u0113jais garums 8 Kop\u0113jais augstums (cm ) 6,5 Kop\u0113jais diametrs (cm ) 5","og_url":"https:\/\/metaltale.com\/lv\/produkts\/mebelu-ritenis-borys-65-mm\/","og_site_name":"MetalTale.com","og_image":[{"width":800,"height":800,"url":"https:\/\/metaltale.com\/wp-content\/uploads\/2023\/09\/BORYS-65mm-plieninis-ratas.jpg","type":"image\/jpeg"}],"twitter_card":"summary_large_image","twitter_misc":{"Est. reading time":"1 minute"},"schema":{"@context":"https:\/\/schema.org","@graph":[{"@type":"WebPage","@id":"https:\/\/metaltale.com\/lv\/produkts\/mebelu-ritenis-borys-65-mm\/","url":"https:\/\/metaltale.com\/lv\/produkts\/mebelu-ritenis-borys-65-mm\/","name":"M\u0113be\u013cu ritenis BORYS 65 mm - MetalTale.com","isPartOf":{"@id":"https:\/\/metaltale.com\/lv\/#website"},"primaryImageOfPage":{"@id":"https:\/\/metaltale.com\/lv\/produkts\/mebelu-ritenis-borys-65-mm\/#primaryimage"},"image":{"@id":"https:\/\/metaltale.com\/lv\/produkts\/mebelu-ritenis-borys-65-mm\/#primaryimage"},"thumbnailUrl":"https:\/\/metaltale.com\/wp-content\/uploads\/2023\/09\/BORYS-65mm-plieninis-ratas.jpg","datePublished":"2024-02-13T11:55:04+00:00","breadcrumb":{"@id":"https:\/\/metaltale.com\/lv\/produkts\/mebelu-ritenis-borys-65-mm\/#breadcrumb"},"inLanguage":"lv-LV","potentialAction":[{"@type":"ReadAction","target":["https:\/\/metaltale.com\/lv\/produkts\/mebelu-ritenis-borys-65-mm\/"]}]},{"@type":"ImageObject","inLanguage":"lv-LV","@id":"https:\/\/metaltale.com\/lv\/produkts\/mebelu-ritenis-borys-65-mm\/#primaryimage","url":"https:\/\/metaltale.com\/wp-content\/uploads\/2023\/09\/BORYS-65mm-plieninis-ratas.jpg","contentUrl":"https:\/\/metaltale.com\/wp-content\/uploads\/2023\/09\/BORYS-65mm-plieninis-ratas.jpg","width":800,"height":800,"caption":"M\u0113be\u013cu ritenis BORYS 65 mm"},{"@type":"BreadcrumbList","@id":"https:\/\/metaltale.com\/lv\/produkts\/mebelu-ritenis-borys-65-mm\/#breadcrumb","itemListElement":[{"@type":"ListItem","position":1,"name":"Home","item":"https:\/\/metaltale.com\/lv\/majas\/"},{"@type":"ListItem","position":2,"name":"Veikals","item":"https:\/\/metaltale.com\/lv\/shop\/"},{"@type":"ListItem","position":3,"name":"M\u0113be\u013cu ritenis BORYS 65 mm"}]},{"@type":"WebSite","@id":"https:\/\/metaltale.com\/lv\/#website","url":"https:\/\/metaltale.com\/lv\/","name":"Metaltale.com","description":"","potentialAction":[{"@type":"SearchAction","target":{"@type":"EntryPoint","urlTemplate":"https:\/\/metaltale.com\/lv\/?s={search_term_string}"},"query-input":{"@type":"PropertyValueSpecification","valueRequired":true,"valueName":"search_term_string"}}],"inLanguage":"lv-LV"}]}},"_links":{"self":[{"href":"https:\/\/metaltale.com\/lv\/wp-json\/wp\/v2\/product\/139099","targetHints":{"allow":["GET"]}}],"collection":[{"href":"https:\/\/metaltale.com\/lv\/wp-json\/wp\/v2\/product"}],"about":[{"href":"https:\/\/metaltale.com\/lv\/wp-json\/wp\/v2\/types\/product"}],"replies":[{"embeddable":true,"href":"https:\/\/metaltale.com\/lv\/wp-json\/wp\/v2\/comments?post=139099"}],"version-history":[{"count":0,"href":"https:\/\/metaltale.com\/lv\/wp-json\/wp\/v2\/product\/139099\/revisions"}],"wp:featuredmedia":[{"embeddable":true,"href":"https:\/\/metaltale.com\/lv\/wp-json\/wp\/v2\/media\/68770"}],"wp:attachment":[{"href":"https:\/\/metaltale.com\/lv\/wp-json\/wp\/v2\/media?parent=139099"}],"wp:term":[{"taxonomy":"product_brand","embeddable":true,"href":"https:\/\/metaltale.com\/lv\/wp-json\/wp\/v2\/product_brand?post=139099"},{"taxonomy":"product_cat","embeddable":true,"href":"https:\/\/metaltale.com\/lv\/wp-json\/wp\/v2\/product_cat?post=139099"},{"taxonomy":"product_tag","embeddable":true,"href":"https:\/\/metaltale.com\/lv\/wp-json\/wp\/v2\/product_tag?post=139099"}],"curies":[{"name":"wp","href":"https:\/\/api.w.org\/{rel}","templated":true}]}}