{"id":139082,"date":"2024-02-13T13:53:38","date_gmt":"2024-02-13T11:53:38","guid":{"rendered":"https:\/\/metaltale.com\/produktas\/koka-bidamas-durvis-terauda-rami-zet\/"},"modified":"2024-02-13T13:53:38","modified_gmt":"2024-02-13T11:53:38","slug":"koka-bidamas-durvis-terauda-rami-zet","status":"publish","type":"product","link":"https:\/\/metaltale.com\/lv\/produkts\/koka-bidamas-durvis-terauda-rami-zet\/","title":{"rendered":"Koka b\u012bd\u0101m\u0101s durvis t\u0113rauda r\u0101m\u012b ZET"},"content":{"rendered":"<div class=\"prod_data\"><strong>Modelis<\/strong> FOR. DRZ.1ZS  <br \/>Materi\u0101ls Priede, t\u0113rauds <br \/>Biezums (cm ) 4 <br \/>Kop\u0113jais augstums (cm ) 210 <br \/>Kop\u0113jais platums (cm ) 100 <br \/><strong>Svars (kg<\/strong> ) 37  <br \/><strong>Apdare<\/strong> Nepabeigta \/ kr\u0101sota  <br \/>PAPILDU INFORM\u0100CIJA Pied\u0101v\u0101jums attiecas tikai uz vienu durvju paneli un neietver b\u012bd\u0101mo sist\u0113mu un citus piederumus. <\/p>\n<hr>\n<p>Z b\u012bd\u0101m\u0101s durvis ir pied\u0101v\u0101jums tiem, kas nov\u0113rt\u0113 vienk\u0101r\u0161\u012bbu beton\u0101.<\/p>\n<p>B\u012bd\u0101m\u0101s durvis Z ir izgatavotas no priedes. Mas\u012bvie d\u0113\u013ci ir izk\u0101rtoti vertik\u0101li, un durvju \u0101rpuse ir veidota no d\u0113\u013ciem, kas r\u0101m\u012b veido Z. Kopum\u0101 tas ir prec\u012bzs un izl\u0113m\u012bgs izk\u0101rtojums, kas iepriecin\u0101s ikvienu lietot\u0101ju. Durvju virsma ar j\u016btamu koka fakt\u016bru pie\u0161\u0137ir t\u0101m raksturu un mas\u012bvumu, savuk\u0101rt uz d\u0113\u013ciem redzamie gredzeni un mezgli izce\u013c koka dabisko tekst\u016bru.<\/p>\n<p>Z b\u012bd\u0101mo durvju konstrukcijai ir t\u0113rauda r\u0101mis, kas izgatavots no sl\u0113gta profila 20&#215;20 mm. B\u012bd\u0101mo durvju iek\u0161\u0113j\u0101 puse ir nostiprin\u0101ta ar plakaniem stie\u0146iem ar redzam\u0101m \u0161uv\u0113m un knied\u0113m, lai vienotu konstrukciju. Turkl\u0101t r\u0101mim ir redzams sl\u012bp\u0113jums, kas pie\u0161\u0137ir durv\u012bm ori\u0123in\u0101lu un unik\u0101lu izskatu. Atsevi\u0161\u0137u elementu izvietojums nov\u0113r\u0161 durvju deform\u0113\u0161anos.<\/p>\n<p>Koka Z-veida b\u012bd\u0101m\u0101s durvis pie\u0161\u0137ir interjeram unikalit\u0101ti un ori\u0123inalit\u0101ti, ir praktiskas, viegli uzst\u0101d\u0101mas un t\u0101m ir dekorat\u012bva funkcija. To iztur\u012bg\u0101 konstrukcija nodro\u0161ina, ka tos var izmantot daudzus gadus.<\/p>\n<p>Z-veida koka durvis iederas jebkur\u0101 interjer\u0101 &#8211; gan modern\u0101, gan tradicion\u0101l\u0101 lauku, industri\u0101l\u0101 vai b\u0113ni\u0146u stil\u0101.<\/p>\n<p>Standarta durvju izm\u0113rs ir 100 cm x 210 cm, biezums &#8211; 4 cm, un t\u0101s tiek pieg\u0101d\u0101tas neapstr\u0101d\u0101tas.<br \/>Z b\u012bd\u0101m\u0101s durvis ir ide\u0101li piem\u0113rotas 70 cm, 80 cm un 90 cm gar\u0101m durvju ail\u0113m, jo ir daudzpus\u012bgas.<\/p>\n<p>ZET b\u012bd\u0101maj\u0101m durv\u012bm piem\u0113rotas apak\u0161\u0113j\u0101s vadotnes ir atrodamas sada\u013c\u0101 &#8220;Saist\u012btie produkti&#8221; zem\u0101k.<\/p>\n<p>*Saska\u0146\u0101 ar Pat\u0113r\u0113t\u0101ju ties\u012bbu likuma 38. pantu. 3 p. ra\u017eojums, kas kr\u0101sots un\/vai ra\u017eots cit\u0101 izm\u0113r\u0101 nek\u0101 100&#215;210 cm, ir nestandarta ra\u017eojums un nav atgrie\u017eams.<\/p>\n<hr>\n<p>**Pied\u0101v\u0101jums attiecas tikai uz durv\u012bm un neietver b\u012bd\u0101mo sist\u0113mu un citus piederumus.<br \/>*** L\u016bdzu, \u0146emiet v\u0113r\u0101, ka \u0161o modeli nevar izmantot ar veram\u0101m b\u012bd\u0101mo durvju sist\u0113m\u0101m (&#8220;Vintage&#8221;, &#8220;Wheel On Hanger&#8221;).<\/p>\n<hr>\n<\/div>\n","protected":false},"excerpt":{"rendered":"<p>Modelis FOR. DRZ.1ZS Materi\u0101ls Priede, t\u0113rauds Biezums (cm ) 4 Kop\u0113jais augstums (cm ) 210 Kop\u0113jais platums (cm ) 100<\/p>\n","protected":false},"featured_media":142605,"comment_status":"open","ping_status":"closed","template":"","meta":{"_acf_changed":false,"pmpro_default_level":""},"product_brand":[],"product_cat":[24064,24075,24059],"product_tag":[],"class_list":{"0":"post-139082","1":"product","2":"type-product","3":"status-publish","4":"has-post-thumbnail","6":"product_cat-bidamas-durvis-lv","7":"product_cat-bidamas-durvis-metala-rami","8":"product_cat-bidamo-durvju-sistemas","9":"pmpro-has-access","11":"first","12":"instock","13":"shipping-taxable","14":"purchasable","15":"product-type-simple"},"acf":[],"yoast_head":"<!-- This site is optimized with the Yoast SEO plugin v24.9 - https:\/\/yoast.com\/wordpress\/plugins\/seo\/ -->\n<title>Koka b\u012bd\u0101m\u0101s durvis t\u0113rauda r\u0101m\u012b ZET - MetalTale.com<\/title>\n<meta name=\"robots\" content=\"index, follow, max-snippet:-1, max-image-preview:large, max-video-preview:-1\" \/>\n<link rel=\"canonical\" href=\"https:\/\/metaltale.com\/lv\/produkts\/koka-bidamas-durvis-terauda-rami-zet\/\" \/>\n<meta property=\"og:locale\" content=\"lv_LV\" \/>\n<meta property=\"og:type\" content=\"article\" \/>\n<meta property=\"og:title\" content=\"Koka b\u012bd\u0101m\u0101s durvis t\u0113rauda r\u0101m\u012b ZET - MetalTale.com\" \/>\n<meta property=\"og:description\" content=\"Modelis FOR. DRZ.1ZS Materi\u0101ls Priede, t\u0113rauds Biezums (cm ) 4 Kop\u0113jais augstums (cm ) 210 Kop\u0113jais platums (cm ) 100\" \/>\n<meta property=\"og:url\" content=\"https:\/\/metaltale.com\/lv\/produkts\/koka-bidamas-durvis-terauda-rami-zet\/\" \/>\n<meta property=\"og:site_name\" content=\"MetalTale.com\" \/>\n<meta property=\"og:image\" content=\"http:\/\/metaltale.com\/wp-content\/uploads\/2024\/02\/drzwi-w-ramie-stalowej-765_1.jpg\" \/>\n\t<meta property=\"og:image:width\" content=\"800\" \/>\n\t<meta property=\"og:image:height\" content=\"800\" \/>\n\t<meta property=\"og:image:type\" content=\"image\/jpeg\" \/>\n<meta name=\"twitter:card\" content=\"summary_large_image\" \/>\n<meta name=\"twitter:label1\" content=\"Est. reading time\" \/>\n\t<meta name=\"twitter:data1\" content=\"2 minutes\" \/>\n<script type=\"application\/ld+json\" class=\"yoast-schema-graph\">{\"@context\":\"https:\/\/schema.org\",\"@graph\":[{\"@type\":\"WebPage\",\"@id\":\"https:\/\/metaltale.com\/lv\/produkts\/koka-bidamas-durvis-terauda-rami-zet\/\",\"url\":\"https:\/\/metaltale.com\/lv\/produkts\/koka-bidamas-durvis-terauda-rami-zet\/\",\"name\":\"Koka b\u012bd\u0101m\u0101s durvis t\u0113rauda r\u0101m\u012b ZET - MetalTale.com\",\"isPartOf\":{\"@id\":\"https:\/\/metaltale.com\/lv\/#website\"},\"primaryImageOfPage\":{\"@id\":\"https:\/\/metaltale.com\/lv\/produkts\/koka-bidamas-durvis-terauda-rami-zet\/#primaryimage\"},\"image\":{\"@id\":\"https:\/\/metaltale.com\/lv\/produkts\/koka-bidamas-durvis-terauda-rami-zet\/#primaryimage\"},\"thumbnailUrl\":\"https:\/\/metaltale.com\/wp-content\/uploads\/2024\/02\/drzwi-w-ramie-stalowej-765_1.jpg\",\"datePublished\":\"2024-02-13T11:53:38+00:00\",\"breadcrumb\":{\"@id\":\"https:\/\/metaltale.com\/lv\/produkts\/koka-bidamas-durvis-terauda-rami-zet\/#breadcrumb\"},\"inLanguage\":\"lv-LV\",\"potentialAction\":[{\"@type\":\"ReadAction\",\"target\":[\"https:\/\/metaltale.com\/lv\/produkts\/koka-bidamas-durvis-terauda-rami-zet\/\"]}]},{\"@type\":\"ImageObject\",\"inLanguage\":\"lv-LV\",\"@id\":\"https:\/\/metaltale.com\/lv\/produkts\/koka-bidamas-durvis-terauda-rami-zet\/#primaryimage\",\"url\":\"https:\/\/metaltale.com\/wp-content\/uploads\/2024\/02\/drzwi-w-ramie-stalowej-765_1.jpg\",\"contentUrl\":\"https:\/\/metaltale.com\/wp-content\/uploads\/2024\/02\/drzwi-w-ramie-stalowej-765_1.jpg\",\"width\":800,\"height\":800,\"caption\":\"Pu\u0161in\u0117s stumdomos durys su plieniniais r\u0117mais ZET pilkos\"},{\"@type\":\"BreadcrumbList\",\"@id\":\"https:\/\/metaltale.com\/lv\/produkts\/koka-bidamas-durvis-terauda-rami-zet\/#breadcrumb\",\"itemListElement\":[{\"@type\":\"ListItem\",\"position\":1,\"name\":\"Home\",\"item\":\"https:\/\/metaltale.com\/lv\/majas\/\"},{\"@type\":\"ListItem\",\"position\":2,\"name\":\"Veikals\",\"item\":\"https:\/\/metaltale.com\/lv\/shop\/\"},{\"@type\":\"ListItem\",\"position\":3,\"name\":\"Koka b\u012bd\u0101m\u0101s durvis t\u0113rauda r\u0101m\u012b ZET\"}]},{\"@type\":\"WebSite\",\"@id\":\"https:\/\/metaltale.com\/lv\/#website\",\"url\":\"https:\/\/metaltale.com\/lv\/\",\"name\":\"Metaltale.com\",\"description\":\"\",\"potentialAction\":[{\"@type\":\"SearchAction\",\"target\":{\"@type\":\"EntryPoint\",\"urlTemplate\":\"https:\/\/metaltale.com\/lv\/?s={search_term_string}\"},\"query-input\":{\"@type\":\"PropertyValueSpecification\",\"valueRequired\":true,\"valueName\":\"search_term_string\"}}],\"inLanguage\":\"lv-LV\"}]}<\/script>\n<!-- \/ Yoast SEO plugin. -->","yoast_head_json":{"title":"Koka b\u012bd\u0101m\u0101s durvis t\u0113rauda r\u0101m\u012b ZET - MetalTale.com","robots":{"index":"index","follow":"follow","max-snippet":"max-snippet:-1","max-image-preview":"max-image-preview:large","max-video-preview":"max-video-preview:-1"},"canonical":"https:\/\/metaltale.com\/lv\/produkts\/koka-bidamas-durvis-terauda-rami-zet\/","og_locale":"lv_LV","og_type":"article","og_title":"Koka b\u012bd\u0101m\u0101s durvis t\u0113rauda r\u0101m\u012b ZET - MetalTale.com","og_description":"Modelis FOR. DRZ.1ZS Materi\u0101ls Priede, t\u0113rauds Biezums (cm ) 4 Kop\u0113jais augstums (cm ) 210 Kop\u0113jais platums (cm ) 100","og_url":"https:\/\/metaltale.com\/lv\/produkts\/koka-bidamas-durvis-terauda-rami-zet\/","og_site_name":"MetalTale.com","og_image":[{"width":800,"height":800,"url":"http:\/\/metaltale.com\/wp-content\/uploads\/2024\/02\/drzwi-w-ramie-stalowej-765_1.jpg","type":"image\/jpeg"}],"twitter_card":"summary_large_image","twitter_misc":{"Est. reading time":"2 minutes"},"schema":{"@context":"https:\/\/schema.org","@graph":[{"@type":"WebPage","@id":"https:\/\/metaltale.com\/lv\/produkts\/koka-bidamas-durvis-terauda-rami-zet\/","url":"https:\/\/metaltale.com\/lv\/produkts\/koka-bidamas-durvis-terauda-rami-zet\/","name":"Koka b\u012bd\u0101m\u0101s durvis t\u0113rauda r\u0101m\u012b ZET - MetalTale.com","isPartOf":{"@id":"https:\/\/metaltale.com\/lv\/#website"},"primaryImageOfPage":{"@id":"https:\/\/metaltale.com\/lv\/produkts\/koka-bidamas-durvis-terauda-rami-zet\/#primaryimage"},"image":{"@id":"https:\/\/metaltale.com\/lv\/produkts\/koka-bidamas-durvis-terauda-rami-zet\/#primaryimage"},"thumbnailUrl":"https:\/\/metaltale.com\/wp-content\/uploads\/2024\/02\/drzwi-w-ramie-stalowej-765_1.jpg","datePublished":"2024-02-13T11:53:38+00:00","breadcrumb":{"@id":"https:\/\/metaltale.com\/lv\/produkts\/koka-bidamas-durvis-terauda-rami-zet\/#breadcrumb"},"inLanguage":"lv-LV","potentialAction":[{"@type":"ReadAction","target":["https:\/\/metaltale.com\/lv\/produkts\/koka-bidamas-durvis-terauda-rami-zet\/"]}]},{"@type":"ImageObject","inLanguage":"lv-LV","@id":"https:\/\/metaltale.com\/lv\/produkts\/koka-bidamas-durvis-terauda-rami-zet\/#primaryimage","url":"https:\/\/metaltale.com\/wp-content\/uploads\/2024\/02\/drzwi-w-ramie-stalowej-765_1.jpg","contentUrl":"https:\/\/metaltale.com\/wp-content\/uploads\/2024\/02\/drzwi-w-ramie-stalowej-765_1.jpg","width":800,"height":800,"caption":"Pu\u0161in\u0117s stumdomos durys su plieniniais r\u0117mais ZET pilkos"},{"@type":"BreadcrumbList","@id":"https:\/\/metaltale.com\/lv\/produkts\/koka-bidamas-durvis-terauda-rami-zet\/#breadcrumb","itemListElement":[{"@type":"ListItem","position":1,"name":"Home","item":"https:\/\/metaltale.com\/lv\/majas\/"},{"@type":"ListItem","position":2,"name":"Veikals","item":"https:\/\/metaltale.com\/lv\/shop\/"},{"@type":"ListItem","position":3,"name":"Koka b\u012bd\u0101m\u0101s durvis t\u0113rauda r\u0101m\u012b ZET"}]},{"@type":"WebSite","@id":"https:\/\/metaltale.com\/lv\/#website","url":"https:\/\/metaltale.com\/lv\/","name":"Metaltale.com","description":"","potentialAction":[{"@type":"SearchAction","target":{"@type":"EntryPoint","urlTemplate":"https:\/\/metaltale.com\/lv\/?s={search_term_string}"},"query-input":{"@type":"PropertyValueSpecification","valueRequired":true,"valueName":"search_term_string"}}],"inLanguage":"lv-LV"}]}},"_links":{"self":[{"href":"https:\/\/metaltale.com\/lv\/wp-json\/wp\/v2\/product\/139082","targetHints":{"allow":["GET"]}}],"collection":[{"href":"https:\/\/metaltale.com\/lv\/wp-json\/wp\/v2\/product"}],"about":[{"href":"https:\/\/metaltale.com\/lv\/wp-json\/wp\/v2\/types\/product"}],"replies":[{"embeddable":true,"href":"https:\/\/metaltale.com\/lv\/wp-json\/wp\/v2\/comments?post=139082"}],"version-history":[{"count":0,"href":"https:\/\/metaltale.com\/lv\/wp-json\/wp\/v2\/product\/139082\/revisions"}],"wp:featuredmedia":[{"embeddable":true,"href":"https:\/\/metaltale.com\/lv\/wp-json\/wp\/v2\/media\/142605"}],"wp:attachment":[{"href":"https:\/\/metaltale.com\/lv\/wp-json\/wp\/v2\/media?parent=139082"}],"wp:term":[{"taxonomy":"product_brand","embeddable":true,"href":"https:\/\/metaltale.com\/lv\/wp-json\/wp\/v2\/product_brand?post=139082"},{"taxonomy":"product_cat","embeddable":true,"href":"https:\/\/metaltale.com\/lv\/wp-json\/wp\/v2\/product_cat?post=139082"},{"taxonomy":"product_tag","embeddable":true,"href":"https:\/\/metaltale.com\/lv\/wp-json\/wp\/v2\/product_tag?post=139082"}],"curies":[{"name":"wp","href":"https:\/\/api.w.org\/{rel}","templated":true}]}}