{"id":139075,"date":"2024-02-13T13:53:38","date_gmt":"2024-02-13T11:53:38","guid":{"rendered":"https:\/\/metaltale.com\/produktas\/loft-koka-bidamas-durvis-ar-terauda-ramjiem\/"},"modified":"2024-02-13T13:53:38","modified_gmt":"2024-02-13T11:53:38","slug":"loft-koka-bidamas-durvis-ar-terauda-ramjiem","status":"publish","type":"product","link":"https:\/\/metaltale.com\/lv\/produkts\/loft-koka-bidamas-durvis-ar-terauda-ramjiem\/","title":{"rendered":"LOFT koka b\u012bd\u0101m\u0101s durvis ar t\u0113rauda r\u0101mjiem"},"content":{"rendered":"<div class=\"prod_data\"><strong>Modelis<\/strong> FOR. DURYS. LOFT  <br \/>Materi\u0101ls Priede, t\u0113rauds <br \/>Biezums (cm ) 2,5 <br \/>Kop\u0113jais augstums (cm ) 210 <br \/>Kop\u0113jais platums (cm ) 100 <br \/><strong>Svars (kg<\/strong> ) 30  <br \/><strong>Apdare<\/strong> Nepabeigta \/ kr\u0101sota  <br \/>PAPILDU INFORM\u0100CIJA Pied\u0101v\u0101jums attiecas tikai uz vienu durvju paneli un neietver b\u012bd\u0101mo sist\u0113mu un citus piederumus. <\/p>\n<hr>\n<p>LOFT durvis ir izgatavotas no priedes. Horizont\u0101li izvietotie d\u0113\u013ci, kas ieb\u016bv\u0113ti t\u0113rauda r\u0101m\u012b, veido prec\u012bzu un izteiksm\u012bgu strukt\u016bru, kas priec\u0113s ikvienu lietot\u0101ju. Paman\u0101m\u0101 koka tekst\u016bra pie\u0161\u0137ir raksturu un iztur\u012bbu. Uz d\u0113\u013ciem redzamie gredzeni un mezgli izce\u013c koksnes dabisko tekst\u016bru.  <\/p>\n<p>LOFT b\u012bd\u0101mo durvju konstrukcijai ir t\u0113rauda r\u0101mis, kas sast\u0101v no diviem le\u0146\u0137iem, kuri aptver 20&#215;20 mm lielus d\u0113\u013cus. R\u0101mja sl\u012bp\u0113\u0161ana pie\u0161\u0137ir durv\u012bm ori\u0123in\u0101lu un unik\u0101lu izskatu.  <\/p>\n<p>LOFT koka b\u012bd\u0101m\u0101s durvis pie\u0161\u0137ir interjeram unikalit\u0101ti un ori\u0123inalit\u0101ti, ir praktiskas, viegli uzst\u0101d\u0101mas un ar dekorat\u012bvu funkciju. To iztur\u012bg\u0101 konstrukcija nodro\u0161ina, ka tos var izmantot daudzus gadus.<\/p>\n<p>LOFT koka durvis iederas jebkur\u0101 interjer\u0101 &#8211; modern\u0101, tradicion\u0101l\u0101, rustik\u0101l\u0101, industri\u0101l\u0101 vai b\u0113ni\u0146u stil\u0101.<\/p>\n<p>Standarta durvju izm\u0113rs ir 100 cm x 210 cm, biezums &#8211; 2,5 cm, un t\u0101s tiek pieg\u0101d\u0101tas neapstr\u0101d\u0101tas.<br \/>LOFT b\u012bd\u0101m\u0101s durvis LOFT ir ide\u0101li piem\u0113rotas 70 cm, 80 cm un 90 cm gar\u0101m durvju ail\u0113m, pateicoties to daudzpus\u012bbai.<\/p>\n<p>Par LOFT b\u012bd\u0101maj\u0101m durv\u012bm piem\u0113rot\u0101m apak\u0161\u0113j\u0101m vadotn\u0113m skatiet saist\u012bto produktu sada\u013cu zem\u0101k.  <\/p>\n<p>*Prece, kas ir kr\u0101sota un\/vai izgatavota cit\u0101 izm\u0113r\u0101 nek\u0101 100&#215;210 cm, ir nestandarta prece, un saska\u0146\u0101 ar Pat\u0113r\u0113t\u0101ju ties\u012bbu likuma 38. panta 3. punktu to nevar atdot atpaka\u013c.<\/p>\n<hr>\n<p>**Pied\u0101v\u0101jums attiecas tikai uz durv\u012bm un neietver b\u012bd\u0101mo sist\u0113mu un citus piederumus.<br \/>*** L\u016bdzu, \u0146emiet v\u0113r\u0101, ka \u0161o modeli nevar izmantot ar veram\u0101m b\u012bd\u0101mo durvju sist\u0113m\u0101m (&#8220;Vintage&#8221;, &#8220;Wheel On Hanger&#8221;).<\/p>\n<hr>\n<\/div>\n","protected":false},"excerpt":{"rendered":"<p>Modelis FOR. DURYS. LOFT Materi\u0101ls Priede, t\u0113rauds Biezums (cm ) 2,5 Kop\u0113jais augstums (cm ) 210 Kop\u0113jais platums (cm )<\/p>\n","protected":false},"featured_media":99085,"comment_status":"open","ping_status":"closed","template":"","meta":{"_acf_changed":false,"pmpro_default_level":""},"product_brand":[],"product_cat":[24064,24075,24059],"product_tag":[],"class_list":{"0":"post-139075","1":"product","2":"type-product","3":"status-publish","4":"has-post-thumbnail","6":"product_cat-bidamas-durvis-lv","7":"product_cat-bidamas-durvis-metala-rami","8":"product_cat-bidamo-durvju-sistemas","9":"pmpro-has-access","11":"first","12":"instock","13":"shipping-taxable","14":"purchasable","15":"product-type-simple"},"acf":[],"yoast_head":"<!-- This site is optimized with the Yoast SEO plugin v24.9 - https:\/\/yoast.com\/wordpress\/plugins\/seo\/ -->\n<title>LOFT koka b\u012bd\u0101m\u0101s durvis ar t\u0113rauda r\u0101mjiem - MetalTale.com<\/title>\n<meta name=\"robots\" content=\"index, follow, max-snippet:-1, max-image-preview:large, max-video-preview:-1\" \/>\n<link rel=\"canonical\" href=\"https:\/\/metaltale.com\/lv\/produkts\/loft-koka-bidamas-durvis-ar-terauda-ramjiem\/\" \/>\n<meta property=\"og:locale\" content=\"lv_LV\" \/>\n<meta property=\"og:type\" content=\"article\" \/>\n<meta property=\"og:title\" content=\"LOFT koka b\u012bd\u0101m\u0101s durvis ar t\u0113rauda r\u0101mjiem - MetalTale.com\" \/>\n<meta property=\"og:description\" content=\"Modelis FOR. DURYS. LOFT Materi\u0101ls Priede, t\u0113rauds Biezums (cm ) 2,5 Kop\u0113jais augstums (cm ) 210 Kop\u0113jais platums (cm )\" \/>\n<meta property=\"og:url\" content=\"https:\/\/metaltale.com\/lv\/produkts\/loft-koka-bidamas-durvis-ar-terauda-ramjiem\/\" \/>\n<meta property=\"og:site_name\" content=\"MetalTale.com\" \/>\n<meta property=\"og:image\" content=\"http:\/\/metaltale.com\/wp-content\/uploads\/2023\/11\/LOFT-durys-100x210-pilka.jpg\" \/>\n\t<meta property=\"og:image:width\" content=\"800\" \/>\n\t<meta property=\"og:image:height\" content=\"800\" \/>\n\t<meta property=\"og:image:type\" content=\"image\/jpeg\" \/>\n<meta name=\"twitter:card\" content=\"summary_large_image\" \/>\n<meta name=\"twitter:label1\" content=\"Est. reading time\" \/>\n\t<meta name=\"twitter:data1\" content=\"2 minutes\" \/>\n<script type=\"application\/ld+json\" class=\"yoast-schema-graph\">{\"@context\":\"https:\/\/schema.org\",\"@graph\":[{\"@type\":\"WebPage\",\"@id\":\"https:\/\/metaltale.com\/lv\/produkts\/loft-koka-bidamas-durvis-ar-terauda-ramjiem\/\",\"url\":\"https:\/\/metaltale.com\/lv\/produkts\/loft-koka-bidamas-durvis-ar-terauda-ramjiem\/\",\"name\":\"LOFT koka b\u012bd\u0101m\u0101s durvis ar t\u0113rauda r\u0101mjiem - MetalTale.com\",\"isPartOf\":{\"@id\":\"https:\/\/metaltale.com\/lv\/#website\"},\"primaryImageOfPage\":{\"@id\":\"https:\/\/metaltale.com\/lv\/produkts\/loft-koka-bidamas-durvis-ar-terauda-ramjiem\/#primaryimage\"},\"image\":{\"@id\":\"https:\/\/metaltale.com\/lv\/produkts\/loft-koka-bidamas-durvis-ar-terauda-ramjiem\/#primaryimage\"},\"thumbnailUrl\":\"https:\/\/metaltale.com\/wp-content\/uploads\/2023\/11\/LOFT-durys-100x210-pilka.jpg\",\"datePublished\":\"2024-02-13T11:53:38+00:00\",\"breadcrumb\":{\"@id\":\"https:\/\/metaltale.com\/lv\/produkts\/loft-koka-bidamas-durvis-ar-terauda-ramjiem\/#breadcrumb\"},\"inLanguage\":\"lv-LV\",\"potentialAction\":[{\"@type\":\"ReadAction\",\"target\":[\"https:\/\/metaltale.com\/lv\/produkts\/loft-koka-bidamas-durvis-ar-terauda-ramjiem\/\"]}]},{\"@type\":\"ImageObject\",\"inLanguage\":\"lv-LV\",\"@id\":\"https:\/\/metaltale.com\/lv\/produkts\/loft-koka-bidamas-durvis-ar-terauda-ramjiem\/#primaryimage\",\"url\":\"https:\/\/metaltale.com\/wp-content\/uploads\/2023\/11\/LOFT-durys-100x210-pilka.jpg\",\"contentUrl\":\"https:\/\/metaltale.com\/wp-content\/uploads\/2023\/11\/LOFT-durys-100x210-pilka.jpg\",\"width\":800,\"height\":800,\"caption\":\"Pu\u0161in\u0117s stumdomos durys su plieniniais r\u0117mais LOFT pilka\"},{\"@type\":\"BreadcrumbList\",\"@id\":\"https:\/\/metaltale.com\/lv\/produkts\/loft-koka-bidamas-durvis-ar-terauda-ramjiem\/#breadcrumb\",\"itemListElement\":[{\"@type\":\"ListItem\",\"position\":1,\"name\":\"Home\",\"item\":\"https:\/\/metaltale.com\/lv\/majas\/\"},{\"@type\":\"ListItem\",\"position\":2,\"name\":\"Veikals\",\"item\":\"https:\/\/metaltale.com\/lv\/shop\/\"},{\"@type\":\"ListItem\",\"position\":3,\"name\":\"LOFT koka b\u012bd\u0101m\u0101s durvis ar t\u0113rauda r\u0101mjiem\"}]},{\"@type\":\"WebSite\",\"@id\":\"https:\/\/metaltale.com\/lv\/#website\",\"url\":\"https:\/\/metaltale.com\/lv\/\",\"name\":\"Metaltale.com\",\"description\":\"\",\"potentialAction\":[{\"@type\":\"SearchAction\",\"target\":{\"@type\":\"EntryPoint\",\"urlTemplate\":\"https:\/\/metaltale.com\/lv\/?s={search_term_string}\"},\"query-input\":{\"@type\":\"PropertyValueSpecification\",\"valueRequired\":true,\"valueName\":\"search_term_string\"}}],\"inLanguage\":\"lv-LV\"}]}<\/script>\n<!-- \/ Yoast SEO plugin. -->","yoast_head_json":{"title":"LOFT koka b\u012bd\u0101m\u0101s durvis ar t\u0113rauda r\u0101mjiem - MetalTale.com","robots":{"index":"index","follow":"follow","max-snippet":"max-snippet:-1","max-image-preview":"max-image-preview:large","max-video-preview":"max-video-preview:-1"},"canonical":"https:\/\/metaltale.com\/lv\/produkts\/loft-koka-bidamas-durvis-ar-terauda-ramjiem\/","og_locale":"lv_LV","og_type":"article","og_title":"LOFT koka b\u012bd\u0101m\u0101s durvis ar t\u0113rauda r\u0101mjiem - MetalTale.com","og_description":"Modelis FOR. DURYS. LOFT Materi\u0101ls Priede, t\u0113rauds Biezums (cm ) 2,5 Kop\u0113jais augstums (cm ) 210 Kop\u0113jais platums (cm )","og_url":"https:\/\/metaltale.com\/lv\/produkts\/loft-koka-bidamas-durvis-ar-terauda-ramjiem\/","og_site_name":"MetalTale.com","og_image":[{"width":800,"height":800,"url":"http:\/\/metaltale.com\/wp-content\/uploads\/2023\/11\/LOFT-durys-100x210-pilka.jpg","type":"image\/jpeg"}],"twitter_card":"summary_large_image","twitter_misc":{"Est. reading time":"2 minutes"},"schema":{"@context":"https:\/\/schema.org","@graph":[{"@type":"WebPage","@id":"https:\/\/metaltale.com\/lv\/produkts\/loft-koka-bidamas-durvis-ar-terauda-ramjiem\/","url":"https:\/\/metaltale.com\/lv\/produkts\/loft-koka-bidamas-durvis-ar-terauda-ramjiem\/","name":"LOFT koka b\u012bd\u0101m\u0101s durvis ar t\u0113rauda r\u0101mjiem - MetalTale.com","isPartOf":{"@id":"https:\/\/metaltale.com\/lv\/#website"},"primaryImageOfPage":{"@id":"https:\/\/metaltale.com\/lv\/produkts\/loft-koka-bidamas-durvis-ar-terauda-ramjiem\/#primaryimage"},"image":{"@id":"https:\/\/metaltale.com\/lv\/produkts\/loft-koka-bidamas-durvis-ar-terauda-ramjiem\/#primaryimage"},"thumbnailUrl":"https:\/\/metaltale.com\/wp-content\/uploads\/2023\/11\/LOFT-durys-100x210-pilka.jpg","datePublished":"2024-02-13T11:53:38+00:00","breadcrumb":{"@id":"https:\/\/metaltale.com\/lv\/produkts\/loft-koka-bidamas-durvis-ar-terauda-ramjiem\/#breadcrumb"},"inLanguage":"lv-LV","potentialAction":[{"@type":"ReadAction","target":["https:\/\/metaltale.com\/lv\/produkts\/loft-koka-bidamas-durvis-ar-terauda-ramjiem\/"]}]},{"@type":"ImageObject","inLanguage":"lv-LV","@id":"https:\/\/metaltale.com\/lv\/produkts\/loft-koka-bidamas-durvis-ar-terauda-ramjiem\/#primaryimage","url":"https:\/\/metaltale.com\/wp-content\/uploads\/2023\/11\/LOFT-durys-100x210-pilka.jpg","contentUrl":"https:\/\/metaltale.com\/wp-content\/uploads\/2023\/11\/LOFT-durys-100x210-pilka.jpg","width":800,"height":800,"caption":"Pu\u0161in\u0117s stumdomos durys su plieniniais r\u0117mais LOFT pilka"},{"@type":"BreadcrumbList","@id":"https:\/\/metaltale.com\/lv\/produkts\/loft-koka-bidamas-durvis-ar-terauda-ramjiem\/#breadcrumb","itemListElement":[{"@type":"ListItem","position":1,"name":"Home","item":"https:\/\/metaltale.com\/lv\/majas\/"},{"@type":"ListItem","position":2,"name":"Veikals","item":"https:\/\/metaltale.com\/lv\/shop\/"},{"@type":"ListItem","position":3,"name":"LOFT koka b\u012bd\u0101m\u0101s durvis ar t\u0113rauda r\u0101mjiem"}]},{"@type":"WebSite","@id":"https:\/\/metaltale.com\/lv\/#website","url":"https:\/\/metaltale.com\/lv\/","name":"Metaltale.com","description":"","potentialAction":[{"@type":"SearchAction","target":{"@type":"EntryPoint","urlTemplate":"https:\/\/metaltale.com\/lv\/?s={search_term_string}"},"query-input":{"@type":"PropertyValueSpecification","valueRequired":true,"valueName":"search_term_string"}}],"inLanguage":"lv-LV"}]}},"_links":{"self":[{"href":"https:\/\/metaltale.com\/lv\/wp-json\/wp\/v2\/product\/139075","targetHints":{"allow":["GET"]}}],"collection":[{"href":"https:\/\/metaltale.com\/lv\/wp-json\/wp\/v2\/product"}],"about":[{"href":"https:\/\/metaltale.com\/lv\/wp-json\/wp\/v2\/types\/product"}],"replies":[{"embeddable":true,"href":"https:\/\/metaltale.com\/lv\/wp-json\/wp\/v2\/comments?post=139075"}],"version-history":[{"count":0,"href":"https:\/\/metaltale.com\/lv\/wp-json\/wp\/v2\/product\/139075\/revisions"}],"wp:featuredmedia":[{"embeddable":true,"href":"https:\/\/metaltale.com\/lv\/wp-json\/wp\/v2\/media\/99085"}],"wp:attachment":[{"href":"https:\/\/metaltale.com\/lv\/wp-json\/wp\/v2\/media?parent=139075"}],"wp:term":[{"taxonomy":"product_brand","embeddable":true,"href":"https:\/\/metaltale.com\/lv\/wp-json\/wp\/v2\/product_brand?post=139075"},{"taxonomy":"product_cat","embeddable":true,"href":"https:\/\/metaltale.com\/lv\/wp-json\/wp\/v2\/product_cat?post=139075"},{"taxonomy":"product_tag","embeddable":true,"href":"https:\/\/metaltale.com\/lv\/wp-json\/wp\/v2\/product_tag?post=139075"}],"curies":[{"name":"wp","href":"https:\/\/api.w.org\/{rel}","templated":true}]}}