{"id":139072,"date":"2024-02-13T13:53:38","date_gmt":"2024-02-13T11:53:38","guid":{"rendered":"https:\/\/metaltale.com\/produktas\/fabric-koka-bidamas-durvis-ar-terauda-ramjiem-2\/"},"modified":"2024-02-13T13:53:38","modified_gmt":"2024-02-13T11:53:38","slug":"fabric-koka-bidamas-durvis-ar-terauda-ramjiem-2","status":"publish","type":"product","link":"https:\/\/metaltale.com\/lv\/produkts\/fabric-koka-bidamas-durvis-ar-terauda-ramjiem-2\/","title":{"rendered":"FABRIC koka b\u012bd\u0101m\u0101s durvis ar t\u0113rauda r\u0101mjiem"},"content":{"rendered":"<div class=\"prod_data\"><strong>Modelis<\/strong> FOR. DRZ.2Z  <br \/><strong>EAN.<\/strong>  5907772071069  <br \/>Materi\u0101ls Priede, t\u0113rauds <br \/>Biezums (cm ) 4 <br \/>Kop\u0113jais augstums (cm ) 210 <br \/>Kop\u0113jais platums (cm ) 100 <br \/><strong>Svars (kg<\/strong> ) 37  <br \/><strong>Apdare<\/strong> Nepabeigta \/ kr\u0101sota  <br \/>PAPILDU INFORM\u0100CIJA Pied\u0101v\u0101jums attiecas tikai uz vienu durvju paneli un neietver b\u012bd\u0101mo sist\u0113mu un citus piederumus. <\/p>\n<hr>\n<p>B\u012bd\u0101m\u0101s durvis Fabric ir paredz\u0113tas tiem, kas nov\u0113rt\u0113 betona vienk\u0101r\u0161\u012bbu.<\/p>\n<p>Auduma durvis ir izgatavotas no priedes, to mas\u012bvie d\u0113\u013ci ir izk\u0101rtoti vertik\u0101li, un durvju \u0101r\u0113j\u0101 puse r\u0101mja iek\u0161pus\u0113 veido asimetrisku kompoz\u012bciju, radot prec\u012bzu un izl\u0113m\u012bgu kompoz\u012bciju, kas iepriecin\u0101s ikvienu lietot\u0101ju. Durvju virsma ar j\u016btamu koka tekst\u016bru pie\u0161\u0137ir t\u0101m raksturu un mas\u012bvumu, savuk\u0101rt uz d\u0113\u013ciem redzam\u0101 tekst\u016bra un mezgli izce\u013c koka dabisko tekst\u016bru.<\/p>\n<p>Auduma b\u012bd\u0101mo durvju konstrukcija ir veidota no t\u0113rauda r\u0101mja, kas sast\u0101v no div\u0101m st\u016bra kron\u0161teiniem, kuri aptver 20&#215;20 mm d\u0113\u013cus. B\u012bd\u0101mo durvju iek\u0161\u0113j\u0101 puse ir nostiprin\u0101ta ar plakaniem stie\u0146iem ar redzam\u0101m \u0161uv\u0113m un knied\u0113m, lai vienotu konstrukciju. Turkl\u0101t r\u0101mim ir redzams sl\u012bp\u0113jums, kas pie\u0161\u0137ir durv\u012bm ori\u0123in\u0101lu un unik\u0101lu izskatu. Atsevi\u0161\u0137u elementu izvietojums nov\u0113r\u0161 durvju deform\u0113\u0161anos.<\/p>\n<p>Auduma koka b\u012bd\u0101m\u0101s durvis pie\u0161\u0137ir interjeram unik\u0101lu un ori\u0123in\u0101lu raksturu, ir praktiskas un viegli uzst\u0101d\u0101mas, t\u0101m ir dekorat\u012bva funkcija, un to iztur\u012bg\u0101 konstrukcija nodro\u0161ina to ilggad\u0113ju lieto\u0161anu.<\/p>\n<p>Koka auduma durvis ir piem\u0113rotas jebkuram interjeram &#8211; gan modernam, gan tradicion\u0101lam, gan rustik\u0101lam, industri\u0101lam vai b\u0113ni\u0146u stilam.<\/p>\n<p>Standarta durvju izm\u0113rs ir 100 cm x 210 cm, biezums &#8211; 4 cm, un t\u0101s tiek pieg\u0101d\u0101tas neapstr\u0101d\u0101tas.<br \/>Auduma b\u012bd\u0101m\u0101s durvis ir univers\u0101las, t\u0101p\u0113c t\u0101s ir ide\u0101li piem\u0113rotas 70 cm, 80 cm un 90 cm gar\u0101m durv\u012bm.<\/p>\n<p>FABRIC b\u012bd\u0101maj\u0101m durv\u012bm piem\u0113rotas apak\u0161\u0113j\u0101s vadotnes ir atrodamas zem\u0101k eso\u0161aj\u0101 ciln\u0113 Saist\u012btie produkti.<\/p>\n<p>*Prece, kas ir kr\u0101sota un\/vai izgatavota cit\u0101 izm\u0113r\u0101 nek\u0101 100&#215;210 cm, ir nestandarta prece, un saska\u0146\u0101 ar Pat\u0113r\u0113t\u0101ju ties\u012bbu likuma 38. panta 3. punktu to nevar atdot atpaka\u013c.<\/p>\n<hr>\n<p>**Pied\u0101v\u0101jums attiecas tikai uz durv\u012bm un neietver b\u012bd\u0101mo sist\u0113mu un citus piederumus.<br \/>*** L\u016bdzu, \u0146emiet v\u0113r\u0101, ka \u0161o modeli nevar izmantot ar veram\u0101m b\u012bd\u0101mo durvju sist\u0113m\u0101m (&#8220;Vintage&#8221;, &#8220;Wheel On Hanger&#8221;).<\/p>\n<hr>\n<\/div>\n","protected":false},"excerpt":{"rendered":"<p>Modelis FOR. DRZ.2Z EAN. 5907772071069 Materi\u0101ls Priede, t\u0113rauds Biezums (cm ) 4 Kop\u0113jais augstums (cm ) 210 Kop\u0113jais platums (cm<\/p>\n","protected":false},"featured_media":82132,"comment_status":"open","ping_status":"closed","template":"","meta":{"_acf_changed":false,"pmpro_default_level":""},"product_brand":[],"product_cat":[24064,24075,24059],"product_tag":[],"class_list":{"0":"post-139072","1":"product","2":"type-product","3":"status-publish","4":"has-post-thumbnail","6":"product_cat-bidamas-durvis-lv","7":"product_cat-bidamas-durvis-metala-rami","8":"product_cat-bidamo-durvju-sistemas","9":"pmpro-has-access","11":"first","12":"instock","13":"shipping-taxable","14":"purchasable","15":"product-type-simple"},"acf":[],"yoast_head":"<!-- This site is optimized with the Yoast SEO plugin v24.9 - https:\/\/yoast.com\/wordpress\/plugins\/seo\/ -->\n<title>FABRIC koka b\u012bd\u0101m\u0101s durvis ar t\u0113rauda r\u0101mjiem - MetalTale.com<\/title>\n<meta name=\"robots\" content=\"index, follow, max-snippet:-1, max-image-preview:large, max-video-preview:-1\" \/>\n<link rel=\"canonical\" href=\"https:\/\/metaltale.com\/lv\/produkts\/fabric-koka-bidamas-durvis-ar-terauda-ramjiem-2\/\" \/>\n<meta property=\"og:locale\" content=\"lv_LV\" \/>\n<meta property=\"og:type\" content=\"article\" \/>\n<meta property=\"og:title\" content=\"FABRIC koka b\u012bd\u0101m\u0101s durvis ar t\u0113rauda r\u0101mjiem - MetalTale.com\" \/>\n<meta property=\"og:description\" content=\"Modelis FOR. DRZ.2Z EAN. 5907772071069 Materi\u0101ls Priede, t\u0113rauds Biezums (cm ) 4 Kop\u0113jais augstums (cm ) 210 Kop\u0113jais platums (cm\" \/>\n<meta property=\"og:url\" content=\"https:\/\/metaltale.com\/lv\/produkts\/fabric-koka-bidamas-durvis-ar-terauda-ramjiem-2\/\" \/>\n<meta property=\"og:site_name\" content=\"MetalTale.com\" \/>\n<meta property=\"og:image\" content=\"http:\/\/metaltale.com\/wp-content\/uploads\/2023\/10\/Durys-FABRIC-100x210-Viskis.jpg\" \/>\n\t<meta property=\"og:image:width\" content=\"800\" \/>\n\t<meta property=\"og:image:height\" content=\"800\" \/>\n\t<meta property=\"og:image:type\" content=\"image\/jpeg\" \/>\n<meta name=\"twitter:card\" content=\"summary_large_image\" \/>\n<meta name=\"twitter:label1\" content=\"Est. reading time\" \/>\n\t<meta name=\"twitter:data1\" content=\"2 minutes\" \/>\n<script type=\"application\/ld+json\" class=\"yoast-schema-graph\">{\"@context\":\"https:\/\/schema.org\",\"@graph\":[{\"@type\":\"WebPage\",\"@id\":\"https:\/\/metaltale.com\/lv\/produkts\/fabric-koka-bidamas-durvis-ar-terauda-ramjiem-2\/\",\"url\":\"https:\/\/metaltale.com\/lv\/produkts\/fabric-koka-bidamas-durvis-ar-terauda-ramjiem-2\/\",\"name\":\"FABRIC koka b\u012bd\u0101m\u0101s durvis ar t\u0113rauda r\u0101mjiem - MetalTale.com\",\"isPartOf\":{\"@id\":\"https:\/\/metaltale.com\/lv\/#website\"},\"primaryImageOfPage\":{\"@id\":\"https:\/\/metaltale.com\/lv\/produkts\/fabric-koka-bidamas-durvis-ar-terauda-ramjiem-2\/#primaryimage\"},\"image\":{\"@id\":\"https:\/\/metaltale.com\/lv\/produkts\/fabric-koka-bidamas-durvis-ar-terauda-ramjiem-2\/#primaryimage\"},\"thumbnailUrl\":\"https:\/\/metaltale.com\/wp-content\/uploads\/2023\/10\/Durys-FABRIC-100x210-Viskis.jpg\",\"datePublished\":\"2024-02-13T11:53:38+00:00\",\"breadcrumb\":{\"@id\":\"https:\/\/metaltale.com\/lv\/produkts\/fabric-koka-bidamas-durvis-ar-terauda-ramjiem-2\/#breadcrumb\"},\"inLanguage\":\"lv-LV\",\"potentialAction\":[{\"@type\":\"ReadAction\",\"target\":[\"https:\/\/metaltale.com\/lv\/produkts\/fabric-koka-bidamas-durvis-ar-terauda-ramjiem-2\/\"]}]},{\"@type\":\"ImageObject\",\"inLanguage\":\"lv-LV\",\"@id\":\"https:\/\/metaltale.com\/lv\/produkts\/fabric-koka-bidamas-durvis-ar-terauda-ramjiem-2\/#primaryimage\",\"url\":\"https:\/\/metaltale.com\/wp-content\/uploads\/2023\/10\/Durys-FABRIC-100x210-Viskis.jpg\",\"contentUrl\":\"https:\/\/metaltale.com\/wp-content\/uploads\/2023\/10\/Durys-FABRIC-100x210-Viskis.jpg\",\"width\":800,\"height\":800,\"caption\":\"Pu\u0161in\u0117s stumdomos durys su plieniniais r\u0117mais FABRIC pilkos\"},{\"@type\":\"BreadcrumbList\",\"@id\":\"https:\/\/metaltale.com\/lv\/produkts\/fabric-koka-bidamas-durvis-ar-terauda-ramjiem-2\/#breadcrumb\",\"itemListElement\":[{\"@type\":\"ListItem\",\"position\":1,\"name\":\"Home\",\"item\":\"https:\/\/metaltale.com\/lv\/majas\/\"},{\"@type\":\"ListItem\",\"position\":2,\"name\":\"Veikals\",\"item\":\"https:\/\/metaltale.com\/lv\/shop\/\"},{\"@type\":\"ListItem\",\"position\":3,\"name\":\"FABRIC koka b\u012bd\u0101m\u0101s durvis ar t\u0113rauda r\u0101mjiem\"}]},{\"@type\":\"WebSite\",\"@id\":\"https:\/\/metaltale.com\/lv\/#website\",\"url\":\"https:\/\/metaltale.com\/lv\/\",\"name\":\"Metaltale.com\",\"description\":\"\",\"potentialAction\":[{\"@type\":\"SearchAction\",\"target\":{\"@type\":\"EntryPoint\",\"urlTemplate\":\"https:\/\/metaltale.com\/lv\/?s={search_term_string}\"},\"query-input\":{\"@type\":\"PropertyValueSpecification\",\"valueRequired\":true,\"valueName\":\"search_term_string\"}}],\"inLanguage\":\"lv-LV\"}]}<\/script>\n<!-- \/ Yoast SEO plugin. -->","yoast_head_json":{"title":"FABRIC koka b\u012bd\u0101m\u0101s durvis ar t\u0113rauda r\u0101mjiem - MetalTale.com","robots":{"index":"index","follow":"follow","max-snippet":"max-snippet:-1","max-image-preview":"max-image-preview:large","max-video-preview":"max-video-preview:-1"},"canonical":"https:\/\/metaltale.com\/lv\/produkts\/fabric-koka-bidamas-durvis-ar-terauda-ramjiem-2\/","og_locale":"lv_LV","og_type":"article","og_title":"FABRIC koka b\u012bd\u0101m\u0101s durvis ar t\u0113rauda r\u0101mjiem - MetalTale.com","og_description":"Modelis FOR. DRZ.2Z EAN. 5907772071069 Materi\u0101ls Priede, t\u0113rauds Biezums (cm ) 4 Kop\u0113jais augstums (cm ) 210 Kop\u0113jais platums (cm","og_url":"https:\/\/metaltale.com\/lv\/produkts\/fabric-koka-bidamas-durvis-ar-terauda-ramjiem-2\/","og_site_name":"MetalTale.com","og_image":[{"width":800,"height":800,"url":"http:\/\/metaltale.com\/wp-content\/uploads\/2023\/10\/Durys-FABRIC-100x210-Viskis.jpg","type":"image\/jpeg"}],"twitter_card":"summary_large_image","twitter_misc":{"Est. reading time":"2 minutes"},"schema":{"@context":"https:\/\/schema.org","@graph":[{"@type":"WebPage","@id":"https:\/\/metaltale.com\/lv\/produkts\/fabric-koka-bidamas-durvis-ar-terauda-ramjiem-2\/","url":"https:\/\/metaltale.com\/lv\/produkts\/fabric-koka-bidamas-durvis-ar-terauda-ramjiem-2\/","name":"FABRIC koka b\u012bd\u0101m\u0101s durvis ar t\u0113rauda r\u0101mjiem - MetalTale.com","isPartOf":{"@id":"https:\/\/metaltale.com\/lv\/#website"},"primaryImageOfPage":{"@id":"https:\/\/metaltale.com\/lv\/produkts\/fabric-koka-bidamas-durvis-ar-terauda-ramjiem-2\/#primaryimage"},"image":{"@id":"https:\/\/metaltale.com\/lv\/produkts\/fabric-koka-bidamas-durvis-ar-terauda-ramjiem-2\/#primaryimage"},"thumbnailUrl":"https:\/\/metaltale.com\/wp-content\/uploads\/2023\/10\/Durys-FABRIC-100x210-Viskis.jpg","datePublished":"2024-02-13T11:53:38+00:00","breadcrumb":{"@id":"https:\/\/metaltale.com\/lv\/produkts\/fabric-koka-bidamas-durvis-ar-terauda-ramjiem-2\/#breadcrumb"},"inLanguage":"lv-LV","potentialAction":[{"@type":"ReadAction","target":["https:\/\/metaltale.com\/lv\/produkts\/fabric-koka-bidamas-durvis-ar-terauda-ramjiem-2\/"]}]},{"@type":"ImageObject","inLanguage":"lv-LV","@id":"https:\/\/metaltale.com\/lv\/produkts\/fabric-koka-bidamas-durvis-ar-terauda-ramjiem-2\/#primaryimage","url":"https:\/\/metaltale.com\/wp-content\/uploads\/2023\/10\/Durys-FABRIC-100x210-Viskis.jpg","contentUrl":"https:\/\/metaltale.com\/wp-content\/uploads\/2023\/10\/Durys-FABRIC-100x210-Viskis.jpg","width":800,"height":800,"caption":"Pu\u0161in\u0117s stumdomos durys su plieniniais r\u0117mais FABRIC pilkos"},{"@type":"BreadcrumbList","@id":"https:\/\/metaltale.com\/lv\/produkts\/fabric-koka-bidamas-durvis-ar-terauda-ramjiem-2\/#breadcrumb","itemListElement":[{"@type":"ListItem","position":1,"name":"Home","item":"https:\/\/metaltale.com\/lv\/majas\/"},{"@type":"ListItem","position":2,"name":"Veikals","item":"https:\/\/metaltale.com\/lv\/shop\/"},{"@type":"ListItem","position":3,"name":"FABRIC koka b\u012bd\u0101m\u0101s durvis ar t\u0113rauda r\u0101mjiem"}]},{"@type":"WebSite","@id":"https:\/\/metaltale.com\/lv\/#website","url":"https:\/\/metaltale.com\/lv\/","name":"Metaltale.com","description":"","potentialAction":[{"@type":"SearchAction","target":{"@type":"EntryPoint","urlTemplate":"https:\/\/metaltale.com\/lv\/?s={search_term_string}"},"query-input":{"@type":"PropertyValueSpecification","valueRequired":true,"valueName":"search_term_string"}}],"inLanguage":"lv-LV"}]}},"_links":{"self":[{"href":"https:\/\/metaltale.com\/lv\/wp-json\/wp\/v2\/product\/139072","targetHints":{"allow":["GET"]}}],"collection":[{"href":"https:\/\/metaltale.com\/lv\/wp-json\/wp\/v2\/product"}],"about":[{"href":"https:\/\/metaltale.com\/lv\/wp-json\/wp\/v2\/types\/product"}],"replies":[{"embeddable":true,"href":"https:\/\/metaltale.com\/lv\/wp-json\/wp\/v2\/comments?post=139072"}],"version-history":[{"count":0,"href":"https:\/\/metaltale.com\/lv\/wp-json\/wp\/v2\/product\/139072\/revisions"}],"wp:featuredmedia":[{"embeddable":true,"href":"https:\/\/metaltale.com\/lv\/wp-json\/wp\/v2\/media\/82132"}],"wp:attachment":[{"href":"https:\/\/metaltale.com\/lv\/wp-json\/wp\/v2\/media?parent=139072"}],"wp:term":[{"taxonomy":"product_brand","embeddable":true,"href":"https:\/\/metaltale.com\/lv\/wp-json\/wp\/v2\/product_brand?post=139072"},{"taxonomy":"product_cat","embeddable":true,"href":"https:\/\/metaltale.com\/lv\/wp-json\/wp\/v2\/product_cat?post=139072"},{"taxonomy":"product_tag","embeddable":true,"href":"https:\/\/metaltale.com\/lv\/wp-json\/wp\/v2\/product_tag?post=139072"}],"curies":[{"name":"wp","href":"https:\/\/api.w.org\/{rel}","templated":true}]}}