{"id":139070,"date":"2024-02-13T13:53:38","date_gmt":"2024-02-13T11:53:38","guid":{"rendered":"https:\/\/metaltale.com\/produktas\/forest-x-brunas-priedes-bidamas-durvis\/"},"modified":"2024-02-13T13:53:38","modified_gmt":"2024-02-13T11:53:38","slug":"forest-x-brunas-priedes-bidamas-durvis","status":"publish","type":"product","link":"https:\/\/metaltale.com\/lv\/produkts\/forest-x-brunas-priedes-bidamas-durvis\/","title":{"rendered":"FOREST &#8211; X Br\u016bnas priedes b\u012bd\u0101m\u0101s durvis"},"content":{"rendered":"<div class=\"prod_data\"><strong>Modelis<\/strong> FOR.1X-BR-100X210  <br \/>Biezums (cm ) 4 <br \/><strong>Augstums (cm<\/strong> ) 210  <br \/>Platums (cm) 100 <br \/><strong>Materi\u0101ls<\/strong> Prie\u017eu koks  <br \/>Br\u016bna <strong>kr\u0101sa<\/strong>  <br \/><strong>Apdare<\/strong> Neapstr\u0101d\u0101ts \/ e\u013c\u013cots  <br \/>Pavir\u0161iaus tipas Lyg\u016bs <br \/>PAPILDU INFORM\u0100CIJA Pied\u0101v\u0101jums attiecas tikai uz vienu durvju paneli un neietver b\u012bd\u0101mo sist\u0113mu un citus piederumus. <\/p>\n<p>Durvis ir izgatavotas no piln\u012bgi vien\u0101diem koka d\u0113\u013ciem. Tie ir piel\u0101goti m\u016bsu b\u012bd\u0101maj\u0101m sist\u0113m\u0101m. M\u016bsu durvis pie\u0161\u0137ir interjeram unik\u0101lu un ori\u0123in\u0101lu raksturu, ir praktiskas, viegli uzst\u0101d\u0101mas un ar dekorat\u012bvu funkciju. Tie ir piem\u0113roti jebkuram interjeram &#8211; gan modernam, gan tradicion\u0101lajam, gan tradicion\u0101lajam, gan industri\u0101lajam, gan b\u0113ni\u0146u. To iztur\u012bg\u0101 konstrukcija nodro\u0161ina ilggad\u0113ju lieto\u0161anu. Dizainu daudzveid\u012bba noz\u012bm\u0113, ka ikviens atrad\u012bs kaut ko piem\u0113rotu sev. Izmantojot divus komplektus, mums b\u016bs iesp\u0113ja stumt durvis divos virzienos. T\u0101s ir daudzpus\u012bgas, t\u0101p\u0113c t\u0101s ir ide\u0101li piem\u0113rotas 70 cm, 80 cm un 90 cm gar\u0101m durv\u012bm.  <\/p>\n<\/div>\n","protected":false},"excerpt":{"rendered":"<p>Modelis FOR.1X-BR-100X210 Biezums (cm ) 4 Augstums (cm ) 210 Platums (cm) 100 Materi\u0101ls Prie\u017eu koks Br\u016bna kr\u0101sa Apdare Neapstr\u0101d\u0101ts<\/p>\n","protected":false},"featured_media":82114,"comment_status":"open","ping_status":"closed","template":"","meta":{"_acf_changed":false,"pmpro_default_level":""},"product_brand":[],"product_cat":[24077],"product_tag":[],"class_list":{"0":"post-139070","1":"product","2":"type-product","3":"status-publish","4":"has-post-thumbnail","6":"product_cat-priezu-bidamas-durvis","7":"pmpro-has-access","9":"first","10":"instock","11":"shipping-taxable","12":"purchasable","13":"product-type-simple"},"acf":[],"yoast_head":"<!-- This site is optimized with the Yoast SEO plugin v24.9 - https:\/\/yoast.com\/wordpress\/plugins\/seo\/ -->\n<title>FOREST - X Br\u016bnas priedes b\u012bd\u0101m\u0101s durvis - MetalTale.com<\/title>\n<meta name=\"robots\" content=\"index, follow, max-snippet:-1, max-image-preview:large, max-video-preview:-1\" \/>\n<link rel=\"canonical\" href=\"https:\/\/metaltale.com\/lv\/produkts\/forest-x-brunas-priedes-bidamas-durvis\/\" \/>\n<meta property=\"og:locale\" content=\"lv_LV\" \/>\n<meta property=\"og:type\" content=\"article\" \/>\n<meta property=\"og:title\" content=\"FOREST - X Br\u016bnas priedes b\u012bd\u0101m\u0101s durvis - MetalTale.com\" \/>\n<meta property=\"og:description\" content=\"Modelis FOR.1X-BR-100X210 Biezums (cm ) 4 Augstums (cm ) 210 Platums (cm) 100 Materi\u0101ls Prie\u017eu koks Br\u016bna kr\u0101sa Apdare Neapstr\u0101d\u0101ts\" \/>\n<meta property=\"og:url\" content=\"https:\/\/metaltale.com\/lv\/produkts\/forest-x-brunas-priedes-bidamas-durvis\/\" \/>\n<meta property=\"og:site_name\" content=\"MetalTale.com\" \/>\n<meta name=\"twitter:card\" content=\"summary_large_image\" \/>\n<meta name=\"twitter:label1\" content=\"Est. reading time\" \/>\n\t<meta name=\"twitter:data1\" content=\"1 minute\" \/>\n<script type=\"application\/ld+json\" class=\"yoast-schema-graph\">{\"@context\":\"https:\/\/schema.org\",\"@graph\":[{\"@type\":\"WebPage\",\"@id\":\"https:\/\/metaltale.com\/lv\/produkts\/forest-x-brunas-priedes-bidamas-durvis\/\",\"url\":\"https:\/\/metaltale.com\/lv\/produkts\/forest-x-brunas-priedes-bidamas-durvis\/\",\"name\":\"FOREST - X Br\u016bnas priedes b\u012bd\u0101m\u0101s durvis - MetalTale.com\",\"isPartOf\":{\"@id\":\"https:\/\/metaltale.com\/lv\/#website\"},\"primaryImageOfPage\":{\"@id\":\"https:\/\/metaltale.com\/lv\/produkts\/forest-x-brunas-priedes-bidamas-durvis\/#primaryimage\"},\"image\":{\"@id\":\"https:\/\/metaltale.com\/lv\/produkts\/forest-x-brunas-priedes-bidamas-durvis\/#primaryimage\"},\"thumbnailUrl\":\"https:\/\/metaltale.com\/wp-content\/uploads\/2023\/10\/Durys-FOREST-1X-100x210-Alyvos-ruda.jpg\",\"datePublished\":\"2024-02-13T11:53:38+00:00\",\"breadcrumb\":{\"@id\":\"https:\/\/metaltale.com\/lv\/produkts\/forest-x-brunas-priedes-bidamas-durvis\/#breadcrumb\"},\"inLanguage\":\"lv-LV\",\"potentialAction\":[{\"@type\":\"ReadAction\",\"target\":[\"https:\/\/metaltale.com\/lv\/produkts\/forest-x-brunas-priedes-bidamas-durvis\/\"]}]},{\"@type\":\"ImageObject\",\"inLanguage\":\"lv-LV\",\"@id\":\"https:\/\/metaltale.com\/lv\/produkts\/forest-x-brunas-priedes-bidamas-durvis\/#primaryimage\",\"url\":\"https:\/\/metaltale.com\/wp-content\/uploads\/2023\/10\/Durys-FOREST-1X-100x210-Alyvos-ruda.jpg\",\"contentUrl\":\"https:\/\/metaltale.com\/wp-content\/uploads\/2023\/10\/Durys-FOREST-1X-100x210-Alyvos-ruda.jpg\",\"width\":800,\"height\":800},{\"@type\":\"BreadcrumbList\",\"@id\":\"https:\/\/metaltale.com\/lv\/produkts\/forest-x-brunas-priedes-bidamas-durvis\/#breadcrumb\",\"itemListElement\":[{\"@type\":\"ListItem\",\"position\":1,\"name\":\"Home\",\"item\":\"https:\/\/metaltale.com\/lv\/majas\/\"},{\"@type\":\"ListItem\",\"position\":2,\"name\":\"Veikals\",\"item\":\"https:\/\/metaltale.com\/lv\/shop\/\"},{\"@type\":\"ListItem\",\"position\":3,\"name\":\"FOREST &#8211; X Br\u016bnas priedes b\u012bd\u0101m\u0101s durvis\"}]},{\"@type\":\"WebSite\",\"@id\":\"https:\/\/metaltale.com\/lv\/#website\",\"url\":\"https:\/\/metaltale.com\/lv\/\",\"name\":\"Metaltale.com\",\"description\":\"\",\"potentialAction\":[{\"@type\":\"SearchAction\",\"target\":{\"@type\":\"EntryPoint\",\"urlTemplate\":\"https:\/\/metaltale.com\/lv\/?s={search_term_string}\"},\"query-input\":{\"@type\":\"PropertyValueSpecification\",\"valueRequired\":true,\"valueName\":\"search_term_string\"}}],\"inLanguage\":\"lv-LV\"}]}<\/script>\n<!-- \/ Yoast SEO plugin. -->","yoast_head_json":{"title":"FOREST - X Br\u016bnas priedes b\u012bd\u0101m\u0101s durvis - MetalTale.com","robots":{"index":"index","follow":"follow","max-snippet":"max-snippet:-1","max-image-preview":"max-image-preview:large","max-video-preview":"max-video-preview:-1"},"canonical":"https:\/\/metaltale.com\/lv\/produkts\/forest-x-brunas-priedes-bidamas-durvis\/","og_locale":"lv_LV","og_type":"article","og_title":"FOREST - X Br\u016bnas priedes b\u012bd\u0101m\u0101s durvis - MetalTale.com","og_description":"Modelis FOR.1X-BR-100X210 Biezums (cm ) 4 Augstums (cm ) 210 Platums (cm) 100 Materi\u0101ls Prie\u017eu koks Br\u016bna kr\u0101sa Apdare Neapstr\u0101d\u0101ts","og_url":"https:\/\/metaltale.com\/lv\/produkts\/forest-x-brunas-priedes-bidamas-durvis\/","og_site_name":"MetalTale.com","twitter_card":"summary_large_image","twitter_misc":{"Est. reading time":"1 minute"},"schema":{"@context":"https:\/\/schema.org","@graph":[{"@type":"WebPage","@id":"https:\/\/metaltale.com\/lv\/produkts\/forest-x-brunas-priedes-bidamas-durvis\/","url":"https:\/\/metaltale.com\/lv\/produkts\/forest-x-brunas-priedes-bidamas-durvis\/","name":"FOREST - X Br\u016bnas priedes b\u012bd\u0101m\u0101s durvis - MetalTale.com","isPartOf":{"@id":"https:\/\/metaltale.com\/lv\/#website"},"primaryImageOfPage":{"@id":"https:\/\/metaltale.com\/lv\/produkts\/forest-x-brunas-priedes-bidamas-durvis\/#primaryimage"},"image":{"@id":"https:\/\/metaltale.com\/lv\/produkts\/forest-x-brunas-priedes-bidamas-durvis\/#primaryimage"},"thumbnailUrl":"https:\/\/metaltale.com\/wp-content\/uploads\/2023\/10\/Durys-FOREST-1X-100x210-Alyvos-ruda.jpg","datePublished":"2024-02-13T11:53:38+00:00","breadcrumb":{"@id":"https:\/\/metaltale.com\/lv\/produkts\/forest-x-brunas-priedes-bidamas-durvis\/#breadcrumb"},"inLanguage":"lv-LV","potentialAction":[{"@type":"ReadAction","target":["https:\/\/metaltale.com\/lv\/produkts\/forest-x-brunas-priedes-bidamas-durvis\/"]}]},{"@type":"ImageObject","inLanguage":"lv-LV","@id":"https:\/\/metaltale.com\/lv\/produkts\/forest-x-brunas-priedes-bidamas-durvis\/#primaryimage","url":"https:\/\/metaltale.com\/wp-content\/uploads\/2023\/10\/Durys-FOREST-1X-100x210-Alyvos-ruda.jpg","contentUrl":"https:\/\/metaltale.com\/wp-content\/uploads\/2023\/10\/Durys-FOREST-1X-100x210-Alyvos-ruda.jpg","width":800,"height":800},{"@type":"BreadcrumbList","@id":"https:\/\/metaltale.com\/lv\/produkts\/forest-x-brunas-priedes-bidamas-durvis\/#breadcrumb","itemListElement":[{"@type":"ListItem","position":1,"name":"Home","item":"https:\/\/metaltale.com\/lv\/majas\/"},{"@type":"ListItem","position":2,"name":"Veikals","item":"https:\/\/metaltale.com\/lv\/shop\/"},{"@type":"ListItem","position":3,"name":"FOREST &#8211; X Br\u016bnas priedes b\u012bd\u0101m\u0101s durvis"}]},{"@type":"WebSite","@id":"https:\/\/metaltale.com\/lv\/#website","url":"https:\/\/metaltale.com\/lv\/","name":"Metaltale.com","description":"","potentialAction":[{"@type":"SearchAction","target":{"@type":"EntryPoint","urlTemplate":"https:\/\/metaltale.com\/lv\/?s={search_term_string}"},"query-input":{"@type":"PropertyValueSpecification","valueRequired":true,"valueName":"search_term_string"}}],"inLanguage":"lv-LV"}]}},"_links":{"self":[{"href":"https:\/\/metaltale.com\/lv\/wp-json\/wp\/v2\/product\/139070","targetHints":{"allow":["GET"]}}],"collection":[{"href":"https:\/\/metaltale.com\/lv\/wp-json\/wp\/v2\/product"}],"about":[{"href":"https:\/\/metaltale.com\/lv\/wp-json\/wp\/v2\/types\/product"}],"replies":[{"embeddable":true,"href":"https:\/\/metaltale.com\/lv\/wp-json\/wp\/v2\/comments?post=139070"}],"version-history":[{"count":0,"href":"https:\/\/metaltale.com\/lv\/wp-json\/wp\/v2\/product\/139070\/revisions"}],"wp:featuredmedia":[{"embeddable":true,"href":"https:\/\/metaltale.com\/lv\/wp-json\/wp\/v2\/media\/82114"}],"wp:attachment":[{"href":"https:\/\/metaltale.com\/lv\/wp-json\/wp\/v2\/media?parent=139070"}],"wp:term":[{"taxonomy":"product_brand","embeddable":true,"href":"https:\/\/metaltale.com\/lv\/wp-json\/wp\/v2\/product_brand?post=139070"},{"taxonomy":"product_cat","embeddable":true,"href":"https:\/\/metaltale.com\/lv\/wp-json\/wp\/v2\/product_cat?post=139070"},{"taxonomy":"product_tag","embeddable":true,"href":"https:\/\/metaltale.com\/lv\/wp-json\/wp\/v2\/product_tag?post=139070"}],"curies":[{"name":"wp","href":"https:\/\/api.w.org\/{rel}","templated":true}]}}