{"id":139060,"date":"2024-02-13T13:53:38","date_gmt":"2024-02-13T11:53:38","guid":{"rendered":"https:\/\/metaltale.com\/produktas\/koka-bidamas-ozolkoka-durvis-tablet\/"},"modified":"2024-02-13T13:53:38","modified_gmt":"2024-02-13T11:53:38","slug":"koka-bidamas-ozolkoka-durvis-tablet","status":"publish","type":"product","link":"https:\/\/metaltale.com\/lv\/produkts\/koka-bidamas-ozolkoka-durvis-tablet\/","title":{"rendered":"Koka b\u012bd\u0101m\u0101s ozolkoka durvis TABLET"},"content":{"rendered":"<div class=\"prod_data\"><strong>Modelis<\/strong> TAB-100X210-PRGR  <br \/><strong>Materi\u0101ls<\/strong> Ozolkoka koks  <br \/>Biezums (cm ) 4 <br \/>Kop\u0113jais augstums (cm ) 210 <br \/>Kop\u0113jais platums (cm ) 100 <br \/>Svars (kg ) 50 <br \/><strong>Apdare<\/strong> Neapstr\u0101d\u0101ts \/ e\u013c\u013cots  <br \/><strong>Virsmas tips<\/strong> Nevienm\u0113r\u012bga  <\/p>\n<hr>\n<p>B\u012bd\u0101m\u0101s durvis Blackboard ir pied\u0101v\u0101jums rado\u0161iem un izdomas bag\u0101tiem cilv\u0113kiem, kuriem pat\u012bk p\u0101rmai\u0146as.<\/p>\n<p>B\u012bd\u0101m\u0101s durvis Blackboard ir izgatavotas no mas\u012bvkoka. B\u012bd\u0101m\u0101s durvis ir izgatavotas no mas\u012bviem d\u0113\u013ciem. Strukt\u016bras virsma ir struktur\u0113ta, kas tai pie\u0161\u0137ir raksturu un ori\u0123inalit\u0101ti. Dabiski radu\u0161\u0101s plaisas, gredzeni un mezgli veido ori\u0123in\u0101lu kompoz\u012bciju. Koka redzam\u0101 strukt\u016bra un izk\u0101rtojums padara katru deta\u013cu unik\u0101lu. Ozolkoka r\u0101mja iek\u0161pus\u0113 ir divpus\u0113ja meln\u0101 t\u0101fele, kas sniedz lietot\u0101jiem iesp\u0113ju atrais\u012bt savas rado\u0161\u0101s sp\u0113jas. \u0160is durvju dizains ir ide\u0101li piem\u0113rots cilv\u0113kiem, kuriem istab\u0101s nepat\u012bk garlaic\u012bba &#8211; t\u0101fele veicina rado\u0161umu, t\u0101p\u0113c interjers ar b\u012bd\u0101maj\u0101m durv\u012bm katru dienu var izskat\u012bties cit\u0101ds.<\/p>\n<p>B\u012bd\u0101m\u0101s ozolkoka durvis Blackboard ir p\u0101rsteidzo\u0161i daudzpus\u012bgas, netradicion\u0101las un vienlaikus \u013coti praktiskas un vienk\u0101r\u0161as.<\/p>\n<p>T\u0101feles durvis iederas jebkur\u0101 interjer\u0101 &#8211; gan modern\u0101, gan tradicion\u0101l\u0101, rustik\u0101l\u0101, industri\u0101l\u0101 vai b\u0113ni\u0146u stil\u0101 &#8211; un var veiksm\u012bgi da\u017e\u0101dot b\u0113rna istabu.  <br \/>B\u012bd\u0101m\u0101s durvis ir ide\u0101li piem\u0113rotas ar\u012b restor\u0101niem un b\u0101riem, kur t\u0101s var kalpot ne tikai k\u0101 telpas sadal\u012bt\u0101js vai neparasts dekorat\u012bvs elements, bet ar\u012b k\u0101 informat\u012bvs elements, \u013caujot uz t\u0101feles uzrakst\u012bt \u0113dienkarti vai citu svar\u012bgu inform\u0101ciju, ko v\u0113laties nodot saviem klientiem.<\/p>\n<p>Standarta durvju izm\u0113rs ir 100 cm x 210 cm, biezums &#8211; 4 cm, un t\u0101s tiek pieg\u0101d\u0101tas neapstr\u0101d\u0101tas. Durvis var impregn\u0113t ar dab\u012bgo vai br\u016bno e\u013c\u013cu.<br \/>Tablica b\u012bd\u0101m\u0101s durvis ir ide\u0101li piem\u0113rotas 70 cm, 80 cm un 90 cm gar\u0101m durvju ail\u0113m, jo ir daudzpus\u012bgas.<\/p>\n<hr>\n<p>*Pied\u0101v\u0101jums attiecas tikai uz durv\u012bm un neietver b\u012bd\u0101mo sist\u0113mu un citus piederumus.<\/p>\n<hr>\n<\/div>\n","protected":false},"excerpt":{"rendered":"<p>Modelis TAB-100X210-PRGR Materi\u0101ls Ozolkoka koks Biezums (cm ) 4 Kop\u0113jais augstums (cm ) 210 Kop\u0113jais platums (cm ) 100 Svars<\/p>\n","protected":false},"featured_media":81884,"comment_status":"open","ping_status":"closed","template":"","meta":{"_acf_changed":false,"pmpro_default_level":""},"product_brand":[],"product_cat":[24074],"product_tag":[],"class_list":{"0":"post-139060","1":"product","2":"type-product","3":"status-publish","4":"has-post-thumbnail","6":"product_cat-ozolkoka-bidamas-durvis","7":"pmpro-has-access","9":"first","10":"outofstock","11":"shipping-taxable","12":"purchasable","13":"product-type-simple"},"acf":[],"yoast_head":"<!-- This site is optimized with the Yoast SEO plugin v24.9 - https:\/\/yoast.com\/wordpress\/plugins\/seo\/ -->\n<title>Koka b\u012bd\u0101m\u0101s ozolkoka durvis TABLET - MetalTale.com<\/title>\n<meta name=\"robots\" content=\"index, follow, max-snippet:-1, max-image-preview:large, max-video-preview:-1\" \/>\n<link rel=\"canonical\" href=\"https:\/\/metaltale.com\/lv\/produkts\/koka-bidamas-ozolkoka-durvis-tablet\/\" \/>\n<meta property=\"og:locale\" content=\"lv_LV\" \/>\n<meta property=\"og:type\" content=\"article\" \/>\n<meta property=\"og:title\" content=\"Koka b\u012bd\u0101m\u0101s ozolkoka durvis TABLET - MetalTale.com\" \/>\n<meta property=\"og:description\" content=\"Modelis TAB-100X210-PRGR Materi\u0101ls Ozolkoka koks Biezums (cm ) 4 Kop\u0113jais augstums (cm ) 210 Kop\u0113jais platums (cm ) 100 Svars\" \/>\n<meta property=\"og:url\" content=\"https:\/\/metaltale.com\/lv\/produkts\/koka-bidamas-ozolkoka-durvis-tablet\/\" \/>\n<meta property=\"og:site_name\" content=\"MetalTale.com\" \/>\n<meta name=\"twitter:card\" content=\"summary_large_image\" \/>\n<meta name=\"twitter:label1\" content=\"Est. reading time\" \/>\n\t<meta name=\"twitter:data1\" content=\"2 minutes\" \/>\n<script type=\"application\/ld+json\" class=\"yoast-schema-graph\">{\"@context\":\"https:\/\/schema.org\",\"@graph\":[{\"@type\":\"WebPage\",\"@id\":\"https:\/\/metaltale.com\/lv\/produkts\/koka-bidamas-ozolkoka-durvis-tablet\/\",\"url\":\"https:\/\/metaltale.com\/lv\/produkts\/koka-bidamas-ozolkoka-durvis-tablet\/\",\"name\":\"Koka b\u012bd\u0101m\u0101s ozolkoka durvis TABLET - MetalTale.com\",\"isPartOf\":{\"@id\":\"https:\/\/metaltale.com\/lv\/#website\"},\"primaryImageOfPage\":{\"@id\":\"https:\/\/metaltale.com\/lv\/produkts\/koka-bidamas-ozolkoka-durvis-tablet\/#primaryimage\"},\"image\":{\"@id\":\"https:\/\/metaltale.com\/lv\/produkts\/koka-bidamas-ozolkoka-durvis-tablet\/#primaryimage\"},\"thumbnailUrl\":\"https:\/\/metaltale.com\/wp-content\/uploads\/2023\/10\/Durys-BOARD-100x210-Raw.jpg\",\"datePublished\":\"2024-02-13T11:53:38+00:00\",\"breadcrumb\":{\"@id\":\"https:\/\/metaltale.com\/lv\/produkts\/koka-bidamas-ozolkoka-durvis-tablet\/#breadcrumb\"},\"inLanguage\":\"lv-LV\",\"potentialAction\":[{\"@type\":\"ReadAction\",\"target\":[\"https:\/\/metaltale.com\/lv\/produkts\/koka-bidamas-ozolkoka-durvis-tablet\/\"]}]},{\"@type\":\"ImageObject\",\"inLanguage\":\"lv-LV\",\"@id\":\"https:\/\/metaltale.com\/lv\/produkts\/koka-bidamas-ozolkoka-durvis-tablet\/#primaryimage\",\"url\":\"https:\/\/metaltale.com\/wp-content\/uploads\/2023\/10\/Durys-BOARD-100x210-Raw.jpg\",\"contentUrl\":\"https:\/\/metaltale.com\/wp-content\/uploads\/2023\/10\/Durys-BOARD-100x210-Raw.jpg\",\"width\":800,\"height\":800},{\"@type\":\"BreadcrumbList\",\"@id\":\"https:\/\/metaltale.com\/lv\/produkts\/koka-bidamas-ozolkoka-durvis-tablet\/#breadcrumb\",\"itemListElement\":[{\"@type\":\"ListItem\",\"position\":1,\"name\":\"Home\",\"item\":\"https:\/\/metaltale.com\/lv\/majas\/\"},{\"@type\":\"ListItem\",\"position\":2,\"name\":\"Veikals\",\"item\":\"https:\/\/metaltale.com\/lv\/shop\/\"},{\"@type\":\"ListItem\",\"position\":3,\"name\":\"Koka b\u012bd\u0101m\u0101s ozolkoka durvis TABLET\"}]},{\"@type\":\"WebSite\",\"@id\":\"https:\/\/metaltale.com\/lv\/#website\",\"url\":\"https:\/\/metaltale.com\/lv\/\",\"name\":\"Metaltale.com\",\"description\":\"\",\"potentialAction\":[{\"@type\":\"SearchAction\",\"target\":{\"@type\":\"EntryPoint\",\"urlTemplate\":\"https:\/\/metaltale.com\/lv\/?s={search_term_string}\"},\"query-input\":{\"@type\":\"PropertyValueSpecification\",\"valueRequired\":true,\"valueName\":\"search_term_string\"}}],\"inLanguage\":\"lv-LV\"}]}<\/script>\n<!-- \/ Yoast SEO plugin. -->","yoast_head_json":{"title":"Koka b\u012bd\u0101m\u0101s ozolkoka durvis TABLET - MetalTale.com","robots":{"index":"index","follow":"follow","max-snippet":"max-snippet:-1","max-image-preview":"max-image-preview:large","max-video-preview":"max-video-preview:-1"},"canonical":"https:\/\/metaltale.com\/lv\/produkts\/koka-bidamas-ozolkoka-durvis-tablet\/","og_locale":"lv_LV","og_type":"article","og_title":"Koka b\u012bd\u0101m\u0101s ozolkoka durvis TABLET - MetalTale.com","og_description":"Modelis TAB-100X210-PRGR Materi\u0101ls Ozolkoka koks Biezums (cm ) 4 Kop\u0113jais augstums (cm ) 210 Kop\u0113jais platums (cm ) 100 Svars","og_url":"https:\/\/metaltale.com\/lv\/produkts\/koka-bidamas-ozolkoka-durvis-tablet\/","og_site_name":"MetalTale.com","twitter_card":"summary_large_image","twitter_misc":{"Est. reading time":"2 minutes"},"schema":{"@context":"https:\/\/schema.org","@graph":[{"@type":"WebPage","@id":"https:\/\/metaltale.com\/lv\/produkts\/koka-bidamas-ozolkoka-durvis-tablet\/","url":"https:\/\/metaltale.com\/lv\/produkts\/koka-bidamas-ozolkoka-durvis-tablet\/","name":"Koka b\u012bd\u0101m\u0101s ozolkoka durvis TABLET - MetalTale.com","isPartOf":{"@id":"https:\/\/metaltale.com\/lv\/#website"},"primaryImageOfPage":{"@id":"https:\/\/metaltale.com\/lv\/produkts\/koka-bidamas-ozolkoka-durvis-tablet\/#primaryimage"},"image":{"@id":"https:\/\/metaltale.com\/lv\/produkts\/koka-bidamas-ozolkoka-durvis-tablet\/#primaryimage"},"thumbnailUrl":"https:\/\/metaltale.com\/wp-content\/uploads\/2023\/10\/Durys-BOARD-100x210-Raw.jpg","datePublished":"2024-02-13T11:53:38+00:00","breadcrumb":{"@id":"https:\/\/metaltale.com\/lv\/produkts\/koka-bidamas-ozolkoka-durvis-tablet\/#breadcrumb"},"inLanguage":"lv-LV","potentialAction":[{"@type":"ReadAction","target":["https:\/\/metaltale.com\/lv\/produkts\/koka-bidamas-ozolkoka-durvis-tablet\/"]}]},{"@type":"ImageObject","inLanguage":"lv-LV","@id":"https:\/\/metaltale.com\/lv\/produkts\/koka-bidamas-ozolkoka-durvis-tablet\/#primaryimage","url":"https:\/\/metaltale.com\/wp-content\/uploads\/2023\/10\/Durys-BOARD-100x210-Raw.jpg","contentUrl":"https:\/\/metaltale.com\/wp-content\/uploads\/2023\/10\/Durys-BOARD-100x210-Raw.jpg","width":800,"height":800},{"@type":"BreadcrumbList","@id":"https:\/\/metaltale.com\/lv\/produkts\/koka-bidamas-ozolkoka-durvis-tablet\/#breadcrumb","itemListElement":[{"@type":"ListItem","position":1,"name":"Home","item":"https:\/\/metaltale.com\/lv\/majas\/"},{"@type":"ListItem","position":2,"name":"Veikals","item":"https:\/\/metaltale.com\/lv\/shop\/"},{"@type":"ListItem","position":3,"name":"Koka b\u012bd\u0101m\u0101s ozolkoka durvis TABLET"}]},{"@type":"WebSite","@id":"https:\/\/metaltale.com\/lv\/#website","url":"https:\/\/metaltale.com\/lv\/","name":"Metaltale.com","description":"","potentialAction":[{"@type":"SearchAction","target":{"@type":"EntryPoint","urlTemplate":"https:\/\/metaltale.com\/lv\/?s={search_term_string}"},"query-input":{"@type":"PropertyValueSpecification","valueRequired":true,"valueName":"search_term_string"}}],"inLanguage":"lv-LV"}]}},"_links":{"self":[{"href":"https:\/\/metaltale.com\/lv\/wp-json\/wp\/v2\/product\/139060","targetHints":{"allow":["GET"]}}],"collection":[{"href":"https:\/\/metaltale.com\/lv\/wp-json\/wp\/v2\/product"}],"about":[{"href":"https:\/\/metaltale.com\/lv\/wp-json\/wp\/v2\/types\/product"}],"replies":[{"embeddable":true,"href":"https:\/\/metaltale.com\/lv\/wp-json\/wp\/v2\/comments?post=139060"}],"version-history":[{"count":0,"href":"https:\/\/metaltale.com\/lv\/wp-json\/wp\/v2\/product\/139060\/revisions"}],"wp:featuredmedia":[{"embeddable":true,"href":"https:\/\/metaltale.com\/lv\/wp-json\/wp\/v2\/media\/81884"}],"wp:attachment":[{"href":"https:\/\/metaltale.com\/lv\/wp-json\/wp\/v2\/media?parent=139060"}],"wp:term":[{"taxonomy":"product_brand","embeddable":true,"href":"https:\/\/metaltale.com\/lv\/wp-json\/wp\/v2\/product_brand?post=139060"},{"taxonomy":"product_cat","embeddable":true,"href":"https:\/\/metaltale.com\/lv\/wp-json\/wp\/v2\/product_cat?post=139060"},{"taxonomy":"product_tag","embeddable":true,"href":"https:\/\/metaltale.com\/lv\/wp-json\/wp\/v2\/product_tag?post=139060"}],"curies":[{"name":"wp","href":"https:\/\/api.w.org\/{rel}","templated":true}]}}