{"id":139059,"date":"2024-02-13T13:53:38","date_gmt":"2024-02-13T11:53:38","guid":{"rendered":"https:\/\/metaltale.com\/produktas\/metaldesk-koka-bidamas-durvis-ar-ozolkoka-rami\/"},"modified":"2024-02-13T13:53:38","modified_gmt":"2024-02-13T11:53:38","slug":"metaldesk-koka-bidamas-durvis-ar-ozolkoka-rami","status":"publish","type":"product","link":"https:\/\/metaltale.com\/lv\/produkts\/metaldesk-koka-bidamas-durvis-ar-ozolkoka-rami\/","title":{"rendered":"METALDESK koka b\u012bd\u0101m\u0101s durvis ar ozolkoka r\u0101mi"},"content":{"rendered":"<div class=\"prod_data\"><strong>Modelis<\/strong> FOR. DURYS. MDK. PRGR <br \/><strong>Materi\u0101ls<\/strong> Ozola koks, t\u0113rauds  <br \/>Biezums (cm ) 2,5 <br \/>Kop\u0113jais augstums (cm ) 210 <br \/>Kop\u0113jais platums (cm ) 100 <br \/><strong>Svars (kg<\/strong> ) 45  <br \/><strong>Kr\u0101sa<\/strong> Melna  <br \/><strong>Apdare<\/strong> Neapstr\u0101d\u0101ts \/ e\u013c\u013cots  <br \/>PAPILDU INFORM\u0100CIJA Pied\u0101v\u0101jums attiecas tikai uz vienu durvju paneli un neietver b\u012bd\u0101mo sist\u0113mu un citus piederumus. <\/p>\n<hr>\n<p>&#8220;Metaldesk durvis ir pied\u0101v\u0101jums konservat\u012bviem cilv\u0113kiem, kuri nov\u0113rt\u0113 m\u016bsdien\u012bgumu klasisk\u0101 izpild\u012bjum\u0101.<\/p>\n<p>Metaldesk b\u012bd\u0101m\u0101s durvis ir izgatavotas no atlas\u012btas ozolkoka koksnes. Horizont\u0101lais d\u0113\u013cu izk\u0101rtojums ar visliel\u0101ko precizit\u0101ti iepriecin\u0101s ikvienu perfekcionistu. T\u0101 d\u0113\u013cu virsma ar izteiktu koka fakt\u016bru pie\u0161\u0137ir tam c\u0113lu, senatn\u012bgu raksturu.<\/p>\n<p>Metaldesk b\u012bd\u0101mo durvju konstrukcija ir veidota no t\u0113rauda r\u0101mja, kas sast\u0101v no div\u0101m st\u016bra kron\u0161teiniem, kuri aptver 25&#215;25 mm d\u0113\u013cus. Atsevi\u0161\u0137u elementu izvietojums nov\u0113r\u0161 durvju deform\u0113\u0161anos. B\u012bd\u0101mo durvju r\u0101mis var b\u016bt izgatavots no neapstr\u0101d\u0101ta t\u0113rauda vai ar melnu pulverkr\u0101sas p\u0101rkl\u0101jumu. Metaldesk b\u012bd\u0101mo durvju iek\u0161pus\u0113 redzamas metin\u0101tas \u0161uves un kniedes, kas pie\u0161\u0137ir durv\u012bm ori\u0123in\u0101lu izskatu.<\/p>\n<p>B\u012bd\u0101m\u0101s durvis var b\u016bt bez apdares, e\u013c\u013cotas dab\u012bg\u0101 vai br\u016bn\u0101 kr\u0101s\u0101.<\/p>\n<p>Metaldesk b\u012bd\u0101mo durvju izsmalcin\u0101t\u012bba un vienk\u0101r\u0161\u012bba padara t\u0101s piem\u0113rotas jebkura veida interjeram.<\/p>\n<p>Pied\u0101v\u0101jum\u0101 ir viena durvju v\u0113rtne, neskaitot b\u012bd\u0101mo sist\u0113mu un citus piederumus.<\/p>\n<hr>\n<p><strong>Lai atrastu apak\u0161\u0113j\u0101s vadotnes, kas piem\u0113rotas Metaldesk b\u012bd\u0101maj\u0101m durv\u012bm, skatiet saist\u012bto produktu sada\u013cu zem\u0101k.  <\/strong><\/p>\n<p>*\u0160\u012bm durv\u012bm nevar izmantot b\u012bd\u0101mo durvju sist\u0113mas (Vintage, Wheel On Hanger).<br \/>**\u0160is pied\u0101v\u0101jums attiecas tikai uz durv\u012bm un neietver b\u012bd\u0101mo sist\u0113mu un citus piederumus.<\/p>\n<hr>\n<\/div>\n","protected":false},"excerpt":{"rendered":"<p>Modelis FOR. DURYS. MDK. PRGR Materi\u0101ls Ozola koks, t\u0113rauds Biezums (cm ) 2,5 Kop\u0113jais augstums (cm ) 210 Kop\u0113jais platums<\/p>\n","protected":false},"featured_media":81937,"comment_status":"open","ping_status":"closed","template":"","meta":{"_acf_changed":false,"pmpro_default_level":""},"product_brand":[],"product_cat":[24075],"product_tag":[],"class_list":{"0":"post-139059","1":"product","2":"type-product","3":"status-publish","4":"has-post-thumbnail","6":"product_cat-bidamas-durvis-metala-rami","7":"pmpro-has-access","9":"first","10":"instock","11":"shipping-taxable","12":"purchasable","13":"product-type-simple"},"acf":[],"yoast_head":"<!-- This site is optimized with the Yoast SEO plugin v24.9 - https:\/\/yoast.com\/wordpress\/plugins\/seo\/ -->\n<title>METALDESK koka b\u012bd\u0101m\u0101s durvis ar ozolkoka r\u0101mi - MetalTale.com<\/title>\n<meta name=\"robots\" content=\"index, follow, max-snippet:-1, max-image-preview:large, max-video-preview:-1\" \/>\n<link rel=\"canonical\" href=\"https:\/\/metaltale.com\/lv\/produkts\/metaldesk-koka-bidamas-durvis-ar-ozolkoka-rami\/\" \/>\n<meta property=\"og:locale\" content=\"lv_LV\" \/>\n<meta property=\"og:type\" content=\"article\" \/>\n<meta property=\"og:title\" content=\"METALDESK koka b\u012bd\u0101m\u0101s durvis ar ozolkoka r\u0101mi - MetalTale.com\" \/>\n<meta property=\"og:description\" content=\"Modelis FOR. DURYS. MDK. PRGR Materi\u0101ls Ozola koks, t\u0113rauds Biezums (cm ) 2,5 Kop\u0113jais augstums (cm ) 210 Kop\u0113jais platums\" \/>\n<meta property=\"og:url\" content=\"https:\/\/metaltale.com\/lv\/produkts\/metaldesk-koka-bidamas-durvis-ar-ozolkoka-rami\/\" \/>\n<meta property=\"og:site_name\" content=\"MetalTale.com\" \/>\n<meta name=\"twitter:card\" content=\"summary_large_image\" \/>\n<meta name=\"twitter:label1\" content=\"Est. reading time\" \/>\n\t<meta name=\"twitter:data1\" content=\"2 minutes\" \/>\n<script type=\"application\/ld+json\" class=\"yoast-schema-graph\">{\"@context\":\"https:\/\/schema.org\",\"@graph\":[{\"@type\":\"WebPage\",\"@id\":\"https:\/\/metaltale.com\/lv\/produkts\/metaldesk-koka-bidamas-durvis-ar-ozolkoka-rami\/\",\"url\":\"https:\/\/metaltale.com\/lv\/produkts\/metaldesk-koka-bidamas-durvis-ar-ozolkoka-rami\/\",\"name\":\"METALDESK koka b\u012bd\u0101m\u0101s durvis ar ozolkoka r\u0101mi - MetalTale.com\",\"isPartOf\":{\"@id\":\"https:\/\/metaltale.com\/lv\/#website\"},\"primaryImageOfPage\":{\"@id\":\"https:\/\/metaltale.com\/lv\/produkts\/metaldesk-koka-bidamas-durvis-ar-ozolkoka-rami\/#primaryimage\"},\"image\":{\"@id\":\"https:\/\/metaltale.com\/lv\/produkts\/metaldesk-koka-bidamas-durvis-ar-ozolkoka-rami\/#primaryimage\"},\"thumbnailUrl\":\"https:\/\/metaltale.com\/wp-content\/uploads\/2023\/10\/METALDESK-durys-neapdorotos.jpg\",\"datePublished\":\"2024-02-13T11:53:38+00:00\",\"breadcrumb\":{\"@id\":\"https:\/\/metaltale.com\/lv\/produkts\/metaldesk-koka-bidamas-durvis-ar-ozolkoka-rami\/#breadcrumb\"},\"inLanguage\":\"lv-LV\",\"potentialAction\":[{\"@type\":\"ReadAction\",\"target\":[\"https:\/\/metaltale.com\/lv\/produkts\/metaldesk-koka-bidamas-durvis-ar-ozolkoka-rami\/\"]}]},{\"@type\":\"ImageObject\",\"inLanguage\":\"lv-LV\",\"@id\":\"https:\/\/metaltale.com\/lv\/produkts\/metaldesk-koka-bidamas-durvis-ar-ozolkoka-rami\/#primaryimage\",\"url\":\"https:\/\/metaltale.com\/wp-content\/uploads\/2023\/10\/METALDESK-durys-neapdorotos.jpg\",\"contentUrl\":\"https:\/\/metaltale.com\/wp-content\/uploads\/2023\/10\/METALDESK-durys-neapdorotos.jpg\",\"width\":800,\"height\":800},{\"@type\":\"BreadcrumbList\",\"@id\":\"https:\/\/metaltale.com\/lv\/produkts\/metaldesk-koka-bidamas-durvis-ar-ozolkoka-rami\/#breadcrumb\",\"itemListElement\":[{\"@type\":\"ListItem\",\"position\":1,\"name\":\"Home\",\"item\":\"https:\/\/metaltale.com\/lv\/majas\/\"},{\"@type\":\"ListItem\",\"position\":2,\"name\":\"Veikals\",\"item\":\"https:\/\/metaltale.com\/lv\/shop\/\"},{\"@type\":\"ListItem\",\"position\":3,\"name\":\"METALDESK koka b\u012bd\u0101m\u0101s durvis ar ozolkoka r\u0101mi\"}]},{\"@type\":\"WebSite\",\"@id\":\"https:\/\/metaltale.com\/lv\/#website\",\"url\":\"https:\/\/metaltale.com\/lv\/\",\"name\":\"Metaltale.com\",\"description\":\"\",\"potentialAction\":[{\"@type\":\"SearchAction\",\"target\":{\"@type\":\"EntryPoint\",\"urlTemplate\":\"https:\/\/metaltale.com\/lv\/?s={search_term_string}\"},\"query-input\":{\"@type\":\"PropertyValueSpecification\",\"valueRequired\":true,\"valueName\":\"search_term_string\"}}],\"inLanguage\":\"lv-LV\"}]}<\/script>\n<!-- \/ Yoast SEO plugin. -->","yoast_head_json":{"title":"METALDESK koka b\u012bd\u0101m\u0101s durvis ar ozolkoka r\u0101mi - MetalTale.com","robots":{"index":"index","follow":"follow","max-snippet":"max-snippet:-1","max-image-preview":"max-image-preview:large","max-video-preview":"max-video-preview:-1"},"canonical":"https:\/\/metaltale.com\/lv\/produkts\/metaldesk-koka-bidamas-durvis-ar-ozolkoka-rami\/","og_locale":"lv_LV","og_type":"article","og_title":"METALDESK koka b\u012bd\u0101m\u0101s durvis ar ozolkoka r\u0101mi - MetalTale.com","og_description":"Modelis FOR. DURYS. MDK. PRGR Materi\u0101ls Ozola koks, t\u0113rauds Biezums (cm ) 2,5 Kop\u0113jais augstums (cm ) 210 Kop\u0113jais platums","og_url":"https:\/\/metaltale.com\/lv\/produkts\/metaldesk-koka-bidamas-durvis-ar-ozolkoka-rami\/","og_site_name":"MetalTale.com","twitter_card":"summary_large_image","twitter_misc":{"Est. reading time":"2 minutes"},"schema":{"@context":"https:\/\/schema.org","@graph":[{"@type":"WebPage","@id":"https:\/\/metaltale.com\/lv\/produkts\/metaldesk-koka-bidamas-durvis-ar-ozolkoka-rami\/","url":"https:\/\/metaltale.com\/lv\/produkts\/metaldesk-koka-bidamas-durvis-ar-ozolkoka-rami\/","name":"METALDESK koka b\u012bd\u0101m\u0101s durvis ar ozolkoka r\u0101mi - MetalTale.com","isPartOf":{"@id":"https:\/\/metaltale.com\/lv\/#website"},"primaryImageOfPage":{"@id":"https:\/\/metaltale.com\/lv\/produkts\/metaldesk-koka-bidamas-durvis-ar-ozolkoka-rami\/#primaryimage"},"image":{"@id":"https:\/\/metaltale.com\/lv\/produkts\/metaldesk-koka-bidamas-durvis-ar-ozolkoka-rami\/#primaryimage"},"thumbnailUrl":"https:\/\/metaltale.com\/wp-content\/uploads\/2023\/10\/METALDESK-durys-neapdorotos.jpg","datePublished":"2024-02-13T11:53:38+00:00","breadcrumb":{"@id":"https:\/\/metaltale.com\/lv\/produkts\/metaldesk-koka-bidamas-durvis-ar-ozolkoka-rami\/#breadcrumb"},"inLanguage":"lv-LV","potentialAction":[{"@type":"ReadAction","target":["https:\/\/metaltale.com\/lv\/produkts\/metaldesk-koka-bidamas-durvis-ar-ozolkoka-rami\/"]}]},{"@type":"ImageObject","inLanguage":"lv-LV","@id":"https:\/\/metaltale.com\/lv\/produkts\/metaldesk-koka-bidamas-durvis-ar-ozolkoka-rami\/#primaryimage","url":"https:\/\/metaltale.com\/wp-content\/uploads\/2023\/10\/METALDESK-durys-neapdorotos.jpg","contentUrl":"https:\/\/metaltale.com\/wp-content\/uploads\/2023\/10\/METALDESK-durys-neapdorotos.jpg","width":800,"height":800},{"@type":"BreadcrumbList","@id":"https:\/\/metaltale.com\/lv\/produkts\/metaldesk-koka-bidamas-durvis-ar-ozolkoka-rami\/#breadcrumb","itemListElement":[{"@type":"ListItem","position":1,"name":"Home","item":"https:\/\/metaltale.com\/lv\/majas\/"},{"@type":"ListItem","position":2,"name":"Veikals","item":"https:\/\/metaltale.com\/lv\/shop\/"},{"@type":"ListItem","position":3,"name":"METALDESK koka b\u012bd\u0101m\u0101s durvis ar ozolkoka r\u0101mi"}]},{"@type":"WebSite","@id":"https:\/\/metaltale.com\/lv\/#website","url":"https:\/\/metaltale.com\/lv\/","name":"Metaltale.com","description":"","potentialAction":[{"@type":"SearchAction","target":{"@type":"EntryPoint","urlTemplate":"https:\/\/metaltale.com\/lv\/?s={search_term_string}"},"query-input":{"@type":"PropertyValueSpecification","valueRequired":true,"valueName":"search_term_string"}}],"inLanguage":"lv-LV"}]}},"_links":{"self":[{"href":"https:\/\/metaltale.com\/lv\/wp-json\/wp\/v2\/product\/139059","targetHints":{"allow":["GET"]}}],"collection":[{"href":"https:\/\/metaltale.com\/lv\/wp-json\/wp\/v2\/product"}],"about":[{"href":"https:\/\/metaltale.com\/lv\/wp-json\/wp\/v2\/types\/product"}],"replies":[{"embeddable":true,"href":"https:\/\/metaltale.com\/lv\/wp-json\/wp\/v2\/comments?post=139059"}],"version-history":[{"count":0,"href":"https:\/\/metaltale.com\/lv\/wp-json\/wp\/v2\/product\/139059\/revisions"}],"wp:featuredmedia":[{"embeddable":true,"href":"https:\/\/metaltale.com\/lv\/wp-json\/wp\/v2\/media\/81937"}],"wp:attachment":[{"href":"https:\/\/metaltale.com\/lv\/wp-json\/wp\/v2\/media?parent=139059"}],"wp:term":[{"taxonomy":"product_brand","embeddable":true,"href":"https:\/\/metaltale.com\/lv\/wp-json\/wp\/v2\/product_brand?post=139059"},{"taxonomy":"product_cat","embeddable":true,"href":"https:\/\/metaltale.com\/lv\/wp-json\/wp\/v2\/product_cat?post=139059"},{"taxonomy":"product_tag","embeddable":true,"href":"https:\/\/metaltale.com\/lv\/wp-json\/wp\/v2\/product_tag?post=139059"}],"curies":[{"name":"wp","href":"https:\/\/api.w.org\/{rel}","templated":true}]}}