{"id":139046,"date":"2024-02-13T13:55:04","date_gmt":"2024-02-13T11:55:04","guid":{"rendered":"https:\/\/metaltale.com\/produktas\/mebelu-ritenis-hugo-100-mm-melns\/"},"modified":"2024-02-13T13:55:04","modified_gmt":"2024-02-13T11:55:04","slug":"mebelu-ritenis-hugo-100-mm-melns","status":"publish","type":"product","link":"https:\/\/metaltale.com\/lv\/produkts\/mebelu-ritenis-hugo-100-mm-melns\/","title":{"rendered":"M\u0113be\u013cu ritenis HUGO 100 mm melns"},"content":{"rendered":"<div class=\"prod_data\">\n<p><strong>Modelis<\/strong> FOR. COL.11.PRGR<br \/>\n<strong>Materi\u0101ls<\/strong> T\u0113rauds<br \/>\n<strong>Bendras ilgis [cm]<\/strong> 10<br \/>\n<strong>Kop\u0113jais augstums (cm<\/strong> ) 10<br \/>\n<strong>Kop\u0113jais platums (cm<\/strong> ) 8<br \/>\n<strong>Kop\u0113jais diametrs (cm<\/strong> ) 7,5<br \/>\n<strong>Pamatnes izm\u0113ri (cm)<\/strong> 10 x 8 x 0,3<br \/>\nDaudzums komplekt\u0101 1 gab.<br \/>\n<strong>PAPILDU INFORM\u0100CIJA<\/strong> Rite\u0146a platums: 3 cm<\/p>\n<hr>\n<p>Par\u0101d\u012btais ce\u013ca ritenis ir izgatavots atbilsto\u0161i nozares standarta modelim, izmantojot augst\u0101k\u0101s kvalit\u0101tes t\u0113raudu. To funkcion\u0101lais pielietojums ietver iesp\u0113ju uzst\u0101d\u012bt tos uz visu veidu koferiem, skapjiem vai pat rakst\u0101mgaldiem, t\u0101d\u0113j\u0101di palielinot interjera izk\u0101rtojuma br\u012bv\u012bbu. \u012apa\u0161a r\u016bp\u012bba un r\u016bpes par m\u016bsu m\u0113be\u013cu piederumu gal\u012bgo kvalit\u0101ti izpau\u017eas k\u0101 sp\u0113c\u012bga koncentr\u0113\u0161an\u0101s uz unik\u0101lu izskatu un tradicion\u0101liem, p\u0101rbaud\u012btiem risin\u0101jumiem. Paldies Rite\u0146a konstrukcija ir viegl\u0101ka un izskat\u0101s izsmalcin\u0101t\u0101ka, vienlaikus saglab\u0101jot nemain\u012bgas brauk\u0161anas \u012bpa\u0161\u012bbas.<br \/>\nAplim ir rakstur\u012bga H veida pamatne.<\/p>\n<hr>\n<\/div>\n","protected":false},"excerpt":{"rendered":"<p>Modelis FOR. COL.11.PRGR Materi\u0101ls T\u0113rauds Bendras ilgis [cm] 10 Kop\u0113jais augstums (cm ) 10 Kop\u0113jais platums (cm ) 8 Kop\u0113jais<\/p>\n","protected":false},"featured_media":112157,"comment_status":"open","ping_status":"closed","template":"","meta":{"_acf_changed":false,"pmpro_default_level":""},"product_brand":[],"product_cat":[23837,23848],"product_tag":[],"class_list":{"0":"post-139046","1":"product","2":"type-product","3":"status-publish","4":"has-post-thumbnail","6":"product_cat-mebeles-piederumi","7":"product_cat-mebelu-riteni","8":"pmpro-has-access","10":"first","11":"instock","12":"shipping-taxable","13":"purchasable","14":"product-type-simple"},"acf":[],"yoast_head":"<!-- This site is optimized with the Yoast SEO plugin v24.9 - https:\/\/yoast.com\/wordpress\/plugins\/seo\/ -->\n<title>M\u0113be\u013cu ritenis HUGO 100 mm melns - MetalTale.com<\/title>\n<meta name=\"robots\" content=\"index, follow, max-snippet:-1, max-image-preview:large, max-video-preview:-1\" \/>\n<link rel=\"canonical\" href=\"https:\/\/metaltale.com\/lv\/produkts\/mebelu-ritenis-hugo-100-mm-melns\/\" \/>\n<meta property=\"og:locale\" content=\"lv_LV\" \/>\n<meta property=\"og:type\" content=\"article\" \/>\n<meta property=\"og:title\" content=\"M\u0113be\u013cu ritenis HUGO 100 mm melns - MetalTale.com\" \/>\n<meta property=\"og:description\" content=\"Modelis FOR. COL.11.PRGR Materi\u0101ls T\u0113rauds Bendras ilgis [cm] 10 Kop\u0113jais augstums (cm ) 10 Kop\u0113jais platums (cm ) 8 Kop\u0113jais\" \/>\n<meta property=\"og:url\" content=\"https:\/\/metaltale.com\/lv\/produkts\/mebelu-ritenis-hugo-100-mm-melns\/\" \/>\n<meta property=\"og:site_name\" content=\"MetalTale.com\" \/>\n<meta property=\"og:image\" content=\"https:\/\/metaltale.com\/wp-content\/uploads\/2023\/11\/HUGO-ratas-100-mm-plieninis.jpg\" \/>\n\t<meta property=\"og:image:width\" content=\"900\" \/>\n\t<meta property=\"og:image:height\" content=\"900\" \/>\n\t<meta property=\"og:image:type\" content=\"image\/jpeg\" \/>\n<meta name=\"twitter:card\" content=\"summary_large_image\" \/>\n<meta name=\"twitter:label1\" content=\"Est. reading time\" \/>\n\t<meta name=\"twitter:data1\" content=\"1 minute\" \/>\n<script type=\"application\/ld+json\" class=\"yoast-schema-graph\">{\"@context\":\"https:\/\/schema.org\",\"@graph\":[{\"@type\":\"WebPage\",\"@id\":\"https:\/\/metaltale.com\/lv\/produkts\/mebelu-ritenis-hugo-100-mm-melns\/\",\"url\":\"https:\/\/metaltale.com\/lv\/produkts\/mebelu-ritenis-hugo-100-mm-melns\/\",\"name\":\"M\u0113be\u013cu ritenis HUGO 100 mm melns - MetalTale.com\",\"isPartOf\":{\"@id\":\"https:\/\/metaltale.com\/lv\/#website\"},\"primaryImageOfPage\":{\"@id\":\"https:\/\/metaltale.com\/lv\/produkts\/mebelu-ritenis-hugo-100-mm-melns\/#primaryimage\"},\"image\":{\"@id\":\"https:\/\/metaltale.com\/lv\/produkts\/mebelu-ritenis-hugo-100-mm-melns\/#primaryimage\"},\"thumbnailUrl\":\"https:\/\/metaltale.com\/wp-content\/uploads\/2023\/11\/HUGO-ratas-100-mm-plieninis.jpg\",\"datePublished\":\"2024-02-13T11:55:04+00:00\",\"breadcrumb\":{\"@id\":\"https:\/\/metaltale.com\/lv\/produkts\/mebelu-ritenis-hugo-100-mm-melns\/#breadcrumb\"},\"inLanguage\":\"lv-LV\",\"potentialAction\":[{\"@type\":\"ReadAction\",\"target\":[\"https:\/\/metaltale.com\/lv\/produkts\/mebelu-ritenis-hugo-100-mm-melns\/\"]}]},{\"@type\":\"ImageObject\",\"inLanguage\":\"lv-LV\",\"@id\":\"https:\/\/metaltale.com\/lv\/produkts\/mebelu-ritenis-hugo-100-mm-melns\/#primaryimage\",\"url\":\"https:\/\/metaltale.com\/wp-content\/uploads\/2023\/11\/HUGO-ratas-100-mm-plieninis.jpg\",\"contentUrl\":\"https:\/\/metaltale.com\/wp-content\/uploads\/2023\/11\/HUGO-ratas-100-mm-plieninis.jpg\",\"width\":900,\"height\":900,\"caption\":\"M\u0113be\u013cu ritenis HUGO 100 mm melns\"},{\"@type\":\"BreadcrumbList\",\"@id\":\"https:\/\/metaltale.com\/lv\/produkts\/mebelu-ritenis-hugo-100-mm-melns\/#breadcrumb\",\"itemListElement\":[{\"@type\":\"ListItem\",\"position\":1,\"name\":\"Home\",\"item\":\"https:\/\/metaltale.com\/lv\/majas\/\"},{\"@type\":\"ListItem\",\"position\":2,\"name\":\"Veikals\",\"item\":\"https:\/\/metaltale.com\/lv\/shop\/\"},{\"@type\":\"ListItem\",\"position\":3,\"name\":\"M\u0113be\u013cu ritenis HUGO 100 mm melns\"}]},{\"@type\":\"WebSite\",\"@id\":\"https:\/\/metaltale.com\/lv\/#website\",\"url\":\"https:\/\/metaltale.com\/lv\/\",\"name\":\"Metaltale.com\",\"description\":\"\",\"potentialAction\":[{\"@type\":\"SearchAction\",\"target\":{\"@type\":\"EntryPoint\",\"urlTemplate\":\"https:\/\/metaltale.com\/lv\/?s={search_term_string}\"},\"query-input\":{\"@type\":\"PropertyValueSpecification\",\"valueRequired\":true,\"valueName\":\"search_term_string\"}}],\"inLanguage\":\"lv-LV\"}]}<\/script>\n<!-- \/ Yoast SEO plugin. -->","yoast_head_json":{"title":"M\u0113be\u013cu ritenis HUGO 100 mm melns - MetalTale.com","robots":{"index":"index","follow":"follow","max-snippet":"max-snippet:-1","max-image-preview":"max-image-preview:large","max-video-preview":"max-video-preview:-1"},"canonical":"https:\/\/metaltale.com\/lv\/produkts\/mebelu-ritenis-hugo-100-mm-melns\/","og_locale":"lv_LV","og_type":"article","og_title":"M\u0113be\u013cu ritenis HUGO 100 mm melns - MetalTale.com","og_description":"Modelis FOR. COL.11.PRGR Materi\u0101ls T\u0113rauds Bendras ilgis [cm] 10 Kop\u0113jais augstums (cm ) 10 Kop\u0113jais platums (cm ) 8 Kop\u0113jais","og_url":"https:\/\/metaltale.com\/lv\/produkts\/mebelu-ritenis-hugo-100-mm-melns\/","og_site_name":"MetalTale.com","og_image":[{"width":900,"height":900,"url":"https:\/\/metaltale.com\/wp-content\/uploads\/2023\/11\/HUGO-ratas-100-mm-plieninis.jpg","type":"image\/jpeg"}],"twitter_card":"summary_large_image","twitter_misc":{"Est. reading time":"1 minute"},"schema":{"@context":"https:\/\/schema.org","@graph":[{"@type":"WebPage","@id":"https:\/\/metaltale.com\/lv\/produkts\/mebelu-ritenis-hugo-100-mm-melns\/","url":"https:\/\/metaltale.com\/lv\/produkts\/mebelu-ritenis-hugo-100-mm-melns\/","name":"M\u0113be\u013cu ritenis HUGO 100 mm melns - MetalTale.com","isPartOf":{"@id":"https:\/\/metaltale.com\/lv\/#website"},"primaryImageOfPage":{"@id":"https:\/\/metaltale.com\/lv\/produkts\/mebelu-ritenis-hugo-100-mm-melns\/#primaryimage"},"image":{"@id":"https:\/\/metaltale.com\/lv\/produkts\/mebelu-ritenis-hugo-100-mm-melns\/#primaryimage"},"thumbnailUrl":"https:\/\/metaltale.com\/wp-content\/uploads\/2023\/11\/HUGO-ratas-100-mm-plieninis.jpg","datePublished":"2024-02-13T11:55:04+00:00","breadcrumb":{"@id":"https:\/\/metaltale.com\/lv\/produkts\/mebelu-ritenis-hugo-100-mm-melns\/#breadcrumb"},"inLanguage":"lv-LV","potentialAction":[{"@type":"ReadAction","target":["https:\/\/metaltale.com\/lv\/produkts\/mebelu-ritenis-hugo-100-mm-melns\/"]}]},{"@type":"ImageObject","inLanguage":"lv-LV","@id":"https:\/\/metaltale.com\/lv\/produkts\/mebelu-ritenis-hugo-100-mm-melns\/#primaryimage","url":"https:\/\/metaltale.com\/wp-content\/uploads\/2023\/11\/HUGO-ratas-100-mm-plieninis.jpg","contentUrl":"https:\/\/metaltale.com\/wp-content\/uploads\/2023\/11\/HUGO-ratas-100-mm-plieninis.jpg","width":900,"height":900,"caption":"M\u0113be\u013cu ritenis HUGO 100 mm melns"},{"@type":"BreadcrumbList","@id":"https:\/\/metaltale.com\/lv\/produkts\/mebelu-ritenis-hugo-100-mm-melns\/#breadcrumb","itemListElement":[{"@type":"ListItem","position":1,"name":"Home","item":"https:\/\/metaltale.com\/lv\/majas\/"},{"@type":"ListItem","position":2,"name":"Veikals","item":"https:\/\/metaltale.com\/lv\/shop\/"},{"@type":"ListItem","position":3,"name":"M\u0113be\u013cu ritenis HUGO 100 mm melns"}]},{"@type":"WebSite","@id":"https:\/\/metaltale.com\/lv\/#website","url":"https:\/\/metaltale.com\/lv\/","name":"Metaltale.com","description":"","potentialAction":[{"@type":"SearchAction","target":{"@type":"EntryPoint","urlTemplate":"https:\/\/metaltale.com\/lv\/?s={search_term_string}"},"query-input":{"@type":"PropertyValueSpecification","valueRequired":true,"valueName":"search_term_string"}}],"inLanguage":"lv-LV"}]}},"_links":{"self":[{"href":"https:\/\/metaltale.com\/lv\/wp-json\/wp\/v2\/product\/139046","targetHints":{"allow":["GET"]}}],"collection":[{"href":"https:\/\/metaltale.com\/lv\/wp-json\/wp\/v2\/product"}],"about":[{"href":"https:\/\/metaltale.com\/lv\/wp-json\/wp\/v2\/types\/product"}],"replies":[{"embeddable":true,"href":"https:\/\/metaltale.com\/lv\/wp-json\/wp\/v2\/comments?post=139046"}],"version-history":[{"count":0,"href":"https:\/\/metaltale.com\/lv\/wp-json\/wp\/v2\/product\/139046\/revisions"}],"wp:featuredmedia":[{"embeddable":true,"href":"https:\/\/metaltale.com\/lv\/wp-json\/wp\/v2\/media\/112157"}],"wp:attachment":[{"href":"https:\/\/metaltale.com\/lv\/wp-json\/wp\/v2\/media?parent=139046"}],"wp:term":[{"taxonomy":"product_brand","embeddable":true,"href":"https:\/\/metaltale.com\/lv\/wp-json\/wp\/v2\/product_brand?post=139046"},{"taxonomy":"product_cat","embeddable":true,"href":"https:\/\/metaltale.com\/lv\/wp-json\/wp\/v2\/product_cat?post=139046"},{"taxonomy":"product_tag","embeddable":true,"href":"https:\/\/metaltale.com\/lv\/wp-json\/wp\/v2\/product_tag?post=139046"}],"curies":[{"name":"wp","href":"https:\/\/api.w.org\/{rel}","templated":true}]}}