{"id":139041,"date":"2024-02-13T13:55:04","date_gmt":"2024-02-13T11:55:04","guid":{"rendered":"https:\/\/metaltale.com\/produktas\/tadek-spieki-200-mm-melni\/"},"modified":"2024-02-13T13:55:04","modified_gmt":"2024-02-13T11:55:04","slug":"tadek-spieki-200-mm-melni","status":"publish","type":"product","link":"https:\/\/metaltale.com\/lv\/produkts\/tadek-spieki-200-mm-melni\/","title":{"rendered":"TADEK spie\u0137i 200 mm melni"},"content":{"rendered":"<div class=\"prod_data\">\n<p><strong>Modelis<\/strong> ZA.029.PRGR<br \/>\n<strong>Materi\u0101ls<\/strong> T\u0113rauds<br \/>\n<strong>Bendras ilgis [cm]<\/strong> 12<br \/>\n<strong>Kop\u0113jais augstums (cm<\/strong> ) 13,5<br \/>\nKop\u0113jais diametrs (cm ) 12<br \/>\n<strong>Pamatnes izm\u0113ri (cm)<\/strong> 12 x 5<br \/>\n<strong>Kr\u0101sa<\/strong> Melna<br \/>\nDaudzums komplekt\u0101 1 gab.<\/p>\n<hr>\n<p>Prezent\u0113tais r\u016bpnieciskais ritenis ir veidots p\u0113c autentisku rite\u0146u parauga, kas tiek izmantoti r\u016bpniec\u012bb\u0101, un izgatavots no augst\u0101k\u0101s kvalit\u0101tes t\u0113rauda. To funkcion\u0101lais pielietojums ir iesp\u0113ja tos piestiprin\u0101t pie visda\u017e\u0101d\u0101kajiem koferiem, skapjiem vai pat galdiem, t\u0101d\u0113j\u0101di papla\u0161inot br\u012bv\u0101 interjera dizaina iesp\u0113jas. \u012apa\u0161a r\u016bp\u012bba un r\u016bpes par m\u016bsu m\u0113be\u013cu piederumu gal\u012bgo kvalit\u0101ti atspogu\u013cojas sp\u0113c\u012bg\u0101 koncentr\u0113\u0161an\u0101s uz unik\u0101lu izskatu un tradicion\u0101liem, p\u0101rbaud\u012btiem risin\u0101jumiem. Pateicoties perfor\u0113tajam dizainam, ritenis ir viegl\u0101ks un smalk\u0101ks, vienlaikus saglab\u0101jot nemain\u012bgas brauk\u0161anas \u012bpa\u0161\u012bbas.<\/p>\n<hr>\n<table border=\"0\" frame=\"hsides\" align=\"center\">\n<tbody>\n<tr>\n<td><strong>V\u0101rds, uzv\u0101rds, amats<\/strong><\/td>\n<td><strong>Kop\u0113jais augstums<\/strong><\/td>\n<td><strong>Kop\u0113jais platums<\/strong><\/td>\n<td><strong>Rite\u0146a diametrs<\/strong><\/td>\n<td><strong>Mont\u0101\u017eas pamatnes garums<\/strong><\/td>\n<td><strong>Mont\u0101\u017eas pamatnes platums<\/strong><\/td>\n<\/tr>\n<tr>\n<td><\/td>\n<td><\/td>\n<td><\/td>\n<td><\/td>\n<td><\/td>\n<td><\/td>\n<\/tr>\n<tr>\n<td><\/td>\n<td><\/td>\n<td><\/td>\n<td><\/td>\n<td><\/td>\n<td><\/td>\n<\/tr>\n<tr>\n<td>Ritenis 200 mm<\/td>\n<td>230 mm<\/td>\n<td>200 mm<\/td>\n<td>200 mm<\/td>\n<td>190 mm<\/td>\n<td>45 mm<\/td>\n<\/tr>\n<\/tbody>\n<\/table>\n<hr>\n<\/div>\n","protected":false},"excerpt":{"rendered":"<p>Modelis ZA.029.PRGR Materi\u0101ls T\u0113rauds Bendras ilgis [cm] 12 Kop\u0113jais augstums (cm ) 13,5 Kop\u0113jais diametrs (cm ) 12 Pamatnes izm\u0113ri<\/p>\n","protected":false},"featured_media":131504,"comment_status":"open","ping_status":"closed","template":"","meta":{"_acf_changed":false,"pmpro_default_level":""},"product_brand":[],"product_cat":[23837,23848],"product_tag":[],"class_list":{"0":"post-139041","1":"product","2":"type-product","3":"status-publish","4":"has-post-thumbnail","6":"product_cat-mebeles-piederumi","7":"product_cat-mebelu-riteni","8":"pmpro-has-access","10":"first","11":"instock","12":"shipping-taxable","13":"purchasable","14":"product-type-simple"},"acf":[],"yoast_head":"<!-- This site is optimized with the Yoast SEO plugin v24.9 - https:\/\/yoast.com\/wordpress\/plugins\/seo\/ -->\n<title>TADEK spie\u0137i 200 mm melni - MetalTale.com<\/title>\n<meta name=\"robots\" content=\"index, follow, max-snippet:-1, max-image-preview:large, max-video-preview:-1\" \/>\n<link rel=\"canonical\" href=\"https:\/\/metaltale.com\/lv\/produkts\/tadek-spieki-200-mm-melni\/\" \/>\n<meta property=\"og:locale\" content=\"lv_LV\" \/>\n<meta property=\"og:type\" content=\"article\" \/>\n<meta property=\"og:title\" content=\"TADEK spie\u0137i 200 mm melni - MetalTale.com\" \/>\n<meta property=\"og:description\" content=\"Modelis ZA.029.PRGR Materi\u0101ls T\u0113rauds Bendras ilgis [cm] 12 Kop\u0113jais augstums (cm ) 13,5 Kop\u0113jais diametrs (cm ) 12 Pamatnes izm\u0113ri\" \/>\n<meta property=\"og:url\" content=\"https:\/\/metaltale.com\/lv\/produkts\/tadek-spieki-200-mm-melni\/\" \/>\n<meta property=\"og:site_name\" content=\"MetalTale.com\" \/>\n<meta property=\"og:image\" content=\"https:\/\/metaltale.com\/wp-content\/uploads\/2024\/02\/Baldu-ratukas-TADEK-spoke-200-mm-juodas.jpg\" \/>\n\t<meta property=\"og:image:width\" content=\"900\" \/>\n\t<meta property=\"og:image:height\" content=\"900\" \/>\n\t<meta property=\"og:image:type\" content=\"image\/jpeg\" \/>\n<meta name=\"twitter:card\" content=\"summary_large_image\" \/>\n<meta name=\"twitter:label1\" content=\"Est. reading time\" \/>\n\t<meta name=\"twitter:data1\" content=\"1 minute\" \/>\n<script type=\"application\/ld+json\" class=\"yoast-schema-graph\">{\"@context\":\"https:\/\/schema.org\",\"@graph\":[{\"@type\":\"WebPage\",\"@id\":\"https:\/\/metaltale.com\/lv\/produkts\/tadek-spieki-200-mm-melni\/\",\"url\":\"https:\/\/metaltale.com\/lv\/produkts\/tadek-spieki-200-mm-melni\/\",\"name\":\"TADEK spie\u0137i 200 mm melni - MetalTale.com\",\"isPartOf\":{\"@id\":\"https:\/\/metaltale.com\/lv\/#website\"},\"primaryImageOfPage\":{\"@id\":\"https:\/\/metaltale.com\/lv\/produkts\/tadek-spieki-200-mm-melni\/#primaryimage\"},\"image\":{\"@id\":\"https:\/\/metaltale.com\/lv\/produkts\/tadek-spieki-200-mm-melni\/#primaryimage\"},\"thumbnailUrl\":\"https:\/\/metaltale.com\/wp-content\/uploads\/2024\/02\/Baldu-ratukas-TADEK-spoke-200-mm-juodas.jpg\",\"datePublished\":\"2024-02-13T11:55:04+00:00\",\"breadcrumb\":{\"@id\":\"https:\/\/metaltale.com\/lv\/produkts\/tadek-spieki-200-mm-melni\/#breadcrumb\"},\"inLanguage\":\"lv-LV\",\"potentialAction\":[{\"@type\":\"ReadAction\",\"target\":[\"https:\/\/metaltale.com\/lv\/produkts\/tadek-spieki-200-mm-melni\/\"]}]},{\"@type\":\"ImageObject\",\"inLanguage\":\"lv-LV\",\"@id\":\"https:\/\/metaltale.com\/lv\/produkts\/tadek-spieki-200-mm-melni\/#primaryimage\",\"url\":\"https:\/\/metaltale.com\/wp-content\/uploads\/2024\/02\/Baldu-ratukas-TADEK-spoke-200-mm-juodas.jpg\",\"contentUrl\":\"https:\/\/metaltale.com\/wp-content\/uploads\/2024\/02\/Baldu-ratukas-TADEK-spoke-200-mm-juodas.jpg\",\"width\":900,\"height\":900,\"caption\":\"TADEK spie\u0137i 200 mm melni\"},{\"@type\":\"BreadcrumbList\",\"@id\":\"https:\/\/metaltale.com\/lv\/produkts\/tadek-spieki-200-mm-melni\/#breadcrumb\",\"itemListElement\":[{\"@type\":\"ListItem\",\"position\":1,\"name\":\"Home\",\"item\":\"https:\/\/metaltale.com\/lv\/majas\/\"},{\"@type\":\"ListItem\",\"position\":2,\"name\":\"Veikals\",\"item\":\"https:\/\/metaltale.com\/lv\/shop\/\"},{\"@type\":\"ListItem\",\"position\":3,\"name\":\"TADEK spie\u0137i 200 mm melni\"}]},{\"@type\":\"WebSite\",\"@id\":\"https:\/\/metaltale.com\/lv\/#website\",\"url\":\"https:\/\/metaltale.com\/lv\/\",\"name\":\"Metaltale.com\",\"description\":\"\",\"potentialAction\":[{\"@type\":\"SearchAction\",\"target\":{\"@type\":\"EntryPoint\",\"urlTemplate\":\"https:\/\/metaltale.com\/lv\/?s={search_term_string}\"},\"query-input\":{\"@type\":\"PropertyValueSpecification\",\"valueRequired\":true,\"valueName\":\"search_term_string\"}}],\"inLanguage\":\"lv-LV\"}]}<\/script>\n<!-- \/ Yoast SEO plugin. -->","yoast_head_json":{"title":"TADEK spie\u0137i 200 mm melni - MetalTale.com","robots":{"index":"index","follow":"follow","max-snippet":"max-snippet:-1","max-image-preview":"max-image-preview:large","max-video-preview":"max-video-preview:-1"},"canonical":"https:\/\/metaltale.com\/lv\/produkts\/tadek-spieki-200-mm-melni\/","og_locale":"lv_LV","og_type":"article","og_title":"TADEK spie\u0137i 200 mm melni - MetalTale.com","og_description":"Modelis ZA.029.PRGR Materi\u0101ls T\u0113rauds Bendras ilgis [cm] 12 Kop\u0113jais augstums (cm ) 13,5 Kop\u0113jais diametrs (cm ) 12 Pamatnes izm\u0113ri","og_url":"https:\/\/metaltale.com\/lv\/produkts\/tadek-spieki-200-mm-melni\/","og_site_name":"MetalTale.com","og_image":[{"width":900,"height":900,"url":"https:\/\/metaltale.com\/wp-content\/uploads\/2024\/02\/Baldu-ratukas-TADEK-spoke-200-mm-juodas.jpg","type":"image\/jpeg"}],"twitter_card":"summary_large_image","twitter_misc":{"Est. reading time":"1 minute"},"schema":{"@context":"https:\/\/schema.org","@graph":[{"@type":"WebPage","@id":"https:\/\/metaltale.com\/lv\/produkts\/tadek-spieki-200-mm-melni\/","url":"https:\/\/metaltale.com\/lv\/produkts\/tadek-spieki-200-mm-melni\/","name":"TADEK spie\u0137i 200 mm melni - MetalTale.com","isPartOf":{"@id":"https:\/\/metaltale.com\/lv\/#website"},"primaryImageOfPage":{"@id":"https:\/\/metaltale.com\/lv\/produkts\/tadek-spieki-200-mm-melni\/#primaryimage"},"image":{"@id":"https:\/\/metaltale.com\/lv\/produkts\/tadek-spieki-200-mm-melni\/#primaryimage"},"thumbnailUrl":"https:\/\/metaltale.com\/wp-content\/uploads\/2024\/02\/Baldu-ratukas-TADEK-spoke-200-mm-juodas.jpg","datePublished":"2024-02-13T11:55:04+00:00","breadcrumb":{"@id":"https:\/\/metaltale.com\/lv\/produkts\/tadek-spieki-200-mm-melni\/#breadcrumb"},"inLanguage":"lv-LV","potentialAction":[{"@type":"ReadAction","target":["https:\/\/metaltale.com\/lv\/produkts\/tadek-spieki-200-mm-melni\/"]}]},{"@type":"ImageObject","inLanguage":"lv-LV","@id":"https:\/\/metaltale.com\/lv\/produkts\/tadek-spieki-200-mm-melni\/#primaryimage","url":"https:\/\/metaltale.com\/wp-content\/uploads\/2024\/02\/Baldu-ratukas-TADEK-spoke-200-mm-juodas.jpg","contentUrl":"https:\/\/metaltale.com\/wp-content\/uploads\/2024\/02\/Baldu-ratukas-TADEK-spoke-200-mm-juodas.jpg","width":900,"height":900,"caption":"TADEK spie\u0137i 200 mm melni"},{"@type":"BreadcrumbList","@id":"https:\/\/metaltale.com\/lv\/produkts\/tadek-spieki-200-mm-melni\/#breadcrumb","itemListElement":[{"@type":"ListItem","position":1,"name":"Home","item":"https:\/\/metaltale.com\/lv\/majas\/"},{"@type":"ListItem","position":2,"name":"Veikals","item":"https:\/\/metaltale.com\/lv\/shop\/"},{"@type":"ListItem","position":3,"name":"TADEK spie\u0137i 200 mm melni"}]},{"@type":"WebSite","@id":"https:\/\/metaltale.com\/lv\/#website","url":"https:\/\/metaltale.com\/lv\/","name":"Metaltale.com","description":"","potentialAction":[{"@type":"SearchAction","target":{"@type":"EntryPoint","urlTemplate":"https:\/\/metaltale.com\/lv\/?s={search_term_string}"},"query-input":{"@type":"PropertyValueSpecification","valueRequired":true,"valueName":"search_term_string"}}],"inLanguage":"lv-LV"}]}},"_links":{"self":[{"href":"https:\/\/metaltale.com\/lv\/wp-json\/wp\/v2\/product\/139041","targetHints":{"allow":["GET"]}}],"collection":[{"href":"https:\/\/metaltale.com\/lv\/wp-json\/wp\/v2\/product"}],"about":[{"href":"https:\/\/metaltale.com\/lv\/wp-json\/wp\/v2\/types\/product"}],"replies":[{"embeddable":true,"href":"https:\/\/metaltale.com\/lv\/wp-json\/wp\/v2\/comments?post=139041"}],"version-history":[{"count":0,"href":"https:\/\/metaltale.com\/lv\/wp-json\/wp\/v2\/product\/139041\/revisions"}],"wp:featuredmedia":[{"embeddable":true,"href":"https:\/\/metaltale.com\/lv\/wp-json\/wp\/v2\/media\/131504"}],"wp:attachment":[{"href":"https:\/\/metaltale.com\/lv\/wp-json\/wp\/v2\/media?parent=139041"}],"wp:term":[{"taxonomy":"product_brand","embeddable":true,"href":"https:\/\/metaltale.com\/lv\/wp-json\/wp\/v2\/product_brand?post=139041"},{"taxonomy":"product_cat","embeddable":true,"href":"https:\/\/metaltale.com\/lv\/wp-json\/wp\/v2\/product_cat?post=139041"},{"taxonomy":"product_tag","embeddable":true,"href":"https:\/\/metaltale.com\/lv\/wp-json\/wp\/v2\/product_tag?post=139041"}],"curies":[{"name":"wp","href":"https:\/\/api.w.org\/{rel}","templated":true}]}}