{"id":139029,"date":"2024-02-13T13:55:04","date_gmt":"2024-02-13T11:55:04","guid":{"rendered":"https:\/\/metaltale.com\/produktas\/durvju-engu-rokturis-escuadra-400-mm-melns\/"},"modified":"2024-02-13T13:55:04","modified_gmt":"2024-02-13T11:55:04","slug":"durvju-engu-rokturis-escuadra-400-mm-melns","status":"publish","type":"product","link":"https:\/\/metaltale.com\/lv\/produkts\/durvju-engu-rokturis-escuadra-400-mm-melns\/","title":{"rendered":"Durvju e\u0146\u0123u rokturis ESCUADRA 400 mm, melns"},"content":{"rendered":"<div class=\"prod_data\">\n<p><strong>Modelis<\/strong> AG.15421<br \/>\n<strong>EAN.<\/strong>  5905369906480<br \/>\n<strong>Materi\u0101ls<\/strong> T\u0113rauds<br \/>\n<strong>Bendras plotis (cm)<\/strong> 41<br \/>\nKr\u0101sa Melna<br \/>\n<strong>Apdare<\/strong> Pulvera p\u0101rkl\u0101jums<br \/>\n<strong>Pavir\u0161iaus tipas<\/strong> Lyg\u016bs<\/p>\n<p>Viru svira ir izgatavota no melna t\u0113rauda.<\/p>\n<p>Vienk\u0101r\u0161ais, smalki dekor\u0113tais raksts ir lieliski piem\u0113rots durv\u012bm un logiem.<\/p>\n<p>Lankstas tinka dviem dir\u017eo kai\u0161\u010di\u0173 modeliams.<\/p>\n<\/div>\n","protected":false},"excerpt":{"rendered":"<p>Modelis AG.15421 EAN. 5905369906480 Materi\u0101ls T\u0113rauds Bendras plotis (cm) 41 Kr\u0101sa Melna Apdare Pulvera p\u0101rkl\u0101jums Pavir\u0161iaus tipas Lyg\u016bs Viru svira<\/p>\n","protected":false},"featured_media":82351,"comment_status":"open","ping_status":"closed","template":"","meta":{"_acf_changed":false,"pmpro_default_level":""},"product_brand":[],"product_cat":[24122,24079],"product_tag":[],"class_list":{"0":"post-139029","1":"product","2":"type-product","3":"status-publish","4":"has-post-thumbnail","6":"product_cat-durvju-un-logu-enges","7":"product_cat-viriesi","8":"pmpro-has-access","10":"first","11":"instock","12":"shipping-taxable","13":"purchasable","14":"product-type-simple"},"acf":[],"yoast_head":"<!-- This site is optimized with the Yoast SEO plugin v24.9 - https:\/\/yoast.com\/wordpress\/plugins\/seo\/ -->\n<title>Durvju e\u0146\u0123u rokturis ESCUADRA 400 mm, melns - MetalTale.com<\/title>\n<meta name=\"robots\" content=\"index, follow, max-snippet:-1, max-image-preview:large, max-video-preview:-1\" \/>\n<link rel=\"canonical\" href=\"https:\/\/metaltale.com\/lv\/produkts\/durvju-engu-rokturis-escuadra-400-mm-melns\/\" \/>\n<meta property=\"og:locale\" content=\"lv_LV\" \/>\n<meta property=\"og:type\" content=\"article\" \/>\n<meta property=\"og:title\" content=\"Durvju e\u0146\u0123u rokturis ESCUADRA 400 mm, melns - MetalTale.com\" \/>\n<meta property=\"og:description\" content=\"Modelis AG.15421 EAN. 5905369906480 Materi\u0101ls T\u0113rauds Bendras plotis (cm) 41 Kr\u0101sa Melna Apdare Pulvera p\u0101rkl\u0101jums Pavir\u0161iaus tipas Lyg\u016bs Viru svira\" \/>\n<meta property=\"og:url\" content=\"https:\/\/metaltale.com\/lv\/produkts\/durvju-engu-rokturis-escuadra-400-mm-melns\/\" \/>\n<meta property=\"og:site_name\" content=\"MetalTale.com\" \/>\n<meta name=\"twitter:card\" content=\"summary_large_image\" \/>\n<script type=\"application\/ld+json\" class=\"yoast-schema-graph\">{\"@context\":\"https:\/\/schema.org\",\"@graph\":[{\"@type\":\"WebPage\",\"@id\":\"https:\/\/metaltale.com\/lv\/produkts\/durvju-engu-rokturis-escuadra-400-mm-melns\/\",\"url\":\"https:\/\/metaltale.com\/lv\/produkts\/durvju-engu-rokturis-escuadra-400-mm-melns\/\",\"name\":\"Durvju e\u0146\u0123u rokturis ESCUADRA 400 mm, melns - MetalTale.com\",\"isPartOf\":{\"@id\":\"https:\/\/metaltale.com\/lv\/#website\"},\"primaryImageOfPage\":{\"@id\":\"https:\/\/metaltale.com\/lv\/produkts\/durvju-engu-rokturis-escuadra-400-mm-melns\/#primaryimage\"},\"image\":{\"@id\":\"https:\/\/metaltale.com\/lv\/produkts\/durvju-engu-rokturis-escuadra-400-mm-melns\/#primaryimage\"},\"thumbnailUrl\":\"https:\/\/metaltale.com\/wp-content\/uploads\/2023\/10\/x160arnyrinx117-svirtis-ESCUADRA-400mm-Juoda.jpg\",\"datePublished\":\"2024-02-13T11:55:04+00:00\",\"breadcrumb\":{\"@id\":\"https:\/\/metaltale.com\/lv\/produkts\/durvju-engu-rokturis-escuadra-400-mm-melns\/#breadcrumb\"},\"inLanguage\":\"lv-LV\",\"potentialAction\":[{\"@type\":\"ReadAction\",\"target\":[\"https:\/\/metaltale.com\/lv\/produkts\/durvju-engu-rokturis-escuadra-400-mm-melns\/\"]}]},{\"@type\":\"ImageObject\",\"inLanguage\":\"lv-LV\",\"@id\":\"https:\/\/metaltale.com\/lv\/produkts\/durvju-engu-rokturis-escuadra-400-mm-melns\/#primaryimage\",\"url\":\"https:\/\/metaltale.com\/wp-content\/uploads\/2023\/10\/x160arnyrinx117-svirtis-ESCUADRA-400mm-Juoda.jpg\",\"contentUrl\":\"https:\/\/metaltale.com\/wp-content\/uploads\/2023\/10\/x160arnyrinx117-svirtis-ESCUADRA-400mm-Juoda.jpg\",\"width\":800,\"height\":800,\"caption\":\"Durvju e\u0146\u0123u rokturis ESCUADRA 400 mm, melns\"},{\"@type\":\"BreadcrumbList\",\"@id\":\"https:\/\/metaltale.com\/lv\/produkts\/durvju-engu-rokturis-escuadra-400-mm-melns\/#breadcrumb\",\"itemListElement\":[{\"@type\":\"ListItem\",\"position\":1,\"name\":\"Home\",\"item\":\"https:\/\/metaltale.com\/lv\/majas\/\"},{\"@type\":\"ListItem\",\"position\":2,\"name\":\"Veikals\",\"item\":\"https:\/\/metaltale.com\/lv\/shop\/\"},{\"@type\":\"ListItem\",\"position\":3,\"name\":\"Durvju e\u0146\u0123u rokturis ESCUADRA 400 mm, melns\"}]},{\"@type\":\"WebSite\",\"@id\":\"https:\/\/metaltale.com\/lv\/#website\",\"url\":\"https:\/\/metaltale.com\/lv\/\",\"name\":\"Metaltale.com\",\"description\":\"\",\"potentialAction\":[{\"@type\":\"SearchAction\",\"target\":{\"@type\":\"EntryPoint\",\"urlTemplate\":\"https:\/\/metaltale.com\/lv\/?s={search_term_string}\"},\"query-input\":{\"@type\":\"PropertyValueSpecification\",\"valueRequired\":true,\"valueName\":\"search_term_string\"}}],\"inLanguage\":\"lv-LV\"}]}<\/script>\n<!-- \/ Yoast SEO plugin. -->","yoast_head_json":{"title":"Durvju e\u0146\u0123u rokturis ESCUADRA 400 mm, melns - MetalTale.com","robots":{"index":"index","follow":"follow","max-snippet":"max-snippet:-1","max-image-preview":"max-image-preview:large","max-video-preview":"max-video-preview:-1"},"canonical":"https:\/\/metaltale.com\/lv\/produkts\/durvju-engu-rokturis-escuadra-400-mm-melns\/","og_locale":"lv_LV","og_type":"article","og_title":"Durvju e\u0146\u0123u rokturis ESCUADRA 400 mm, melns - MetalTale.com","og_description":"Modelis AG.15421 EAN. 5905369906480 Materi\u0101ls T\u0113rauds Bendras plotis (cm) 41 Kr\u0101sa Melna Apdare Pulvera p\u0101rkl\u0101jums Pavir\u0161iaus tipas Lyg\u016bs Viru svira","og_url":"https:\/\/metaltale.com\/lv\/produkts\/durvju-engu-rokturis-escuadra-400-mm-melns\/","og_site_name":"MetalTale.com","twitter_card":"summary_large_image","schema":{"@context":"https:\/\/schema.org","@graph":[{"@type":"WebPage","@id":"https:\/\/metaltale.com\/lv\/produkts\/durvju-engu-rokturis-escuadra-400-mm-melns\/","url":"https:\/\/metaltale.com\/lv\/produkts\/durvju-engu-rokturis-escuadra-400-mm-melns\/","name":"Durvju e\u0146\u0123u rokturis ESCUADRA 400 mm, melns - MetalTale.com","isPartOf":{"@id":"https:\/\/metaltale.com\/lv\/#website"},"primaryImageOfPage":{"@id":"https:\/\/metaltale.com\/lv\/produkts\/durvju-engu-rokturis-escuadra-400-mm-melns\/#primaryimage"},"image":{"@id":"https:\/\/metaltale.com\/lv\/produkts\/durvju-engu-rokturis-escuadra-400-mm-melns\/#primaryimage"},"thumbnailUrl":"https:\/\/metaltale.com\/wp-content\/uploads\/2023\/10\/x160arnyrinx117-svirtis-ESCUADRA-400mm-Juoda.jpg","datePublished":"2024-02-13T11:55:04+00:00","breadcrumb":{"@id":"https:\/\/metaltale.com\/lv\/produkts\/durvju-engu-rokturis-escuadra-400-mm-melns\/#breadcrumb"},"inLanguage":"lv-LV","potentialAction":[{"@type":"ReadAction","target":["https:\/\/metaltale.com\/lv\/produkts\/durvju-engu-rokturis-escuadra-400-mm-melns\/"]}]},{"@type":"ImageObject","inLanguage":"lv-LV","@id":"https:\/\/metaltale.com\/lv\/produkts\/durvju-engu-rokturis-escuadra-400-mm-melns\/#primaryimage","url":"https:\/\/metaltale.com\/wp-content\/uploads\/2023\/10\/x160arnyrinx117-svirtis-ESCUADRA-400mm-Juoda.jpg","contentUrl":"https:\/\/metaltale.com\/wp-content\/uploads\/2023\/10\/x160arnyrinx117-svirtis-ESCUADRA-400mm-Juoda.jpg","width":800,"height":800,"caption":"Durvju e\u0146\u0123u rokturis ESCUADRA 400 mm, melns"},{"@type":"BreadcrumbList","@id":"https:\/\/metaltale.com\/lv\/produkts\/durvju-engu-rokturis-escuadra-400-mm-melns\/#breadcrumb","itemListElement":[{"@type":"ListItem","position":1,"name":"Home","item":"https:\/\/metaltale.com\/lv\/majas\/"},{"@type":"ListItem","position":2,"name":"Veikals","item":"https:\/\/metaltale.com\/lv\/shop\/"},{"@type":"ListItem","position":3,"name":"Durvju e\u0146\u0123u rokturis ESCUADRA 400 mm, melns"}]},{"@type":"WebSite","@id":"https:\/\/metaltale.com\/lv\/#website","url":"https:\/\/metaltale.com\/lv\/","name":"Metaltale.com","description":"","potentialAction":[{"@type":"SearchAction","target":{"@type":"EntryPoint","urlTemplate":"https:\/\/metaltale.com\/lv\/?s={search_term_string}"},"query-input":{"@type":"PropertyValueSpecification","valueRequired":true,"valueName":"search_term_string"}}],"inLanguage":"lv-LV"}]}},"_links":{"self":[{"href":"https:\/\/metaltale.com\/lv\/wp-json\/wp\/v2\/product\/139029","targetHints":{"allow":["GET"]}}],"collection":[{"href":"https:\/\/metaltale.com\/lv\/wp-json\/wp\/v2\/product"}],"about":[{"href":"https:\/\/metaltale.com\/lv\/wp-json\/wp\/v2\/types\/product"}],"replies":[{"embeddable":true,"href":"https:\/\/metaltale.com\/lv\/wp-json\/wp\/v2\/comments?post=139029"}],"version-history":[{"count":0,"href":"https:\/\/metaltale.com\/lv\/wp-json\/wp\/v2\/product\/139029\/revisions"}],"wp:featuredmedia":[{"embeddable":true,"href":"https:\/\/metaltale.com\/lv\/wp-json\/wp\/v2\/media\/82351"}],"wp:attachment":[{"href":"https:\/\/metaltale.com\/lv\/wp-json\/wp\/v2\/media?parent=139029"}],"wp:term":[{"taxonomy":"product_brand","embeddable":true,"href":"https:\/\/metaltale.com\/lv\/wp-json\/wp\/v2\/product_brand?post=139029"},{"taxonomy":"product_cat","embeddable":true,"href":"https:\/\/metaltale.com\/lv\/wp-json\/wp\/v2\/product_cat?post=139029"},{"taxonomy":"product_tag","embeddable":true,"href":"https:\/\/metaltale.com\/lv\/wp-json\/wp\/v2\/product_tag?post=139029"}],"curies":[{"name":"wp","href":"https:\/\/api.w.org\/{rel}","templated":true}]}}