{"id":139028,"date":"2024-02-13T13:55:04","date_gmt":"2024-02-13T11:55:04","guid":{"rendered":"https:\/\/metaltale.com\/produktas\/mebelu-ritenis-remek-100-mm\/"},"modified":"2024-02-13T13:55:04","modified_gmt":"2024-02-13T11:55:04","slug":"mebelu-ritenis-remek-100-mm","status":"publish","type":"product","link":"https:\/\/metaltale.com\/lv\/produkts\/mebelu-ritenis-remek-100-mm\/","title":{"rendered":"M\u0113be\u013cu ritenis REMEK 100 mm"},"content":{"rendered":"<div class=\"prod_data\">\n<p><strong>Modelis<\/strong> FOR. KOL. PRGR<br \/>\n<strong>Materi\u0101ls<\/strong> T\u0113rauds<br \/>\n<strong>Bendras ilgis [cm]<\/strong> 10<br \/>\n<strong>Kop\u0113jais augstums (cm<\/strong> ) 10<br \/>\n<strong>Kop\u0113jais platums (cm<\/strong> ) 8,2<br \/>\n<strong>Kop\u0113jais diametrs (cm<\/strong> ) 8<br \/>\n<strong>Pamatnes izm\u0113ri (cm)<\/strong> 10 x 3 x 0,3<br \/>\nT\u0113rauda <strong>kr\u0101sa<\/strong><br \/>\n<strong>Apdare<\/strong> Pulvera p\u0101rkl\u0101jums<br \/>\nDaudzums komplekt\u0101 1 gab.<br \/>\n<strong>PAPILDU INFORM\u0100CIJA<\/strong> Rite\u0146a platums: 3 cm<\/p>\n<p>&#8220;Retro groz\u0101mais ritenis ir izgatavots no augst\u0101k\u0101s kvalit\u0101tes t\u0113rauda.<\/p>\n<p>Rite\u0146i uz ce\u013ciem ir ide\u0101ls risin\u0101jums \u012bstiem lauku stila cien\u012bt\u0101jiem. Pied\u0101v\u0101tais m\u0113be\u013cu ritenis ir iesp\u0113ja nodro\u0161in\u0101t mobilit\u0101ti daudziem priek\u0161metiem m\u016bsu vid\u0113. K\u0101 praktisks papildin\u0101jums, tas labi darbosies iestr\u0101d\u0101ts m\u0113be\u013cu k\u0101ju dab\u0101 visos elementos, kuru sl\u012bd\u0113\u0161ana var iev\u0113rojami palielin\u0101t lieto\u0161anas komfortu. \u0160\u0101dus rite\u0146us \u012bpa\u0161i izmanto kumod\u0113m, rakst\u0101mgaldiem, TV skapjiem.<\/p>\n<p>Lai nodro\u0161in\u0101tu piln\u012bgu mobilit\u0101ti, ritenis grie\u017eas 360 gr\u0101du le\u0146\u0137\u012b, padarot daudz viegl\u0101k manevr\u0113t ar v\u0113l liel\u0101k\u0101m fig\u016br\u0101m m\u016bsu telp\u0101s.<\/p>\n<\/div>\n","protected":false},"excerpt":{"rendered":"<p>Modelis FOR. KOL. PRGR Materi\u0101ls T\u0113rauds Bendras ilgis [cm] 10 Kop\u0113jais augstums (cm ) 10 Kop\u0113jais platums (cm ) 8,2<\/p>\n","protected":false},"featured_media":82336,"comment_status":"open","ping_status":"closed","template":"","meta":{"_acf_changed":false,"pmpro_default_level":""},"product_brand":[],"product_cat":[23837,23848],"product_tag":[],"class_list":{"0":"post-139028","1":"product","2":"type-product","3":"status-publish","4":"has-post-thumbnail","6":"product_cat-mebeles-piederumi","7":"product_cat-mebelu-riteni","8":"pmpro-has-access","10":"first","11":"instock","12":"shipping-taxable","13":"purchasable","14":"product-type-simple"},"acf":[],"yoast_head":"<!-- This site is optimized with the Yoast SEO plugin v24.9 - https:\/\/yoast.com\/wordpress\/plugins\/seo\/ -->\n<title>M\u0113be\u013cu ritenis REMEK 100 mm - MetalTale.com<\/title>\n<meta name=\"robots\" content=\"index, follow, max-snippet:-1, max-image-preview:large, max-video-preview:-1\" \/>\n<link rel=\"canonical\" href=\"https:\/\/metaltale.com\/lv\/produkts\/mebelu-ritenis-remek-100-mm\/\" \/>\n<meta property=\"og:locale\" content=\"lv_LV\" \/>\n<meta property=\"og:type\" content=\"article\" \/>\n<meta property=\"og:title\" content=\"M\u0113be\u013cu ritenis REMEK 100 mm - MetalTale.com\" \/>\n<meta property=\"og:description\" content=\"Modelis FOR. KOL. PRGR Materi\u0101ls T\u0113rauds Bendras ilgis [cm] 10 Kop\u0113jais augstums (cm ) 10 Kop\u0113jais platums (cm ) 8,2\" \/>\n<meta property=\"og:url\" content=\"https:\/\/metaltale.com\/lv\/produkts\/mebelu-ritenis-remek-100-mm\/\" \/>\n<meta property=\"og:site_name\" content=\"MetalTale.com\" \/>\n<meta property=\"og:image\" content=\"https:\/\/metaltale.com\/wp-content\/uploads\/2023\/10\/REMEK-ratas-100mm-per-juodx105.jpg\" \/>\n\t<meta property=\"og:image:width\" content=\"800\" \/>\n\t<meta property=\"og:image:height\" content=\"800\" \/>\n\t<meta property=\"og:image:type\" content=\"image\/jpeg\" \/>\n<meta name=\"twitter:card\" content=\"summary_large_image\" \/>\n<meta name=\"twitter:label1\" content=\"Est. reading time\" \/>\n\t<meta name=\"twitter:data1\" content=\"1 minute\" \/>\n<script type=\"application\/ld+json\" class=\"yoast-schema-graph\">{\"@context\":\"https:\/\/schema.org\",\"@graph\":[{\"@type\":\"WebPage\",\"@id\":\"https:\/\/metaltale.com\/lv\/produkts\/mebelu-ritenis-remek-100-mm\/\",\"url\":\"https:\/\/metaltale.com\/lv\/produkts\/mebelu-ritenis-remek-100-mm\/\",\"name\":\"M\u0113be\u013cu ritenis REMEK 100 mm - MetalTale.com\",\"isPartOf\":{\"@id\":\"https:\/\/metaltale.com\/lv\/#website\"},\"primaryImageOfPage\":{\"@id\":\"https:\/\/metaltale.com\/lv\/produkts\/mebelu-ritenis-remek-100-mm\/#primaryimage\"},\"image\":{\"@id\":\"https:\/\/metaltale.com\/lv\/produkts\/mebelu-ritenis-remek-100-mm\/#primaryimage\"},\"thumbnailUrl\":\"https:\/\/metaltale.com\/wp-content\/uploads\/2023\/10\/REMEK-ratas-100mm-per-juodx105.jpg\",\"datePublished\":\"2024-02-13T11:55:04+00:00\",\"breadcrumb\":{\"@id\":\"https:\/\/metaltale.com\/lv\/produkts\/mebelu-ritenis-remek-100-mm\/#breadcrumb\"},\"inLanguage\":\"lv-LV\",\"potentialAction\":[{\"@type\":\"ReadAction\",\"target\":[\"https:\/\/metaltale.com\/lv\/produkts\/mebelu-ritenis-remek-100-mm\/\"]}]},{\"@type\":\"ImageObject\",\"inLanguage\":\"lv-LV\",\"@id\":\"https:\/\/metaltale.com\/lv\/produkts\/mebelu-ritenis-remek-100-mm\/#primaryimage\",\"url\":\"https:\/\/metaltale.com\/wp-content\/uploads\/2023\/10\/REMEK-ratas-100mm-per-juodx105.jpg\",\"contentUrl\":\"https:\/\/metaltale.com\/wp-content\/uploads\/2023\/10\/REMEK-ratas-100mm-per-juodx105.jpg\",\"width\":800,\"height\":800,\"caption\":\"M\u0113be\u013cu ritenis REMEK 100 mm\"},{\"@type\":\"BreadcrumbList\",\"@id\":\"https:\/\/metaltale.com\/lv\/produkts\/mebelu-ritenis-remek-100-mm\/#breadcrumb\",\"itemListElement\":[{\"@type\":\"ListItem\",\"position\":1,\"name\":\"Home\",\"item\":\"https:\/\/metaltale.com\/lv\/majas\/\"},{\"@type\":\"ListItem\",\"position\":2,\"name\":\"Veikals\",\"item\":\"https:\/\/metaltale.com\/lv\/shop\/\"},{\"@type\":\"ListItem\",\"position\":3,\"name\":\"M\u0113be\u013cu ritenis REMEK 100 mm\"}]},{\"@type\":\"WebSite\",\"@id\":\"https:\/\/metaltale.com\/lv\/#website\",\"url\":\"https:\/\/metaltale.com\/lv\/\",\"name\":\"Metaltale.com\",\"description\":\"\",\"potentialAction\":[{\"@type\":\"SearchAction\",\"target\":{\"@type\":\"EntryPoint\",\"urlTemplate\":\"https:\/\/metaltale.com\/lv\/?s={search_term_string}\"},\"query-input\":{\"@type\":\"PropertyValueSpecification\",\"valueRequired\":true,\"valueName\":\"search_term_string\"}}],\"inLanguage\":\"lv-LV\"}]}<\/script>\n<!-- \/ Yoast SEO plugin. -->","yoast_head_json":{"title":"M\u0113be\u013cu ritenis REMEK 100 mm - MetalTale.com","robots":{"index":"index","follow":"follow","max-snippet":"max-snippet:-1","max-image-preview":"max-image-preview:large","max-video-preview":"max-video-preview:-1"},"canonical":"https:\/\/metaltale.com\/lv\/produkts\/mebelu-ritenis-remek-100-mm\/","og_locale":"lv_LV","og_type":"article","og_title":"M\u0113be\u013cu ritenis REMEK 100 mm - MetalTale.com","og_description":"Modelis FOR. KOL. PRGR Materi\u0101ls T\u0113rauds Bendras ilgis [cm] 10 Kop\u0113jais augstums (cm ) 10 Kop\u0113jais platums (cm ) 8,2","og_url":"https:\/\/metaltale.com\/lv\/produkts\/mebelu-ritenis-remek-100-mm\/","og_site_name":"MetalTale.com","og_image":[{"width":800,"height":800,"url":"https:\/\/metaltale.com\/wp-content\/uploads\/2023\/10\/REMEK-ratas-100mm-per-juodx105.jpg","type":"image\/jpeg"}],"twitter_card":"summary_large_image","twitter_misc":{"Est. reading time":"1 minute"},"schema":{"@context":"https:\/\/schema.org","@graph":[{"@type":"WebPage","@id":"https:\/\/metaltale.com\/lv\/produkts\/mebelu-ritenis-remek-100-mm\/","url":"https:\/\/metaltale.com\/lv\/produkts\/mebelu-ritenis-remek-100-mm\/","name":"M\u0113be\u013cu ritenis REMEK 100 mm - MetalTale.com","isPartOf":{"@id":"https:\/\/metaltale.com\/lv\/#website"},"primaryImageOfPage":{"@id":"https:\/\/metaltale.com\/lv\/produkts\/mebelu-ritenis-remek-100-mm\/#primaryimage"},"image":{"@id":"https:\/\/metaltale.com\/lv\/produkts\/mebelu-ritenis-remek-100-mm\/#primaryimage"},"thumbnailUrl":"https:\/\/metaltale.com\/wp-content\/uploads\/2023\/10\/REMEK-ratas-100mm-per-juodx105.jpg","datePublished":"2024-02-13T11:55:04+00:00","breadcrumb":{"@id":"https:\/\/metaltale.com\/lv\/produkts\/mebelu-ritenis-remek-100-mm\/#breadcrumb"},"inLanguage":"lv-LV","potentialAction":[{"@type":"ReadAction","target":["https:\/\/metaltale.com\/lv\/produkts\/mebelu-ritenis-remek-100-mm\/"]}]},{"@type":"ImageObject","inLanguage":"lv-LV","@id":"https:\/\/metaltale.com\/lv\/produkts\/mebelu-ritenis-remek-100-mm\/#primaryimage","url":"https:\/\/metaltale.com\/wp-content\/uploads\/2023\/10\/REMEK-ratas-100mm-per-juodx105.jpg","contentUrl":"https:\/\/metaltale.com\/wp-content\/uploads\/2023\/10\/REMEK-ratas-100mm-per-juodx105.jpg","width":800,"height":800,"caption":"M\u0113be\u013cu ritenis REMEK 100 mm"},{"@type":"BreadcrumbList","@id":"https:\/\/metaltale.com\/lv\/produkts\/mebelu-ritenis-remek-100-mm\/#breadcrumb","itemListElement":[{"@type":"ListItem","position":1,"name":"Home","item":"https:\/\/metaltale.com\/lv\/majas\/"},{"@type":"ListItem","position":2,"name":"Veikals","item":"https:\/\/metaltale.com\/lv\/shop\/"},{"@type":"ListItem","position":3,"name":"M\u0113be\u013cu ritenis REMEK 100 mm"}]},{"@type":"WebSite","@id":"https:\/\/metaltale.com\/lv\/#website","url":"https:\/\/metaltale.com\/lv\/","name":"Metaltale.com","description":"","potentialAction":[{"@type":"SearchAction","target":{"@type":"EntryPoint","urlTemplate":"https:\/\/metaltale.com\/lv\/?s={search_term_string}"},"query-input":{"@type":"PropertyValueSpecification","valueRequired":true,"valueName":"search_term_string"}}],"inLanguage":"lv-LV"}]}},"_links":{"self":[{"href":"https:\/\/metaltale.com\/lv\/wp-json\/wp\/v2\/product\/139028","targetHints":{"allow":["GET"]}}],"collection":[{"href":"https:\/\/metaltale.com\/lv\/wp-json\/wp\/v2\/product"}],"about":[{"href":"https:\/\/metaltale.com\/lv\/wp-json\/wp\/v2\/types\/product"}],"replies":[{"embeddable":true,"href":"https:\/\/metaltale.com\/lv\/wp-json\/wp\/v2\/comments?post=139028"}],"version-history":[{"count":0,"href":"https:\/\/metaltale.com\/lv\/wp-json\/wp\/v2\/product\/139028\/revisions"}],"wp:featuredmedia":[{"embeddable":true,"href":"https:\/\/metaltale.com\/lv\/wp-json\/wp\/v2\/media\/82336"}],"wp:attachment":[{"href":"https:\/\/metaltale.com\/lv\/wp-json\/wp\/v2\/media?parent=139028"}],"wp:term":[{"taxonomy":"product_brand","embeddable":true,"href":"https:\/\/metaltale.com\/lv\/wp-json\/wp\/v2\/product_brand?post=139028"},{"taxonomy":"product_cat","embeddable":true,"href":"https:\/\/metaltale.com\/lv\/wp-json\/wp\/v2\/product_cat?post=139028"},{"taxonomy":"product_tag","embeddable":true,"href":"https:\/\/metaltale.com\/lv\/wp-json\/wp\/v2\/product_tag?post=139028"}],"curies":[{"name":"wp","href":"https:\/\/api.w.org\/{rel}","templated":true}]}}