{"id":138989,"date":"2024-02-13T13:57:04","date_gmt":"2024-02-13T11:57:04","guid":{"rendered":"https:\/\/metaltale.com\/produktas\/durvju-enge-krawat-250-mm-melna\/"},"modified":"2024-02-13T13:57:04","modified_gmt":"2024-02-13T11:57:04","slug":"durvju-enge-krawat-250-mm-melna","status":"publish","type":"product","link":"https:\/\/metaltale.com\/lv\/produkts\/durvju-enge-krawat-250-mm-melna\/","title":{"rendered":"Durvju e\u0146\u0123e KRAWAT 250 mm, melna"},"content":{"rendered":"<div class=\"prod_data\">\n<p>49.322A <strong>modelis<\/strong>. HFB.250<br \/>\n<strong>EAN.<\/strong>  5905369922558<br \/>\n<strong>Materi\u0101ls<\/strong> T\u0113rauds<br \/>\n<strong> [cm]Kop\u0113jais garums<\/strong> 26<strong> <\/strong><br \/>\n<strong>Kop\u0113jais augstums (cm<\/strong> ) 10<br \/>\n<strong>Lab\u0101s puses platums (cm<\/strong> ) 21,5<br \/>\n<strong>Kreis\u0101s puses platums (cm<\/strong> ) 3,2<br \/>\n<strong>Kr\u0101sa<\/strong> Melna<\/p>\n<p>Daudzi klienti nov\u0113rt\u0113 m\u016bsu m\u0113be\u013cu e\u0146\u0123u pier\u0101d\u012bto uzticam\u012bbu.<\/p>\n<p>\u0160eit par\u0101d\u012bt\u0101 kaklasaites viru konstrukcija lieliski sader\u0113s ar kumodes koka durv\u012bm. M\u0113be\u013cu viru, kas izgatavota no visaugst\u0101k\u0101s kvalit\u0101tes t\u0113rauda un impregn\u0113ta, raksturo augsta iztur\u012bba un notur\u012bba pret \u0101r\u0113jo faktoru kait\u012bgo ietekmi.<\/p>\n<\/div>\n","protected":false},"excerpt":{"rendered":"<p>49.322A modelis. HFB.250 EAN. 5905369922558 Materi\u0101ls T\u0113rauds [cm]Kop\u0113jais garums 26 Kop\u0113jais augstums (cm ) 10 Lab\u0101s puses platums (cm )<\/p>\n","protected":false},"featured_media":82652,"comment_status":"open","ping_status":"closed","template":"","meta":{"_acf_changed":false,"pmpro_default_level":""},"product_brand":[],"product_cat":[24122,24079],"product_tag":[],"class_list":{"0":"post-138989","1":"product","2":"type-product","3":"status-publish","4":"has-post-thumbnail","6":"product_cat-durvju-un-logu-enges","7":"product_cat-viriesi","8":"pmpro-has-access","10":"first","11":"instock","12":"shipping-taxable","13":"purchasable","14":"product-type-simple"},"acf":[],"yoast_head":"<!-- This site is optimized with the Yoast SEO plugin v24.9 - https:\/\/yoast.com\/wordpress\/plugins\/seo\/ -->\n<title>Durvju e\u0146\u0123e KRAWAT 250 mm, melna - MetalTale.com<\/title>\n<meta name=\"robots\" content=\"index, follow, max-snippet:-1, max-image-preview:large, max-video-preview:-1\" \/>\n<link rel=\"canonical\" href=\"https:\/\/metaltale.com\/lv\/produkts\/durvju-enge-krawat-250-mm-melna\/\" \/>\n<meta property=\"og:locale\" content=\"lv_LV\" \/>\n<meta property=\"og:type\" content=\"article\" \/>\n<meta property=\"og:title\" content=\"Durvju e\u0146\u0123e KRAWAT 250 mm, melna - MetalTale.com\" \/>\n<meta property=\"og:description\" content=\"49.322A modelis. HFB.250 EAN. 5905369922558 Materi\u0101ls T\u0113rauds [cm]Kop\u0113jais garums 26 Kop\u0113jais augstums (cm ) 10 Lab\u0101s puses platums (cm )\" \/>\n<meta property=\"og:url\" content=\"https:\/\/metaltale.com\/lv\/produkts\/durvju-enge-krawat-250-mm-melna\/\" \/>\n<meta property=\"og:site_name\" content=\"MetalTale.com\" \/>\n<meta name=\"twitter:card\" content=\"summary_large_image\" \/>\n<script type=\"application\/ld+json\" class=\"yoast-schema-graph\">{\"@context\":\"https:\/\/schema.org\",\"@graph\":[{\"@type\":\"WebPage\",\"@id\":\"https:\/\/metaltale.com\/lv\/produkts\/durvju-enge-krawat-250-mm-melna\/\",\"url\":\"https:\/\/metaltale.com\/lv\/produkts\/durvju-enge-krawat-250-mm-melna\/\",\"name\":\"Durvju e\u0146\u0123e KRAWAT 250 mm, melna - MetalTale.com\",\"isPartOf\":{\"@id\":\"https:\/\/metaltale.com\/lv\/#website\"},\"primaryImageOfPage\":{\"@id\":\"https:\/\/metaltale.com\/lv\/produkts\/durvju-enge-krawat-250-mm-melna\/#primaryimage\"},\"image\":{\"@id\":\"https:\/\/metaltale.com\/lv\/produkts\/durvju-enge-krawat-250-mm-melna\/#primaryimage\"},\"thumbnailUrl\":\"https:\/\/metaltale.com\/wp-content\/uploads\/2023\/10\/Vyris-KRAWAT-250mm-Juoda.jpg\",\"datePublished\":\"2024-02-13T11:57:04+00:00\",\"breadcrumb\":{\"@id\":\"https:\/\/metaltale.com\/lv\/produkts\/durvju-enge-krawat-250-mm-melna\/#breadcrumb\"},\"inLanguage\":\"lv-LV\",\"potentialAction\":[{\"@type\":\"ReadAction\",\"target\":[\"https:\/\/metaltale.com\/lv\/produkts\/durvju-enge-krawat-250-mm-melna\/\"]}]},{\"@type\":\"ImageObject\",\"inLanguage\":\"lv-LV\",\"@id\":\"https:\/\/metaltale.com\/lv\/produkts\/durvju-enge-krawat-250-mm-melna\/#primaryimage\",\"url\":\"https:\/\/metaltale.com\/wp-content\/uploads\/2023\/10\/Vyris-KRAWAT-250mm-Juoda.jpg\",\"contentUrl\":\"https:\/\/metaltale.com\/wp-content\/uploads\/2023\/10\/Vyris-KRAWAT-250mm-Juoda.jpg\",\"width\":800,\"height\":800,\"caption\":\"Durvju e\u0146\u0123e KRAWAT 250 mm, melna\"},{\"@type\":\"BreadcrumbList\",\"@id\":\"https:\/\/metaltale.com\/lv\/produkts\/durvju-enge-krawat-250-mm-melna\/#breadcrumb\",\"itemListElement\":[{\"@type\":\"ListItem\",\"position\":1,\"name\":\"Home\",\"item\":\"https:\/\/metaltale.com\/lv\/majas\/\"},{\"@type\":\"ListItem\",\"position\":2,\"name\":\"Veikals\",\"item\":\"https:\/\/metaltale.com\/lv\/shop\/\"},{\"@type\":\"ListItem\",\"position\":3,\"name\":\"Durvju e\u0146\u0123e KRAWAT 250 mm, melna\"}]},{\"@type\":\"WebSite\",\"@id\":\"https:\/\/metaltale.com\/lv\/#website\",\"url\":\"https:\/\/metaltale.com\/lv\/\",\"name\":\"Metaltale.com\",\"description\":\"\",\"potentialAction\":[{\"@type\":\"SearchAction\",\"target\":{\"@type\":\"EntryPoint\",\"urlTemplate\":\"https:\/\/metaltale.com\/lv\/?s={search_term_string}\"},\"query-input\":{\"@type\":\"PropertyValueSpecification\",\"valueRequired\":true,\"valueName\":\"search_term_string\"}}],\"inLanguage\":\"lv-LV\"}]}<\/script>\n<!-- \/ Yoast SEO plugin. -->","yoast_head_json":{"title":"Durvju e\u0146\u0123e KRAWAT 250 mm, melna - MetalTale.com","robots":{"index":"index","follow":"follow","max-snippet":"max-snippet:-1","max-image-preview":"max-image-preview:large","max-video-preview":"max-video-preview:-1"},"canonical":"https:\/\/metaltale.com\/lv\/produkts\/durvju-enge-krawat-250-mm-melna\/","og_locale":"lv_LV","og_type":"article","og_title":"Durvju e\u0146\u0123e KRAWAT 250 mm, melna - MetalTale.com","og_description":"49.322A modelis. HFB.250 EAN. 5905369922558 Materi\u0101ls T\u0113rauds [cm]Kop\u0113jais garums 26 Kop\u0113jais augstums (cm ) 10 Lab\u0101s puses platums (cm )","og_url":"https:\/\/metaltale.com\/lv\/produkts\/durvju-enge-krawat-250-mm-melna\/","og_site_name":"MetalTale.com","twitter_card":"summary_large_image","schema":{"@context":"https:\/\/schema.org","@graph":[{"@type":"WebPage","@id":"https:\/\/metaltale.com\/lv\/produkts\/durvju-enge-krawat-250-mm-melna\/","url":"https:\/\/metaltale.com\/lv\/produkts\/durvju-enge-krawat-250-mm-melna\/","name":"Durvju e\u0146\u0123e KRAWAT 250 mm, melna - MetalTale.com","isPartOf":{"@id":"https:\/\/metaltale.com\/lv\/#website"},"primaryImageOfPage":{"@id":"https:\/\/metaltale.com\/lv\/produkts\/durvju-enge-krawat-250-mm-melna\/#primaryimage"},"image":{"@id":"https:\/\/metaltale.com\/lv\/produkts\/durvju-enge-krawat-250-mm-melna\/#primaryimage"},"thumbnailUrl":"https:\/\/metaltale.com\/wp-content\/uploads\/2023\/10\/Vyris-KRAWAT-250mm-Juoda.jpg","datePublished":"2024-02-13T11:57:04+00:00","breadcrumb":{"@id":"https:\/\/metaltale.com\/lv\/produkts\/durvju-enge-krawat-250-mm-melna\/#breadcrumb"},"inLanguage":"lv-LV","potentialAction":[{"@type":"ReadAction","target":["https:\/\/metaltale.com\/lv\/produkts\/durvju-enge-krawat-250-mm-melna\/"]}]},{"@type":"ImageObject","inLanguage":"lv-LV","@id":"https:\/\/metaltale.com\/lv\/produkts\/durvju-enge-krawat-250-mm-melna\/#primaryimage","url":"https:\/\/metaltale.com\/wp-content\/uploads\/2023\/10\/Vyris-KRAWAT-250mm-Juoda.jpg","contentUrl":"https:\/\/metaltale.com\/wp-content\/uploads\/2023\/10\/Vyris-KRAWAT-250mm-Juoda.jpg","width":800,"height":800,"caption":"Durvju e\u0146\u0123e KRAWAT 250 mm, melna"},{"@type":"BreadcrumbList","@id":"https:\/\/metaltale.com\/lv\/produkts\/durvju-enge-krawat-250-mm-melna\/#breadcrumb","itemListElement":[{"@type":"ListItem","position":1,"name":"Home","item":"https:\/\/metaltale.com\/lv\/majas\/"},{"@type":"ListItem","position":2,"name":"Veikals","item":"https:\/\/metaltale.com\/lv\/shop\/"},{"@type":"ListItem","position":3,"name":"Durvju e\u0146\u0123e KRAWAT 250 mm, melna"}]},{"@type":"WebSite","@id":"https:\/\/metaltale.com\/lv\/#website","url":"https:\/\/metaltale.com\/lv\/","name":"Metaltale.com","description":"","potentialAction":[{"@type":"SearchAction","target":{"@type":"EntryPoint","urlTemplate":"https:\/\/metaltale.com\/lv\/?s={search_term_string}"},"query-input":{"@type":"PropertyValueSpecification","valueRequired":true,"valueName":"search_term_string"}}],"inLanguage":"lv-LV"}]}},"_links":{"self":[{"href":"https:\/\/metaltale.com\/lv\/wp-json\/wp\/v2\/product\/138989","targetHints":{"allow":["GET"]}}],"collection":[{"href":"https:\/\/metaltale.com\/lv\/wp-json\/wp\/v2\/product"}],"about":[{"href":"https:\/\/metaltale.com\/lv\/wp-json\/wp\/v2\/types\/product"}],"replies":[{"embeddable":true,"href":"https:\/\/metaltale.com\/lv\/wp-json\/wp\/v2\/comments?post=138989"}],"version-history":[{"count":0,"href":"https:\/\/metaltale.com\/lv\/wp-json\/wp\/v2\/product\/138989\/revisions"}],"wp:featuredmedia":[{"embeddable":true,"href":"https:\/\/metaltale.com\/lv\/wp-json\/wp\/v2\/media\/82652"}],"wp:attachment":[{"href":"https:\/\/metaltale.com\/lv\/wp-json\/wp\/v2\/media?parent=138989"}],"wp:term":[{"taxonomy":"product_brand","embeddable":true,"href":"https:\/\/metaltale.com\/lv\/wp-json\/wp\/v2\/product_brand?post=138989"},{"taxonomy":"product_cat","embeddable":true,"href":"https:\/\/metaltale.com\/lv\/wp-json\/wp\/v2\/product_cat?post=138989"},{"taxonomy":"product_tag","embeddable":true,"href":"https:\/\/metaltale.com\/lv\/wp-json\/wp\/v2\/product_tag?post=138989"}],"curies":[{"name":"wp","href":"https:\/\/api.w.org\/{rel}","templated":true}]}}