{"id":138981,"date":"2024-02-13T13:55:44","date_gmt":"2024-02-13T11:55:44","guid":{"rendered":"https:\/\/metaltale.com\/produktas\/mebelu-enges-krawat-100-mm-melnas\/"},"modified":"2024-02-13T13:55:44","modified_gmt":"2024-02-13T11:55:44","slug":"mebelu-enges-krawat-100-mm-melnas","status":"publish","type":"product","link":"https:\/\/metaltale.com\/lv\/produkts\/mebelu-enges-krawat-100-mm-melnas\/","title":{"rendered":"M\u0113be\u013cu e\u0146\u0123es KRAWAT 100 mm melnas"},"content":{"rendered":"<div class=\"prod_data\">\n<p>49.322A <strong>modelis<\/strong>. HFB.100<br \/>\n<strong>EAN.<\/strong>  5905369922480<br \/>\n<strong>Materi\u0101ls<\/strong> T\u0113rauds<br \/>\n<strong>Bendras ilgis [cm]<\/strong> 11<br \/>\nKop\u0113jais augstums (cm ) 8,5<br \/>\n<strong>Lab\u0101s puses platums (cm<\/strong> ) 8<br \/>\n<strong>Kreis\u0101s puses platums (cm<\/strong> ) 1,8<br \/>\n<strong>Kr\u0101sa<\/strong> Melna<\/p>\n<p>Ar rok\u0101m izgatavota augst\u0101k\u0101s kvalit\u0101tes met\u0101la m\u0113be\u013cu viru konstrukcija.<\/p>\n<p>Klasiskais raksts un t\u0113rauda noveco\u0161anas process pie\u0161\u0137ir tam vintage izskatu.<\/p>\n<p>Vi\u0146\u0161 lieliski pild\u012bs savu m\u0113be\u013cu e\u0146\u0123es lomu.<\/p>\n<p>E\u0146\u0123ei ir septi\u0146i stiprin\u0101juma caurumi, tostarp stiprin\u0101juma skr\u016bvju komplekts.<\/p>\n<p>&nbsp;<\/p>\n<\/div>\n","protected":false},"excerpt":{"rendered":"<p>49.322A modelis. HFB.100 EAN. 5905369922480 Materi\u0101ls T\u0113rauds Bendras ilgis [cm] 11 Kop\u0113jais augstums (cm ) 8,5 Lab\u0101s puses platums (cm<\/p>\n","protected":false},"featured_media":82628,"comment_status":"open","ping_status":"closed","template":"","meta":{"_acf_changed":false,"pmpro_default_level":""},"product_brand":[],"product_cat":[24080,24079,23837],"product_tag":[],"class_list":{"0":"post-138981","1":"product","2":"type-product","3":"status-publish","4":"has-post-thumbnail","6":"product_cat-mebelu-enges","7":"product_cat-viriesi","8":"product_cat-mebeles-piederumi","9":"pmpro-has-access","11":"first","12":"instock","13":"shipping-taxable","14":"purchasable","15":"product-type-simple"},"acf":[],"yoast_head":"<!-- This site is optimized with the Yoast SEO plugin v24.9 - https:\/\/yoast.com\/wordpress\/plugins\/seo\/ -->\n<title>M\u0113be\u013cu e\u0146\u0123es KRAWAT 100 mm melnas - MetalTale.com<\/title>\n<meta name=\"robots\" content=\"index, follow, max-snippet:-1, max-image-preview:large, max-video-preview:-1\" \/>\n<link rel=\"canonical\" href=\"https:\/\/metaltale.com\/lv\/produkts\/mebelu-enges-krawat-100-mm-melnas\/\" \/>\n<meta property=\"og:locale\" content=\"lv_LV\" \/>\n<meta property=\"og:type\" content=\"article\" \/>\n<meta property=\"og:title\" content=\"M\u0113be\u013cu e\u0146\u0123es KRAWAT 100 mm melnas - MetalTale.com\" \/>\n<meta property=\"og:description\" content=\"49.322A modelis. HFB.100 EAN. 5905369922480 Materi\u0101ls T\u0113rauds Bendras ilgis [cm] 11 Kop\u0113jais augstums (cm ) 8,5 Lab\u0101s puses platums (cm\" \/>\n<meta property=\"og:url\" content=\"https:\/\/metaltale.com\/lv\/produkts\/mebelu-enges-krawat-100-mm-melnas\/\" \/>\n<meta property=\"og:site_name\" content=\"MetalTale.com\" \/>\n<meta property=\"og:image\" content=\"https:\/\/metaltale.com\/wp-content\/uploads\/2023\/10\/Vyris-KRAWAT-100mm-Juoda.jpg\" \/>\n\t<meta property=\"og:image:width\" content=\"800\" \/>\n\t<meta property=\"og:image:height\" content=\"800\" \/>\n\t<meta property=\"og:image:type\" content=\"image\/jpeg\" \/>\n<meta name=\"twitter:card\" content=\"summary_large_image\" \/>\n<script type=\"application\/ld+json\" class=\"yoast-schema-graph\">{\"@context\":\"https:\/\/schema.org\",\"@graph\":[{\"@type\":\"WebPage\",\"@id\":\"https:\/\/metaltale.com\/lv\/produkts\/mebelu-enges-krawat-100-mm-melnas\/\",\"url\":\"https:\/\/metaltale.com\/lv\/produkts\/mebelu-enges-krawat-100-mm-melnas\/\",\"name\":\"M\u0113be\u013cu e\u0146\u0123es KRAWAT 100 mm melnas - MetalTale.com\",\"isPartOf\":{\"@id\":\"https:\/\/metaltale.com\/lv\/#website\"},\"primaryImageOfPage\":{\"@id\":\"https:\/\/metaltale.com\/lv\/produkts\/mebelu-enges-krawat-100-mm-melnas\/#primaryimage\"},\"image\":{\"@id\":\"https:\/\/metaltale.com\/lv\/produkts\/mebelu-enges-krawat-100-mm-melnas\/#primaryimage\"},\"thumbnailUrl\":\"https:\/\/metaltale.com\/wp-content\/uploads\/2023\/10\/Vyris-KRAWAT-100mm-Juoda.jpg\",\"datePublished\":\"2024-02-13T11:55:44+00:00\",\"breadcrumb\":{\"@id\":\"https:\/\/metaltale.com\/lv\/produkts\/mebelu-enges-krawat-100-mm-melnas\/#breadcrumb\"},\"inLanguage\":\"lv-LV\",\"potentialAction\":[{\"@type\":\"ReadAction\",\"target\":[\"https:\/\/metaltale.com\/lv\/produkts\/mebelu-enges-krawat-100-mm-melnas\/\"]}]},{\"@type\":\"ImageObject\",\"inLanguage\":\"lv-LV\",\"@id\":\"https:\/\/metaltale.com\/lv\/produkts\/mebelu-enges-krawat-100-mm-melnas\/#primaryimage\",\"url\":\"https:\/\/metaltale.com\/wp-content\/uploads\/2023\/10\/Vyris-KRAWAT-100mm-Juoda.jpg\",\"contentUrl\":\"https:\/\/metaltale.com\/wp-content\/uploads\/2023\/10\/Vyris-KRAWAT-100mm-Juoda.jpg\",\"width\":800,\"height\":800,\"caption\":\"M\u0113be\u013cu e\u0146\u0123es KRAWAT 100 mm melnas\"},{\"@type\":\"BreadcrumbList\",\"@id\":\"https:\/\/metaltale.com\/lv\/produkts\/mebelu-enges-krawat-100-mm-melnas\/#breadcrumb\",\"itemListElement\":[{\"@type\":\"ListItem\",\"position\":1,\"name\":\"Home\",\"item\":\"https:\/\/metaltale.com\/lv\/majas\/\"},{\"@type\":\"ListItem\",\"position\":2,\"name\":\"Veikals\",\"item\":\"https:\/\/metaltale.com\/lv\/shop\/\"},{\"@type\":\"ListItem\",\"position\":3,\"name\":\"M\u0113be\u013cu e\u0146\u0123es KRAWAT 100 mm melnas\"}]},{\"@type\":\"WebSite\",\"@id\":\"https:\/\/metaltale.com\/lv\/#website\",\"url\":\"https:\/\/metaltale.com\/lv\/\",\"name\":\"Metaltale.com\",\"description\":\"\",\"potentialAction\":[{\"@type\":\"SearchAction\",\"target\":{\"@type\":\"EntryPoint\",\"urlTemplate\":\"https:\/\/metaltale.com\/lv\/?s={search_term_string}\"},\"query-input\":{\"@type\":\"PropertyValueSpecification\",\"valueRequired\":true,\"valueName\":\"search_term_string\"}}],\"inLanguage\":\"lv-LV\"}]}<\/script>\n<!-- \/ Yoast SEO plugin. -->","yoast_head_json":{"title":"M\u0113be\u013cu e\u0146\u0123es KRAWAT 100 mm melnas - MetalTale.com","robots":{"index":"index","follow":"follow","max-snippet":"max-snippet:-1","max-image-preview":"max-image-preview:large","max-video-preview":"max-video-preview:-1"},"canonical":"https:\/\/metaltale.com\/lv\/produkts\/mebelu-enges-krawat-100-mm-melnas\/","og_locale":"lv_LV","og_type":"article","og_title":"M\u0113be\u013cu e\u0146\u0123es KRAWAT 100 mm melnas - MetalTale.com","og_description":"49.322A modelis. HFB.100 EAN. 5905369922480 Materi\u0101ls T\u0113rauds Bendras ilgis [cm] 11 Kop\u0113jais augstums (cm ) 8,5 Lab\u0101s puses platums (cm","og_url":"https:\/\/metaltale.com\/lv\/produkts\/mebelu-enges-krawat-100-mm-melnas\/","og_site_name":"MetalTale.com","og_image":[{"width":800,"height":800,"url":"https:\/\/metaltale.com\/wp-content\/uploads\/2023\/10\/Vyris-KRAWAT-100mm-Juoda.jpg","type":"image\/jpeg"}],"twitter_card":"summary_large_image","schema":{"@context":"https:\/\/schema.org","@graph":[{"@type":"WebPage","@id":"https:\/\/metaltale.com\/lv\/produkts\/mebelu-enges-krawat-100-mm-melnas\/","url":"https:\/\/metaltale.com\/lv\/produkts\/mebelu-enges-krawat-100-mm-melnas\/","name":"M\u0113be\u013cu e\u0146\u0123es KRAWAT 100 mm melnas - MetalTale.com","isPartOf":{"@id":"https:\/\/metaltale.com\/lv\/#website"},"primaryImageOfPage":{"@id":"https:\/\/metaltale.com\/lv\/produkts\/mebelu-enges-krawat-100-mm-melnas\/#primaryimage"},"image":{"@id":"https:\/\/metaltale.com\/lv\/produkts\/mebelu-enges-krawat-100-mm-melnas\/#primaryimage"},"thumbnailUrl":"https:\/\/metaltale.com\/wp-content\/uploads\/2023\/10\/Vyris-KRAWAT-100mm-Juoda.jpg","datePublished":"2024-02-13T11:55:44+00:00","breadcrumb":{"@id":"https:\/\/metaltale.com\/lv\/produkts\/mebelu-enges-krawat-100-mm-melnas\/#breadcrumb"},"inLanguage":"lv-LV","potentialAction":[{"@type":"ReadAction","target":["https:\/\/metaltale.com\/lv\/produkts\/mebelu-enges-krawat-100-mm-melnas\/"]}]},{"@type":"ImageObject","inLanguage":"lv-LV","@id":"https:\/\/metaltale.com\/lv\/produkts\/mebelu-enges-krawat-100-mm-melnas\/#primaryimage","url":"https:\/\/metaltale.com\/wp-content\/uploads\/2023\/10\/Vyris-KRAWAT-100mm-Juoda.jpg","contentUrl":"https:\/\/metaltale.com\/wp-content\/uploads\/2023\/10\/Vyris-KRAWAT-100mm-Juoda.jpg","width":800,"height":800,"caption":"M\u0113be\u013cu e\u0146\u0123es KRAWAT 100 mm melnas"},{"@type":"BreadcrumbList","@id":"https:\/\/metaltale.com\/lv\/produkts\/mebelu-enges-krawat-100-mm-melnas\/#breadcrumb","itemListElement":[{"@type":"ListItem","position":1,"name":"Home","item":"https:\/\/metaltale.com\/lv\/majas\/"},{"@type":"ListItem","position":2,"name":"Veikals","item":"https:\/\/metaltale.com\/lv\/shop\/"},{"@type":"ListItem","position":3,"name":"M\u0113be\u013cu e\u0146\u0123es KRAWAT 100 mm melnas"}]},{"@type":"WebSite","@id":"https:\/\/metaltale.com\/lv\/#website","url":"https:\/\/metaltale.com\/lv\/","name":"Metaltale.com","description":"","potentialAction":[{"@type":"SearchAction","target":{"@type":"EntryPoint","urlTemplate":"https:\/\/metaltale.com\/lv\/?s={search_term_string}"},"query-input":{"@type":"PropertyValueSpecification","valueRequired":true,"valueName":"search_term_string"}}],"inLanguage":"lv-LV"}]}},"_links":{"self":[{"href":"https:\/\/metaltale.com\/lv\/wp-json\/wp\/v2\/product\/138981","targetHints":{"allow":["GET"]}}],"collection":[{"href":"https:\/\/metaltale.com\/lv\/wp-json\/wp\/v2\/product"}],"about":[{"href":"https:\/\/metaltale.com\/lv\/wp-json\/wp\/v2\/types\/product"}],"replies":[{"embeddable":true,"href":"https:\/\/metaltale.com\/lv\/wp-json\/wp\/v2\/comments?post=138981"}],"version-history":[{"count":0,"href":"https:\/\/metaltale.com\/lv\/wp-json\/wp\/v2\/product\/138981\/revisions"}],"wp:featuredmedia":[{"embeddable":true,"href":"https:\/\/metaltale.com\/lv\/wp-json\/wp\/v2\/media\/82628"}],"wp:attachment":[{"href":"https:\/\/metaltale.com\/lv\/wp-json\/wp\/v2\/media?parent=138981"}],"wp:term":[{"taxonomy":"product_brand","embeddable":true,"href":"https:\/\/metaltale.com\/lv\/wp-json\/wp\/v2\/product_brand?post=138981"},{"taxonomy":"product_cat","embeddable":true,"href":"https:\/\/metaltale.com\/lv\/wp-json\/wp\/v2\/product_cat?post=138981"},{"taxonomy":"product_tag","embeddable":true,"href":"https:\/\/metaltale.com\/lv\/wp-json\/wp\/v2\/product_tag?post=138981"}],"curies":[{"name":"wp","href":"https:\/\/api.w.org\/{rel}","templated":true}]}}