{"id":138962,"date":"2024-02-13T13:55:44","date_gmt":"2024-02-13T11:55:44","guid":{"rendered":"https:\/\/metaltale.com\/produktas\/mebelu-viras-faner-120-mm-zelta-krasa\/"},"modified":"2024-02-13T13:55:44","modified_gmt":"2024-02-13T11:55:44","slug":"mebelu-viras-faner-120-mm-zelta-krasa","status":"publish","type":"product","link":"https:\/\/metaltale.com\/lv\/produkts\/mebelu-viras-faner-120-mm-zelta-krasa\/","title":{"rendered":"M\u0113be\u013cu viras FANER 120 mm, zelta kr\u0101s\u0101"},"content":{"rendered":"<div class=\"prod_data\">\n<p><strong>Modelis<\/strong> AG.19178<br \/>\n<strong>EAN.<\/strong>  5905369912467<br \/>\n<strong>Materi\u0101ls<\/strong> T\u0113rauds<br \/>\n<strong>Kop\u0113jais augstums (cm<\/strong> ) 7,5<br \/>\nKop\u0113jais platums (cm ) 15,5<br \/>\n<strong>Kr\u0101sa<\/strong> Antique gold<\/p>\n<p>E\u0146\u0123e ir izgatavota no t\u0113rauda ant\u012bk\u0101 zelta kr\u0101s\u0101. Izstr\u0101d\u0101jums lieliski sader\u0113s ar priedes, ozola un etnisk\u0101 stila m\u0113bel\u0113m.<\/p>\n<p>M\u0113s <strong>bez maksas<\/strong> pievienojam atbilsto\u0161as koka skr\u016bves m\u0113be\u013cu e\u0146\u0123\u0113m. M\u0113s iesak\u0101m ar\u012b citas \u0161\u012bs s\u0113rijas e\u0146\u0123es &#8211; gan ant\u012bkas, gan melnas.<\/p>\n<div><\/div>\n<\/div>\n","protected":false},"excerpt":{"rendered":"<p>Modelis AG.19178 EAN. 5905369912467 Materi\u0101ls T\u0113rauds Kop\u0113jais augstums (cm ) 7,5 Kop\u0113jais platums (cm ) 15,5 Kr\u0101sa Antique gold E\u0146\u0123e<\/p>\n","protected":false},"featured_media":82500,"comment_status":"open","ping_status":"closed","template":"","meta":{"_acf_changed":false,"pmpro_default_level":""},"product_brand":[],"product_cat":[24080,24079],"product_tag":[],"class_list":{"0":"post-138962","1":"product","2":"type-product","3":"status-publish","4":"has-post-thumbnail","6":"product_cat-mebelu-enges","7":"product_cat-viriesi","8":"pmpro-has-access","10":"first","11":"instock","12":"shipping-taxable","13":"purchasable","14":"product-type-simple"},"acf":[],"yoast_head":"<!-- This site is optimized with the Yoast SEO plugin v24.9 - https:\/\/yoast.com\/wordpress\/plugins\/seo\/ -->\n<title>M\u0113be\u013cu viras FANER 120 mm, zelta kr\u0101s\u0101 - MetalTale.com<\/title>\n<meta name=\"robots\" content=\"index, follow, max-snippet:-1, max-image-preview:large, max-video-preview:-1\" \/>\n<link rel=\"canonical\" href=\"https:\/\/metaltale.com\/lv\/produkts\/mebelu-viras-faner-120-mm-zelta-krasa\/\" \/>\n<meta property=\"og:locale\" content=\"lv_LV\" \/>\n<meta property=\"og:type\" content=\"article\" \/>\n<meta property=\"og:title\" content=\"M\u0113be\u013cu viras FANER 120 mm, zelta kr\u0101s\u0101 - MetalTale.com\" \/>\n<meta property=\"og:description\" content=\"Modelis AG.19178 EAN. 5905369912467 Materi\u0101ls T\u0113rauds Kop\u0113jais augstums (cm ) 7,5 Kop\u0113jais platums (cm ) 15,5 Kr\u0101sa Antique gold E\u0146\u0123e\" \/>\n<meta property=\"og:url\" content=\"https:\/\/metaltale.com\/lv\/produkts\/mebelu-viras-faner-120-mm-zelta-krasa\/\" \/>\n<meta property=\"og:site_name\" content=\"MetalTale.com\" \/>\n<meta name=\"twitter:card\" content=\"summary_large_image\" \/>\n<script type=\"application\/ld+json\" class=\"yoast-schema-graph\">{\"@context\":\"https:\/\/schema.org\",\"@graph\":[{\"@type\":\"WebPage\",\"@id\":\"https:\/\/metaltale.com\/lv\/produkts\/mebelu-viras-faner-120-mm-zelta-krasa\/\",\"url\":\"https:\/\/metaltale.com\/lv\/produkts\/mebelu-viras-faner-120-mm-zelta-krasa\/\",\"name\":\"M\u0113be\u013cu viras FANER 120 mm, zelta kr\u0101s\u0101 - MetalTale.com\",\"isPartOf\":{\"@id\":\"https:\/\/metaltale.com\/lv\/#website\"},\"primaryImageOfPage\":{\"@id\":\"https:\/\/metaltale.com\/lv\/produkts\/mebelu-viras-faner-120-mm-zelta-krasa\/#primaryimage\"},\"image\":{\"@id\":\"https:\/\/metaltale.com\/lv\/produkts\/mebelu-viras-faner-120-mm-zelta-krasa\/#primaryimage\"},\"thumbnailUrl\":\"https:\/\/metaltale.com\/wp-content\/uploads\/2023\/10\/FANER-vyriai-120mm-auksas.jpg\",\"datePublished\":\"2024-02-13T11:55:44+00:00\",\"breadcrumb\":{\"@id\":\"https:\/\/metaltale.com\/lv\/produkts\/mebelu-viras-faner-120-mm-zelta-krasa\/#breadcrumb\"},\"inLanguage\":\"lv-LV\",\"potentialAction\":[{\"@type\":\"ReadAction\",\"target\":[\"https:\/\/metaltale.com\/lv\/produkts\/mebelu-viras-faner-120-mm-zelta-krasa\/\"]}]},{\"@type\":\"ImageObject\",\"inLanguage\":\"lv-LV\",\"@id\":\"https:\/\/metaltale.com\/lv\/produkts\/mebelu-viras-faner-120-mm-zelta-krasa\/#primaryimage\",\"url\":\"https:\/\/metaltale.com\/wp-content\/uploads\/2023\/10\/FANER-vyriai-120mm-auksas.jpg\",\"contentUrl\":\"https:\/\/metaltale.com\/wp-content\/uploads\/2023\/10\/FANER-vyriai-120mm-auksas.jpg\",\"width\":800,\"height\":800,\"caption\":\"M\u0113be\u013cu viras FANER 120 mm, zelta kr\u0101s\u0101\"},{\"@type\":\"BreadcrumbList\",\"@id\":\"https:\/\/metaltale.com\/lv\/produkts\/mebelu-viras-faner-120-mm-zelta-krasa\/#breadcrumb\",\"itemListElement\":[{\"@type\":\"ListItem\",\"position\":1,\"name\":\"Home\",\"item\":\"https:\/\/metaltale.com\/lv\/majas\/\"},{\"@type\":\"ListItem\",\"position\":2,\"name\":\"Veikals\",\"item\":\"https:\/\/metaltale.com\/lv\/shop\/\"},{\"@type\":\"ListItem\",\"position\":3,\"name\":\"M\u0113be\u013cu viras FANER 120 mm, zelta kr\u0101s\u0101\"}]},{\"@type\":\"WebSite\",\"@id\":\"https:\/\/metaltale.com\/lv\/#website\",\"url\":\"https:\/\/metaltale.com\/lv\/\",\"name\":\"Metaltale.com\",\"description\":\"\",\"potentialAction\":[{\"@type\":\"SearchAction\",\"target\":{\"@type\":\"EntryPoint\",\"urlTemplate\":\"https:\/\/metaltale.com\/lv\/?s={search_term_string}\"},\"query-input\":{\"@type\":\"PropertyValueSpecification\",\"valueRequired\":true,\"valueName\":\"search_term_string\"}}],\"inLanguage\":\"lv-LV\"}]}<\/script>\n<!-- \/ Yoast SEO plugin. -->","yoast_head_json":{"title":"M\u0113be\u013cu viras FANER 120 mm, zelta kr\u0101s\u0101 - MetalTale.com","robots":{"index":"index","follow":"follow","max-snippet":"max-snippet:-1","max-image-preview":"max-image-preview:large","max-video-preview":"max-video-preview:-1"},"canonical":"https:\/\/metaltale.com\/lv\/produkts\/mebelu-viras-faner-120-mm-zelta-krasa\/","og_locale":"lv_LV","og_type":"article","og_title":"M\u0113be\u013cu viras FANER 120 mm, zelta kr\u0101s\u0101 - MetalTale.com","og_description":"Modelis AG.19178 EAN. 5905369912467 Materi\u0101ls T\u0113rauds Kop\u0113jais augstums (cm ) 7,5 Kop\u0113jais platums (cm ) 15,5 Kr\u0101sa Antique gold E\u0146\u0123e","og_url":"https:\/\/metaltale.com\/lv\/produkts\/mebelu-viras-faner-120-mm-zelta-krasa\/","og_site_name":"MetalTale.com","twitter_card":"summary_large_image","schema":{"@context":"https:\/\/schema.org","@graph":[{"@type":"WebPage","@id":"https:\/\/metaltale.com\/lv\/produkts\/mebelu-viras-faner-120-mm-zelta-krasa\/","url":"https:\/\/metaltale.com\/lv\/produkts\/mebelu-viras-faner-120-mm-zelta-krasa\/","name":"M\u0113be\u013cu viras FANER 120 mm, zelta kr\u0101s\u0101 - MetalTale.com","isPartOf":{"@id":"https:\/\/metaltale.com\/lv\/#website"},"primaryImageOfPage":{"@id":"https:\/\/metaltale.com\/lv\/produkts\/mebelu-viras-faner-120-mm-zelta-krasa\/#primaryimage"},"image":{"@id":"https:\/\/metaltale.com\/lv\/produkts\/mebelu-viras-faner-120-mm-zelta-krasa\/#primaryimage"},"thumbnailUrl":"https:\/\/metaltale.com\/wp-content\/uploads\/2023\/10\/FANER-vyriai-120mm-auksas.jpg","datePublished":"2024-02-13T11:55:44+00:00","breadcrumb":{"@id":"https:\/\/metaltale.com\/lv\/produkts\/mebelu-viras-faner-120-mm-zelta-krasa\/#breadcrumb"},"inLanguage":"lv-LV","potentialAction":[{"@type":"ReadAction","target":["https:\/\/metaltale.com\/lv\/produkts\/mebelu-viras-faner-120-mm-zelta-krasa\/"]}]},{"@type":"ImageObject","inLanguage":"lv-LV","@id":"https:\/\/metaltale.com\/lv\/produkts\/mebelu-viras-faner-120-mm-zelta-krasa\/#primaryimage","url":"https:\/\/metaltale.com\/wp-content\/uploads\/2023\/10\/FANER-vyriai-120mm-auksas.jpg","contentUrl":"https:\/\/metaltale.com\/wp-content\/uploads\/2023\/10\/FANER-vyriai-120mm-auksas.jpg","width":800,"height":800,"caption":"M\u0113be\u013cu viras FANER 120 mm, zelta kr\u0101s\u0101"},{"@type":"BreadcrumbList","@id":"https:\/\/metaltale.com\/lv\/produkts\/mebelu-viras-faner-120-mm-zelta-krasa\/#breadcrumb","itemListElement":[{"@type":"ListItem","position":1,"name":"Home","item":"https:\/\/metaltale.com\/lv\/majas\/"},{"@type":"ListItem","position":2,"name":"Veikals","item":"https:\/\/metaltale.com\/lv\/shop\/"},{"@type":"ListItem","position":3,"name":"M\u0113be\u013cu viras FANER 120 mm, zelta kr\u0101s\u0101"}]},{"@type":"WebSite","@id":"https:\/\/metaltale.com\/lv\/#website","url":"https:\/\/metaltale.com\/lv\/","name":"Metaltale.com","description":"","potentialAction":[{"@type":"SearchAction","target":{"@type":"EntryPoint","urlTemplate":"https:\/\/metaltale.com\/lv\/?s={search_term_string}"},"query-input":{"@type":"PropertyValueSpecification","valueRequired":true,"valueName":"search_term_string"}}],"inLanguage":"lv-LV"}]}},"_links":{"self":[{"href":"https:\/\/metaltale.com\/lv\/wp-json\/wp\/v2\/product\/138962","targetHints":{"allow":["GET"]}}],"collection":[{"href":"https:\/\/metaltale.com\/lv\/wp-json\/wp\/v2\/product"}],"about":[{"href":"https:\/\/metaltale.com\/lv\/wp-json\/wp\/v2\/types\/product"}],"replies":[{"embeddable":true,"href":"https:\/\/metaltale.com\/lv\/wp-json\/wp\/v2\/comments?post=138962"}],"version-history":[{"count":0,"href":"https:\/\/metaltale.com\/lv\/wp-json\/wp\/v2\/product\/138962\/revisions"}],"wp:featuredmedia":[{"embeddable":true,"href":"https:\/\/metaltale.com\/lv\/wp-json\/wp\/v2\/media\/82500"}],"wp:attachment":[{"href":"https:\/\/metaltale.com\/lv\/wp-json\/wp\/v2\/media?parent=138962"}],"wp:term":[{"taxonomy":"product_brand","embeddable":true,"href":"https:\/\/metaltale.com\/lv\/wp-json\/wp\/v2\/product_brand?post=138962"},{"taxonomy":"product_cat","embeddable":true,"href":"https:\/\/metaltale.com\/lv\/wp-json\/wp\/v2\/product_cat?post=138962"},{"taxonomy":"product_tag","embeddable":true,"href":"https:\/\/metaltale.com\/lv\/wp-json\/wp\/v2\/product_tag?post=138962"}],"curies":[{"name":"wp","href":"https:\/\/api.w.org\/{rel}","templated":true}]}}